{"id":15846,"date":"2023-08-25T18:24:42","date_gmt":"2023-08-25T16:24:42","guid":{"rendered":"https:\/\/www.epodex-industries.com\/service\/"},"modified":"2024-03-20T18:44:46","modified_gmt":"2024-03-20T17:44:46","slug":"services","status":"publish","type":"page","link":"https:\/\/old.epodex-industries.com\/fr\/services\/","title":{"rendered":"Services"},"content":{"rendered":"<div class=\"wpb-content-wrapper\"><p>[vc_row full_width=\u00a0\u00bbstretch_row\u00a0\u00bb equal_height=\u00a0\u00bbyes\u00a0\u00bb][vc_column][vc_custom_heading text=\u00a0\u00bbServices d&rsquo;EPODEX pour ses partenaires\u00a0\u00bb font_container=\u00a0\u00bbtag:h2|text_align:center\u00a0\u00bb use_theme_fonts=\u00a0\u00bbyes\u00a0\u00bb][vc_column_text css=\u00a0\u00bb.vc_custom_1710956599033{margin-bottom: 20px !important;}\u00a0\u00bb]<\/p>\n<p style=\"text-align: center;\">Nous avons d\u00e9velopp\u00e9 des services et des concepts sur mesure pour soutenir au mieux notre entreprise partenaire.<\/p>\n<p>[\/vc_column_text]                <div class=\"vc-custom-tabs-holder has-ajax-products-lightbox main_style \">\n\n                    <div class=\"tabs-titles-holder  hidden \">\n\t\t\t\t\t\t                            <a href=\"javascript:;\"\n                               data-id=\"1\"  class=\"active\" >Service<\/a>\n\t\t\t\t\t\t                    <\/div>\n\t\t\t\t\t                        <div class=\"visible-items-tab active\"\n                             data-id=\"1\">\n                            <div id=\"slider-xCFH2I\"\n                                 class=\"tabs-items-holder disable-desktop disable-mobile\"\n                                 data-mobile_hscroll=\"\"\n                                 data-desktop-count=\"3\"\n                                 data-mobile-count=\"2\"\n                                 data-tablet-count=\"2\">\n\t\t\t\t\t\t\t\t                                    <div class=\"vc-items-slide-item \"\n                                         style=\"padding: 10px 5px;\">\n                                        <div class=\"item-holder\"  style=\"background-color: #ffffff\" >\n                                            <div class=\"img-holder \">\n                                                <div class=\"bg-color\">\n                                                    <a class=\"item-img\" href=\"https:\/\/www.epodex-industries.com\/fr\/services\/envoi-dechantillons\/\">\n\t\t\t\t\t\t\t\t\t\t\t\t\t\t<img loading=\"lazy\" decoding=\"async\" width=\"1200\" height=\"800\" src=\"https:\/\/old.epodex-industries.com\/wp-content\/uploads\/2023\/08\/epodex-industries-produkte.jpg\" class=\"attachment-full size-full wvs-archive-product-image\" alt=\"epodex industries produkte\" title=\"epodex industries produkte\" srcset=\"https:\/\/old.epodex-industries.com\/wp-content\/uploads\/2023\/08\/epodex-industries-produkte.jpg 1200w, https:\/\/old.epodex-industries.com\/wp-content\/uploads\/2023\/08\/epodex-industries-produkte-600x400.jpg 600w, https:\/\/old.epodex-industries.com\/wp-content\/uploads\/2023\/08\/epodex-industries-produkte-1024x683.jpg 1024w, https:\/\/old.epodex-industries.com\/wp-content\/uploads\/2023\/08\/epodex-industries-produkte-300x200.jpg 300w, https:\/\/old.epodex-industries.com\/wp-content\/uploads\/2023\/08\/epodex-industries-produkte-768x512.jpg 768w, https:\/\/old.epodex-industries.com\/wp-content\/uploads\/2023\/08\/epodex-industries-produkte-800x533.jpg 800w\" sizes=\"auto, (max-width: 1200px) 100vw, 1200px\" \/>                                                    <\/a>\n                                                <\/div>\n                                            <\/div>\n                                            <div class=\"txt-holder\">\n\t\t\t\t\t\t\t\t\t\t\t\t                                                    <span class=\"left-border\"><\/span>\n\t\t\t\t\t\t\t\t\t\t\t\t\t\t\t\t\t\t\t\t\t\t\t\t                                                    <a href=\"https:\/\/www.epodex-industries.com\/fr\/services\/envoi-dechantillons\/\" class=\"item-title\">\n                                                        <span class=\"ctg-heading\">\n\t\t\t\t                                            Exp\u00e9dition d'\u00e9chantillons \/ \u00c9chantillons de produits                                                        <\/span>\n                                                    <\/a>\n\t\t\t\t\t\t\t\t\t\t\t\t\t\t\t\t\t\t\t\t\t\t\t\t                                                    <div class=\"info-holder\">\n                                                        <div class=\"item-description\">\n\t\t\t\t\t\t\t\t\t\t\t\t\t\t\t\t\t\t\t\t\t\t\t\t\t\t\t\t\t\t\tUtilisez notre service d'\u00e9chantillons pour vous convaincre de la qualit\u00e9 de nos produits avant d'effectuer un achat.                                                        <\/div>\n\t\t\t\t\t\t\t\t\t\t\t\t\t\t\t\t\t\t\t\t\t\t\t\t\t\t\t\t\t                                                                <a href=\"https:\/\/www.epodex-industries.com\/fr\/services\/envoi-dechantillons\/\"\n                                                                   class=\"rm-link\"> Lire plus<\/a>\n\t\t\t\t\t\t\t\t\t\t\t\t\t\t\t\t\t\t\t\t\t\t\t\t\t\t\t\t\t\t\t\t\t\t\t\t\t\t\t\t\t\t\t\t                                                    <\/div>\n\t\t\t\t\t\t\t\t\t\t\t\t                                            <\/div>\n\t\t\t\t\t\t\t\t\t\t\t                                        <\/div>\n                                    <\/div>\n\n\t\t\t\t\t\t\t\t                                    <div class=\"vc-items-slide-item \"\n                                         style=\"padding: 10px 5px;\">\n                                        <div class=\"item-holder\"  style=\"background-color: #ffffff\" >\n                                            <div class=\"img-holder \">\n                                                <div class=\"bg-color\">\n                                                    <a class=\"item-img\" href=\"https:\/\/www.epodex-industries.com\/fr\/services\/logistique-envoi\/\">\n\t\t\t\t\t\t\t\t\t\t\t\t\t\t<img loading=\"lazy\" decoding=\"async\" width=\"1200\" height=\"800\" src=\"https:\/\/old.epodex-industries.com\/wp-content\/uploads\/2023\/08\/epodex-industries-lager.jpg\" class=\"attachment-full size-full wvs-archive-product-image\" alt=\"epodex industries lager\" title=\"epodex industries lager\" srcset=\"https:\/\/old.epodex-industries.com\/wp-content\/uploads\/2023\/08\/epodex-industries-lager.jpg 1200w, https:\/\/old.epodex-industries.com\/wp-content\/uploads\/2023\/08\/epodex-industries-lager-600x400.jpg 600w, https:\/\/old.epodex-industries.com\/wp-content\/uploads\/2023\/08\/epodex-industries-lager-1024x683.jpg 1024w, https:\/\/old.epodex-industries.com\/wp-content\/uploads\/2023\/08\/epodex-industries-lager-300x200.jpg 300w, https:\/\/old.epodex-industries.com\/wp-content\/uploads\/2023\/08\/epodex-industries-lager-768x512.jpg 768w, https:\/\/old.epodex-industries.com\/wp-content\/uploads\/2023\/08\/epodex-industries-lager-800x533.jpg 800w\" sizes=\"auto, (max-width: 1200px) 100vw, 1200px\" \/>                                                    <\/a>\n                                                <\/div>\n                                            <\/div>\n                                            <div class=\"txt-holder\">\n\t\t\t\t\t\t\t\t\t\t\t\t                                                    <span class=\"left-border\"><\/span>\n\t\t\t\t\t\t\t\t\t\t\t\t\t\t\t\t\t\t\t\t\t\t\t\t                                                    <a href=\"https:\/\/www.epodex-industries.com\/fr\/services\/logistique-envoi\/\" class=\"item-title\">\n                                                        <span class=\"ctg-heading\">\n\t\t\t\t                                            Logistique \/ Exp\u00e9dition mondiale                                                        <\/span>\n                                                    <\/a>\n\t\t\t\t\t\t\t\t\t\t\t\t\t\t\t\t\t\t\t\t\t\t\t\t                                                    <div class=\"info-holder\">\n                                                        <div class=\"item-description\">\n\t\t\t\t\t\t\t\t\t\t\t\t\t\t\t\t\t\t\t\t\t\t\t\t\t\t\t\t\t\t\tNotre entrep\u00f4t et centre logistique sont sp\u00e9cialement con\u00e7us pour r\u00e9pondre aux exigences exigeantes de nos clients B2B.                                                        <\/div>\n\t\t\t\t\t\t\t\t\t\t\t\t\t\t\t\t\t\t\t\t\t\t\t\t\t\t\t\t\t                                                                <a href=\"https:\/\/www.epodex-industries.com\/fr\/services\/logistique-envoi\/\"\n                                                                   class=\"rm-link\"> Lire plus<\/a>\n\t\t\t\t\t\t\t\t\t\t\t\t\t\t\t\t\t\t\t\t\t\t\t\t\t\t\t\t\t\t\t\t\t\t\t\t\t\t\t\t\t\t\t\t                                                    <\/div>\n\t\t\t\t\t\t\t\t\t\t\t\t                                            <\/div>\n\t\t\t\t\t\t\t\t\t\t\t                                        <\/div>\n                                    <\/div>\n\n\t\t\t\t\t\t\t\t                                    <div class=\"vc-items-slide-item \"\n                                         style=\"padding: 10px 5px;\">\n                                        <div class=\"item-holder\"  style=\"background-color: #ffffff\" >\n                                            <div class=\"img-holder \">\n                                                <div class=\"bg-color\">\n                                                    <a class=\"item-img\" href=\"https:\/\/www.epodex-industries.com\/fr\/services\/formations-evenements\/\">\n\t\t\t\t\t\t\t\t\t\t\t\t\t\t<img loading=\"lazy\" decoding=\"async\" width=\"1200\" height=\"800\" src=\"https:\/\/old.epodex-industries.com\/wp-content\/uploads\/2022\/01\/epoxidharz-bild-versiegelung.jpg\" class=\"attachment-full size-full wvs-archive-product-image\" alt=\"\" title=\"epoxidharz-bild-versiegelung\" srcset=\"https:\/\/old.epodex-industries.com\/wp-content\/uploads\/2022\/01\/epoxidharz-bild-versiegelung.jpg 1200w, https:\/\/old.epodex-industries.com\/wp-content\/uploads\/2022\/01\/epoxidharz-bild-versiegelung-800x533.jpg 800w, https:\/\/old.epodex-industries.com\/wp-content\/uploads\/2022\/01\/epoxidharz-bild-versiegelung-300x200.jpg 300w, https:\/\/old.epodex-industries.com\/wp-content\/uploads\/2022\/01\/epoxidharz-bild-versiegelung-1024x683.jpg 1024w, https:\/\/old.epodex-industries.com\/wp-content\/uploads\/2022\/01\/epoxidharz-bild-versiegelung-768x512.jpg 768w, https:\/\/old.epodex-industries.com\/wp-content\/uploads\/2022\/01\/epoxidharz-bild-versiegelung-600x400.jpg 600w\" sizes=\"auto, (max-width: 1200px) 100vw, 1200px\" \/>                                                    <\/a>\n                                                <\/div>\n                                            <\/div>\n                                            <div class=\"txt-holder\">\n\t\t\t\t\t\t\t\t\t\t\t\t                                                    <span class=\"left-border\"><\/span>\n\t\t\t\t\t\t\t\t\t\t\t\t\t\t\t\t\t\t\t\t\t\t\t\t                                                    <a href=\"https:\/\/www.epodex-industries.com\/fr\/services\/formations-evenements\/\" class=\"item-title\">\n                                                        <span class=\"ctg-heading\">\n\t\t\t\t                                            Formation \/ \u00c9v\u00e9nements                                                        <\/span>\n                                                    <\/a>\n\t\t\t\t\t\t\t\t\t\t\t\t\t\t\t\t\t\t\t\t\t\t\t\t                                                    <div class=\"info-holder\">\n                                                        <div class=\"item-description\">\n\t\t\t\t\t\t\t\t\t\t\t\t\t\t\t\t\t\t\t\t\t\t\t\t\t\t\t\t\t\t\tNos sessions de formation pratique intensive permettent \u00e0 nos partenaires d'appliquer correctement nos produits.                                                        <\/div>\n\t\t\t\t\t\t\t\t\t\t\t\t\t\t\t\t\t\t\t\t\t\t\t\t\t\t\t\t\t                                                                <a href=\"https:\/\/www.epodex-industries.com\/fr\/services\/formations-evenements\/\"\n                                                                   class=\"rm-link\"> Lire plus<\/a>\n\t\t\t\t\t\t\t\t\t\t\t\t\t\t\t\t\t\t\t\t\t\t\t\t\t\t\t\t\t\t\t\t\t\t\t\t\t\t\t\t\t\t\t\t                                                    <\/div>\n\t\t\t\t\t\t\t\t\t\t\t\t                                            <\/div>\n\t\t\t\t\t\t\t\t\t\t\t                                        <\/div>\n                                    <\/div>\n\n\t\t\t\t\t\t\t\t                            <\/div>\n                        <\/div>\n\t\t\t\t\t\t\t\t\t\t                <\/div>\n\t\t\t[\/vc_column][\/vc_row]<\/p>\n<\/div>","protected":false},"excerpt":{"rendered":"<p>[vc_row full_width=\u00a0\u00bbstretch_row\u00a0\u00bb equal_height=\u00a0\u00bbyes\u00a0\u00bb][vc_column][vc_custom_heading text=\u00a0\u00bbServices d&rsquo;EPODEX pour ses partenaires\u00a0\u00bb font_container=\u00a0\u00bbtag:h2|text_align:center\u00a0\u00bb use_theme_fonts=\u00a0\u00bbyes\u00a0\u00bb][vc_column_text css=\u00a0\u00bb.vc_custom_1710956599033{margin-bottom: 20px !important;}\u00a0\u00bb] Nous avons d\u00e9velopp\u00e9 des services et des concepts sur mesure pour soutenir au mieux notre entreprise partenaire. [\/vc_column_text][\/vc_column][\/vc_row]<\/p>\n","protected":false},"author":4,"featured_media":0,"parent":0,"menu_order":0,"comment_status":"closed","ping_status":"closed","template":"","meta":{"footnotes":""},"class_list":["post-15846","page","type-page","status-publish","hentry"],"yoast_head":"<!-- This site is optimized with the Yoast SEO plugin v26.7 - https:\/\/yoast.com\/wordpress\/plugins\/seo\/ -->\n<title>Services d&#039;EPODEX pour ses partenaires<\/title>\n<meta name=\"description\" content=\"Nous avons d\u00e9velopp\u00e9 des services et des concepts sur mesure pour soutenir au mieux notre entreprise partenaire.\" \/>\n<meta name=\"robots\" content=\"index, follow, max-snippet:-1, max-image-preview:large, max-video-preview:-1\" \/>\n<link rel=\"canonical\" href=\"https:\/\/old.epodex-industries.com\/de\/service\/\" \/>\n<meta property=\"og:locale\" content=\"fr_FR\" \/>\n<meta property=\"og:type\" content=\"article\" \/>\n<meta property=\"og:title\" content=\"Services d&#039;EPODEX pour ses partenaires\" \/>\n<meta property=\"og:description\" content=\"Nous avons d\u00e9velopp\u00e9 des services et des concepts sur mesure pour soutenir au mieux notre entreprise partenaire.\" \/>\n<meta property=\"og:url\" content=\"https:\/\/old.epodex-industries.com\/de\/service\/\" \/>\n<meta property=\"og:site_name\" content=\"EPODEX Industries | B2B Plattform\" \/>\n<meta property=\"article:publisher\" content=\"https:\/\/www.facebook.com\/Epodex\/\" \/>\n<meta property=\"article:modified_time\" content=\"2024-03-20T17:44:46+00:00\" \/>\n<meta name=\"twitter:card\" content=\"summary_large_image\" \/>\n<meta name=\"twitter:label1\" content=\"Dur\u00e9e de lecture estim\u00e9e\" \/>\n\t<meta name=\"twitter:data1\" content=\"1 minute\" \/>\n<script type=\"application\/ld+json\" class=\"yoast-schema-graph\">{\"@context\":\"https:\/\/schema.org\",\"@graph\":[{\"@type\":\"WebPage\",\"@id\":\"https:\/\/old.epodex-industries.com\/de\/service\/\",\"url\":\"https:\/\/old.epodex-industries.com\/de\/service\/\",\"name\":\"Services d'EPODEX pour ses partenaires\",\"isPartOf\":{\"@id\":\"https:\/\/old.epodex-industries.com\/fr\/#website\"},\"datePublished\":\"2023-08-25T16:24:42+00:00\",\"dateModified\":\"2024-03-20T17:44:46+00:00\",\"description\":\"Nous avons d\u00e9velopp\u00e9 des services et des concepts sur mesure pour soutenir au mieux notre entreprise partenaire.\",\"breadcrumb\":{\"@id\":\"https:\/\/old.epodex-industries.com\/de\/service\/#breadcrumb\"},\"inLanguage\":\"fr-FR\",\"potentialAction\":[{\"@type\":\"ReadAction\",\"target\":[\"https:\/\/old.epodex-industries.com\/de\/service\/\"]}]},{\"@type\":\"BreadcrumbList\",\"@id\":\"https:\/\/old.epodex-industries.com\/de\/service\/#breadcrumb\",\"itemListElement\":[{\"@type\":\"ListItem\",\"position\":1,\"name\":\"Startseite\",\"item\":\"https:\/\/old.epodex-industries.com\/fr\/\"},{\"@type\":\"ListItem\",\"position\":2,\"name\":\"Services\"}]},{\"@type\":\"WebSite\",\"@id\":\"https:\/\/old.epodex-industries.com\/fr\/#website\",\"url\":\"https:\/\/old.epodex-industries.com\/fr\/\",\"name\":\"EPODEX Industries | B2B Plattform\",\"description\":\"Hersteller + Gro\u00dfhandel f\u00fcr Baustoffe\",\"publisher\":{\"@id\":\"https:\/\/old.epodex-industries.com\/fr\/#organization\"},\"alternateName\":\"EPODEX Industries | Hersteller + Gro\u00dfhandel f\u00fcr Baustoffe\",\"potentialAction\":[{\"@type\":\"SearchAction\",\"target\":{\"@type\":\"EntryPoint\",\"urlTemplate\":\"https:\/\/old.epodex-industries.com\/fr\/?s={search_term_string}\"},\"query-input\":{\"@type\":\"PropertyValueSpecification\",\"valueRequired\":true,\"valueName\":\"search_term_string\"}}],\"inLanguage\":\"fr-FR\"},{\"@type\":\"Organization\",\"@id\":\"https:\/\/old.epodex-industries.com\/fr\/#organization\",\"name\":\"EPODEX Industries\",\"url\":\"https:\/\/old.epodex-industries.com\/fr\/\",\"logo\":{\"@type\":\"ImageObject\",\"inLanguage\":\"fr-FR\",\"@id\":\"https:\/\/old.epodex-industries.com\/fr\/#\/schema\/logo\/image\/\",\"url\":\"https:\/\/www.epodex-industries.com\/wp-content\/uploads\/2023\/06\/Logo-Epodex-Rechnung.jpg\",\"contentUrl\":\"https:\/\/www.epodex-industries.com\/wp-content\/uploads\/2023\/06\/Logo-Epodex-Rechnung.jpg\",\"width\":261,\"height\":50,\"caption\":\"EPODEX Industries\"},\"image\":{\"@id\":\"https:\/\/old.epodex-industries.com\/fr\/#\/schema\/logo\/image\/\"},\"sameAs\":[\"https:\/\/www.facebook.com\/Epodex\/\",\"https:\/\/www.instagram.com\/epodex_official\/\",\"https:\/\/www.pinterest.de\/epodex_com\/\",\"https:\/\/www.youtube.com\/channel\/UC7lFrJ9YpN1yg43sTc6q3ow\"]}]}<\/script>\n<!-- \/ Yoast SEO plugin. -->","yoast_head_json":{"title":"Services d'EPODEX pour ses partenaires","description":"Nous avons d\u00e9velopp\u00e9 des services et des concepts sur mesure pour soutenir au mieux notre entreprise partenaire.","robots":{"index":"index","follow":"follow","max-snippet":"max-snippet:-1","max-image-preview":"max-image-preview:large","max-video-preview":"max-video-preview:-1"},"canonical":"https:\/\/old.epodex-industries.com\/de\/service\/","og_locale":"fr_FR","og_type":"article","og_title":"Services d'EPODEX pour ses partenaires","og_description":"Nous avons d\u00e9velopp\u00e9 des services et des concepts sur mesure pour soutenir au mieux notre entreprise partenaire.","og_url":"https:\/\/old.epodex-industries.com\/de\/service\/","og_site_name":"EPODEX Industries | B2B Plattform","article_publisher":"https:\/\/www.facebook.com\/Epodex\/","article_modified_time":"2024-03-20T17:44:46+00:00","twitter_card":"summary_large_image","twitter_misc":{"Dur\u00e9e de lecture estim\u00e9e":"1 minute"},"schema":{"@context":"https:\/\/schema.org","@graph":[{"@type":"WebPage","@id":"https:\/\/old.epodex-industries.com\/de\/service\/","url":"https:\/\/old.epodex-industries.com\/de\/service\/","name":"Services d'EPODEX pour ses partenaires","isPartOf":{"@id":"https:\/\/old.epodex-industries.com\/fr\/#website"},"datePublished":"2023-08-25T16:24:42+00:00","dateModified":"2024-03-20T17:44:46+00:00","description":"Nous avons d\u00e9velopp\u00e9 des services et des concepts sur mesure pour soutenir au mieux notre entreprise partenaire.","breadcrumb":{"@id":"https:\/\/old.epodex-industries.com\/de\/service\/#breadcrumb"},"inLanguage":"fr-FR","potentialAction":[{"@type":"ReadAction","target":["https:\/\/old.epodex-industries.com\/de\/service\/"]}]},{"@type":"BreadcrumbList","@id":"https:\/\/old.epodex-industries.com\/de\/service\/#breadcrumb","itemListElement":[{"@type":"ListItem","position":1,"name":"Startseite","item":"https:\/\/old.epodex-industries.com\/fr\/"},{"@type":"ListItem","position":2,"name":"Services"}]},{"@type":"WebSite","@id":"https:\/\/old.epodex-industries.com\/fr\/#website","url":"https:\/\/old.epodex-industries.com\/fr\/","name":"EPODEX Industries | B2B Plattform","description":"Hersteller + Gro\u00dfhandel f\u00fcr Baustoffe","publisher":{"@id":"https:\/\/old.epodex-industries.com\/fr\/#organization"},"alternateName":"EPODEX Industries | Hersteller + Gro\u00dfhandel f\u00fcr Baustoffe","potentialAction":[{"@type":"SearchAction","target":{"@type":"EntryPoint","urlTemplate":"https:\/\/old.epodex-industries.com\/fr\/?s={search_term_string}"},"query-input":{"@type":"PropertyValueSpecification","valueRequired":true,"valueName":"search_term_string"}}],"inLanguage":"fr-FR"},{"@type":"Organization","@id":"https:\/\/old.epodex-industries.com\/fr\/#organization","name":"EPODEX Industries","url":"https:\/\/old.epodex-industries.com\/fr\/","logo":{"@type":"ImageObject","inLanguage":"fr-FR","@id":"https:\/\/old.epodex-industries.com\/fr\/#\/schema\/logo\/image\/","url":"https:\/\/www.epodex-industries.com\/wp-content\/uploads\/2023\/06\/Logo-Epodex-Rechnung.jpg","contentUrl":"https:\/\/www.epodex-industries.com\/wp-content\/uploads\/2023\/06\/Logo-Epodex-Rechnung.jpg","width":261,"height":50,"caption":"EPODEX Industries"},"image":{"@id":"https:\/\/old.epodex-industries.com\/fr\/#\/schema\/logo\/image\/"},"sameAs":["https:\/\/www.facebook.com\/Epodex\/","https:\/\/www.instagram.com\/epodex_official\/","https:\/\/www.pinterest.de\/epodex_com\/","https:\/\/www.youtube.com\/channel\/UC7lFrJ9YpN1yg43sTc6q3ow"]}]}},"_links":{"self":[{"href":"https:\/\/old.epodex-industries.com\/fr\/wp-json\/wp\/v2\/pages\/15846","targetHints":{"allow":["GET"]}}],"collection":[{"href":"https:\/\/old.epodex-industries.com\/fr\/wp-json\/wp\/v2\/pages"}],"about":[{"href":"https:\/\/old.epodex-industries.com\/fr\/wp-json\/wp\/v2\/types\/page"}],"author":[{"embeddable":true,"href":"https:\/\/old.epodex-industries.com\/fr\/wp-json\/wp\/v2\/users\/4"}],"replies":[{"embeddable":true,"href":"https:\/\/old.epodex-industries.com\/fr\/wp-json\/wp\/v2\/comments?post=15846"}],"version-history":[{"count":5,"href":"https:\/\/old.epodex-industries.com\/fr\/wp-json\/wp\/v2\/pages\/15846\/revisions"}],"predecessor-version":[{"id":19801,"href":"https:\/\/old.epodex-industries.com\/fr\/wp-json\/wp\/v2\/pages\/15846\/revisions\/19801"}],"wp:attachment":[{"href":"https:\/\/old.epodex-industries.com\/fr\/wp-json\/wp\/v2\/media?parent=15846"}],"curies":[{"name":"wp","href":"https:\/\/api.w.org\/{rel}","templated":true}]}}