{"id":15831,"date":"2024-03-17T12:26:36","date_gmt":"2024-03-17T11:26:36","guid":{"rendered":"https:\/\/www.epodex-industries.com\/?page_id=15831"},"modified":"2024-03-20T18:34:50","modified_gmt":"2024-03-20T17:34:50","slug":"commandes-via-csv","status":"publish","type":"page","link":"https:\/\/old.epodex-industries.com\/fr\/wc\/commandes-via-csv\/","title":{"rendered":"Commandes par CSV"},"content":{"rendered":"<div class=\"wpb-content-wrapper\"><p>[vc_row el_class=\u00a0\u00bbsplit-50-50&Prime;][vc_column width=\u00a0\u00bb1\/2&Prime;][vc_custom_heading text=\u00a0\u00bbCommandes rapides par CSV\u00a0\u00bb use_theme_fonts=\u00a0\u00bbyes\u00a0\u00bb][vc_column_text]\t\t<form method=\"post\" enctype=\"multipart\/form-data\">\r\n\t\t\t<label for=\"b2bking_csvorder\">T\u00e9l\u00e9chargez des fichiers .csv avec SKU sur la premi\u00e8re colonne et la quantit\u00e9 sur la deuxi\u00e8me colonne.<\/label>\r\n\t\t\t<p class=\"form-row form-row-wide\">\r\n\t\t        <span class=\"woocommerce-input-wrapper\">\r\n\t\t            <input type=\"file\" name=\"b2bking_csvorder\" id=\"b2bking_csvorder\" class=\"input-text\" accept=\".csv\">\r\n\t\t        <\/span>\r\n\t\t    <\/p>\r\n\t\t    <button type=\"submit\" class=\"button\" name=\"b2bking_submit_csvorder\">Ajouter au chariot<\/button>\r\n\t\t<\/form>\r\n\r\n\t\t[\/vc_column_text][vc_column_text]Notre plateforme vous permet de passer des commandes rapidement et efficacement via un t\u00e9l\u00e9chargement CSV. Cette fonctionnalit\u00e9 est id\u00e9ale pour les clients B2B qui souhaitent traiter efficacement de grandes quantit\u00e9s de commandes. Voici un bref guide pour commencer :<\/p>\n<ol>\n<li><strong>Pr\u00e9parez le fichier CSV<\/strong>: Votre fichier CSV doit comporter deux colonnes &#8211; SKU et quantit\u00e9. Assurez-vous que le fichier est format\u00e9 exactement selon ces sp\u00e9cifications pour garantir un traitement sans heurts.<\/li>\n<li><strong>T\u00e9l\u00e9chargez le fichier CSV<\/strong>: Vous pouvez t\u00e9l\u00e9charger votre fichier directement sur ce site web, que vous avez pr\u00e9par\u00e9 \u00e0 l&rsquo;\u00e9tape pr\u00e9c\u00e9dente.<\/li>\n<li><strong>V\u00e9rifiez et finalisez la commande<\/strong>: Apr\u00e8s le t\u00e9l\u00e9chargement, notre syst\u00e8me traite les donn\u00e9es et ajoute les produits correspondants dans les quantit\u00e9s appropri\u00e9es \u00e0 votre panier. Vous pouvez ensuite v\u00e9rifier votre commande, apporter les ajustements n\u00e9cessaires et finaliser l&rsquo;achat.<\/li>\n<\/ol>\n<hr \/>\n<p>Si vous avez besoin d&rsquo;aide, n&rsquo;h\u00e9sitez pas \u00e0 contacter notre service client.[\/vc_column_text][\/vc_column][vc_column width=\u00a0\u00bb1\/2&Prime;][vc_single_image image=\u00a0\u00bb15836&Prime; img_size=\u00a0\u00bbfull\u00a0\u00bb][\/vc_column][\/vc_row]<\/p>\n<\/div>","protected":false},"excerpt":{"rendered":"<p>[vc_row el_class=\u00a0\u00bbsplit-50-50&Prime;][vc_column width=\u00a0\u00bb1\/2&Prime;][vc_custom_heading text=\u00a0\u00bbCommandes rapides par CSV\u00a0\u00bb use_theme_fonts=\u00a0\u00bbyes\u00a0\u00bb][vc_column_text][\/vc_column_text][vc_column_text]Notre plateforme vous permet de passer des commandes rapidement et efficacement via un t\u00e9l\u00e9chargement CSV. Cette fonctionnalit\u00e9 est id\u00e9ale pour les clients B2B qui souhaitent traiter efficacement de grandes quantit\u00e9s de commandes. Voici un bref guide pour commencer : Pr\u00e9parez le fichier CSV: Votre fichier CSV doit comporter [&hellip;]<\/p>\n","protected":false},"author":1,"featured_media":0,"parent":15829,"menu_order":0,"comment_status":"closed","ping_status":"closed","template":"","meta":{"footnotes":""},"class_list":["post-15831","page","type-page","status-publish","hentry"],"yoast_head":"<!-- This site is optimized with the Yoast SEO plugin v26.7 - https:\/\/yoast.com\/wordpress\/plugins\/seo\/ -->\n<title>Commandes par CSV - EPODEX Industries | B2B Plattform<\/title>\n<meta name=\"robots\" content=\"index, follow, max-snippet:-1, max-image-preview:large, max-video-preview:-1\" \/>\n<link rel=\"canonical\" href=\"https:\/\/old.epodex-industries.com\/fr\/wc\/commandes-via-csv\/\" \/>\n<meta property=\"og:locale\" content=\"fr_FR\" \/>\n<meta property=\"og:type\" content=\"article\" \/>\n<meta property=\"og:title\" content=\"Commandes par CSV - EPODEX Industries | B2B Plattform\" \/>\n<meta property=\"og:description\" content=\"[vc_row el_class=\u00a0\u00bbsplit-50-50&Prime;][vc_column width=\u00a0\u00bb1\/2&Prime;][vc_custom_heading text=\u00a0\u00bbCommandes rapides par CSV\u00a0\u00bb use_theme_fonts=\u00a0\u00bbyes\u00a0\u00bb][vc_column_text][\/vc_column_text][vc_column_text]Notre plateforme vous permet de passer des commandes rapidement et efficacement via un t\u00e9l\u00e9chargement CSV. Cette fonctionnalit\u00e9 est id\u00e9ale pour les clients B2B qui souhaitent traiter efficacement de grandes quantit\u00e9s de commandes. Voici un bref guide pour commencer : Pr\u00e9parez le fichier CSV: Votre fichier CSV doit comporter [&hellip;]\" \/>\n<meta property=\"og:url\" content=\"https:\/\/old.epodex-industries.com\/fr\/wc\/commandes-via-csv\/\" \/>\n<meta property=\"og:site_name\" content=\"EPODEX Industries | B2B Plattform\" \/>\n<meta property=\"article:publisher\" content=\"https:\/\/www.facebook.com\/Epodex\/\" \/>\n<meta property=\"article:modified_time\" content=\"2024-03-20T17:34:50+00:00\" \/>\n<meta name=\"twitter:card\" content=\"summary_large_image\" \/>\n<meta name=\"twitter:label1\" content=\"Dur\u00e9e de lecture estim\u00e9e\" \/>\n\t<meta name=\"twitter:data1\" content=\"1 minute\" \/>\n<script type=\"application\/ld+json\" class=\"yoast-schema-graph\">{\"@context\":\"https:\/\/schema.org\",\"@graph\":[{\"@type\":\"WebPage\",\"@id\":\"https:\/\/old.epodex-industries.com\/fr\/wc\/commandes-via-csv\/\",\"url\":\"https:\/\/old.epodex-industries.com\/fr\/wc\/commandes-via-csv\/\",\"name\":\"Commandes par CSV - EPODEX Industries | B2B Plattform\",\"isPartOf\":{\"@id\":\"https:\/\/old.epodex-industries.com\/fr\/#website\"},\"datePublished\":\"2024-03-17T11:26:36+00:00\",\"dateModified\":\"2024-03-20T17:34:50+00:00\",\"breadcrumb\":{\"@id\":\"https:\/\/old.epodex-industries.com\/fr\/wc\/commandes-via-csv\/#breadcrumb\"},\"inLanguage\":\"fr-FR\",\"potentialAction\":[{\"@type\":\"ReadAction\",\"target\":[\"https:\/\/old.epodex-industries.com\/fr\/wc\/commandes-via-csv\/\"]}]},{\"@type\":\"BreadcrumbList\",\"@id\":\"https:\/\/old.epodex-industries.com\/fr\/wc\/commandes-via-csv\/#breadcrumb\",\"itemListElement\":[{\"@type\":\"ListItem\",\"position\":1,\"name\":\"Startseite\",\"item\":\"https:\/\/old.epodex-industries.com\/fr\/\"},{\"@type\":\"ListItem\",\"position\":2,\"name\":\"WC\",\"item\":\"https:\/\/old.epodex-industries.com\/fr\/wc\/\"},{\"@type\":\"ListItem\",\"position\":3,\"name\":\"Commandes par CSV\"}]},{\"@type\":\"WebSite\",\"@id\":\"https:\/\/old.epodex-industries.com\/fr\/#website\",\"url\":\"https:\/\/old.epodex-industries.com\/fr\/\",\"name\":\"EPODEX Industries | B2B Plattform\",\"description\":\"Hersteller + Gro\u00dfhandel f\u00fcr Baustoffe\",\"publisher\":{\"@id\":\"https:\/\/old.epodex-industries.com\/fr\/#organization\"},\"alternateName\":\"EPODEX Industries | Hersteller + Gro\u00dfhandel f\u00fcr Baustoffe\",\"potentialAction\":[{\"@type\":\"SearchAction\",\"target\":{\"@type\":\"EntryPoint\",\"urlTemplate\":\"https:\/\/old.epodex-industries.com\/fr\/?s={search_term_string}\"},\"query-input\":{\"@type\":\"PropertyValueSpecification\",\"valueRequired\":true,\"valueName\":\"search_term_string\"}}],\"inLanguage\":\"fr-FR\"},{\"@type\":\"Organization\",\"@id\":\"https:\/\/old.epodex-industries.com\/fr\/#organization\",\"name\":\"EPODEX Industries\",\"url\":\"https:\/\/old.epodex-industries.com\/fr\/\",\"logo\":{\"@type\":\"ImageObject\",\"inLanguage\":\"fr-FR\",\"@id\":\"https:\/\/old.epodex-industries.com\/fr\/#\/schema\/logo\/image\/\",\"url\":\"https:\/\/www.epodex-industries.com\/wp-content\/uploads\/2023\/06\/Logo-Epodex-Rechnung.jpg\",\"contentUrl\":\"https:\/\/www.epodex-industries.com\/wp-content\/uploads\/2023\/06\/Logo-Epodex-Rechnung.jpg\",\"width\":261,\"height\":50,\"caption\":\"EPODEX Industries\"},\"image\":{\"@id\":\"https:\/\/old.epodex-industries.com\/fr\/#\/schema\/logo\/image\/\"},\"sameAs\":[\"https:\/\/www.facebook.com\/Epodex\/\",\"https:\/\/www.instagram.com\/epodex_official\/\",\"https:\/\/www.pinterest.de\/epodex_com\/\",\"https:\/\/www.youtube.com\/channel\/UC7lFrJ9YpN1yg43sTc6q3ow\"]}]}<\/script>\n<!-- \/ Yoast SEO plugin. -->","yoast_head_json":{"title":"Commandes par CSV - EPODEX Industries | B2B Plattform","robots":{"index":"index","follow":"follow","max-snippet":"max-snippet:-1","max-image-preview":"max-image-preview:large","max-video-preview":"max-video-preview:-1"},"canonical":"https:\/\/old.epodex-industries.com\/fr\/wc\/commandes-via-csv\/","og_locale":"fr_FR","og_type":"article","og_title":"Commandes par CSV - EPODEX Industries | B2B Plattform","og_description":"[vc_row el_class=\u00a0\u00bbsplit-50-50&Prime;][vc_column width=\u00a0\u00bb1\/2&Prime;][vc_custom_heading text=\u00a0\u00bbCommandes rapides par CSV\u00a0\u00bb use_theme_fonts=\u00a0\u00bbyes\u00a0\u00bb][vc_column_text][\/vc_column_text][vc_column_text]Notre plateforme vous permet de passer des commandes rapidement et efficacement via un t\u00e9l\u00e9chargement CSV. Cette fonctionnalit\u00e9 est id\u00e9ale pour les clients B2B qui souhaitent traiter efficacement de grandes quantit\u00e9s de commandes. Voici un bref guide pour commencer : Pr\u00e9parez le fichier CSV: Votre fichier CSV doit comporter [&hellip;]","og_url":"https:\/\/old.epodex-industries.com\/fr\/wc\/commandes-via-csv\/","og_site_name":"EPODEX Industries | B2B Plattform","article_publisher":"https:\/\/www.facebook.com\/Epodex\/","article_modified_time":"2024-03-20T17:34:50+00:00","twitter_card":"summary_large_image","twitter_misc":{"Dur\u00e9e de lecture estim\u00e9e":"1 minute"},"schema":{"@context":"https:\/\/schema.org","@graph":[{"@type":"WebPage","@id":"https:\/\/old.epodex-industries.com\/fr\/wc\/commandes-via-csv\/","url":"https:\/\/old.epodex-industries.com\/fr\/wc\/commandes-via-csv\/","name":"Commandes par CSV - EPODEX Industries | B2B Plattform","isPartOf":{"@id":"https:\/\/old.epodex-industries.com\/fr\/#website"},"datePublished":"2024-03-17T11:26:36+00:00","dateModified":"2024-03-20T17:34:50+00:00","breadcrumb":{"@id":"https:\/\/old.epodex-industries.com\/fr\/wc\/commandes-via-csv\/#breadcrumb"},"inLanguage":"fr-FR","potentialAction":[{"@type":"ReadAction","target":["https:\/\/old.epodex-industries.com\/fr\/wc\/commandes-via-csv\/"]}]},{"@type":"BreadcrumbList","@id":"https:\/\/old.epodex-industries.com\/fr\/wc\/commandes-via-csv\/#breadcrumb","itemListElement":[{"@type":"ListItem","position":1,"name":"Startseite","item":"https:\/\/old.epodex-industries.com\/fr\/"},{"@type":"ListItem","position":2,"name":"WC","item":"https:\/\/old.epodex-industries.com\/fr\/wc\/"},{"@type":"ListItem","position":3,"name":"Commandes par CSV"}]},{"@type":"WebSite","@id":"https:\/\/old.epodex-industries.com\/fr\/#website","url":"https:\/\/old.epodex-industries.com\/fr\/","name":"EPODEX Industries | B2B Plattform","description":"Hersteller + Gro\u00dfhandel f\u00fcr Baustoffe","publisher":{"@id":"https:\/\/old.epodex-industries.com\/fr\/#organization"},"alternateName":"EPODEX Industries | Hersteller + Gro\u00dfhandel f\u00fcr Baustoffe","potentialAction":[{"@type":"SearchAction","target":{"@type":"EntryPoint","urlTemplate":"https:\/\/old.epodex-industries.com\/fr\/?s={search_term_string}"},"query-input":{"@type":"PropertyValueSpecification","valueRequired":true,"valueName":"search_term_string"}}],"inLanguage":"fr-FR"},{"@type":"Organization","@id":"https:\/\/old.epodex-industries.com\/fr\/#organization","name":"EPODEX Industries","url":"https:\/\/old.epodex-industries.com\/fr\/","logo":{"@type":"ImageObject","inLanguage":"fr-FR","@id":"https:\/\/old.epodex-industries.com\/fr\/#\/schema\/logo\/image\/","url":"https:\/\/www.epodex-industries.com\/wp-content\/uploads\/2023\/06\/Logo-Epodex-Rechnung.jpg","contentUrl":"https:\/\/www.epodex-industries.com\/wp-content\/uploads\/2023\/06\/Logo-Epodex-Rechnung.jpg","width":261,"height":50,"caption":"EPODEX Industries"},"image":{"@id":"https:\/\/old.epodex-industries.com\/fr\/#\/schema\/logo\/image\/"},"sameAs":["https:\/\/www.facebook.com\/Epodex\/","https:\/\/www.instagram.com\/epodex_official\/","https:\/\/www.pinterest.de\/epodex_com\/","https:\/\/www.youtube.com\/channel\/UC7lFrJ9YpN1yg43sTc6q3ow"]}]}},"_links":{"self":[{"href":"https:\/\/old.epodex-industries.com\/fr\/wp-json\/wp\/v2\/pages\/15831","targetHints":{"allow":["GET"]}}],"collection":[{"href":"https:\/\/old.epodex-industries.com\/fr\/wp-json\/wp\/v2\/pages"}],"about":[{"href":"https:\/\/old.epodex-industries.com\/fr\/wp-json\/wp\/v2\/types\/page"}],"author":[{"embeddable":true,"href":"https:\/\/old.epodex-industries.com\/fr\/wp-json\/wp\/v2\/users\/1"}],"replies":[{"embeddable":true,"href":"https:\/\/old.epodex-industries.com\/fr\/wp-json\/wp\/v2\/comments?post=15831"}],"version-history":[{"count":3,"href":"https:\/\/old.epodex-industries.com\/fr\/wp-json\/wp\/v2\/pages\/15831\/revisions"}],"predecessor-version":[{"id":19796,"href":"https:\/\/old.epodex-industries.com\/fr\/wp-json\/wp\/v2\/pages\/15831\/revisions\/19796"}],"up":[{"embeddable":true,"href":"https:\/\/old.epodex-industries.com\/fr\/wp-json\/wp\/v2\/pages\/15829"}],"wp:attachment":[{"href":"https:\/\/old.epodex-industries.com\/fr\/wp-json\/wp\/v2\/media?parent=15831"}],"curies":[{"name":"wp","href":"https:\/\/api.w.org\/{rel}","templated":true}]}}