{"id":33124,"date":"2025-07-10T08:11:26","date_gmt":"2025-07-10T06:11:26","guid":{"rendered":"https:\/\/www.epodex-industries.com\/produkt\/steinteppich\/"},"modified":"2025-07-10T08:13:39","modified_gmt":"2025-07-10T06:13:39","slug":"steinteppich","status":"publish","type":"product","link":"https:\/\/old.epodex-industries.com\/en\/product\/steinteppich\/","title":{"rendered":"Steinteppich"},"content":{"rendered":"<hr \/>\n<h3>Anwendung<\/h3>\n<ol>\n<li>Der Untergrund muss tragf\u00e4hig, trocken sowie frei von Schmutz und Trennmitteln sein.<\/li>\n<li>Grundieren Sie die Oberfl\u00e4che mit unserem PU PRIMER.<\/li>\n<li>Lassen Sie die Grundierung trocknen (ca. 1 Std. bei 25\u00b0C).<\/li>\n<li>Falls gew\u00fcnscht, bringen Sie Abschlussleisten an die Kanten an, f\u00fcr einen sauberen Abschluss. Nutzen Sie hierf\u00fcr beispielsweise unseren Montagekleber.<\/li>\n<li>Bereiten Sie eine Mischung aus Wasser und Sp\u00fclmittel in einer Spr\u00fchflasche vor.<\/li>\n<li>Vermischen Sie die Steine im vorgegebenen Mischungsverh\u00e4ltnis mit dem mitgelieferten PU Binder. F\u00fcgen Sie dazu 6% PU BINDER zu den trocknen Steinen hinzu, z. B. mischen Sie 12,5kg Steine mit 0,75kg PU BINDER.<\/li>\n<li>Geben Sie das Material unmittelbar nach dem Mischen auf die zu beschichtende Oberfl\u00e4che.<\/li>\n<li>Verteilen Sie das Material mit einer Kelle. Verwenden Sie die Spr\u00fchflasche mit der Mischung aus Wasser und Sp\u00fclmittel, um die Kelle zu s\u00e4ubern und um das Material glatt zu streichen.<\/li>\n<li>Lassen Sie das Material aush\u00e4rten (ca. 24 Std. bei 25\u00b0C).<\/li>\n<li>F\u00fcr eine leichtere Reinigung kann der Steinteppich optional mit unserem PU Filler versiegelt werden. In Feuchtr\u00e4umen, wie in der Dusche, oder f\u00fcr Pools, ist der Einsatz unseres EPODEX PU Filler zwingend erforderlich, um eine wasserdichte Oberfl\u00e4che zu erhalten. Streichen Sie hierzu das Material mit einem Spachtel auf und ziehen Sie es anschlie\u00dfend mit einem Gummiabzieher ab, um \u00fcbersch\u00fcssiges Material zu entfernen.<\/li>\n<\/ol>\n<p>Hinweise: Verursacht Hautreizungen. Kann allergische Hautreaktionen verursachen. Verursacht schwere Augenreizung. Die Informationen auf dem Produktetikett sind stets zu befolgen<\/p>\n<hr \/>\n","protected":false},"excerpt":{"rendered":"<ul>\n<li>Verwendbar auf allen tragf\u00e4higen Oberfl\u00e4chen wie Beton, Estrich, Holz und mehr<\/li>\n<li>Eigenschaften: Hochbelastbar, wetterfest, UV-stabil<\/li>\n<li>Anwendungsbereiche: Innen &#038; Au\u00dfen sowie Feuchtraum mit PU Filler<\/li>\n<li>Verbrauchsmenge: 13,3kg\/m\u00b2<\/li>\n<li>Verarbeitungszeit: 45Min. (20\u00b0C)<\/li>\n<li>Trocknungszeit: 24Std. (25\u00b0C)<\/li>\n<li>Lieferumfang pro m\u00b2: 12,5kg Natursteine\/Quarzsteine + 0,8kg Polyurethanharz<\/li>\n<li>Optional hinzuw\u00e4hlbar: \u201ePU Primer\u201c zur Grundierung und \u201ePU Filler\u201c zur Versiegelung der L\u00fccken zwischen den Steinen<\/li>\n<li>F\u00fcr vertikale Treppenfl\u00e4chen empfehlen wir unseren \u201eVertical PU Binder\u201c zu verwenden. Dieser ist unter dem Zubeh\u00f6r-Button auf dieser Produktseite zu finden.<\/li>\n<\/ul>\n","protected":false},"featured_media":32790,"comment_status":"open","ping_status":"closed","template":"","meta":[],"product_brand":[],"product_cat":[4961],"product_tag":[],"class_list":{"0":"post-33124","1":"product","2":"type-product","3":"status-publish","4":"has-post-thumbnail","6":"product_cat-steinteppich","8":"first","9":"instock","10":"taxable","11":"shipping-taxable","12":"product-type-variable","13":"wvs-archive-product-wrapper"},"yoast_head":"<!-- This site is optimized with the Yoast SEO plugin v26.7 - https:\/\/yoast.com\/wordpress\/plugins\/seo\/ -->\n<title>Steinteppich - EPODEX Industries | B2B Plattform<\/title>\n<meta name=\"robots\" content=\"index, follow, max-snippet:-1, max-image-preview:large, max-video-preview:-1\" \/>\n<link rel=\"canonical\" href=\"https:\/\/old.epodex-industries.com\/de\/produkt\/steinteppich\/\" \/>\n<meta property=\"og:locale\" content=\"en_US\" \/>\n<meta property=\"og:type\" content=\"article\" \/>\n<meta property=\"og:title\" content=\"Steinteppich - EPODEX Industries | B2B Plattform\" \/>\n<meta property=\"og:description\" content=\"Verwendbar auf allen tragf\u00e4higen Oberfl\u00e4chen wie Beton, Estrich, Holz und mehr  Eigenschaften: Hochbelastbar, wetterfest, UV-stabil  Anwendungsbereiche: Innen &amp; Au\u00dfen sowie Feuchtraum mit PU Filler  Verbrauchsmenge: 13,3kg\/m\u00b2  Verarbeitungszeit: 45Min. (20\u00b0C)  Trocknungszeit: 24Std. (25\u00b0C)  Lieferumfang pro m\u00b2: 12,5kg Natursteine\/Quarzsteine + 0,8kg Polyurethanharz  Optional hinzuw\u00e4hlbar: \u201ePU Primer\u201c zur Grundierung und \u201ePU Filler\u201c zur Versiegelung der L\u00fccken zwischen den Steinen  F\u00fcr vertikale Treppenfl\u00e4chen empfehlen wir unseren \u201eVertical PU Binder\u201c zu verwenden. Dieser ist unter dem Zubeh\u00f6r-Button auf dieser Produktseite zu finden.\" \/>\n<meta property=\"og:url\" content=\"https:\/\/old.epodex-industries.com\/de\/produkt\/steinteppich\/\" \/>\n<meta property=\"og:site_name\" content=\"EPODEX Industries | B2B Plattform\" \/>\n<meta property=\"article:publisher\" content=\"https:\/\/www.facebook.com\/Epodex\/\" \/>\n<meta property=\"article:modified_time\" content=\"2025-07-10T06:13:39+00:00\" \/>\n<meta property=\"og:image\" content=\"https:\/\/old.epodex-industries.com\/wp-content\/uploads\/2025\/05\/steinteppich-stone-carpet-stones.webp\" \/>\n\t<meta property=\"og:image:width\" content=\"1024\" \/>\n\t<meta property=\"og:image:height\" content=\"683\" \/>\n\t<meta property=\"og:image:type\" content=\"image\/webp\" \/>\n<meta name=\"twitter:card\" content=\"summary_large_image\" \/>\n<meta name=\"twitter:label1\" content=\"Est. reading time\" \/>\n\t<meta name=\"twitter:data1\" content=\"1 minute\" \/>\n<script type=\"application\/ld+json\" class=\"yoast-schema-graph\">{\"@context\":\"https:\/\/schema.org\",\"@graph\":[{\"@type\":\"WebPage\",\"@id\":\"https:\/\/old.epodex-industries.com\/de\/produkt\/steinteppich\/\",\"url\":\"https:\/\/old.epodex-industries.com\/de\/produkt\/steinteppich\/\",\"name\":\"Steinteppich - EPODEX Industries | B2B Plattform\",\"isPartOf\":{\"@id\":\"https:\/\/old.epodex-industries.com\/fr\/#website\"},\"primaryImageOfPage\":{\"@id\":\"https:\/\/old.epodex-industries.com\/de\/produkt\/steinteppich\/#primaryimage\"},\"image\":{\"@id\":\"https:\/\/old.epodex-industries.com\/de\/produkt\/steinteppich\/#primaryimage\"},\"thumbnailUrl\":\"https:\/\/old.epodex-industries.com\/wp-content\/uploads\/2025\/05\/steinteppich-stone-carpet-stones.webp\",\"datePublished\":\"2025-07-10T06:11:26+00:00\",\"dateModified\":\"2025-07-10T06:13:39+00:00\",\"breadcrumb\":{\"@id\":\"https:\/\/old.epodex-industries.com\/de\/produkt\/steinteppich\/#breadcrumb\"},\"inLanguage\":\"en-US\",\"potentialAction\":[{\"@type\":\"ReadAction\",\"target\":[\"https:\/\/old.epodex-industries.com\/de\/produkt\/steinteppich\/\"]}]},{\"@type\":\"ImageObject\",\"inLanguage\":\"en-US\",\"@id\":\"https:\/\/old.epodex-industries.com\/de\/produkt\/steinteppich\/#primaryimage\",\"url\":\"https:\/\/old.epodex-industries.com\/wp-content\/uploads\/2025\/05\/steinteppich-stone-carpet-stones.webp\",\"contentUrl\":\"https:\/\/old.epodex-industries.com\/wp-content\/uploads\/2025\/05\/steinteppich-stone-carpet-stones.webp\",\"width\":1024,\"height\":683,\"caption\":\"steinteppich stone carpet stones\"},{\"@type\":\"BreadcrumbList\",\"@id\":\"https:\/\/old.epodex-industries.com\/de\/produkt\/steinteppich\/#breadcrumb\",\"itemListElement\":[{\"@type\":\"ListItem\",\"position\":1,\"name\":\"Startseite\",\"item\":\"https:\/\/old.epodex-industries.com\/en\/\"},{\"@type\":\"ListItem\",\"position\":2,\"name\":\"Shop\",\"item\":\"https:\/\/old.epodex-industries.com\/en\/shop\/\"},{\"@type\":\"ListItem\",\"position\":3,\"name\":\"Steinteppich\"}]},{\"@type\":\"WebSite\",\"@id\":\"https:\/\/old.epodex-industries.com\/fr\/#website\",\"url\":\"https:\/\/old.epodex-industries.com\/fr\/\",\"name\":\"EPODEX Industries | B2B Plattform\",\"description\":\"Hersteller + Gro\u00dfhandel f\u00fcr Baustoffe\",\"publisher\":{\"@id\":\"https:\/\/old.epodex-industries.com\/fr\/#organization\"},\"alternateName\":\"EPODEX Industries | Hersteller + Gro\u00dfhandel f\u00fcr Baustoffe\",\"potentialAction\":[{\"@type\":\"SearchAction\",\"target\":{\"@type\":\"EntryPoint\",\"urlTemplate\":\"https:\/\/old.epodex-industries.com\/fr\/?s={search_term_string}\"},\"query-input\":{\"@type\":\"PropertyValueSpecification\",\"valueRequired\":true,\"valueName\":\"search_term_string\"}}],\"inLanguage\":\"en-US\"},{\"@type\":\"Organization\",\"@id\":\"https:\/\/old.epodex-industries.com\/fr\/#organization\",\"name\":\"EPODEX Industries\",\"url\":\"https:\/\/old.epodex-industries.com\/fr\/\",\"logo\":{\"@type\":\"ImageObject\",\"inLanguage\":\"en-US\",\"@id\":\"https:\/\/old.epodex-industries.com\/fr\/#\/schema\/logo\/image\/\",\"url\":\"https:\/\/www.epodex-industries.com\/wp-content\/uploads\/2023\/06\/Logo-Epodex-Rechnung.jpg\",\"contentUrl\":\"https:\/\/www.epodex-industries.com\/wp-content\/uploads\/2023\/06\/Logo-Epodex-Rechnung.jpg\",\"width\":261,\"height\":50,\"caption\":\"EPODEX Industries\"},\"image\":{\"@id\":\"https:\/\/old.epodex-industries.com\/fr\/#\/schema\/logo\/image\/\"},\"sameAs\":[\"https:\/\/www.facebook.com\/Epodex\/\",\"https:\/\/www.instagram.com\/epodex_official\/\",\"https:\/\/www.pinterest.de\/epodex_com\/\",\"https:\/\/www.youtube.com\/channel\/UC7lFrJ9YpN1yg43sTc6q3ow\"]}]}<\/script>\n<!-- \/ Yoast SEO plugin. -->","yoast_head_json":{"title":"Steinteppich - EPODEX Industries | B2B Plattform","robots":{"index":"index","follow":"follow","max-snippet":"max-snippet:-1","max-image-preview":"max-image-preview:large","max-video-preview":"max-video-preview:-1"},"canonical":"https:\/\/old.epodex-industries.com\/de\/produkt\/steinteppich\/","og_locale":"en_US","og_type":"article","og_title":"Steinteppich - EPODEX Industries | B2B Plattform","og_description":"Verwendbar auf allen tragf\u00e4higen Oberfl\u00e4chen wie Beton, Estrich, Holz und mehr  Eigenschaften: Hochbelastbar, wetterfest, UV-stabil  Anwendungsbereiche: Innen & Au\u00dfen sowie Feuchtraum mit PU Filler  Verbrauchsmenge: 13,3kg\/m\u00b2  Verarbeitungszeit: 45Min. (20\u00b0C)  Trocknungszeit: 24Std. (25\u00b0C)  Lieferumfang pro m\u00b2: 12,5kg Natursteine\/Quarzsteine + 0,8kg Polyurethanharz  Optional hinzuw\u00e4hlbar: \u201ePU Primer\u201c zur Grundierung und \u201ePU Filler\u201c zur Versiegelung der L\u00fccken zwischen den Steinen  F\u00fcr vertikale Treppenfl\u00e4chen empfehlen wir unseren \u201eVertical PU Binder\u201c zu verwenden. Dieser ist unter dem Zubeh\u00f6r-Button auf dieser Produktseite zu finden.","og_url":"https:\/\/old.epodex-industries.com\/de\/produkt\/steinteppich\/","og_site_name":"EPODEX Industries | B2B Plattform","article_publisher":"https:\/\/www.facebook.com\/Epodex\/","article_modified_time":"2025-07-10T06:13:39+00:00","og_image":[{"width":1024,"height":683,"url":"https:\/\/old.epodex-industries.com\/wp-content\/uploads\/2025\/05\/steinteppich-stone-carpet-stones.webp","type":"image\/webp"}],"twitter_card":"summary_large_image","twitter_misc":{"Est. reading time":"1 minute"},"schema":{"@context":"https:\/\/schema.org","@graph":[{"@type":"WebPage","@id":"https:\/\/old.epodex-industries.com\/de\/produkt\/steinteppich\/","url":"https:\/\/old.epodex-industries.com\/de\/produkt\/steinteppich\/","name":"Steinteppich - EPODEX Industries | B2B Plattform","isPartOf":{"@id":"https:\/\/old.epodex-industries.com\/fr\/#website"},"primaryImageOfPage":{"@id":"https:\/\/old.epodex-industries.com\/de\/produkt\/steinteppich\/#primaryimage"},"image":{"@id":"https:\/\/old.epodex-industries.com\/de\/produkt\/steinteppich\/#primaryimage"},"thumbnailUrl":"https:\/\/old.epodex-industries.com\/wp-content\/uploads\/2025\/05\/steinteppich-stone-carpet-stones.webp","datePublished":"2025-07-10T06:11:26+00:00","dateModified":"2025-07-10T06:13:39+00:00","breadcrumb":{"@id":"https:\/\/old.epodex-industries.com\/de\/produkt\/steinteppich\/#breadcrumb"},"inLanguage":"en-US","potentialAction":[{"@type":"ReadAction","target":["https:\/\/old.epodex-industries.com\/de\/produkt\/steinteppich\/"]}]},{"@type":"ImageObject","inLanguage":"en-US","@id":"https:\/\/old.epodex-industries.com\/de\/produkt\/steinteppich\/#primaryimage","url":"https:\/\/old.epodex-industries.com\/wp-content\/uploads\/2025\/05\/steinteppich-stone-carpet-stones.webp","contentUrl":"https:\/\/old.epodex-industries.com\/wp-content\/uploads\/2025\/05\/steinteppich-stone-carpet-stones.webp","width":1024,"height":683,"caption":"steinteppich stone carpet stones"},{"@type":"BreadcrumbList","@id":"https:\/\/old.epodex-industries.com\/de\/produkt\/steinteppich\/#breadcrumb","itemListElement":[{"@type":"ListItem","position":1,"name":"Startseite","item":"https:\/\/old.epodex-industries.com\/en\/"},{"@type":"ListItem","position":2,"name":"Shop","item":"https:\/\/old.epodex-industries.com\/en\/shop\/"},{"@type":"ListItem","position":3,"name":"Steinteppich"}]},{"@type":"WebSite","@id":"https:\/\/old.epodex-industries.com\/fr\/#website","url":"https:\/\/old.epodex-industries.com\/fr\/","name":"EPODEX Industries | B2B Plattform","description":"Hersteller + Gro\u00dfhandel f\u00fcr Baustoffe","publisher":{"@id":"https:\/\/old.epodex-industries.com\/fr\/#organization"},"alternateName":"EPODEX Industries | Hersteller + Gro\u00dfhandel f\u00fcr Baustoffe","potentialAction":[{"@type":"SearchAction","target":{"@type":"EntryPoint","urlTemplate":"https:\/\/old.epodex-industries.com\/fr\/?s={search_term_string}"},"query-input":{"@type":"PropertyValueSpecification","valueRequired":true,"valueName":"search_term_string"}}],"inLanguage":"en-US"},{"@type":"Organization","@id":"https:\/\/old.epodex-industries.com\/fr\/#organization","name":"EPODEX Industries","url":"https:\/\/old.epodex-industries.com\/fr\/","logo":{"@type":"ImageObject","inLanguage":"en-US","@id":"https:\/\/old.epodex-industries.com\/fr\/#\/schema\/logo\/image\/","url":"https:\/\/www.epodex-industries.com\/wp-content\/uploads\/2023\/06\/Logo-Epodex-Rechnung.jpg","contentUrl":"https:\/\/www.epodex-industries.com\/wp-content\/uploads\/2023\/06\/Logo-Epodex-Rechnung.jpg","width":261,"height":50,"caption":"EPODEX Industries"},"image":{"@id":"https:\/\/old.epodex-industries.com\/fr\/#\/schema\/logo\/image\/"},"sameAs":["https:\/\/www.facebook.com\/Epodex\/","https:\/\/www.instagram.com\/epodex_official\/","https:\/\/www.pinterest.de\/epodex_com\/","https:\/\/www.youtube.com\/channel\/UC7lFrJ9YpN1yg43sTc6q3ow"]}]}},"_links":{"self":[{"href":"https:\/\/old.epodex-industries.com\/en\/wp-json\/wp\/v2\/product\/33124","targetHints":{"allow":["GET"]}}],"collection":[{"href":"https:\/\/old.epodex-industries.com\/en\/wp-json\/wp\/v2\/product"}],"about":[{"href":"https:\/\/old.epodex-industries.com\/en\/wp-json\/wp\/v2\/types\/product"}],"replies":[{"embeddable":true,"href":"https:\/\/old.epodex-industries.com\/en\/wp-json\/wp\/v2\/comments?post=33124"}],"wp:featuredmedia":[{"embeddable":true,"href":"https:\/\/old.epodex-industries.com\/en\/wp-json\/wp\/v2\/media\/32790"}],"wp:attachment":[{"href":"https:\/\/old.epodex-industries.com\/en\/wp-json\/wp\/v2\/media?parent=33124"}],"wp:term":[{"taxonomy":"product_brand","embeddable":true,"href":"https:\/\/old.epodex-industries.com\/en\/wp-json\/wp\/v2\/product_brand?post=33124"},{"taxonomy":"product_cat","embeddable":true,"href":"https:\/\/old.epodex-industries.com\/en\/wp-json\/wp\/v2\/product_cat?post=33124"},{"taxonomy":"product_tag","embeddable":true,"href":"https:\/\/old.epodex-industries.com\/en\/wp-json\/wp\/v2\/product_tag?post=33124"}],"curies":[{"name":"wp","href":"https:\/\/api.w.org\/{rel}","templated":true}]}}