{"id":31974,"date":"2024-09-03T08:20:21","date_gmt":"2024-09-03T06:20:21","guid":{"rendered":"https:\/\/www.epodex-industries.com\/?post_type=product&#038;p=31974"},"modified":"2024-09-03T08:20:23","modified_gmt":"2024-09-03T06:20:23","slug":"effect-paint-metallic-brush-effect","status":"publish","type":"product","link":"https:\/\/old.epodex-industries.com\/en\/product\/effect-paint-metallic-brush-effect\/","title":{"rendered":"Effect Paint &#8211; Metallic Brush Effect"},"content":{"rendered":"<hr \/>\n<h3>Anwendung auf W\u00e4nde<\/h3>\n<ol>\n<li>Nicht zu bestreichende Fl\u00e4chen mit Abdeckplane und Kreppband abdecken\/abkleben.<\/li>\n<li>Grundierung (PRIMER) gr\u00fcndlich durchmischen (ggf. mit WB-Farbpaste einf\u00e4rben), mit Florwalze aufrollen und trocknen lassen.<\/li>\n<li>EFFECT PAINT mit dem mitgelieferten Metallic-Pigment vermischen und mit einer Schaumwalze auf die Grundierung rollen.<\/li>\n<li>Beim Streichen von Decken und W\u00e4nden empfehlen wir zuerst die Deckenfl\u00e4chen und dann die W\u00e4nde zu bestreichen.<\/li>\n<li>Kreppband vor der vollst\u00e4ndigen Trocknung entfernen.<\/li>\n<\/ol>\n<p>Hinweise: Verarbeitungstemperatur: Objekt- und Umgebungstemperatur min. 8\u00b0C. Nicht auf aufgeheizten Oberfl\u00e4chen und unter direkter Sonnenstrahlung verarbeiten. Bei niedrigeren Temperaturen k\u00f6nnen Trocknungsst\u00f6rungen auftreten. Um eine niedrigere Viskosit\u00e4t zu erzielen, verd\u00fcnnen Sie die Farbe mit bis zu 5% Wasser. Werkzeug unmittelbar nach Gebrauch mit Wasser reinigen.<br \/>\nEU-Grenzwert: (Kat. A\/d): 100g\/l (2010), max. 100g\/l VOC<\/p>\n<hr \/>\n<h3>Inhaltsstoffe, Sicherheits- &amp; Gefahrenhinweise<\/h3>\n<p><strong>METALLIC BRUSH EFFECT<\/strong> Achtung: 1,2-Benzisothiazol-3(2H)-on 2-Methyl-2H-isothiazol-3-on Kann allergische Hautreaktionen verursachen. Ist \u00e4rztlicher Rat erforderlich, Verpackung oder Kennzeichnungsetikett bereithalten Darf nicht in die H\u00e4nde von Kindern gelangen. Einatmen von Staub\/Nebel\/Aerosol vermeiden. Nicht in die Augen, auf die Haut oder auf die Kleidung gelangen lassen. Freisetzung in die Umwelt vermeiden. BEI BER\u00dcHRUNG MIT DER HAUT: Mit viel Wasser und Seife waschen. Entsorgung des Inhalts \/ des Beh\u00e4lters gem\u00e4\u00df den \u00f6rtlichen \/ regionalen \/ nationalen\/ internationalen Vorschriften.<\/p>\n<p><strong>EPOXY PRIMER <\/strong>Achtung: 1,2-Benzisothiazol-3(2H)-on 2-Methyl-2H-isothiazol-3-on Kann allergische Hautreaktionen verursachen. Ist \u00e4rztlicher Rat erforderlich, Verpackung oder Kennzeichnungsetikett bereithalten Darf nicht in die H\u00e4nde von Kindern gelangen. Einatmen von Staub\/Rauch\/Gas\/Nebel\/Dampf\/Aerosol vermeiden. Nicht in die Augen, auf die Haut oder auf die Kleidung gelangen lassen. Freisetzung in die Umwelt vermeiden. BEI BER\u00dcHRUNG MIT DER HAUT: Mit viel Wasser und Seife waschen. Entsorgung des Inhalts \/ des Beh\u00e4lters gem\u00e4\u00df den \u00f6rtlichen \/ regionalen \/ nationalen\/ internationalen Vorschriften.<\/p>\n<p><img decoding=\"async\" src=\"https:\/\/www.epodex.com\/de\/wp-content\/uploads\/2021\/03\/warnhinweis-ausrufezeichen.jpg\" \/><\/p>\n<hr \/>\n<h2>Anwendung auf B\u00f6den<\/h2>\n<p><strong><u>Grundierung mit PRIMER<\/u><\/strong><\/p>\n<ol>\n<li>Wir empfehlen eine Verarbeitungstemperatur von etwa 20\u00b0C.<\/li>\n<li>Der Boden sollte staubfrei, sauber und eben sein. L\u00f6cher, Unebenheiten und Gef\u00e4lle im Vorfeld mit Nivelliermasse (Ausgleichsmasse) ausgeglichen.<\/li>\n<li>Beginnen Sie stets mit unserem PRIMER (Grundierung).<\/li>\n<li>Grundierung (PRIMER) gr\u00fcndlich durchmischen und mit WB-Pigment in Anthrazitgrau oder Lichtgrau einf\u00e4rben.<\/li>\n<li>Gie\u00dfen Sie den PRIMER nach dem Mischen in eine Farbwanne.<\/li>\n<li>Rollen Sie das Material mit einer Farbwalze auf die gew\u00fcnschte Oberfl\u00e4che.<\/li>\n<li>Lassen Sie die Grundierung trocknen (ca. 8-12 Stunden).<\/li>\n<\/ol>\n<hr \/>\n<p><strong><u>Hauptbeschichtung mit EFFECT PAINT<\/u><\/strong><\/p>\n<ol>\n<li>Benutzen Sie unser EFFECT PAINT f\u00fcr einen Metallic-Brush-Effect.<\/li>\n<li>Vermischen Sie das EFFECT PAINT mit dem mitgelieferten Metallic-Pigment PLATINUM SILVER. Wir empfehlen einen Farbanteil von ca. 1,5%, z.B. 15g Metallic-Pigment PLATINUM SILVER auf 1kg EFFECT PAINT.<\/li>\n<li>Vermischen Sie anschlie\u00dfend das EFFECT PAINT mit dem mitgelieferten Metallic-Pigment PEARL WHITE (ca. 1,5% Farbanteil, z.B. 15g Metallic-Pigment PEARL WHITE auf 1kg EFFECT PAINT) und streichen Sie das Material <strong>Nass in Nass auf die erste Schicht in PLATINUM SILVER.<\/strong><\/li>\n<li>Streichen Sie das Material auf die grundierte Oberfl\u00e4che.<\/li>\n<li>Die Farbe ist nach ca. 5 Stunden staubtrocken.<\/li>\n<\/ol>\n<hr \/>\n<p><strong><u>Versiegelung mit PU<\/u><\/strong><\/p>\n<ol>\n<li>Beschichten Sie die Oberfl\u00e4che mit dem PU-Harz.<\/li>\n<li>Vermischen Sie dazu das PU-Harz (A) mit dem passenden PU-H\u00e4rter (B) im angegebenen Mischungsverh\u00e4ltnis. PU-gl\u00e4nzend: 10:2 nach Gewicht (Bsp.: 1kg A + 0,2kg B); PU-matt: 10:1 nach Gewicht (Bsp.: 1kg A + 0,1kg B). Optional k\u00f6nnen Sie bis zu 20% Wasser hinzuf\u00fcgen.<\/li>\n<li>F\u00fcllen Sie die Mischung in eine Farbwanne um und mischen Sie erneut. So stellen Sie sicher, dass sich Harz (A) und H\u00e4rter (B) vollst\u00e4ndig miteinander vermischen.<\/li>\n<li>Wir empfehlen je Streichgang geringere Mengen von ca. 1kg anzumischen, da das Material sehr ergiebig ist und schnell anzieht (Topfzeit: 60 Min. bei 1kg).<\/li>\n<li>Streichen Sie das Material mit einer Schaumwalze d\u00fcnn und im Kreuzgang auf. F\u00fcr einen gleichm\u00e4\u00dfigen Farbauftrag nutzen Sie unser Abstreifgitter, um \u00fcbersch\u00fcssiges Material abzustreifen. Wir empfehlen eine Schichtst\u00e4rke von max. 150\u00b5m.<\/li>\n<li>Das Material ist nach ca. 20-24 Stunden begehbar und nach ca. 7 Tagen chemisch vollst\u00e4ndig ausgeh\u00e4rtet.<\/li>\n<\/ol>\n<p><strong>Profi-Tipp:<\/strong> Bei hohen Umgebungstemperaturen oder gro\u00dfer Mischmenge empfehlen wir dem PU-Harz, Wasser hinzuzuf\u00fcgen, um eine Orangenhaut Textur zu vermeiden.<\/p>\n<hr \/>\n<h3>Verbrauchsmengen<\/h3>\n<p><strong>Empfohlene Schichtst\u00e4rken bei der Beschichtung von B\u00f6den und anderen Oberfl\u00e4chen<\/strong><\/p>\n<ul>\n<li>Gesamtbeschichtung (Grundierung + Hauptbeschichtung + Versiegelung): ca. 330-380g\/m\u00b2<\/li>\n<li>Grundierung: ca. 120-150g\/m\u00b2<\/li>\n<li>Hauptschicht: ca. 110-130g\/m\u00b2<\/li>\n<li>Versiegelung: ca. 100g\/m\u00b2<\/li>\n<\/ul>\n<hr \/>\n<h3>Inhaltsstoffe, Sicherheits- &amp; Gefahrenhinweise<\/h3>\n<p><strong>A-Komponenten (PU Matt)<\/strong> Enth\u00e4lt: N-BUTYLMETHACRYLAT: Kann allergische Reaktionen hervorrufen. Mischung aus: a -3-(3-(2H-Benzotriazol-2-yl)-5-tert-Butyl-4-hydroxyphenyl)propionyl-x-hydroxypoly(oxyethylen); a -3-(3-(2H-Benzotriazol-2-yl)-5-tert-Butyl-4-hydroxyphenyl)propionyl-x-: Kann eine allergische Reaktion hervorrufen. Decandis\u00e4ure, Bis(1,2,2,6,6-pentametyl-4-piperidinyl)ester: Kann eine allergische Reaktion hervorrufen.<strong>B-Komponenten (PU Matt)<\/strong> Achtung: Hexamethylendiisocyanat-Oligomere Benzol, 1,3-Diisocyanatomethyl-, Polymer mit 1,6-Diisocyanatohexan, Polyethylhexamethylen-di-isocyanat: Kann eine allergische Reaktion hervorrufen. Gesundheitssch\u00e4dlich bei Einatmen. Verursacht schwere Augenreizung. Kann allergische Hautreaktionen verursachen. Kann die Atemwege reizen. Einatmen von Staub\/Rauch\/Gas\/Nebel\/Dampf\/Aerosol vermeiden. Schutzhandschuhe\/Augenschutz\/ Gesichtsschutz tragen Bei Unwohlsein GIFTINFORMATIONSZENTRUM\/Arzt anrufen. Bei Hautreizung oder -ausschlag: \u00c4rztlichen Rat einholen\/\u00e4rztliche Hilfe hinzuziehen. Bei anhaltender Augenreizung: \u00c4rztlichen Rat einholen\/\u00e4rztliche Hilfe hinzuziehen. Kontaminierte Kleidung ausziehen und vor erneutem Tragen waschen. Enth\u00e4lt Isocyanate. Kann allergische Reaktionen hervorrufen.<\/p>\n<p><strong>B-Komponenten (PU Gl\u00e4nzend)<\/strong> Achtung: Hexamethylendiisocyanat-Oligomere Benzol, 1,3-Diisocyanatomethyl-, Polymer mit 1,6-Diisocyanatohexan, Polyethylhexamethylen-di-isocyanat: Kann eine allergische Reaktion hervorrufen. Gesundheitssch\u00e4dlich bei Einatmen. Verursacht schwere Augenreizung. Kann allergische Hautreaktionen verursachen. Kann die Atemwege reizen. Einatmen von Staub\/Rauch\/Gas\/Nebel\/Dampf\/Aerosol vermeiden. Schutzhandschuhe\/Augenschutz\/ Gesichtsschutz tragen Bei Unwohlsein GIFTINFORMATIONSZENTRUM\/Arzt anrufen. Bei Hautreizung oder -ausschlag: \u00c4rztlichen Rat einholen\/\u00e4rztliche Hilfe hinzuziehen. Bei anhaltender Augenreizung: \u00c4rztlichen Rat einholen\/\u00e4rztliche Hilfe hinzuziehen. Kontaminierte Kleidung ausziehen und vor erneutem Tragen waschen. Enth\u00e4lt Isocyanate. Kann allergische Reaktionen hervorrufen.<\/p>\n<p><strong>METALLIC BRUSH EFFECT<\/strong> Achtung: 1,2-Benzisothiazol-3(2H)-on 2-Methyl-2H-isothiazol-3-on Kann allergische Hautreaktionen verursachen. Ist \u00e4rztlicher Rat erforderlich, Verpackung oder Kennzeichnungsetikett bereithalten Darf nicht in die H\u00e4nde von Kindern gelangen. Einatmen von Staub\/Nebel\/Aerosol vermeiden. Nicht in die Augen, auf die Haut oder auf die Kleidung gelangen lassen. Freisetzung in die Umwelt vermeiden. BEI BER\u00dcHRUNG MIT DER HAUT: Mit viel Wasser und Seife waschen. Entsorgung des Inhalts \/ des Beh\u00e4lters gem\u00e4\u00df den \u00f6rtlichen \/ regionalen \/ nationalen\/ internationalen Vorschriften.<\/p>\n<p><strong>PRIMER <\/strong>Achtung: 1,2-Benzisothiazol-3(2H)-on 2-Methyl-2H-isothiazol-3-on Kann allergische Hautreaktionen verursachen. Ist \u00e4rztlicher Rat erforderlich, Verpackung oder Kennzeichnungsetikett bereithalten Darf nicht in die H\u00e4nde von Kindern gelangen. Einatmen von Staub\/Rauch\/Gas\/Nebel\/Dampf\/Aerosol vermeiden. Nicht in die Augen, auf die Haut oder auf die Kleidung gelangen lassen. Freisetzung in die Umwelt vermeiden. BEI BER\u00dcHRUNG MIT DER HAUT: Mit viel Wasser und Seife waschen. Entsorgung des Inhalts \/ des Beh\u00e4lters gem\u00e4\u00df den \u00f6rtlichen \/ regionalen \/ nationalen\/ internationalen Vorschriften.<\/p>\n<p><img decoding=\"async\" src=\"https:\/\/www.epodex.com\/de\/wp-content\/uploads\/2021\/03\/warnhinweis-ausrufezeichen.jpg\" \/><\/p>\n","protected":false},"excerpt":{"rendered":"<ul>\n<li>Premium-Farbe  in \u201eMetallic Brush Effect\u201c<\/li>\n<li>Eigenschaften: hochdeckend, spritzfrei, strapazierf\u00e4hig, abwaschbar, atmungsaktiv, geruchlos, l\u00f6semittelfrei und emissionsarm.<\/li>\n<li>Glanzgrad: seidenmatt<\/li>\n<\/ul>\n","protected":false},"featured_media":31936,"comment_status":"open","ping_status":"closed","template":"","meta":[],"product_brand":[],"product_cat":[4954],"product_tag":[],"class_list":{"0":"post-31974","1":"product","2":"type-product","3":"status-publish","4":"has-post-thumbnail","6":"product_cat-farben-produkte-2","8":"first","9":"instock","10":"taxable","11":"shipping-taxable","12":"product-type-variable","13":"wvs-archive-product-wrapper"},"yoast_head":"<!-- This site is optimized with the Yoast SEO plugin v26.7 - https:\/\/yoast.com\/wordpress\/plugins\/seo\/ -->\n<title>Effect Paint - Metallic Brush Effect - EPODEX Industries | B2B Plattform<\/title>\n<meta name=\"robots\" content=\"index, follow, max-snippet:-1, max-image-preview:large, max-video-preview:-1\" \/>\n<link rel=\"canonical\" href=\"https:\/\/old.epodex-industries.com\/fr\/produit\/effect-paint-metallic-brush-effect\/\" \/>\n<meta property=\"og:locale\" content=\"en_US\" \/>\n<meta property=\"og:type\" content=\"article\" \/>\n<meta property=\"og:title\" content=\"Effect Paint - Metallic Brush Effect - EPODEX Industries | B2B Plattform\" \/>\n<meta property=\"og:description\" content=\"Premium-Farbe in \u201eMetallic Brush Effect\u201c  Eigenschaften: hochdeckend, spritzfrei, strapazierf\u00e4hig, abwaschbar, atmungsaktiv, geruchlos, l\u00f6semittelfrei und emissionsarm.  Glanzgrad: seidenmatt\" \/>\n<meta property=\"og:url\" content=\"https:\/\/old.epodex-industries.com\/fr\/produit\/effect-paint-metallic-brush-effect\/\" \/>\n<meta property=\"og:site_name\" content=\"EPODEX Industries | B2B Plattform\" \/>\n<meta property=\"article:publisher\" content=\"https:\/\/www.facebook.com\/Epodex\/\" \/>\n<meta property=\"article:modified_time\" content=\"2024-09-03T06:20:23+00:00\" \/>\n<meta property=\"og:image\" content=\"https:\/\/old.epodex-industries.com\/wp-content\/uploads\/2024\/08\/wandfarbe-wall-paint-metallic-brush-effect-wall-768x512.jpg.webp\" \/>\n\t<meta property=\"og:image:width\" content=\"768\" \/>\n\t<meta property=\"og:image:height\" content=\"512\" \/>\n\t<meta property=\"og:image:type\" content=\"image\/webp\" \/>\n<meta name=\"twitter:card\" content=\"summary_large_image\" \/>\n<meta name=\"twitter:label1\" content=\"Est. reading time\" \/>\n\t<meta name=\"twitter:data1\" content=\"5 minutes\" \/>\n<script type=\"application\/ld+json\" class=\"yoast-schema-graph\">{\"@context\":\"https:\/\/schema.org\",\"@graph\":[{\"@type\":\"WebPage\",\"@id\":\"https:\/\/old.epodex-industries.com\/fr\/produit\/effect-paint-metallic-brush-effect\/\",\"url\":\"https:\/\/old.epodex-industries.com\/fr\/produit\/effect-paint-metallic-brush-effect\/\",\"name\":\"Effect Paint - Metallic Brush Effect - EPODEX Industries | B2B Plattform\",\"isPartOf\":{\"@id\":\"https:\/\/old.epodex-industries.com\/fr\/#website\"},\"primaryImageOfPage\":{\"@id\":\"https:\/\/old.epodex-industries.com\/fr\/produit\/effect-paint-metallic-brush-effect\/#primaryimage\"},\"image\":{\"@id\":\"https:\/\/old.epodex-industries.com\/fr\/produit\/effect-paint-metallic-brush-effect\/#primaryimage\"},\"thumbnailUrl\":\"https:\/\/old.epodex-industries.com\/wp-content\/uploads\/2024\/08\/wandfarbe-wall-paint-metallic-brush-effect-wall-768x512.jpg.webp\",\"datePublished\":\"2024-09-03T06:20:21+00:00\",\"dateModified\":\"2024-09-03T06:20:23+00:00\",\"breadcrumb\":{\"@id\":\"https:\/\/old.epodex-industries.com\/fr\/produit\/effect-paint-metallic-brush-effect\/#breadcrumb\"},\"inLanguage\":\"en-US\",\"potentialAction\":[{\"@type\":\"ReadAction\",\"target\":[\"https:\/\/old.epodex-industries.com\/fr\/produit\/effect-paint-metallic-brush-effect\/\"]}]},{\"@type\":\"ImageObject\",\"inLanguage\":\"en-US\",\"@id\":\"https:\/\/old.epodex-industries.com\/fr\/produit\/effect-paint-metallic-brush-effect\/#primaryimage\",\"url\":\"https:\/\/old.epodex-industries.com\/wp-content\/uploads\/2024\/08\/wandfarbe-wall-paint-metallic-brush-effect-wall-768x512.jpg.webp\",\"contentUrl\":\"https:\/\/old.epodex-industries.com\/wp-content\/uploads\/2024\/08\/wandfarbe-wall-paint-metallic-brush-effect-wall-768x512.jpg.webp\",\"width\":768,\"height\":512,\"caption\":\"wandfarbe wall paint metallic brush effect wall 768x512.jpg\"},{\"@type\":\"BreadcrumbList\",\"@id\":\"https:\/\/old.epodex-industries.com\/fr\/produit\/effect-paint-metallic-brush-effect\/#breadcrumb\",\"itemListElement\":[{\"@type\":\"ListItem\",\"position\":1,\"name\":\"Startseite\",\"item\":\"https:\/\/old.epodex-industries.com\/en\/\"},{\"@type\":\"ListItem\",\"position\":2,\"name\":\"Shop\",\"item\":\"https:\/\/old.epodex-industries.com\/en\/shop\/\"},{\"@type\":\"ListItem\",\"position\":3,\"name\":\"Effect Paint &#8211; Metallic Brush Effect\"}]},{\"@type\":\"WebSite\",\"@id\":\"https:\/\/old.epodex-industries.com\/fr\/#website\",\"url\":\"https:\/\/old.epodex-industries.com\/fr\/\",\"name\":\"EPODEX Industries | B2B Plattform\",\"description\":\"Hersteller + Gro\u00dfhandel f\u00fcr Baustoffe\",\"publisher\":{\"@id\":\"https:\/\/old.epodex-industries.com\/fr\/#organization\"},\"alternateName\":\"EPODEX Industries | Hersteller + Gro\u00dfhandel f\u00fcr Baustoffe\",\"potentialAction\":[{\"@type\":\"SearchAction\",\"target\":{\"@type\":\"EntryPoint\",\"urlTemplate\":\"https:\/\/old.epodex-industries.com\/fr\/?s={search_term_string}\"},\"query-input\":{\"@type\":\"PropertyValueSpecification\",\"valueRequired\":true,\"valueName\":\"search_term_string\"}}],\"inLanguage\":\"en-US\"},{\"@type\":\"Organization\",\"@id\":\"https:\/\/old.epodex-industries.com\/fr\/#organization\",\"name\":\"EPODEX Industries\",\"url\":\"https:\/\/old.epodex-industries.com\/fr\/\",\"logo\":{\"@type\":\"ImageObject\",\"inLanguage\":\"en-US\",\"@id\":\"https:\/\/old.epodex-industries.com\/fr\/#\/schema\/logo\/image\/\",\"url\":\"https:\/\/www.epodex-industries.com\/wp-content\/uploads\/2023\/06\/Logo-Epodex-Rechnung.jpg\",\"contentUrl\":\"https:\/\/www.epodex-industries.com\/wp-content\/uploads\/2023\/06\/Logo-Epodex-Rechnung.jpg\",\"width\":261,\"height\":50,\"caption\":\"EPODEX Industries\"},\"image\":{\"@id\":\"https:\/\/old.epodex-industries.com\/fr\/#\/schema\/logo\/image\/\"},\"sameAs\":[\"https:\/\/www.facebook.com\/Epodex\/\",\"https:\/\/www.instagram.com\/epodex_official\/\",\"https:\/\/www.pinterest.de\/epodex_com\/\",\"https:\/\/www.youtube.com\/channel\/UC7lFrJ9YpN1yg43sTc6q3ow\"]}]}<\/script>\n<!-- \/ Yoast SEO plugin. -->","yoast_head_json":{"title":"Effect Paint - Metallic Brush Effect - EPODEX Industries | B2B Plattform","robots":{"index":"index","follow":"follow","max-snippet":"max-snippet:-1","max-image-preview":"max-image-preview:large","max-video-preview":"max-video-preview:-1"},"canonical":"https:\/\/old.epodex-industries.com\/fr\/produit\/effect-paint-metallic-brush-effect\/","og_locale":"en_US","og_type":"article","og_title":"Effect Paint - Metallic Brush Effect - EPODEX Industries | B2B Plattform","og_description":"Premium-Farbe in \u201eMetallic Brush Effect\u201c  Eigenschaften: hochdeckend, spritzfrei, strapazierf\u00e4hig, abwaschbar, atmungsaktiv, geruchlos, l\u00f6semittelfrei und emissionsarm.  Glanzgrad: seidenmatt","og_url":"https:\/\/old.epodex-industries.com\/fr\/produit\/effect-paint-metallic-brush-effect\/","og_site_name":"EPODEX Industries | B2B Plattform","article_publisher":"https:\/\/www.facebook.com\/Epodex\/","article_modified_time":"2024-09-03T06:20:23+00:00","og_image":[{"width":768,"height":512,"url":"https:\/\/old.epodex-industries.com\/wp-content\/uploads\/2024\/08\/wandfarbe-wall-paint-metallic-brush-effect-wall-768x512.jpg.webp","type":"image\/webp"}],"twitter_card":"summary_large_image","twitter_misc":{"Est. reading time":"5 minutes"},"schema":{"@context":"https:\/\/schema.org","@graph":[{"@type":"WebPage","@id":"https:\/\/old.epodex-industries.com\/fr\/produit\/effect-paint-metallic-brush-effect\/","url":"https:\/\/old.epodex-industries.com\/fr\/produit\/effect-paint-metallic-brush-effect\/","name":"Effect Paint - Metallic Brush Effect - EPODEX Industries | B2B Plattform","isPartOf":{"@id":"https:\/\/old.epodex-industries.com\/fr\/#website"},"primaryImageOfPage":{"@id":"https:\/\/old.epodex-industries.com\/fr\/produit\/effect-paint-metallic-brush-effect\/#primaryimage"},"image":{"@id":"https:\/\/old.epodex-industries.com\/fr\/produit\/effect-paint-metallic-brush-effect\/#primaryimage"},"thumbnailUrl":"https:\/\/old.epodex-industries.com\/wp-content\/uploads\/2024\/08\/wandfarbe-wall-paint-metallic-brush-effect-wall-768x512.jpg.webp","datePublished":"2024-09-03T06:20:21+00:00","dateModified":"2024-09-03T06:20:23+00:00","breadcrumb":{"@id":"https:\/\/old.epodex-industries.com\/fr\/produit\/effect-paint-metallic-brush-effect\/#breadcrumb"},"inLanguage":"en-US","potentialAction":[{"@type":"ReadAction","target":["https:\/\/old.epodex-industries.com\/fr\/produit\/effect-paint-metallic-brush-effect\/"]}]},{"@type":"ImageObject","inLanguage":"en-US","@id":"https:\/\/old.epodex-industries.com\/fr\/produit\/effect-paint-metallic-brush-effect\/#primaryimage","url":"https:\/\/old.epodex-industries.com\/wp-content\/uploads\/2024\/08\/wandfarbe-wall-paint-metallic-brush-effect-wall-768x512.jpg.webp","contentUrl":"https:\/\/old.epodex-industries.com\/wp-content\/uploads\/2024\/08\/wandfarbe-wall-paint-metallic-brush-effect-wall-768x512.jpg.webp","width":768,"height":512,"caption":"wandfarbe wall paint metallic brush effect wall 768x512.jpg"},{"@type":"BreadcrumbList","@id":"https:\/\/old.epodex-industries.com\/fr\/produit\/effect-paint-metallic-brush-effect\/#breadcrumb","itemListElement":[{"@type":"ListItem","position":1,"name":"Startseite","item":"https:\/\/old.epodex-industries.com\/en\/"},{"@type":"ListItem","position":2,"name":"Shop","item":"https:\/\/old.epodex-industries.com\/en\/shop\/"},{"@type":"ListItem","position":3,"name":"Effect Paint &#8211; Metallic Brush Effect"}]},{"@type":"WebSite","@id":"https:\/\/old.epodex-industries.com\/fr\/#website","url":"https:\/\/old.epodex-industries.com\/fr\/","name":"EPODEX Industries | B2B Plattform","description":"Hersteller + Gro\u00dfhandel f\u00fcr Baustoffe","publisher":{"@id":"https:\/\/old.epodex-industries.com\/fr\/#organization"},"alternateName":"EPODEX Industries | Hersteller + Gro\u00dfhandel f\u00fcr Baustoffe","potentialAction":[{"@type":"SearchAction","target":{"@type":"EntryPoint","urlTemplate":"https:\/\/old.epodex-industries.com\/fr\/?s={search_term_string}"},"query-input":{"@type":"PropertyValueSpecification","valueRequired":true,"valueName":"search_term_string"}}],"inLanguage":"en-US"},{"@type":"Organization","@id":"https:\/\/old.epodex-industries.com\/fr\/#organization","name":"EPODEX Industries","url":"https:\/\/old.epodex-industries.com\/fr\/","logo":{"@type":"ImageObject","inLanguage":"en-US","@id":"https:\/\/old.epodex-industries.com\/fr\/#\/schema\/logo\/image\/","url":"https:\/\/www.epodex-industries.com\/wp-content\/uploads\/2023\/06\/Logo-Epodex-Rechnung.jpg","contentUrl":"https:\/\/www.epodex-industries.com\/wp-content\/uploads\/2023\/06\/Logo-Epodex-Rechnung.jpg","width":261,"height":50,"caption":"EPODEX Industries"},"image":{"@id":"https:\/\/old.epodex-industries.com\/fr\/#\/schema\/logo\/image\/"},"sameAs":["https:\/\/www.facebook.com\/Epodex\/","https:\/\/www.instagram.com\/epodex_official\/","https:\/\/www.pinterest.de\/epodex_com\/","https:\/\/www.youtube.com\/channel\/UC7lFrJ9YpN1yg43sTc6q3ow"]}]}},"_links":{"self":[{"href":"https:\/\/old.epodex-industries.com\/en\/wp-json\/wp\/v2\/product\/31974","targetHints":{"allow":["GET"]}}],"collection":[{"href":"https:\/\/old.epodex-industries.com\/en\/wp-json\/wp\/v2\/product"}],"about":[{"href":"https:\/\/old.epodex-industries.com\/en\/wp-json\/wp\/v2\/types\/product"}],"replies":[{"embeddable":true,"href":"https:\/\/old.epodex-industries.com\/en\/wp-json\/wp\/v2\/comments?post=31974"}],"wp:featuredmedia":[{"embeddable":true,"href":"https:\/\/old.epodex-industries.com\/en\/wp-json\/wp\/v2\/media\/31936"}],"wp:attachment":[{"href":"https:\/\/old.epodex-industries.com\/en\/wp-json\/wp\/v2\/media?parent=31974"}],"wp:term":[{"taxonomy":"product_brand","embeddable":true,"href":"https:\/\/old.epodex-industries.com\/en\/wp-json\/wp\/v2\/product_brand?post=31974"},{"taxonomy":"product_cat","embeddable":true,"href":"https:\/\/old.epodex-industries.com\/en\/wp-json\/wp\/v2\/product_cat?post=31974"},{"taxonomy":"product_tag","embeddable":true,"href":"https:\/\/old.epodex-industries.com\/en\/wp-json\/wp\/v2\/product_tag?post=31974"}],"curies":[{"name":"wp","href":"https:\/\/api.w.org\/{rel}","templated":true}]}}