{"id":18247,"date":"2024-03-18T11:30:14","date_gmt":"2024-03-18T10:30:14","guid":{"rendered":"https:\/\/www.epodex-industries.com\/produkt\/1k-spruehlack-400ml-weiss-matt-schwarz-matt\/"},"modified":"2025-01-07T11:08:26","modified_gmt":"2025-01-07T10:08:26","slug":"1k-spruehlack-400ml-weiss-matt-schwarz-matt","status":"publish","type":"product","link":"https:\/\/old.epodex-industries.com\/en\/product\/1k-spruehlack-400ml-weiss-matt-schwarz-matt\/","title":{"rendered":"1K Spr\u00fchlack 400ml | Weiss Matt &#038; Schwarz Matt"},"content":{"rendered":"","protected":false},"excerpt":{"rendered":"<ul>\n<li>1K Spr\u00fchlack (Acryllack) f\u00fcr den universellen Einsatz auf Heizk\u00f6rpern, Steckdosen und vielen weiteren Gegenst\u00e4nde\/Oberfl\u00e4chen. <u>Hinweis<\/u>: F\u00fcr Oberfl\u00e4chen mit dauerhaften Wasser- und Chemikalienkontakt und hoher mechanischer Beanspruchung empfehlen wir unseren 2K Spr\u00fchlack.<\/li>\n<li>Eigenschaften: hochdeckend, strapazierf\u00e4hig, schnelltrocknend, mit hoher Farbtongenauigkeit und Farbbrillanz. Temperaturbest\u00e4ndigkeit bis 120\u00b0C<\/li>\n<li>Glanzgrad: seidenmatt<\/li>\n<li>Nach 10-20 Min. ber\u00fchrungstrocken<\/li>\n<li>1 Spr\u00fchdose ist ausreichend f\u00fcr ca. 2m\u00b2 bei 2 Spr\u00fchg\u00e4ngen<\/li>\n<\/ul>\n","protected":false},"featured_media":14751,"comment_status":"closed","ping_status":"closed","template":"","meta":[],"product_brand":[],"product_cat":[359],"product_tag":[],"class_list":{"0":"post-18247","1":"product","2":"type-product","3":"status-publish","4":"has-post-thumbnail","6":"product_cat-zubehoer","8":"first","9":"instock","10":"taxable","11":"shipping-taxable","12":"product-type-variable","13":"wvs-archive-product-wrapper"},"yoast_head":"<!-- This site is optimized with the Yoast SEO plugin v26.7 - https:\/\/yoast.com\/wordpress\/plugins\/seo\/ -->\n<title>1K Spr\u00fchlack 400ml | Weiss Matt &amp; Schwarz Matt - EPODEX Industries | B2B Plattform<\/title>\n<meta name=\"robots\" content=\"index, follow, max-snippet:-1, max-image-preview:large, max-video-preview:-1\" \/>\n<link rel=\"canonical\" href=\"https:\/\/old.epodex-industries.com\/fr\/produit\/1k-spruehlack-400ml-weiss-matt-schwarz-matt\/\" \/>\n<meta property=\"og:locale\" content=\"en_US\" \/>\n<meta property=\"og:type\" content=\"article\" \/>\n<meta property=\"og:title\" content=\"1K Spr\u00fchlack 400ml | Weiss Matt &amp; Schwarz Matt - EPODEX Industries | B2B Plattform\" \/>\n<meta property=\"og:description\" content=\"1K Spr\u00fchlack (Acryllack) f\u00fcr den universellen Einsatz auf Heizk\u00f6rpern, Steckdosen und vielen weiteren Gegenst\u00e4nde\/Oberfl\u00e4chen. Hinweis: F\u00fcr Oberfl\u00e4chen mit dauerhaften Wasser- und Chemikalienkontakt und hoher mechanischer Beanspruchung empfehlen wir unseren 2K Spr\u00fchlack. Eigenschaften: hochdeckend, strapazierf\u00e4hig, schnelltrocknend, mit hoher Farbtongenauigkeit und Farbbrillanz. Temperaturbest\u00e4ndigkeit bis 120\u00b0C Glanzgrad: seidenmatt Nach 10-20 Min. ber\u00fchrungstrocken 1 Spr\u00fchdose ist ausreichend f\u00fcr ca. 2m\u00b2 bei 2 Spr\u00fchg\u00e4ngen\" \/>\n<meta property=\"og:url\" content=\"https:\/\/old.epodex-industries.com\/fr\/produit\/1k-spruehlack-400ml-weiss-matt-schwarz-matt\/\" \/>\n<meta property=\"og:site_name\" content=\"EPODEX Industries | B2B Plattform\" \/>\n<meta property=\"article:publisher\" content=\"https:\/\/www.facebook.com\/Epodex\/\" \/>\n<meta property=\"article:modified_time\" content=\"2025-01-07T10:08:26+00:00\" \/>\n<meta property=\"og:image\" content=\"https:\/\/old.epodex-industries.com\/wp-content\/uploads\/2024\/02\/1k-Matt-weiss-schwarz-Spray.jpg\" \/>\n\t<meta property=\"og:image:width\" content=\"1200\" \/>\n\t<meta property=\"og:image:height\" content=\"800\" \/>\n\t<meta property=\"og:image:type\" content=\"image\/jpeg\" \/>\n<meta name=\"twitter:card\" content=\"summary_large_image\" \/>\n<script type=\"application\/ld+json\" class=\"yoast-schema-graph\">{\"@context\":\"https:\/\/schema.org\",\"@graph\":[{\"@type\":\"WebPage\",\"@id\":\"https:\/\/old.epodex-industries.com\/fr\/produit\/1k-spruehlack-400ml-weiss-matt-schwarz-matt\/\",\"url\":\"https:\/\/old.epodex-industries.com\/fr\/produit\/1k-spruehlack-400ml-weiss-matt-schwarz-matt\/\",\"name\":\"1K Spr\u00fchlack 400ml | Weiss Matt & Schwarz Matt - EPODEX Industries | B2B Plattform\",\"isPartOf\":{\"@id\":\"https:\/\/old.epodex-industries.com\/fr\/#website\"},\"primaryImageOfPage\":{\"@id\":\"https:\/\/old.epodex-industries.com\/fr\/produit\/1k-spruehlack-400ml-weiss-matt-schwarz-matt\/#primaryimage\"},\"image\":{\"@id\":\"https:\/\/old.epodex-industries.com\/fr\/produit\/1k-spruehlack-400ml-weiss-matt-schwarz-matt\/#primaryimage\"},\"thumbnailUrl\":\"https:\/\/old.epodex-industries.com\/wp-content\/uploads\/2024\/02\/1k-Matt-weiss-schwarz-Spray.jpg\",\"datePublished\":\"2024-03-18T10:30:14+00:00\",\"dateModified\":\"2025-01-07T10:08:26+00:00\",\"breadcrumb\":{\"@id\":\"https:\/\/old.epodex-industries.com\/fr\/produit\/1k-spruehlack-400ml-weiss-matt-schwarz-matt\/#breadcrumb\"},\"inLanguage\":\"en-US\",\"potentialAction\":[{\"@type\":\"ReadAction\",\"target\":[\"https:\/\/old.epodex-industries.com\/fr\/produit\/1k-spruehlack-400ml-weiss-matt-schwarz-matt\/\"]}]},{\"@type\":\"ImageObject\",\"inLanguage\":\"en-US\",\"@id\":\"https:\/\/old.epodex-industries.com\/fr\/produit\/1k-spruehlack-400ml-weiss-matt-schwarz-matt\/#primaryimage\",\"url\":\"https:\/\/old.epodex-industries.com\/wp-content\/uploads\/2024\/02\/1k-Matt-weiss-schwarz-Spray.jpg\",\"contentUrl\":\"https:\/\/old.epodex-industries.com\/wp-content\/uploads\/2024\/02\/1k-Matt-weiss-schwarz-Spray.jpg\",\"width\":1200,\"height\":800},{\"@type\":\"BreadcrumbList\",\"@id\":\"https:\/\/old.epodex-industries.com\/fr\/produit\/1k-spruehlack-400ml-weiss-matt-schwarz-matt\/#breadcrumb\",\"itemListElement\":[{\"@type\":\"ListItem\",\"position\":1,\"name\":\"Startseite\",\"item\":\"https:\/\/old.epodex-industries.com\/en\/\"},{\"@type\":\"ListItem\",\"position\":2,\"name\":\"Shop\",\"item\":\"https:\/\/old.epodex-industries.com\/en\/shop\/\"},{\"@type\":\"ListItem\",\"position\":3,\"name\":\"1K Spr\u00fchlack 400ml | Weiss Matt &#038; Schwarz Matt\"}]},{\"@type\":\"WebSite\",\"@id\":\"https:\/\/old.epodex-industries.com\/fr\/#website\",\"url\":\"https:\/\/old.epodex-industries.com\/fr\/\",\"name\":\"EPODEX Industries | B2B Plattform\",\"description\":\"Hersteller + Gro\u00dfhandel f\u00fcr Baustoffe\",\"publisher\":{\"@id\":\"https:\/\/old.epodex-industries.com\/fr\/#organization\"},\"alternateName\":\"EPODEX Industries | Hersteller + Gro\u00dfhandel f\u00fcr Baustoffe\",\"potentialAction\":[{\"@type\":\"SearchAction\",\"target\":{\"@type\":\"EntryPoint\",\"urlTemplate\":\"https:\/\/old.epodex-industries.com\/fr\/?s={search_term_string}\"},\"query-input\":{\"@type\":\"PropertyValueSpecification\",\"valueRequired\":true,\"valueName\":\"search_term_string\"}}],\"inLanguage\":\"en-US\"},{\"@type\":\"Organization\",\"@id\":\"https:\/\/old.epodex-industries.com\/fr\/#organization\",\"name\":\"EPODEX Industries\",\"url\":\"https:\/\/old.epodex-industries.com\/fr\/\",\"logo\":{\"@type\":\"ImageObject\",\"inLanguage\":\"en-US\",\"@id\":\"https:\/\/old.epodex-industries.com\/fr\/#\/schema\/logo\/image\/\",\"url\":\"https:\/\/www.epodex-industries.com\/wp-content\/uploads\/2023\/06\/Logo-Epodex-Rechnung.jpg\",\"contentUrl\":\"https:\/\/www.epodex-industries.com\/wp-content\/uploads\/2023\/06\/Logo-Epodex-Rechnung.jpg\",\"width\":261,\"height\":50,\"caption\":\"EPODEX Industries\"},\"image\":{\"@id\":\"https:\/\/old.epodex-industries.com\/fr\/#\/schema\/logo\/image\/\"},\"sameAs\":[\"https:\/\/www.facebook.com\/Epodex\/\",\"https:\/\/www.instagram.com\/epodex_official\/\",\"https:\/\/www.pinterest.de\/epodex_com\/\",\"https:\/\/www.youtube.com\/channel\/UC7lFrJ9YpN1yg43sTc6q3ow\"]}]}<\/script>\n<!-- \/ Yoast SEO plugin. -->","yoast_head_json":{"title":"1K Spr\u00fchlack 400ml | Weiss Matt & Schwarz Matt - EPODEX Industries | B2B Plattform","robots":{"index":"index","follow":"follow","max-snippet":"max-snippet:-1","max-image-preview":"max-image-preview:large","max-video-preview":"max-video-preview:-1"},"canonical":"https:\/\/old.epodex-industries.com\/fr\/produit\/1k-spruehlack-400ml-weiss-matt-schwarz-matt\/","og_locale":"en_US","og_type":"article","og_title":"1K Spr\u00fchlack 400ml | Weiss Matt & Schwarz Matt - EPODEX Industries | B2B Plattform","og_description":"1K Spr\u00fchlack (Acryllack) f\u00fcr den universellen Einsatz auf Heizk\u00f6rpern, Steckdosen und vielen weiteren Gegenst\u00e4nde\/Oberfl\u00e4chen. Hinweis: F\u00fcr Oberfl\u00e4chen mit dauerhaften Wasser- und Chemikalienkontakt und hoher mechanischer Beanspruchung empfehlen wir unseren 2K Spr\u00fchlack. Eigenschaften: hochdeckend, strapazierf\u00e4hig, schnelltrocknend, mit hoher Farbtongenauigkeit und Farbbrillanz. Temperaturbest\u00e4ndigkeit bis 120\u00b0C Glanzgrad: seidenmatt Nach 10-20 Min. ber\u00fchrungstrocken 1 Spr\u00fchdose ist ausreichend f\u00fcr ca. 2m\u00b2 bei 2 Spr\u00fchg\u00e4ngen","og_url":"https:\/\/old.epodex-industries.com\/fr\/produit\/1k-spruehlack-400ml-weiss-matt-schwarz-matt\/","og_site_name":"EPODEX Industries | B2B Plattform","article_publisher":"https:\/\/www.facebook.com\/Epodex\/","article_modified_time":"2025-01-07T10:08:26+00:00","og_image":[{"width":1200,"height":800,"url":"https:\/\/old.epodex-industries.com\/wp-content\/uploads\/2024\/02\/1k-Matt-weiss-schwarz-Spray.jpg","type":"image\/jpeg"}],"twitter_card":"summary_large_image","schema":{"@context":"https:\/\/schema.org","@graph":[{"@type":"WebPage","@id":"https:\/\/old.epodex-industries.com\/fr\/produit\/1k-spruehlack-400ml-weiss-matt-schwarz-matt\/","url":"https:\/\/old.epodex-industries.com\/fr\/produit\/1k-spruehlack-400ml-weiss-matt-schwarz-matt\/","name":"1K Spr\u00fchlack 400ml | Weiss Matt & Schwarz Matt - EPODEX Industries | B2B Plattform","isPartOf":{"@id":"https:\/\/old.epodex-industries.com\/fr\/#website"},"primaryImageOfPage":{"@id":"https:\/\/old.epodex-industries.com\/fr\/produit\/1k-spruehlack-400ml-weiss-matt-schwarz-matt\/#primaryimage"},"image":{"@id":"https:\/\/old.epodex-industries.com\/fr\/produit\/1k-spruehlack-400ml-weiss-matt-schwarz-matt\/#primaryimage"},"thumbnailUrl":"https:\/\/old.epodex-industries.com\/wp-content\/uploads\/2024\/02\/1k-Matt-weiss-schwarz-Spray.jpg","datePublished":"2024-03-18T10:30:14+00:00","dateModified":"2025-01-07T10:08:26+00:00","breadcrumb":{"@id":"https:\/\/old.epodex-industries.com\/fr\/produit\/1k-spruehlack-400ml-weiss-matt-schwarz-matt\/#breadcrumb"},"inLanguage":"en-US","potentialAction":[{"@type":"ReadAction","target":["https:\/\/old.epodex-industries.com\/fr\/produit\/1k-spruehlack-400ml-weiss-matt-schwarz-matt\/"]}]},{"@type":"ImageObject","inLanguage":"en-US","@id":"https:\/\/old.epodex-industries.com\/fr\/produit\/1k-spruehlack-400ml-weiss-matt-schwarz-matt\/#primaryimage","url":"https:\/\/old.epodex-industries.com\/wp-content\/uploads\/2024\/02\/1k-Matt-weiss-schwarz-Spray.jpg","contentUrl":"https:\/\/old.epodex-industries.com\/wp-content\/uploads\/2024\/02\/1k-Matt-weiss-schwarz-Spray.jpg","width":1200,"height":800},{"@type":"BreadcrumbList","@id":"https:\/\/old.epodex-industries.com\/fr\/produit\/1k-spruehlack-400ml-weiss-matt-schwarz-matt\/#breadcrumb","itemListElement":[{"@type":"ListItem","position":1,"name":"Startseite","item":"https:\/\/old.epodex-industries.com\/en\/"},{"@type":"ListItem","position":2,"name":"Shop","item":"https:\/\/old.epodex-industries.com\/en\/shop\/"},{"@type":"ListItem","position":3,"name":"1K Spr\u00fchlack 400ml | Weiss Matt &#038; Schwarz Matt"}]},{"@type":"WebSite","@id":"https:\/\/old.epodex-industries.com\/fr\/#website","url":"https:\/\/old.epodex-industries.com\/fr\/","name":"EPODEX Industries | B2B Plattform","description":"Hersteller + Gro\u00dfhandel f\u00fcr Baustoffe","publisher":{"@id":"https:\/\/old.epodex-industries.com\/fr\/#organization"},"alternateName":"EPODEX Industries | Hersteller + Gro\u00dfhandel f\u00fcr Baustoffe","potentialAction":[{"@type":"SearchAction","target":{"@type":"EntryPoint","urlTemplate":"https:\/\/old.epodex-industries.com\/fr\/?s={search_term_string}"},"query-input":{"@type":"PropertyValueSpecification","valueRequired":true,"valueName":"search_term_string"}}],"inLanguage":"en-US"},{"@type":"Organization","@id":"https:\/\/old.epodex-industries.com\/fr\/#organization","name":"EPODEX Industries","url":"https:\/\/old.epodex-industries.com\/fr\/","logo":{"@type":"ImageObject","inLanguage":"en-US","@id":"https:\/\/old.epodex-industries.com\/fr\/#\/schema\/logo\/image\/","url":"https:\/\/www.epodex-industries.com\/wp-content\/uploads\/2023\/06\/Logo-Epodex-Rechnung.jpg","contentUrl":"https:\/\/www.epodex-industries.com\/wp-content\/uploads\/2023\/06\/Logo-Epodex-Rechnung.jpg","width":261,"height":50,"caption":"EPODEX Industries"},"image":{"@id":"https:\/\/old.epodex-industries.com\/fr\/#\/schema\/logo\/image\/"},"sameAs":["https:\/\/www.facebook.com\/Epodex\/","https:\/\/www.instagram.com\/epodex_official\/","https:\/\/www.pinterest.de\/epodex_com\/","https:\/\/www.youtube.com\/channel\/UC7lFrJ9YpN1yg43sTc6q3ow"]}]}},"_links":{"self":[{"href":"https:\/\/old.epodex-industries.com\/en\/wp-json\/wp\/v2\/product\/18247","targetHints":{"allow":["GET"]}}],"collection":[{"href":"https:\/\/old.epodex-industries.com\/en\/wp-json\/wp\/v2\/product"}],"about":[{"href":"https:\/\/old.epodex-industries.com\/en\/wp-json\/wp\/v2\/types\/product"}],"replies":[{"embeddable":true,"href":"https:\/\/old.epodex-industries.com\/en\/wp-json\/wp\/v2\/comments?post=18247"}],"wp:featuredmedia":[{"embeddable":true,"href":"https:\/\/old.epodex-industries.com\/en\/wp-json\/wp\/v2\/media\/14751"}],"wp:attachment":[{"href":"https:\/\/old.epodex-industries.com\/en\/wp-json\/wp\/v2\/media?parent=18247"}],"wp:term":[{"taxonomy":"product_brand","embeddable":true,"href":"https:\/\/old.epodex-industries.com\/en\/wp-json\/wp\/v2\/product_brand?post=18247"},{"taxonomy":"product_cat","embeddable":true,"href":"https:\/\/old.epodex-industries.com\/en\/wp-json\/wp\/v2\/product_cat?post=18247"},{"taxonomy":"product_tag","embeddable":true,"href":"https:\/\/old.epodex-industries.com\/en\/wp-json\/wp\/v2\/product_tag?post=18247"}],"curies":[{"name":"wp","href":"https:\/\/api.w.org\/{rel}","templated":true}]}}