{"id":18218,"date":"2024-03-18T11:29:48","date_gmt":"2024-03-18T10:29:48","guid":{"rendered":"https:\/\/www.epodex-industries.com\/produkt\/1k-epoxidharz-grundierung-grau\/"},"modified":"2026-01-09T14:18:37","modified_gmt":"2026-01-09T13:18:37","slug":"1k-grundierung-grau","status":"publish","type":"product","link":"https:\/\/old.epodex-industries.com\/en\/product\/1k-grundierung-grau\/","title":{"rendered":"1K Epoxidharz Grundierung &#8211; grau"},"content":{"rendered":"<h2>EPOXY PRIMER System<\/h2>\n<p>Der EPOXY PRIMER ist ein wasserbasiertes, 1-Komponenten System. Das System wird als <strong>Grundierung f\u00fcr Epoxidharzbeschichtungen auf B\u00f6den, Tischen und W\u00e4nden<\/strong> eingesetzt. Das w\u00e4ssrige System wird in d\u00fcnnen Schichten von ca. 0,3mm in ein bis zwei Vorg\u00e4ngen aufgestrichen. Je nach Raum- und Materialtemperatur ist die Beschichtung nach ca. 8 Stunden trocken (bei 20\u00b0C). Unser EPOXY PRIMER ist mit all unseren WB PIGMENT Farbpasten mischbar.<\/p>\n<hr \/>\n<h3>Anleitung zur Anwendung<\/h3>\n<p><strong><u>Vorbereitung<\/u><\/strong><\/p>\n<ol>\n<li>Die Oberfl\u00e4che sollte staubfrei und eben sein. Bei B\u00f6den sollten Unebenheiten und Gef\u00e4lle im Vorfeld mit Nivelliermasse (Ausgleichsmasse) ausgeglichen werden.<\/li>\n<li>Bei sehr offenporigen Oberfl\u00e4chen empfehlen wir eine zum Material passende Grundierung aufzutragen (z.B. Tiefengrund).<\/li>\n<li>Der Tiefengrund verhindert, dass das Material und die Farbe in den Untergrund ziehen.<\/li>\n<li>Lassen Sie den Tiefengrund trocknen.<\/li>\n<\/ol>\n<p><strong><u>Grundierung<\/u><\/strong><\/p>\n<ol>\n<li>Sch\u00fctteln Sie das Gebinde vor dem Gebrauch gr\u00fcndlich durch oder r\u00fchren Sie das Material mit einem Farbr\u00fchrer.<\/li>\n<li>F\u00e4rben Sie den EPOXY PRIMER mit unseren wasserbasierten \u201eWB Farbpasten\u201c ein. Empfohlene Farbmenge: 10% vom EPOXY PRIMER Gewicht, z.B. 100g Farbstoff bei 1kg EPOXY PRIMER.<\/li>\n<li>Gie\u00dfen Sie das Material nach dem Mischen in eine Farbwanne.<\/li>\n<li>Rollen Sie das Material mit einer Farbwalze d\u00fcnn auf die gew\u00fcnschte Oberfl\u00e4che. Wir empfehlen eine Schichtst\u00e4rke von ca. 0,3mm.<\/li>\n<li>Lassen Sie die Beschichtung f\u00fcr ca. 8 Stunden (bei 20\u00b0C) trocknen.<\/li>\n<li>Fahren Sie mit der Hauptbeschichtung fort. Nutzen Sie f\u00fcr die Hauptbeschichtung unser ECO oder PRO Epoxidharzsystem.<\/li>\n<li>Die Hauptbeschichtung ist nach ca. 24 Stunden ber\u00fchrbar\/begehbar und nach ca. 7 Tagen chemisch vollst\u00e4ndig ausgeh\u00e4rtet.<\/li>\n<\/ol>\n<hr \/>\n<h3>Verbrauchsmengen<\/h3>\n<p>120-150g\/m\u00b2 pro Arbeitsgang auf glatten, nicht saugf\u00e4higen Fl\u00e4chen. Bei saugf\u00e4higen Oberfl\u00e4chen empfehlen wir die Fl\u00e4che vorab zu grundieren, um ein Einsickern des Materials zu verhindern.<\/p>\n<hr \/>\n<p><strong>Kundenservice:<\/strong> Bei weiteren Fragen kontaktieren Sie uns telefonisch, per E-Mail oder nutzen Sie unseren WhatsApp-Support.<\/p>\n<p><strong>Hinweis:<\/strong> Wir bitten zu beachten, dass die Farben aufgrund unterschiedlicher Lichtverh\u00e4ltnisse und Monitore nicht einheitlich abgebildet werden k\u00f6nnten.<\/p>\n<p>EU-Grenzwert: (Kat. A\/d): 100g\/l (2010), max. 100g\/l VOC<\/p>\n<hr \/>\n<h3>Gefahren- und Sicherheitshinweise:<\/h3>\n<p>Achtung: Produkt enth\u00e4lt Koservierungsmittel: 1,2-Benzisothiazol-3(2H)-on; 2-Methyl-2H-isothiazol-3-on. Kann allergische Hautreaktionen verursachen. Ist \u00e4rztlicher Rat erforderlich, Verpackung oder Kennzeichnungsetikett bereithalten. Darf nicht in die H\u00e4nde von Kindern gelangen. Einatmen von Staub, Nebel, Aerosol vermeiden. Nicht in die Augen, auf die Haut oder auf die Kleidung gelangen lassen. Entsorgung des Inhalts \/ des Beh\u00e4lters gem\u00e4\u00df den \u00f6rtlichen \/ regionalen \/ nationalen\/ internationalen Vorschriften.Sicherheitsdatenblatt auf Anfrage erh\u00e4ltlich.<\/p>\n<p><img decoding=\"async\" src=\"https:\/\/www.epodex.com\/de\/wp-content\/uploads\/2021\/03\/warnhinweis-ausrufezeichen.jpg\" \/><\/p>\n","protected":false},"excerpt":{"rendered":"<p>Der EPOXY PRIMER von EPODEX eignet sich ideal zur Grundierung von Oberfl\u00e4chen, wie B\u00f6den und W\u00e4nden, die im Anschluss mit Epoxidharz beschichtet werden. Anwendungshinweise finden Sie auf dieser Produktseite.<\/p>\n","protected":false},"featured_media":4720,"comment_status":"closed","ping_status":"closed","template":"","meta":[],"product_brand":[],"product_cat":[487],"product_tag":[],"class_list":{"0":"post-18218","1":"product","2":"type-product","3":"status-publish","4":"has-post-thumbnail","6":"product_cat-grundierung","8":"first","9":"instock","10":"taxable","11":"shipping-taxable","12":"product-type-variable","13":"wvs-archive-product-wrapper"},"yoast_head":"<!-- This site is optimized with the Yoast SEO plugin v26.7 - https:\/\/yoast.com\/wordpress\/plugins\/seo\/ -->\n<title>1K Epoxidharz Grundierung - grau - EPODEX Industries | B2B Plattform<\/title>\n<meta name=\"robots\" content=\"index, follow, max-snippet:-1, max-image-preview:large, max-video-preview:-1\" \/>\n<link rel=\"canonical\" href=\"https:\/\/old.epodex-industries.com\/de\/produkt\/1k-grundierung-grau\/\" \/>\n<meta property=\"og:locale\" content=\"en_US\" \/>\n<meta property=\"og:type\" content=\"article\" \/>\n<meta property=\"og:title\" content=\"1K Epoxidharz Grundierung - grau - EPODEX Industries | B2B Plattform\" \/>\n<meta property=\"og:description\" content=\"Der EPOXY PRIMER von EPODEX eignet sich ideal zur Grundierung von Oberfl\u00e4chen, wie B\u00f6den und W\u00e4nden, die im Anschluss mit Epoxidharz beschichtet werden. Anwendungshinweise finden Sie auf dieser Produktseite.\" \/>\n<meta property=\"og:url\" content=\"https:\/\/old.epodex-industries.com\/de\/produkt\/1k-grundierung-grau\/\" \/>\n<meta property=\"og:site_name\" content=\"EPODEX Industries | B2B Plattform\" \/>\n<meta property=\"article:publisher\" content=\"https:\/\/www.facebook.com\/Epodex\/\" \/>\n<meta property=\"article:modified_time\" content=\"2026-01-09T13:18:37+00:00\" \/>\n<meta property=\"og:image\" content=\"https:\/\/old.epodex-industries.com\/wp-content\/uploads\/2023\/09\/epoxy-primer-grundierung-V4.jpg\" \/>\n\t<meta property=\"og:image:width\" content=\"1200\" \/>\n\t<meta property=\"og:image:height\" content=\"800\" \/>\n\t<meta property=\"og:image:type\" content=\"image\/jpeg\" \/>\n<meta name=\"twitter:card\" content=\"summary_large_image\" \/>\n<meta name=\"twitter:label1\" content=\"Est. reading time\" \/>\n\t<meta name=\"twitter:data1\" content=\"3 minutes\" \/>\n<script type=\"application\/ld+json\" class=\"yoast-schema-graph\">{\"@context\":\"https:\/\/schema.org\",\"@graph\":[{\"@type\":\"WebPage\",\"@id\":\"https:\/\/old.epodex-industries.com\/de\/produkt\/1k-grundierung-grau\/\",\"url\":\"https:\/\/old.epodex-industries.com\/de\/produkt\/1k-grundierung-grau\/\",\"name\":\"1K Epoxidharz Grundierung - grau - EPODEX Industries | B2B Plattform\",\"isPartOf\":{\"@id\":\"https:\/\/old.epodex-industries.com\/fr\/#website\"},\"primaryImageOfPage\":{\"@id\":\"https:\/\/old.epodex-industries.com\/de\/produkt\/1k-grundierung-grau\/#primaryimage\"},\"image\":{\"@id\":\"https:\/\/old.epodex-industries.com\/de\/produkt\/1k-grundierung-grau\/#primaryimage\"},\"thumbnailUrl\":\"https:\/\/old.epodex-industries.com\/wp-content\/uploads\/2023\/09\/epoxy-primer-grundierung-V4.jpg\",\"datePublished\":\"2024-03-18T10:29:48+00:00\",\"dateModified\":\"2026-01-09T13:18:37+00:00\",\"breadcrumb\":{\"@id\":\"https:\/\/old.epodex-industries.com\/de\/produkt\/1k-grundierung-grau\/#breadcrumb\"},\"inLanguage\":\"en-US\",\"potentialAction\":[{\"@type\":\"ReadAction\",\"target\":[\"https:\/\/old.epodex-industries.com\/de\/produkt\/1k-grundierung-grau\/\"]}]},{\"@type\":\"ImageObject\",\"inLanguage\":\"en-US\",\"@id\":\"https:\/\/old.epodex-industries.com\/de\/produkt\/1k-grundierung-grau\/#primaryimage\",\"url\":\"https:\/\/old.epodex-industries.com\/wp-content\/uploads\/2023\/09\/epoxy-primer-grundierung-V4.jpg\",\"contentUrl\":\"https:\/\/old.epodex-industries.com\/wp-content\/uploads\/2023\/09\/epoxy-primer-grundierung-V4.jpg\",\"width\":1200,\"height\":800,\"caption\":\"epoxy primer grundierung V4\"},{\"@type\":\"BreadcrumbList\",\"@id\":\"https:\/\/old.epodex-industries.com\/de\/produkt\/1k-grundierung-grau\/#breadcrumb\",\"itemListElement\":[{\"@type\":\"ListItem\",\"position\":1,\"name\":\"Startseite\",\"item\":\"https:\/\/old.epodex-industries.com\/en\/\"},{\"@type\":\"ListItem\",\"position\":2,\"name\":\"Shop\",\"item\":\"https:\/\/old.epodex-industries.com\/en\/shop\/\"},{\"@type\":\"ListItem\",\"position\":3,\"name\":\"1K Epoxidharz Grundierung &#8211; grau\"}]},{\"@type\":\"WebSite\",\"@id\":\"https:\/\/old.epodex-industries.com\/fr\/#website\",\"url\":\"https:\/\/old.epodex-industries.com\/fr\/\",\"name\":\"EPODEX Industries | B2B Plattform\",\"description\":\"Hersteller + Gro\u00dfhandel f\u00fcr Baustoffe\",\"publisher\":{\"@id\":\"https:\/\/old.epodex-industries.com\/fr\/#organization\"},\"alternateName\":\"EPODEX Industries | Hersteller + Gro\u00dfhandel f\u00fcr Baustoffe\",\"potentialAction\":[{\"@type\":\"SearchAction\",\"target\":{\"@type\":\"EntryPoint\",\"urlTemplate\":\"https:\/\/old.epodex-industries.com\/fr\/?s={search_term_string}\"},\"query-input\":{\"@type\":\"PropertyValueSpecification\",\"valueRequired\":true,\"valueName\":\"search_term_string\"}}],\"inLanguage\":\"en-US\"},{\"@type\":\"Organization\",\"@id\":\"https:\/\/old.epodex-industries.com\/fr\/#organization\",\"name\":\"EPODEX Industries\",\"url\":\"https:\/\/old.epodex-industries.com\/fr\/\",\"logo\":{\"@type\":\"ImageObject\",\"inLanguage\":\"en-US\",\"@id\":\"https:\/\/old.epodex-industries.com\/fr\/#\/schema\/logo\/image\/\",\"url\":\"https:\/\/www.epodex-industries.com\/wp-content\/uploads\/2023\/06\/Logo-Epodex-Rechnung.jpg\",\"contentUrl\":\"https:\/\/www.epodex-industries.com\/wp-content\/uploads\/2023\/06\/Logo-Epodex-Rechnung.jpg\",\"width\":261,\"height\":50,\"caption\":\"EPODEX Industries\"},\"image\":{\"@id\":\"https:\/\/old.epodex-industries.com\/fr\/#\/schema\/logo\/image\/\"},\"sameAs\":[\"https:\/\/www.facebook.com\/Epodex\/\",\"https:\/\/www.instagram.com\/epodex_official\/\",\"https:\/\/www.pinterest.de\/epodex_com\/\",\"https:\/\/www.youtube.com\/channel\/UC7lFrJ9YpN1yg43sTc6q3ow\"]}]}<\/script>\n<!-- \/ Yoast SEO plugin. -->","yoast_head_json":{"title":"1K Epoxidharz Grundierung - grau - EPODEX Industries | B2B Plattform","robots":{"index":"index","follow":"follow","max-snippet":"max-snippet:-1","max-image-preview":"max-image-preview:large","max-video-preview":"max-video-preview:-1"},"canonical":"https:\/\/old.epodex-industries.com\/de\/produkt\/1k-grundierung-grau\/","og_locale":"en_US","og_type":"article","og_title":"1K Epoxidharz Grundierung - grau - EPODEX Industries | B2B Plattform","og_description":"Der EPOXY PRIMER von EPODEX eignet sich ideal zur Grundierung von Oberfl\u00e4chen, wie B\u00f6den und W\u00e4nden, die im Anschluss mit Epoxidharz beschichtet werden. Anwendungshinweise finden Sie auf dieser Produktseite.","og_url":"https:\/\/old.epodex-industries.com\/de\/produkt\/1k-grundierung-grau\/","og_site_name":"EPODEX Industries | B2B Plattform","article_publisher":"https:\/\/www.facebook.com\/Epodex\/","article_modified_time":"2026-01-09T13:18:37+00:00","og_image":[{"width":1200,"height":800,"url":"https:\/\/old.epodex-industries.com\/wp-content\/uploads\/2023\/09\/epoxy-primer-grundierung-V4.jpg","type":"image\/jpeg"}],"twitter_card":"summary_large_image","twitter_misc":{"Est. reading time":"3 minutes"},"schema":{"@context":"https:\/\/schema.org","@graph":[{"@type":"WebPage","@id":"https:\/\/old.epodex-industries.com\/de\/produkt\/1k-grundierung-grau\/","url":"https:\/\/old.epodex-industries.com\/de\/produkt\/1k-grundierung-grau\/","name":"1K Epoxidharz Grundierung - grau - EPODEX Industries | B2B Plattform","isPartOf":{"@id":"https:\/\/old.epodex-industries.com\/fr\/#website"},"primaryImageOfPage":{"@id":"https:\/\/old.epodex-industries.com\/de\/produkt\/1k-grundierung-grau\/#primaryimage"},"image":{"@id":"https:\/\/old.epodex-industries.com\/de\/produkt\/1k-grundierung-grau\/#primaryimage"},"thumbnailUrl":"https:\/\/old.epodex-industries.com\/wp-content\/uploads\/2023\/09\/epoxy-primer-grundierung-V4.jpg","datePublished":"2024-03-18T10:29:48+00:00","dateModified":"2026-01-09T13:18:37+00:00","breadcrumb":{"@id":"https:\/\/old.epodex-industries.com\/de\/produkt\/1k-grundierung-grau\/#breadcrumb"},"inLanguage":"en-US","potentialAction":[{"@type":"ReadAction","target":["https:\/\/old.epodex-industries.com\/de\/produkt\/1k-grundierung-grau\/"]}]},{"@type":"ImageObject","inLanguage":"en-US","@id":"https:\/\/old.epodex-industries.com\/de\/produkt\/1k-grundierung-grau\/#primaryimage","url":"https:\/\/old.epodex-industries.com\/wp-content\/uploads\/2023\/09\/epoxy-primer-grundierung-V4.jpg","contentUrl":"https:\/\/old.epodex-industries.com\/wp-content\/uploads\/2023\/09\/epoxy-primer-grundierung-V4.jpg","width":1200,"height":800,"caption":"epoxy primer grundierung V4"},{"@type":"BreadcrumbList","@id":"https:\/\/old.epodex-industries.com\/de\/produkt\/1k-grundierung-grau\/#breadcrumb","itemListElement":[{"@type":"ListItem","position":1,"name":"Startseite","item":"https:\/\/old.epodex-industries.com\/en\/"},{"@type":"ListItem","position":2,"name":"Shop","item":"https:\/\/old.epodex-industries.com\/en\/shop\/"},{"@type":"ListItem","position":3,"name":"1K Epoxidharz Grundierung &#8211; grau"}]},{"@type":"WebSite","@id":"https:\/\/old.epodex-industries.com\/fr\/#website","url":"https:\/\/old.epodex-industries.com\/fr\/","name":"EPODEX Industries | B2B Plattform","description":"Hersteller + Gro\u00dfhandel f\u00fcr Baustoffe","publisher":{"@id":"https:\/\/old.epodex-industries.com\/fr\/#organization"},"alternateName":"EPODEX Industries | Hersteller + Gro\u00dfhandel f\u00fcr Baustoffe","potentialAction":[{"@type":"SearchAction","target":{"@type":"EntryPoint","urlTemplate":"https:\/\/old.epodex-industries.com\/fr\/?s={search_term_string}"},"query-input":{"@type":"PropertyValueSpecification","valueRequired":true,"valueName":"search_term_string"}}],"inLanguage":"en-US"},{"@type":"Organization","@id":"https:\/\/old.epodex-industries.com\/fr\/#organization","name":"EPODEX Industries","url":"https:\/\/old.epodex-industries.com\/fr\/","logo":{"@type":"ImageObject","inLanguage":"en-US","@id":"https:\/\/old.epodex-industries.com\/fr\/#\/schema\/logo\/image\/","url":"https:\/\/www.epodex-industries.com\/wp-content\/uploads\/2023\/06\/Logo-Epodex-Rechnung.jpg","contentUrl":"https:\/\/www.epodex-industries.com\/wp-content\/uploads\/2023\/06\/Logo-Epodex-Rechnung.jpg","width":261,"height":50,"caption":"EPODEX Industries"},"image":{"@id":"https:\/\/old.epodex-industries.com\/fr\/#\/schema\/logo\/image\/"},"sameAs":["https:\/\/www.facebook.com\/Epodex\/","https:\/\/www.instagram.com\/epodex_official\/","https:\/\/www.pinterest.de\/epodex_com\/","https:\/\/www.youtube.com\/channel\/UC7lFrJ9YpN1yg43sTc6q3ow"]}]}},"_links":{"self":[{"href":"https:\/\/old.epodex-industries.com\/en\/wp-json\/wp\/v2\/product\/18218","targetHints":{"allow":["GET"]}}],"collection":[{"href":"https:\/\/old.epodex-industries.com\/en\/wp-json\/wp\/v2\/product"}],"about":[{"href":"https:\/\/old.epodex-industries.com\/en\/wp-json\/wp\/v2\/types\/product"}],"replies":[{"embeddable":true,"href":"https:\/\/old.epodex-industries.com\/en\/wp-json\/wp\/v2\/comments?post=18218"}],"wp:featuredmedia":[{"embeddable":true,"href":"https:\/\/old.epodex-industries.com\/en\/wp-json\/wp\/v2\/media\/4720"}],"wp:attachment":[{"href":"https:\/\/old.epodex-industries.com\/en\/wp-json\/wp\/v2\/media?parent=18218"}],"wp:term":[{"taxonomy":"product_brand","embeddable":true,"href":"https:\/\/old.epodex-industries.com\/en\/wp-json\/wp\/v2\/product_brand?post=18218"},{"taxonomy":"product_cat","embeddable":true,"href":"https:\/\/old.epodex-industries.com\/en\/wp-json\/wp\/v2\/product_cat?post=18218"},{"taxonomy":"product_tag","embeddable":true,"href":"https:\/\/old.epodex-industries.com\/en\/wp-json\/wp\/v2\/product_tag?post=18218"}],"curies":[{"name":"wp","href":"https:\/\/api.w.org\/{rel}","templated":true}]}}