{"id":18212,"date":"2024-03-18T11:29:48","date_gmt":"2024-03-18T10:29:48","guid":{"rendered":"https:\/\/www.epodex-industries.com\/produkt\/deep-primer-tiefengrund\/"},"modified":"2025-01-07T11:07:49","modified_gmt":"2025-01-07T10:07:49","slug":"deep-primer-tiefengrund","status":"publish","type":"product","link":"https:\/\/old.epodex-industries.com\/en\/product\/deep-primer-tiefengrund\/","title":{"rendered":"DEEP PRIMER &#8211; Tiefengrund"},"content":{"rendered":"<h2>EPODEX DEEP PRIMER<\/h2>\n<p>EPODEX DEEP PRIMER ist eine Acryl Grundierung zur Festigung von saugenden Untergr\u00fcnden im Innen- und Au\u00dfenbereich.<br \/>\nGeeignet f\u00fcr alle \u00fcblichen Innen- und Au\u00dfenputze, Gips, saugende Gipskartonplatten, Beton, Ziegelmauerwerk, Kalksand- und Hartbrandsteine, alte Dispersionsfarbenanstriche etc. Hohe Tiefenwirkung und sehr gute Verfestigung. Ideal f\u00fcr sandende, por\u00f6se, alte und leicht kreidende Untergr\u00fcnde. Reguliert ungleichm\u00e4\u00dfige Saugf\u00e4higkeit. Atmungsaktiv, schadstoffarm und leicht verarbeitbar. <\/p>\n<hr \/>\n<h2>Anleitung zur Anwendung<\/h2>\n<ol>\n<li>Der Untergrund muss saugend, sauber, trocken, \u00d6l-, fettfrei und tragf\u00e4hig sein. Nicht tragf\u00e4hige und bl\u00e4tternde Anstriche entfernen.<\/li>\n<li>Kreidende Oberfl\u00e4chen restlos abwaschen. Vor Gebrauch gut sch\u00fctteln.<\/li>\n<li>Acryl-Tiefengrund kann unverd\u00fcnnt, satt und gleichm\u00e4\u00dfig aufgetragen werden oder im Verh\u00e4ltnis 1:1 mit Wasser verd\u00fcnnt werden.<\/li>\n<li>Verbrauchsmenge betr\u00e4gt ca. 2kg pro 14m\u00b2. Stark saugende Untergr\u00fcnde 2-mal nass in-nass grundieren, d.h. 2 Beschichtungen ohne Einhaltung von Trocknungszeiten auftragen.<\/li>\n<li>Nicht unter +8 \u00b0C verarbeiten (gilt f\u00fcr Umgebung und Untergrund)! Nach 3 &#8211; 4 Stunden bei +20 \u00b0C bereit zur Weiterverarbeitung.<\/li>\n<\/ol>\n<hr \/>\n<p><strong>Kundenservice:<\/strong> Bei weiteren Fragen kontaktieren Sie uns telefonisch, per E-Mail oder nutzen Sie unseren WhatsApp-Support.<\/p>\n<p><strong>Hinweis:<\/strong> Wir bitten zu beachten, dass die Farben aufgrund unterschiedlicher Lichtverh\u00e4ltnisse und Monitore nicht einheitlich abgebildet werden k\u00f6nnten.<\/p>\n","protected":false},"excerpt":{"rendered":"<ul>\n<li>Verfestigt saugende Untergr\u00fcnde, z.B f\u00fcr Innen- und Au\u00dfenputze, Gips, saugende Gipskartonplatten, Beton, Ziegelmauerwerk, Kalksand- und Hartbrandsteine etc.<\/li>\n<li>Niedrige Viskosit\u00e4t<\/li>\n<li>Hohe Tiefenwirkung<\/li>\n<li>Emissionsarm, l\u00f6sungsmittel- und weichmacherfrei<\/li>\n<li>Verbrauchsmenge 1kg f\u00fcr (7m\u00b2)<\/li>\n<\/ul>\n","protected":false},"featured_media":14769,"comment_status":"closed","ping_status":"closed","template":"","meta":[],"product_brand":[],"product_cat":[482,541],"product_tag":[],"class_list":{"0":"post-18212","1":"product","2":"type-product","3":"status-publish","4":"has-post-thumbnail","6":"product_cat-produkte","7":"product_cat-mikrozement","9":"first","10":"instock","11":"taxable","12":"shipping-taxable","13":"product-type-variable","14":"wvs-archive-product-wrapper"},"yoast_head":"<!-- This site is optimized with the Yoast SEO plugin v26.7 - https:\/\/yoast.com\/wordpress\/plugins\/seo\/ -->\n<title>DEEP PRIMER - Tiefengrund - EPODEX Industries | B2B Plattform<\/title>\n<meta name=\"robots\" content=\"index, follow, max-snippet:-1, max-image-preview:large, max-video-preview:-1\" \/>\n<link rel=\"canonical\" href=\"https:\/\/old.epodex-industries.com\/en\/product\/deep-primer-tiefengrund\/\" \/>\n<meta property=\"og:locale\" content=\"en_US\" \/>\n<meta property=\"og:type\" content=\"article\" \/>\n<meta property=\"og:title\" content=\"DEEP PRIMER - Tiefengrund - EPODEX Industries | B2B Plattform\" \/>\n<meta property=\"og:description\" content=\"Verfestigt saugende Untergr\u00fcnde, z.B f\u00fcr Innen- und Au\u00dfenputze, Gips, saugende Gipskartonplatten, Beton, Ziegelmauerwerk, Kalksand- und Hartbrandsteine etc.  Niedrige Viskosit\u00e4t  Hohe Tiefenwirkung  Emissionsarm, l\u00f6sungsmittel- und weichmacherfrei  Verbrauchsmenge 1kg f\u00fcr (7m\u00b2)\" \/>\n<meta property=\"og:url\" content=\"https:\/\/old.epodex-industries.com\/en\/product\/deep-primer-tiefengrund\/\" \/>\n<meta property=\"og:site_name\" content=\"EPODEX Industries | B2B Plattform\" \/>\n<meta property=\"article:publisher\" content=\"https:\/\/www.facebook.com\/Epodex\/\" \/>\n<meta property=\"article:modified_time\" content=\"2025-01-07T10:07:49+00:00\" \/>\n<meta property=\"og:image\" content=\"https:\/\/old.epodex-industries.com\/wp-content\/uploads\/2024\/02\/tiefengrund-deep-primer.jpg\" \/>\n\t<meta property=\"og:image:width\" content=\"1200\" \/>\n\t<meta property=\"og:image:height\" content=\"800\" \/>\n\t<meta property=\"og:image:type\" content=\"image\/jpeg\" \/>\n<meta name=\"twitter:card\" content=\"summary_large_image\" \/>\n<meta name=\"twitter:label1\" content=\"Est. reading time\" \/>\n\t<meta name=\"twitter:data1\" content=\"1 minute\" \/>\n<script type=\"application\/ld+json\" class=\"yoast-schema-graph\">{\"@context\":\"https:\/\/schema.org\",\"@graph\":[{\"@type\":\"WebPage\",\"@id\":\"https:\/\/old.epodex-industries.com\/en\/product\/deep-primer-tiefengrund\/\",\"url\":\"https:\/\/old.epodex-industries.com\/en\/product\/deep-primer-tiefengrund\/\",\"name\":\"DEEP PRIMER - Tiefengrund - EPODEX Industries | B2B Plattform\",\"isPartOf\":{\"@id\":\"https:\/\/old.epodex-industries.com\/fr\/#website\"},\"primaryImageOfPage\":{\"@id\":\"https:\/\/old.epodex-industries.com\/en\/product\/deep-primer-tiefengrund\/#primaryimage\"},\"image\":{\"@id\":\"https:\/\/old.epodex-industries.com\/en\/product\/deep-primer-tiefengrund\/#primaryimage\"},\"thumbnailUrl\":\"https:\/\/old.epodex-industries.com\/wp-content\/uploads\/2024\/02\/tiefengrund-deep-primer.jpg\",\"datePublished\":\"2024-03-18T10:29:48+00:00\",\"dateModified\":\"2025-01-07T10:07:49+00:00\",\"breadcrumb\":{\"@id\":\"https:\/\/old.epodex-industries.com\/en\/product\/deep-primer-tiefengrund\/#breadcrumb\"},\"inLanguage\":\"en-US\",\"potentialAction\":[{\"@type\":\"ReadAction\",\"target\":[\"https:\/\/old.epodex-industries.com\/en\/product\/deep-primer-tiefengrund\/\"]}]},{\"@type\":\"ImageObject\",\"inLanguage\":\"en-US\",\"@id\":\"https:\/\/old.epodex-industries.com\/en\/product\/deep-primer-tiefengrund\/#primaryimage\",\"url\":\"https:\/\/old.epodex-industries.com\/wp-content\/uploads\/2024\/02\/tiefengrund-deep-primer.jpg\",\"contentUrl\":\"https:\/\/old.epodex-industries.com\/wp-content\/uploads\/2024\/02\/tiefengrund-deep-primer.jpg\",\"width\":1200,\"height\":800},{\"@type\":\"BreadcrumbList\",\"@id\":\"https:\/\/old.epodex-industries.com\/en\/product\/deep-primer-tiefengrund\/#breadcrumb\",\"itemListElement\":[{\"@type\":\"ListItem\",\"position\":1,\"name\":\"Startseite\",\"item\":\"https:\/\/old.epodex-industries.com\/en\/\"},{\"@type\":\"ListItem\",\"position\":2,\"name\":\"Shop\",\"item\":\"https:\/\/old.epodex-industries.com\/en\/shop\/\"},{\"@type\":\"ListItem\",\"position\":3,\"name\":\"DEEP PRIMER &#8211; Tiefengrund\"}]},{\"@type\":\"WebSite\",\"@id\":\"https:\/\/old.epodex-industries.com\/fr\/#website\",\"url\":\"https:\/\/old.epodex-industries.com\/fr\/\",\"name\":\"EPODEX Industries | B2B Plattform\",\"description\":\"Hersteller + Gro\u00dfhandel f\u00fcr Baustoffe\",\"publisher\":{\"@id\":\"https:\/\/old.epodex-industries.com\/fr\/#organization\"},\"alternateName\":\"EPODEX Industries | Hersteller + Gro\u00dfhandel f\u00fcr Baustoffe\",\"potentialAction\":[{\"@type\":\"SearchAction\",\"target\":{\"@type\":\"EntryPoint\",\"urlTemplate\":\"https:\/\/old.epodex-industries.com\/fr\/?s={search_term_string}\"},\"query-input\":{\"@type\":\"PropertyValueSpecification\",\"valueRequired\":true,\"valueName\":\"search_term_string\"}}],\"inLanguage\":\"en-US\"},{\"@type\":\"Organization\",\"@id\":\"https:\/\/old.epodex-industries.com\/fr\/#organization\",\"name\":\"EPODEX Industries\",\"url\":\"https:\/\/old.epodex-industries.com\/fr\/\",\"logo\":{\"@type\":\"ImageObject\",\"inLanguage\":\"en-US\",\"@id\":\"https:\/\/old.epodex-industries.com\/fr\/#\/schema\/logo\/image\/\",\"url\":\"https:\/\/www.epodex-industries.com\/wp-content\/uploads\/2023\/06\/Logo-Epodex-Rechnung.jpg\",\"contentUrl\":\"https:\/\/www.epodex-industries.com\/wp-content\/uploads\/2023\/06\/Logo-Epodex-Rechnung.jpg\",\"width\":261,\"height\":50,\"caption\":\"EPODEX Industries\"},\"image\":{\"@id\":\"https:\/\/old.epodex-industries.com\/fr\/#\/schema\/logo\/image\/\"},\"sameAs\":[\"https:\/\/www.facebook.com\/Epodex\/\",\"https:\/\/www.instagram.com\/epodex_official\/\",\"https:\/\/www.pinterest.de\/epodex_com\/\",\"https:\/\/www.youtube.com\/channel\/UC7lFrJ9YpN1yg43sTc6q3ow\"]}]}<\/script>\n<!-- \/ Yoast SEO plugin. -->","yoast_head_json":{"title":"DEEP PRIMER - Tiefengrund - EPODEX Industries | B2B Plattform","robots":{"index":"index","follow":"follow","max-snippet":"max-snippet:-1","max-image-preview":"max-image-preview:large","max-video-preview":"max-video-preview:-1"},"canonical":"https:\/\/old.epodex-industries.com\/en\/product\/deep-primer-tiefengrund\/","og_locale":"en_US","og_type":"article","og_title":"DEEP PRIMER - Tiefengrund - EPODEX Industries | B2B Plattform","og_description":"Verfestigt saugende Untergr\u00fcnde, z.B f\u00fcr Innen- und Au\u00dfenputze, Gips, saugende Gipskartonplatten, Beton, Ziegelmauerwerk, Kalksand- und Hartbrandsteine etc.  Niedrige Viskosit\u00e4t  Hohe Tiefenwirkung  Emissionsarm, l\u00f6sungsmittel- und weichmacherfrei  Verbrauchsmenge 1kg f\u00fcr (7m\u00b2)","og_url":"https:\/\/old.epodex-industries.com\/en\/product\/deep-primer-tiefengrund\/","og_site_name":"EPODEX Industries | B2B Plattform","article_publisher":"https:\/\/www.facebook.com\/Epodex\/","article_modified_time":"2025-01-07T10:07:49+00:00","og_image":[{"width":1200,"height":800,"url":"https:\/\/old.epodex-industries.com\/wp-content\/uploads\/2024\/02\/tiefengrund-deep-primer.jpg","type":"image\/jpeg"}],"twitter_card":"summary_large_image","twitter_misc":{"Est. reading time":"1 minute"},"schema":{"@context":"https:\/\/schema.org","@graph":[{"@type":"WebPage","@id":"https:\/\/old.epodex-industries.com\/en\/product\/deep-primer-tiefengrund\/","url":"https:\/\/old.epodex-industries.com\/en\/product\/deep-primer-tiefengrund\/","name":"DEEP PRIMER - Tiefengrund - EPODEX Industries | B2B Plattform","isPartOf":{"@id":"https:\/\/old.epodex-industries.com\/fr\/#website"},"primaryImageOfPage":{"@id":"https:\/\/old.epodex-industries.com\/en\/product\/deep-primer-tiefengrund\/#primaryimage"},"image":{"@id":"https:\/\/old.epodex-industries.com\/en\/product\/deep-primer-tiefengrund\/#primaryimage"},"thumbnailUrl":"https:\/\/old.epodex-industries.com\/wp-content\/uploads\/2024\/02\/tiefengrund-deep-primer.jpg","datePublished":"2024-03-18T10:29:48+00:00","dateModified":"2025-01-07T10:07:49+00:00","breadcrumb":{"@id":"https:\/\/old.epodex-industries.com\/en\/product\/deep-primer-tiefengrund\/#breadcrumb"},"inLanguage":"en-US","potentialAction":[{"@type":"ReadAction","target":["https:\/\/old.epodex-industries.com\/en\/product\/deep-primer-tiefengrund\/"]}]},{"@type":"ImageObject","inLanguage":"en-US","@id":"https:\/\/old.epodex-industries.com\/en\/product\/deep-primer-tiefengrund\/#primaryimage","url":"https:\/\/old.epodex-industries.com\/wp-content\/uploads\/2024\/02\/tiefengrund-deep-primer.jpg","contentUrl":"https:\/\/old.epodex-industries.com\/wp-content\/uploads\/2024\/02\/tiefengrund-deep-primer.jpg","width":1200,"height":800},{"@type":"BreadcrumbList","@id":"https:\/\/old.epodex-industries.com\/en\/product\/deep-primer-tiefengrund\/#breadcrumb","itemListElement":[{"@type":"ListItem","position":1,"name":"Startseite","item":"https:\/\/old.epodex-industries.com\/en\/"},{"@type":"ListItem","position":2,"name":"Shop","item":"https:\/\/old.epodex-industries.com\/en\/shop\/"},{"@type":"ListItem","position":3,"name":"DEEP PRIMER &#8211; Tiefengrund"}]},{"@type":"WebSite","@id":"https:\/\/old.epodex-industries.com\/fr\/#website","url":"https:\/\/old.epodex-industries.com\/fr\/","name":"EPODEX Industries | B2B Plattform","description":"Hersteller + Gro\u00dfhandel f\u00fcr Baustoffe","publisher":{"@id":"https:\/\/old.epodex-industries.com\/fr\/#organization"},"alternateName":"EPODEX Industries | Hersteller + Gro\u00dfhandel f\u00fcr Baustoffe","potentialAction":[{"@type":"SearchAction","target":{"@type":"EntryPoint","urlTemplate":"https:\/\/old.epodex-industries.com\/fr\/?s={search_term_string}"},"query-input":{"@type":"PropertyValueSpecification","valueRequired":true,"valueName":"search_term_string"}}],"inLanguage":"en-US"},{"@type":"Organization","@id":"https:\/\/old.epodex-industries.com\/fr\/#organization","name":"EPODEX Industries","url":"https:\/\/old.epodex-industries.com\/fr\/","logo":{"@type":"ImageObject","inLanguage":"en-US","@id":"https:\/\/old.epodex-industries.com\/fr\/#\/schema\/logo\/image\/","url":"https:\/\/www.epodex-industries.com\/wp-content\/uploads\/2023\/06\/Logo-Epodex-Rechnung.jpg","contentUrl":"https:\/\/www.epodex-industries.com\/wp-content\/uploads\/2023\/06\/Logo-Epodex-Rechnung.jpg","width":261,"height":50,"caption":"EPODEX Industries"},"image":{"@id":"https:\/\/old.epodex-industries.com\/fr\/#\/schema\/logo\/image\/"},"sameAs":["https:\/\/www.facebook.com\/Epodex\/","https:\/\/www.instagram.com\/epodex_official\/","https:\/\/www.pinterest.de\/epodex_com\/","https:\/\/www.youtube.com\/channel\/UC7lFrJ9YpN1yg43sTc6q3ow"]}]}},"_links":{"self":[{"href":"https:\/\/old.epodex-industries.com\/en\/wp-json\/wp\/v2\/product\/18212","targetHints":{"allow":["GET"]}}],"collection":[{"href":"https:\/\/old.epodex-industries.com\/en\/wp-json\/wp\/v2\/product"}],"about":[{"href":"https:\/\/old.epodex-industries.com\/en\/wp-json\/wp\/v2\/types\/product"}],"replies":[{"embeddable":true,"href":"https:\/\/old.epodex-industries.com\/en\/wp-json\/wp\/v2\/comments?post=18212"}],"wp:featuredmedia":[{"embeddable":true,"href":"https:\/\/old.epodex-industries.com\/en\/wp-json\/wp\/v2\/media\/14769"}],"wp:attachment":[{"href":"https:\/\/old.epodex-industries.com\/en\/wp-json\/wp\/v2\/media?parent=18212"}],"wp:term":[{"taxonomy":"product_brand","embeddable":true,"href":"https:\/\/old.epodex-industries.com\/en\/wp-json\/wp\/v2\/product_brand?post=18212"},{"taxonomy":"product_cat","embeddable":true,"href":"https:\/\/old.epodex-industries.com\/en\/wp-json\/wp\/v2\/product_cat?post=18212"},{"taxonomy":"product_tag","embeddable":true,"href":"https:\/\/old.epodex-industries.com\/en\/wp-json\/wp\/v2\/product_tag?post=18212"}],"curies":[{"name":"wp","href":"https:\/\/api.w.org\/{rel}","templated":true}]}}