{"id":18201,"date":"2024-03-18T11:29:48","date_gmt":"2024-03-18T10:29:48","guid":{"rendered":"https:\/\/www.epodex-industries.com\/produkt\/2k-fliesenfarbe-a-komponente-pastell\/"},"modified":"2025-01-07T11:07:56","modified_gmt":"2025-01-07T10:07:56","slug":"2k-fliesenfarbe-a-komponente-pastell","status":"publish","type":"product","link":"https:\/\/old.epodex-industries.com\/en\/product\/2k-fliesenfarbe-a-komponente-pastell\/","title":{"rendered":"2K Fliesenfarbe (-A- Komponente) &#8211; Pastell"},"content":{"rendered":"<h2>EPODEX 2K Fliesenlack<\/h2>\n<p>Fliesenlack 2K ist ein <strong>wasserbasierter, geruchloser Lack auf Epoxidharzbasis.<\/strong> Er besteht aus einer Harz-Komponente und einer H\u00e4rter-Komponente. Beide Komponenten werden vor der Verarbeitung miteinander vermischt.<br \/>\n<br \/><\/br><br \/>\nDas 2-Komponenten-System eignet sich ideal <strong>zum Bestreichen von Wand- und Bodenfliesen.<\/strong> Der strapazierf\u00e4hige Lack l\u00e4sst sich dank seiner guten Haftungseigenschaften einfach auftragen.<br \/>\n<br \/><\/br><br \/>\nStreichen Sie Ihre Wand und Bodenfliesen jetzt kosteng\u00fcnstig selbst. Tipps zur farblichen Gestaltung und modernen Einrichtung, erhalten Sie von unserer Wohnraumgestalterin im folgenden Video!<\/p>\n<hr \/>\n<h2>Anwendung &#8211; STEP BY STEP<\/h2>\n<ol>\n<li>Fliesen mit Schleifpapier anrauen.<\/li>\n<li>Nicht zu bestreichende Fl\u00e4chen mit Abdeckplane und Kreppband abdecken\/abkleben.<\/li>\n<li>Fliesen mit EPODEX PRE-CLEANER vorreinigen und entfetten.<\/li>\n<li>Harz (A-Komponente) mit H\u00e4rter (B-Komponente) im Verh\u00e4ltnis 5:1 (z.B. 500g Harz: 100g H\u00e4rter) vermischen. Wir empfehlen je Streichgang geringere Mengen von ca. 600g anzumischen, da das Material sehr ergiebig ist und schnell anzieht (Topfzeit: 50 Min. bei 1kg).<\/li>\n<li>R\u00fchrstab durch Rand und Boden des Mischbeh\u00e4lters f\u00fchren, da sich Material dort absetzt. Mischung in ein sauberes Beh\u00e4ltnis umf\u00fcllen und erneut mischen.<\/li>\n<li>Material mit mitgelieferten Farbpasten einf\u00e4rben. Empfohlene Farbmenge: 5% vom Fliesenlackgewicht, z.B. 30g Farbe bei 600g Fliesenlack 2K.<\/li>\n<li>Material aufstreichen und trocknen lassen (ca. 8Std. bei 20\u00b0C). Verarbeitungszeit: ca. 50 Minuten bei 20\u00b0C.<\/li>\n<li>Weitere Schichten auftragen, bis gew\u00fcnschte Deckkraft erreicht ist. Wir empfehlen ca. zwei Anstriche.<\/li>\n<li>Auf Wunsch Fliesenfugen mit EPODEX Fugenstift und Lineal nachziehen.<\/li>\n<\/ol>\n<hr \/>\n<h2>EPODEX FUGENSTIFT \u2013 Jetzt mitbestellen!<\/h2>\n<p>Mit dem <strong>Fugenstift von EPODEX<\/strong> \u00fcberstreichen Sie auf Wunsch Ihre Fugen in Wei\u00df oder im klassischen Grauton. Der Stift ist eine spezielle acrylbasierte Farbe <strong>zum Einf\u00e4rben und Auffrischen von Fliesenfugen.<\/strong><br \/>\n<br \/><\/br><br \/>\nDurch die abgeflachte Spitze des Stiftes, passt sich der Fugenstift an jede Fugenbreite an und gew\u00e4hrleitet so ein <strong>schnelles und sauberes Nachziehen<\/strong> der Fliesenfugen in einem Durchgang. F\u00fcr ein sauberes Ergebnis empfehlen wir ein Lineal zu verwenden.<\/p>\n<hr \/>\n<h3>Hinweise:<\/h3>\n<p>Verarbeitungstemperatur: Objekt- und Umgebungstemperatur min. 8\u00b0C, max. 25\u00b0C. Nicht auf aufgeheizten Oberfl\u00e4chen und unter direkter Sonnenstrahlung verarbeiten. Bei niedrigeren Temperaturen k\u00f6nnen Trocknungsst\u00f6rungen auftreten. Werkzeug unmittelbar nach Gebrauch mit Wasser reinigen. EU-Grenzwert: (Kat. A\/d): 140g\/l (2010), max. 140g\/l VOC. Wir bitten zu beachten, dass die Farben aufgrund unterschiedlicher Lichtverh\u00e4ltnisse und Monitore nicht einheitlich abgebildet werden k\u00f6nnten.<\/p>\n<hr \/>\n<p><strong>Kundenservice:<\/strong> Bei weiteren Fragen kontaktieren Sie uns telefonisch, per E-Mail oder nutzen Sie unseren WhatsApp-Support.<\/p>\n<hr \/>\n<h3>Gefahren- und Sicherheitshinweise:<\/h3>\n<p><strong>A-Komponenten:<\/strong> Gefahr: Verursacht Hautreizungen. Verursacht schwere Augenreizung. Kann allergische Hautreaktionen verursachen. Giftig f\u00fcr Wasserorganismen, mit langfristiger Wirkung. Einatmen von Staub\/Rauch\/Gas\/Nebel\/Dampf\/Aerosol vermeiden. Freisetzung in die Umwelt vermeiden. Schutzhandschuhe \/ Augenschutz \/ Gesichtsschutz tragen. BEI KONTAKT MIT DEN AUGEN: Einige Minuten lang behutsam mit Wasser sp\u00fclen. Eventuell vorhandene Kontaktlinsen nach M\u00f6glichkeit entfernen. Weiter sp\u00fclen. Entsorgung des Inhalts \/ des Beh\u00e4lters gem\u00e4\u00df den \u00f6rtlichen \/ regionalen \/ nationalen\/ internationalen Vorschriften.<\/p>\n<hr \/>\n<p><strong>B-Komponenten:<\/strong> Gefahr: Gesundheitssch\u00e4dlich bei Einatmen, Verschlucken oder Hautkontakt. Verursacht schwere Ver\u00e4tzungen der Haut und schwere Augensch\u00e4den. Kann allergische Hautreaktionen verursachen. Sch\u00e4dlich\/Giftig f\u00fcr Wasserorganismen, mit langfristiger Wirkung. Freisetzung in die Umwelt vermeiden. Staub\/ Rauch\/ Gas\/ Nebel\/ Dampf\/ Aerosol nicht einatmen. Schutzhandschuhe\/ Schutzkleidung\/ Augenschutz\/ Gesichtsschutz tragen. BEI BER\u00dcHRUNG MIT DER HAUT (oder dem Haar): Alle kontaminierten Kleidungsst\u00fccke sofort ausziehen. Haut mit Wasser abwaschen\/duschen. BEI EINATMEN: Die Person an die frische Luft bringen und f\u00fcr ungehinderte Atmung sorgen. BEI KONTAKT MIT DEN AUGEN: Einige Minuten lang behutsam mit Wasser sp\u00fclen. Eventuell vorhandene Kontaktlinsen nach M\u00f6glichkeit entfernen. Weiter sp\u00fclen. Sofort GIFTINFORMATIONSZENTRUM\/Arzt anrufen. BEI VERSCHLUCKEN: Bei Unwohlsein GIFTINFORMATIONSZENTRUM\/Arzt anrufen. Unter Verschluss aufbewahren. Entsorgung des Inhalts\/ des Beh\u00e4lters gem\u00e4\u00df den \u00f6rtlichen\/ regionalen\/ nationalen\/ internationalen Vorschriften.<\/p>\n<p><img decoding=\"async\" src=\"https:\/\/www.epodex.com\/de\/wp-content\/uploads\/2022\/09\/hinweise-3.png\" \/><\/p>\n","protected":false},"excerpt":{"rendered":"<ul>\n<li>Premium 2K Fliesenfarbe (A-Komponente) zum Bestreichen von stark beanspruchten Boden-, Wand- und Deckenfliesen, sowie Fliesen mit dauerhaften Wasserkontakt und stehendem Wasser, z.B. in Duschen<\/li>\n<li>Kompatibel mit 2K Fliesenfarbe H\u00e4rter (B-Komponente)<\/li>\n<li>Mischungsverh\u00e4ltnis A+B: 5:1 (1,5kg A + 0,3kg B; 5kg A + 1kg B)<\/li>\n<li>Material: Epoxidharz (wasserbasiert) zum Aufrollen<\/li>\n<li>Eigenschaften: geruchlos, abriebfest, wasserfest, UV-stabilisiert, l\u00f6semittelfrei<\/li>\n<li>Ausgangsform: vorpigmentiert in wei\u00df. Einf\u00e4rbbar mit EPODEX WB Pigment Farbt\u00f6nen<\/li>\n<li>Mischungsverh\u00e4ltnis Pigment auf A+B: 1x 100g WB Pigment auf 1,8kg A+B; 3x 100g WB Pigment auf 6kg A+B<\/li>\n<li>Verarbeitungszeit: 90 Min. bei 1kg und 20\u00b0C<\/li>\n<li>Aush\u00e4rtezeit: ca. 8Std.<\/li>\n<li>Verbrauchmenge: ca. 220g\/m<sup>2<\/sup> pro Anstrich<\/li>\n<\/ul>\n","protected":false},"featured_media":732,"comment_status":"closed","ping_status":"closed","template":"","meta":[],"product_brand":[],"product_cat":[482,535],"product_tag":[],"class_list":{"0":"post-18201","1":"product","2":"type-product","3":"status-publish","4":"has-post-thumbnail","6":"product_cat-produkte","7":"product_cat-farben-2","9":"first","10":"instock","11":"taxable","12":"shipping-taxable","13":"product-type-variable","14":"wvs-archive-product-wrapper"},"yoast_head":"<!-- This site is optimized with the Yoast SEO plugin v26.7 - https:\/\/yoast.com\/wordpress\/plugins\/seo\/ -->\n<title>2K Fliesenfarbe (-A- Komponente) - Pastell - EPODEX Industries | B2B Plattform<\/title>\n<meta name=\"robots\" content=\"index, follow, max-snippet:-1, max-image-preview:large, max-video-preview:-1\" \/>\n<link rel=\"canonical\" href=\"https:\/\/old.epodex-industries.com\/de\/produkt\/2k-fliesenfarbe-a-komponente-pastell\/\" \/>\n<meta property=\"og:locale\" content=\"en_US\" \/>\n<meta property=\"og:type\" content=\"article\" \/>\n<meta property=\"og:title\" content=\"2K Fliesenfarbe (-A- Komponente) - Pastell - EPODEX Industries | B2B Plattform\" \/>\n<meta property=\"og:description\" content=\"Premium 2K Fliesenfarbe (A-Komponente) zum Bestreichen von stark beanspruchten Boden-, Wand- und Deckenfliesen, sowie Fliesen mit dauerhaften Wasserkontakt und stehendem Wasser, z.B. in Duschen Kompatibel mit 2K Fliesenfarbe H\u00e4rter (B-Komponente) Mischungsverh\u00e4ltnis A+B: 5:1 (1,5kg A + 0,3kg B; 5kg A + 1kg B) Material: Epoxidharz (wasserbasiert) zum Aufrollen Eigenschaften: geruchlos, abriebfest, wasserfest, UV-stabilisiert, l\u00f6semittelfrei Ausgangsform: vorpigmentiert in wei\u00df. Einf\u00e4rbbar mit EPODEX WB Pigment Farbt\u00f6nen Mischungsverh\u00e4ltnis Pigment auf A+B: 1x 100g WB Pigment auf 1,8kg A+B; 3x 100g WB Pigment auf 6kg A+B Verarbeitungszeit: 90 Min. bei 1kg und 20\u00b0C Aush\u00e4rtezeit: ca. 8Std. Verbrauchmenge: ca. 220g\/m2 pro Anstrich\" \/>\n<meta property=\"og:url\" content=\"https:\/\/old.epodex-industries.com\/de\/produkt\/2k-fliesenfarbe-a-komponente-pastell\/\" \/>\n<meta property=\"og:site_name\" content=\"EPODEX Industries | B2B Plattform\" \/>\n<meta property=\"article:publisher\" content=\"https:\/\/www.facebook.com\/Epodex\/\" \/>\n<meta property=\"article:modified_time\" content=\"2025-01-07T10:07:56+00:00\" \/>\n<meta property=\"og:image\" content=\"https:\/\/old.epodex-industries.com\/wp-content\/uploads\/2023\/06\/tile-paint-kaufen-epodex.jpg\" \/>\n\t<meta property=\"og:image:width\" content=\"1200\" \/>\n\t<meta property=\"og:image:height\" content=\"800\" \/>\n\t<meta property=\"og:image:type\" content=\"image\/jpeg\" \/>\n<meta name=\"twitter:card\" content=\"summary_large_image\" \/>\n<meta name=\"twitter:label1\" content=\"Est. reading time\" \/>\n\t<meta name=\"twitter:data1\" content=\"3 minutes\" \/>\n<script type=\"application\/ld+json\" class=\"yoast-schema-graph\">{\"@context\":\"https:\/\/schema.org\",\"@graph\":[{\"@type\":\"WebPage\",\"@id\":\"https:\/\/old.epodex-industries.com\/de\/produkt\/2k-fliesenfarbe-a-komponente-pastell\/\",\"url\":\"https:\/\/old.epodex-industries.com\/de\/produkt\/2k-fliesenfarbe-a-komponente-pastell\/\",\"name\":\"2K Fliesenfarbe (-A- Komponente) - Pastell - EPODEX Industries | B2B Plattform\",\"isPartOf\":{\"@id\":\"https:\/\/old.epodex-industries.com\/fr\/#website\"},\"primaryImageOfPage\":{\"@id\":\"https:\/\/old.epodex-industries.com\/de\/produkt\/2k-fliesenfarbe-a-komponente-pastell\/#primaryimage\"},\"image\":{\"@id\":\"https:\/\/old.epodex-industries.com\/de\/produkt\/2k-fliesenfarbe-a-komponente-pastell\/#primaryimage\"},\"thumbnailUrl\":\"https:\/\/old.epodex-industries.com\/wp-content\/uploads\/2023\/06\/tile-paint-kaufen-epodex.jpg\",\"datePublished\":\"2024-03-18T10:29:48+00:00\",\"dateModified\":\"2025-01-07T10:07:56+00:00\",\"breadcrumb\":{\"@id\":\"https:\/\/old.epodex-industries.com\/de\/produkt\/2k-fliesenfarbe-a-komponente-pastell\/#breadcrumb\"},\"inLanguage\":\"en-US\",\"potentialAction\":[{\"@type\":\"ReadAction\",\"target\":[\"https:\/\/old.epodex-industries.com\/de\/produkt\/2k-fliesenfarbe-a-komponente-pastell\/\"]}]},{\"@type\":\"ImageObject\",\"inLanguage\":\"en-US\",\"@id\":\"https:\/\/old.epodex-industries.com\/de\/produkt\/2k-fliesenfarbe-a-komponente-pastell\/#primaryimage\",\"url\":\"https:\/\/old.epodex-industries.com\/wp-content\/uploads\/2023\/06\/tile-paint-kaufen-epodex.jpg\",\"contentUrl\":\"https:\/\/old.epodex-industries.com\/wp-content\/uploads\/2023\/06\/tile-paint-kaufen-epodex.jpg\",\"width\":1200,\"height\":800},{\"@type\":\"BreadcrumbList\",\"@id\":\"https:\/\/old.epodex-industries.com\/de\/produkt\/2k-fliesenfarbe-a-komponente-pastell\/#breadcrumb\",\"itemListElement\":[{\"@type\":\"ListItem\",\"position\":1,\"name\":\"Startseite\",\"item\":\"https:\/\/old.epodex-industries.com\/en\/\"},{\"@type\":\"ListItem\",\"position\":2,\"name\":\"Shop\",\"item\":\"https:\/\/old.epodex-industries.com\/en\/shop\/\"},{\"@type\":\"ListItem\",\"position\":3,\"name\":\"2K Fliesenfarbe (-A- Komponente) &#8211; Pastell\"}]},{\"@type\":\"WebSite\",\"@id\":\"https:\/\/old.epodex-industries.com\/fr\/#website\",\"url\":\"https:\/\/old.epodex-industries.com\/fr\/\",\"name\":\"EPODEX Industries | B2B Plattform\",\"description\":\"Hersteller + Gro\u00dfhandel f\u00fcr Baustoffe\",\"publisher\":{\"@id\":\"https:\/\/old.epodex-industries.com\/fr\/#organization\"},\"alternateName\":\"EPODEX Industries | Hersteller + Gro\u00dfhandel f\u00fcr Baustoffe\",\"potentialAction\":[{\"@type\":\"SearchAction\",\"target\":{\"@type\":\"EntryPoint\",\"urlTemplate\":\"https:\/\/old.epodex-industries.com\/fr\/?s={search_term_string}\"},\"query-input\":{\"@type\":\"PropertyValueSpecification\",\"valueRequired\":true,\"valueName\":\"search_term_string\"}}],\"inLanguage\":\"en-US\"},{\"@type\":\"Organization\",\"@id\":\"https:\/\/old.epodex-industries.com\/fr\/#organization\",\"name\":\"EPODEX Industries\",\"url\":\"https:\/\/old.epodex-industries.com\/fr\/\",\"logo\":{\"@type\":\"ImageObject\",\"inLanguage\":\"en-US\",\"@id\":\"https:\/\/old.epodex-industries.com\/fr\/#\/schema\/logo\/image\/\",\"url\":\"https:\/\/www.epodex-industries.com\/wp-content\/uploads\/2023\/06\/Logo-Epodex-Rechnung.jpg\",\"contentUrl\":\"https:\/\/www.epodex-industries.com\/wp-content\/uploads\/2023\/06\/Logo-Epodex-Rechnung.jpg\",\"width\":261,\"height\":50,\"caption\":\"EPODEX Industries\"},\"image\":{\"@id\":\"https:\/\/old.epodex-industries.com\/fr\/#\/schema\/logo\/image\/\"},\"sameAs\":[\"https:\/\/www.facebook.com\/Epodex\/\",\"https:\/\/www.instagram.com\/epodex_official\/\",\"https:\/\/www.pinterest.de\/epodex_com\/\",\"https:\/\/www.youtube.com\/channel\/UC7lFrJ9YpN1yg43sTc6q3ow\"]}]}<\/script>\n<!-- \/ Yoast SEO plugin. -->","yoast_head_json":{"title":"2K Fliesenfarbe (-A- Komponente) - Pastell - EPODEX Industries | B2B Plattform","robots":{"index":"index","follow":"follow","max-snippet":"max-snippet:-1","max-image-preview":"max-image-preview:large","max-video-preview":"max-video-preview:-1"},"canonical":"https:\/\/old.epodex-industries.com\/de\/produkt\/2k-fliesenfarbe-a-komponente-pastell\/","og_locale":"en_US","og_type":"article","og_title":"2K Fliesenfarbe (-A- Komponente) - Pastell - EPODEX Industries | B2B Plattform","og_description":"Premium 2K Fliesenfarbe (A-Komponente) zum Bestreichen von stark beanspruchten Boden-, Wand- und Deckenfliesen, sowie Fliesen mit dauerhaften Wasserkontakt und stehendem Wasser, z.B. in Duschen Kompatibel mit 2K Fliesenfarbe H\u00e4rter (B-Komponente) Mischungsverh\u00e4ltnis A+B: 5:1 (1,5kg A + 0,3kg B; 5kg A + 1kg B) Material: Epoxidharz (wasserbasiert) zum Aufrollen Eigenschaften: geruchlos, abriebfest, wasserfest, UV-stabilisiert, l\u00f6semittelfrei Ausgangsform: vorpigmentiert in wei\u00df. Einf\u00e4rbbar mit EPODEX WB Pigment Farbt\u00f6nen Mischungsverh\u00e4ltnis Pigment auf A+B: 1x 100g WB Pigment auf 1,8kg A+B; 3x 100g WB Pigment auf 6kg A+B Verarbeitungszeit: 90 Min. bei 1kg und 20\u00b0C Aush\u00e4rtezeit: ca. 8Std. Verbrauchmenge: ca. 220g\/m2 pro Anstrich","og_url":"https:\/\/old.epodex-industries.com\/de\/produkt\/2k-fliesenfarbe-a-komponente-pastell\/","og_site_name":"EPODEX Industries | B2B Plattform","article_publisher":"https:\/\/www.facebook.com\/Epodex\/","article_modified_time":"2025-01-07T10:07:56+00:00","og_image":[{"width":1200,"height":800,"url":"https:\/\/old.epodex-industries.com\/wp-content\/uploads\/2023\/06\/tile-paint-kaufen-epodex.jpg","type":"image\/jpeg"}],"twitter_card":"summary_large_image","twitter_misc":{"Est. reading time":"3 minutes"},"schema":{"@context":"https:\/\/schema.org","@graph":[{"@type":"WebPage","@id":"https:\/\/old.epodex-industries.com\/de\/produkt\/2k-fliesenfarbe-a-komponente-pastell\/","url":"https:\/\/old.epodex-industries.com\/de\/produkt\/2k-fliesenfarbe-a-komponente-pastell\/","name":"2K Fliesenfarbe (-A- Komponente) - Pastell - EPODEX Industries | B2B Plattform","isPartOf":{"@id":"https:\/\/old.epodex-industries.com\/fr\/#website"},"primaryImageOfPage":{"@id":"https:\/\/old.epodex-industries.com\/de\/produkt\/2k-fliesenfarbe-a-komponente-pastell\/#primaryimage"},"image":{"@id":"https:\/\/old.epodex-industries.com\/de\/produkt\/2k-fliesenfarbe-a-komponente-pastell\/#primaryimage"},"thumbnailUrl":"https:\/\/old.epodex-industries.com\/wp-content\/uploads\/2023\/06\/tile-paint-kaufen-epodex.jpg","datePublished":"2024-03-18T10:29:48+00:00","dateModified":"2025-01-07T10:07:56+00:00","breadcrumb":{"@id":"https:\/\/old.epodex-industries.com\/de\/produkt\/2k-fliesenfarbe-a-komponente-pastell\/#breadcrumb"},"inLanguage":"en-US","potentialAction":[{"@type":"ReadAction","target":["https:\/\/old.epodex-industries.com\/de\/produkt\/2k-fliesenfarbe-a-komponente-pastell\/"]}]},{"@type":"ImageObject","inLanguage":"en-US","@id":"https:\/\/old.epodex-industries.com\/de\/produkt\/2k-fliesenfarbe-a-komponente-pastell\/#primaryimage","url":"https:\/\/old.epodex-industries.com\/wp-content\/uploads\/2023\/06\/tile-paint-kaufen-epodex.jpg","contentUrl":"https:\/\/old.epodex-industries.com\/wp-content\/uploads\/2023\/06\/tile-paint-kaufen-epodex.jpg","width":1200,"height":800},{"@type":"BreadcrumbList","@id":"https:\/\/old.epodex-industries.com\/de\/produkt\/2k-fliesenfarbe-a-komponente-pastell\/#breadcrumb","itemListElement":[{"@type":"ListItem","position":1,"name":"Startseite","item":"https:\/\/old.epodex-industries.com\/en\/"},{"@type":"ListItem","position":2,"name":"Shop","item":"https:\/\/old.epodex-industries.com\/en\/shop\/"},{"@type":"ListItem","position":3,"name":"2K Fliesenfarbe (-A- Komponente) &#8211; Pastell"}]},{"@type":"WebSite","@id":"https:\/\/old.epodex-industries.com\/fr\/#website","url":"https:\/\/old.epodex-industries.com\/fr\/","name":"EPODEX Industries | B2B Plattform","description":"Hersteller + Gro\u00dfhandel f\u00fcr Baustoffe","publisher":{"@id":"https:\/\/old.epodex-industries.com\/fr\/#organization"},"alternateName":"EPODEX Industries | Hersteller + Gro\u00dfhandel f\u00fcr Baustoffe","potentialAction":[{"@type":"SearchAction","target":{"@type":"EntryPoint","urlTemplate":"https:\/\/old.epodex-industries.com\/fr\/?s={search_term_string}"},"query-input":{"@type":"PropertyValueSpecification","valueRequired":true,"valueName":"search_term_string"}}],"inLanguage":"en-US"},{"@type":"Organization","@id":"https:\/\/old.epodex-industries.com\/fr\/#organization","name":"EPODEX Industries","url":"https:\/\/old.epodex-industries.com\/fr\/","logo":{"@type":"ImageObject","inLanguage":"en-US","@id":"https:\/\/old.epodex-industries.com\/fr\/#\/schema\/logo\/image\/","url":"https:\/\/www.epodex-industries.com\/wp-content\/uploads\/2023\/06\/Logo-Epodex-Rechnung.jpg","contentUrl":"https:\/\/www.epodex-industries.com\/wp-content\/uploads\/2023\/06\/Logo-Epodex-Rechnung.jpg","width":261,"height":50,"caption":"EPODEX Industries"},"image":{"@id":"https:\/\/old.epodex-industries.com\/fr\/#\/schema\/logo\/image\/"},"sameAs":["https:\/\/www.facebook.com\/Epodex\/","https:\/\/www.instagram.com\/epodex_official\/","https:\/\/www.pinterest.de\/epodex_com\/","https:\/\/www.youtube.com\/channel\/UC7lFrJ9YpN1yg43sTc6q3ow"]}]}},"_links":{"self":[{"href":"https:\/\/old.epodex-industries.com\/en\/wp-json\/wp\/v2\/product\/18201","targetHints":{"allow":["GET"]}}],"collection":[{"href":"https:\/\/old.epodex-industries.com\/en\/wp-json\/wp\/v2\/product"}],"about":[{"href":"https:\/\/old.epodex-industries.com\/en\/wp-json\/wp\/v2\/types\/product"}],"replies":[{"embeddable":true,"href":"https:\/\/old.epodex-industries.com\/en\/wp-json\/wp\/v2\/comments?post=18201"}],"wp:featuredmedia":[{"embeddable":true,"href":"https:\/\/old.epodex-industries.com\/en\/wp-json\/wp\/v2\/media\/732"}],"wp:attachment":[{"href":"https:\/\/old.epodex-industries.com\/en\/wp-json\/wp\/v2\/media?parent=18201"}],"wp:term":[{"taxonomy":"product_brand","embeddable":true,"href":"https:\/\/old.epodex-industries.com\/en\/wp-json\/wp\/v2\/product_brand?post=18201"},{"taxonomy":"product_cat","embeddable":true,"href":"https:\/\/old.epodex-industries.com\/en\/wp-json\/wp\/v2\/product_cat?post=18201"},{"taxonomy":"product_tag","embeddable":true,"href":"https:\/\/old.epodex-industries.com\/en\/wp-json\/wp\/v2\/product_tag?post=18201"}],"curies":[{"name":"wp","href":"https:\/\/api.w.org\/{rel}","templated":true}]}}