{"id":18196,"date":"2024-03-18T11:29:33","date_gmt":"2024-03-18T10:29:33","guid":{"rendered":"https:\/\/www.epodex-industries.com\/produkt\/1k-fliesenfarbe\/"},"modified":"2025-01-07T11:07:55","modified_gmt":"2025-01-07T10:07:55","slug":"1k-fliesenfarbe","status":"publish","type":"product","link":"https:\/\/old.epodex-industries.com\/en\/product\/1k-fliesenfarbe\/","title":{"rendered":"1K Fliesenfarbe"},"content":{"rendered":"<h2>EPODEX 1K Fliesenlack<\/h2>\n<p>EPODEX 1K Fliesenlack ist ein <strong>wasserbasierter, geruchsarmer Lack auf Acrylbasis.<\/strong> Der Lack eignet sich ideal zum <strong>Bestreichen von Wandfliesen.<\/strong> Die guten Haftungseigenschaften erlauben einen einfachen Auftrag und ein sch\u00f6nes Ergebnis.<br \/>\n<br \/><\/br><br \/>\nStreichen Sie Ihre Wandfliesen jetzt kosteng\u00fcnstig selbst. Tipps zur farblichen Gestaltung und modernen Einrichtung, erhalten Sie von unserer Wohnraumgestalterin im folgenden Video!<\/p>\n<hr \/>\n<h2>Anwendung &#8211; STEP BY STEP<\/h2>\n<ol>\n<li>Fliesen mit Schleifpapier anrauen.<\/li>\n<li>Nicht zu bestreichende Fl\u00e4chen mit Abdeckplane und Kreppband abdecken\/abkleben.<\/li>\n<li>Fliesen mit EPODEX PRE-CLEANER vorreinigen und entfetten.<\/li>\n<li>Fliesenfarbe gr\u00fcndlich durchmischen.<\/li>\n<li>Material aufstreichen und trocknen lassen. Verarbeitungszeit: ca. 2 Stunden bei 20\u00b0C.<\/li>\n<li>Weiteren Anstrich durchf\u00fchren, bis die gew\u00fcnschte Deckkraft erreicht ist. Wir empfehlen ca. zwei Anstriche.<\/li>\n<li>Auf Wunsch Fliesenfugen mit EPODEX Fugenstift und Lineal nachziehen.<\/li>\n<\/ol>\n<hr \/>\n<h2>EPODEX FUGENSTIFT \u2013 Jetzt mitbestellen!<\/h2>\n<p>Mit dem <strong>Fugenstift von EPODEX<\/strong> \u00fcberstreichen Sie auf Wunsch Ihre Fugen in Wei\u00df oder im klassischen Grauton. Der Stift ist eine spezielle acrylbasierte Farbe <strong>zum Einf\u00e4rben und Auffrischen von Fliesenfugen.<\/strong><br \/>\n<br \/><\/br><br \/>\nDurch die abgeflachte Spitze des Stiftes, passt sich der Fugenstift an jede Fugenbreite an und gew\u00e4hrleitet so ein <strong>schnelles und sauberes Nachziehen<\/strong> der Fliesenfugen in einem Durchgang. F\u00fcr ein sauberes Ergebnis empfehlen wir ein Lineal zu verwenden.<\/p>\n<hr \/>\n<h3>Hinweise:<\/h3>\n<p>Verarbeitungstemperatur: Objekt- und Umgebungstemperatur min. 8\u00b0C. Nicht auf aufgeheizten Oberfl\u00e4chen und unter direkter Sonnenstrahlung verarbeiten. Bei niedrigeren Temperaturen k\u00f6nnen Trocknungsst\u00f6rungen auftreten. Um eine niedrigere Viskosit\u00e4t zu erzielen, verd\u00fcnnen Sie den Lack mit bis zu 5% Wasser. Werkzeug nach unmittelbar nach Gebrauch mit Wasser reinigen. EU-Grenzwert: (Kat. A\/d): 140g\/l (2010), max. 140g\/l VOC. Wir bitten zu beachten, dass die Farben aufgrund unterschiedlicher Lichtverh\u00e4ltnisse und Monitore nicht einheitlich abgebildet werden k\u00f6nnten.<\/p>\n<hr \/>\n<p><strong>Kundenservice:<\/strong> Bei weiteren Fragen kontaktieren Sie uns telefonisch, per E-Mail oder nutzen Sie unseren WhatsApp-Support.<\/p>\n<hr \/>\n<h3>Gefahren- und Sicherheitshinweise:<\/h3>\n<p>Achtung: Produkt enth\u00e4lt Koservierungsmittel: 1,2-Benzisothiazol-3(2H)-on; 2-Methyl-2H-isothiazol-3-on. Kann allergische Hautreaktionen verursachen. Ist \u00e4rztlicher Rat erforderlich, Verpackung oder Kennzeichnungsetikett bereithalten. Darf nicht in die H\u00e4nde von Kindern gelangen. Einatmen von Staub, Nebel, Aerosol vermeiden. Nicht in die Augen, auf die Haut oder auf die Kleidung gelangen lassen. Entsorgung des Inhalts \/ des Beh\u00e4lters gem\u00e4\u00df den \u00f6rtlichen \/ regionalen \/ nationalen\/ internationalen Vorschriften.Sicherheitsdatenblatt auf Anfrage erh\u00e4ltlich.<\/p>\n<p><img decoding=\"async\" src=\"https:\/\/www.epodex.com\/de\/wp-content\/uploads\/2021\/03\/warnhinweis-ausrufezeichen.jpg\" \/><\/p>\n","protected":false},"excerpt":{"rendered":"<ul>\n<li>Premium 1K Fliesenfarbe zum Verstreichen von normal beanspruchte Wandfliesen, ohne dauerhaften Wasserkontakt und stehendes Wasser<\/li>\n<li>Material: Epoxidharz (wasserbasiert) zum Aufrollen<\/li>\n<li>Eigenschaften: wasserbasiert, geruchsarm<\/li>\n<li>Ausgangsform: unpigmentiert. Einf\u00e4rbbar mit EPODEX\u00a0<a href=\"https:\/\/www.epodex-industries.com\/de\/produkt-kategorie\/farbstoffe-farbmittel\/wb-pigment\/\">WB Pigment Farbt\u00f6nen<\/a><\/li>\n<li>Mischungsverh\u00e4ltnis Pigment auf Harz: 1x 100g WB Pigment auf 1kg Harz<\/li>\n<li>Aush\u00e4rtezeit: ca. 2Std. bei 20\u00b0C<\/li>\n<li>Verbrauchsmenge: 120-150g\/m\u00b2 pro Anstrich<\/li>\n<\/ul>\n","protected":false},"featured_media":4746,"comment_status":"closed","ping_status":"closed","template":"","meta":[],"product_brand":[],"product_cat":[482,535],"product_tag":[],"class_list":{"0":"post-18196","1":"product","2":"type-product","3":"status-publish","4":"has-post-thumbnail","6":"product_cat-produkte","7":"product_cat-farben-2","9":"first","10":"instock","11":"taxable","12":"shipping-taxable","13":"product-type-variable","14":"wvs-archive-product-wrapper"},"yoast_head":"<!-- This site is optimized with the Yoast SEO plugin v26.7 - https:\/\/yoast.com\/wordpress\/plugins\/seo\/ -->\n<title>1K Fliesenfarbe - EPODEX Industries | B2B Plattform<\/title>\n<meta name=\"robots\" content=\"index, follow, max-snippet:-1, max-image-preview:large, max-video-preview:-1\" \/>\n<link rel=\"canonical\" href=\"https:\/\/old.epodex-industries.com\/de\/produkt\/1k-fliesenfarbe\/\" \/>\n<meta property=\"og:locale\" content=\"en_US\" \/>\n<meta property=\"og:type\" content=\"article\" \/>\n<meta property=\"og:title\" content=\"1K Fliesenfarbe - EPODEX Industries | B2B Plattform\" \/>\n<meta property=\"og:description\" content=\"Premium 1K Fliesenfarbe zum Verstreichen von normal beanspruchte Wandfliesen, ohne dauerhaften Wasserkontakt und stehendes Wasser Material: Epoxidharz (wasserbasiert) zum Aufrollen Eigenschaften: wasserbasiert, geruchsarm Ausgangsform: unpigmentiert. Einf\u00e4rbbar mit EPODEX\u00a0WB Pigment Farbt\u00f6nen Mischungsverh\u00e4ltnis Pigment auf Harz: 1x 100g WB Pigment auf 1kg Harz Aush\u00e4rtezeit: ca. 2Std. bei 20\u00b0C Verbrauchsmenge: 120-150g\/m\u00b2 pro Anstrich\" \/>\n<meta property=\"og:url\" content=\"https:\/\/old.epodex-industries.com\/de\/produkt\/1k-fliesenfarbe\/\" \/>\n<meta property=\"og:site_name\" content=\"EPODEX Industries | B2B Plattform\" \/>\n<meta property=\"article:publisher\" content=\"https:\/\/www.facebook.com\/Epodex\/\" \/>\n<meta property=\"article:modified_time\" content=\"2025-01-07T10:07:55+00:00\" \/>\n<meta property=\"og:image\" content=\"https:\/\/old.epodex-industries.com\/wp-content\/uploads\/2023\/10\/Tile-Paint-1K-copy.jpg\" \/>\n\t<meta property=\"og:image:width\" content=\"1200\" \/>\n\t<meta property=\"og:image:height\" content=\"800\" \/>\n\t<meta property=\"og:image:type\" content=\"image\/jpeg\" \/>\n<meta name=\"twitter:card\" content=\"summary_large_image\" \/>\n<meta name=\"twitter:label1\" content=\"Est. reading time\" \/>\n\t<meta name=\"twitter:data1\" content=\"2 minutes\" \/>\n<script type=\"application\/ld+json\" class=\"yoast-schema-graph\">{\"@context\":\"https:\/\/schema.org\",\"@graph\":[{\"@type\":\"WebPage\",\"@id\":\"https:\/\/old.epodex-industries.com\/de\/produkt\/1k-fliesenfarbe\/\",\"url\":\"https:\/\/old.epodex-industries.com\/de\/produkt\/1k-fliesenfarbe\/\",\"name\":\"1K Fliesenfarbe - EPODEX Industries | B2B Plattform\",\"isPartOf\":{\"@id\":\"https:\/\/old.epodex-industries.com\/fr\/#website\"},\"primaryImageOfPage\":{\"@id\":\"https:\/\/old.epodex-industries.com\/de\/produkt\/1k-fliesenfarbe\/#primaryimage\"},\"image\":{\"@id\":\"https:\/\/old.epodex-industries.com\/de\/produkt\/1k-fliesenfarbe\/#primaryimage\"},\"thumbnailUrl\":\"https:\/\/old.epodex-industries.com\/wp-content\/uploads\/2023\/10\/Tile-Paint-1K-copy.jpg\",\"datePublished\":\"2024-03-18T10:29:33+00:00\",\"dateModified\":\"2025-01-07T10:07:55+00:00\",\"breadcrumb\":{\"@id\":\"https:\/\/old.epodex-industries.com\/de\/produkt\/1k-fliesenfarbe\/#breadcrumb\"},\"inLanguage\":\"en-US\",\"potentialAction\":[{\"@type\":\"ReadAction\",\"target\":[\"https:\/\/old.epodex-industries.com\/de\/produkt\/1k-fliesenfarbe\/\"]}]},{\"@type\":\"ImageObject\",\"inLanguage\":\"en-US\",\"@id\":\"https:\/\/old.epodex-industries.com\/de\/produkt\/1k-fliesenfarbe\/#primaryimage\",\"url\":\"https:\/\/old.epodex-industries.com\/wp-content\/uploads\/2023\/10\/Tile-Paint-1K-copy.jpg\",\"contentUrl\":\"https:\/\/old.epodex-industries.com\/wp-content\/uploads\/2023\/10\/Tile-Paint-1K-copy.jpg\",\"width\":1200,\"height\":800,\"caption\":\"Tile Paint 1K copy\"},{\"@type\":\"BreadcrumbList\",\"@id\":\"https:\/\/old.epodex-industries.com\/de\/produkt\/1k-fliesenfarbe\/#breadcrumb\",\"itemListElement\":[{\"@type\":\"ListItem\",\"position\":1,\"name\":\"Startseite\",\"item\":\"https:\/\/old.epodex-industries.com\/en\/\"},{\"@type\":\"ListItem\",\"position\":2,\"name\":\"Shop\",\"item\":\"https:\/\/old.epodex-industries.com\/en\/shop\/\"},{\"@type\":\"ListItem\",\"position\":3,\"name\":\"1K Fliesenfarbe\"}]},{\"@type\":\"WebSite\",\"@id\":\"https:\/\/old.epodex-industries.com\/fr\/#website\",\"url\":\"https:\/\/old.epodex-industries.com\/fr\/\",\"name\":\"EPODEX Industries | B2B Plattform\",\"description\":\"Hersteller + Gro\u00dfhandel f\u00fcr Baustoffe\",\"publisher\":{\"@id\":\"https:\/\/old.epodex-industries.com\/fr\/#organization\"},\"alternateName\":\"EPODEX Industries | Hersteller + Gro\u00dfhandel f\u00fcr Baustoffe\",\"potentialAction\":[{\"@type\":\"SearchAction\",\"target\":{\"@type\":\"EntryPoint\",\"urlTemplate\":\"https:\/\/old.epodex-industries.com\/fr\/?s={search_term_string}\"},\"query-input\":{\"@type\":\"PropertyValueSpecification\",\"valueRequired\":true,\"valueName\":\"search_term_string\"}}],\"inLanguage\":\"en-US\"},{\"@type\":\"Organization\",\"@id\":\"https:\/\/old.epodex-industries.com\/fr\/#organization\",\"name\":\"EPODEX Industries\",\"url\":\"https:\/\/old.epodex-industries.com\/fr\/\",\"logo\":{\"@type\":\"ImageObject\",\"inLanguage\":\"en-US\",\"@id\":\"https:\/\/old.epodex-industries.com\/fr\/#\/schema\/logo\/image\/\",\"url\":\"https:\/\/www.epodex-industries.com\/wp-content\/uploads\/2023\/06\/Logo-Epodex-Rechnung.jpg\",\"contentUrl\":\"https:\/\/www.epodex-industries.com\/wp-content\/uploads\/2023\/06\/Logo-Epodex-Rechnung.jpg\",\"width\":261,\"height\":50,\"caption\":\"EPODEX Industries\"},\"image\":{\"@id\":\"https:\/\/old.epodex-industries.com\/fr\/#\/schema\/logo\/image\/\"},\"sameAs\":[\"https:\/\/www.facebook.com\/Epodex\/\",\"https:\/\/www.instagram.com\/epodex_official\/\",\"https:\/\/www.pinterest.de\/epodex_com\/\",\"https:\/\/www.youtube.com\/channel\/UC7lFrJ9YpN1yg43sTc6q3ow\"]}]}<\/script>\n<!-- \/ Yoast SEO plugin. -->","yoast_head_json":{"title":"1K Fliesenfarbe - EPODEX Industries | B2B Plattform","robots":{"index":"index","follow":"follow","max-snippet":"max-snippet:-1","max-image-preview":"max-image-preview:large","max-video-preview":"max-video-preview:-1"},"canonical":"https:\/\/old.epodex-industries.com\/de\/produkt\/1k-fliesenfarbe\/","og_locale":"en_US","og_type":"article","og_title":"1K Fliesenfarbe - EPODEX Industries | B2B Plattform","og_description":"Premium 1K Fliesenfarbe zum Verstreichen von normal beanspruchte Wandfliesen, ohne dauerhaften Wasserkontakt und stehendes Wasser Material: Epoxidharz (wasserbasiert) zum Aufrollen Eigenschaften: wasserbasiert, geruchsarm Ausgangsform: unpigmentiert. Einf\u00e4rbbar mit EPODEX\u00a0WB Pigment Farbt\u00f6nen Mischungsverh\u00e4ltnis Pigment auf Harz: 1x 100g WB Pigment auf 1kg Harz Aush\u00e4rtezeit: ca. 2Std. bei 20\u00b0C Verbrauchsmenge: 120-150g\/m\u00b2 pro Anstrich","og_url":"https:\/\/old.epodex-industries.com\/de\/produkt\/1k-fliesenfarbe\/","og_site_name":"EPODEX Industries | B2B Plattform","article_publisher":"https:\/\/www.facebook.com\/Epodex\/","article_modified_time":"2025-01-07T10:07:55+00:00","og_image":[{"width":1200,"height":800,"url":"https:\/\/old.epodex-industries.com\/wp-content\/uploads\/2023\/10\/Tile-Paint-1K-copy.jpg","type":"image\/jpeg"}],"twitter_card":"summary_large_image","twitter_misc":{"Est. reading time":"2 minutes"},"schema":{"@context":"https:\/\/schema.org","@graph":[{"@type":"WebPage","@id":"https:\/\/old.epodex-industries.com\/de\/produkt\/1k-fliesenfarbe\/","url":"https:\/\/old.epodex-industries.com\/de\/produkt\/1k-fliesenfarbe\/","name":"1K Fliesenfarbe - EPODEX Industries | B2B Plattform","isPartOf":{"@id":"https:\/\/old.epodex-industries.com\/fr\/#website"},"primaryImageOfPage":{"@id":"https:\/\/old.epodex-industries.com\/de\/produkt\/1k-fliesenfarbe\/#primaryimage"},"image":{"@id":"https:\/\/old.epodex-industries.com\/de\/produkt\/1k-fliesenfarbe\/#primaryimage"},"thumbnailUrl":"https:\/\/old.epodex-industries.com\/wp-content\/uploads\/2023\/10\/Tile-Paint-1K-copy.jpg","datePublished":"2024-03-18T10:29:33+00:00","dateModified":"2025-01-07T10:07:55+00:00","breadcrumb":{"@id":"https:\/\/old.epodex-industries.com\/de\/produkt\/1k-fliesenfarbe\/#breadcrumb"},"inLanguage":"en-US","potentialAction":[{"@type":"ReadAction","target":["https:\/\/old.epodex-industries.com\/de\/produkt\/1k-fliesenfarbe\/"]}]},{"@type":"ImageObject","inLanguage":"en-US","@id":"https:\/\/old.epodex-industries.com\/de\/produkt\/1k-fliesenfarbe\/#primaryimage","url":"https:\/\/old.epodex-industries.com\/wp-content\/uploads\/2023\/10\/Tile-Paint-1K-copy.jpg","contentUrl":"https:\/\/old.epodex-industries.com\/wp-content\/uploads\/2023\/10\/Tile-Paint-1K-copy.jpg","width":1200,"height":800,"caption":"Tile Paint 1K copy"},{"@type":"BreadcrumbList","@id":"https:\/\/old.epodex-industries.com\/de\/produkt\/1k-fliesenfarbe\/#breadcrumb","itemListElement":[{"@type":"ListItem","position":1,"name":"Startseite","item":"https:\/\/old.epodex-industries.com\/en\/"},{"@type":"ListItem","position":2,"name":"Shop","item":"https:\/\/old.epodex-industries.com\/en\/shop\/"},{"@type":"ListItem","position":3,"name":"1K Fliesenfarbe"}]},{"@type":"WebSite","@id":"https:\/\/old.epodex-industries.com\/fr\/#website","url":"https:\/\/old.epodex-industries.com\/fr\/","name":"EPODEX Industries | B2B Plattform","description":"Hersteller + Gro\u00dfhandel f\u00fcr Baustoffe","publisher":{"@id":"https:\/\/old.epodex-industries.com\/fr\/#organization"},"alternateName":"EPODEX Industries | Hersteller + Gro\u00dfhandel f\u00fcr Baustoffe","potentialAction":[{"@type":"SearchAction","target":{"@type":"EntryPoint","urlTemplate":"https:\/\/old.epodex-industries.com\/fr\/?s={search_term_string}"},"query-input":{"@type":"PropertyValueSpecification","valueRequired":true,"valueName":"search_term_string"}}],"inLanguage":"en-US"},{"@type":"Organization","@id":"https:\/\/old.epodex-industries.com\/fr\/#organization","name":"EPODEX Industries","url":"https:\/\/old.epodex-industries.com\/fr\/","logo":{"@type":"ImageObject","inLanguage":"en-US","@id":"https:\/\/old.epodex-industries.com\/fr\/#\/schema\/logo\/image\/","url":"https:\/\/www.epodex-industries.com\/wp-content\/uploads\/2023\/06\/Logo-Epodex-Rechnung.jpg","contentUrl":"https:\/\/www.epodex-industries.com\/wp-content\/uploads\/2023\/06\/Logo-Epodex-Rechnung.jpg","width":261,"height":50,"caption":"EPODEX Industries"},"image":{"@id":"https:\/\/old.epodex-industries.com\/fr\/#\/schema\/logo\/image\/"},"sameAs":["https:\/\/www.facebook.com\/Epodex\/","https:\/\/www.instagram.com\/epodex_official\/","https:\/\/www.pinterest.de\/epodex_com\/","https:\/\/www.youtube.com\/channel\/UC7lFrJ9YpN1yg43sTc6q3ow"]}]}},"_links":{"self":[{"href":"https:\/\/old.epodex-industries.com\/en\/wp-json\/wp\/v2\/product\/18196","targetHints":{"allow":["GET"]}}],"collection":[{"href":"https:\/\/old.epodex-industries.com\/en\/wp-json\/wp\/v2\/product"}],"about":[{"href":"https:\/\/old.epodex-industries.com\/en\/wp-json\/wp\/v2\/types\/product"}],"replies":[{"embeddable":true,"href":"https:\/\/old.epodex-industries.com\/en\/wp-json\/wp\/v2\/comments?post=18196"}],"wp:featuredmedia":[{"embeddable":true,"href":"https:\/\/old.epodex-industries.com\/en\/wp-json\/wp\/v2\/media\/4746"}],"wp:attachment":[{"href":"https:\/\/old.epodex-industries.com\/en\/wp-json\/wp\/v2\/media?parent=18196"}],"wp:term":[{"taxonomy":"product_brand","embeddable":true,"href":"https:\/\/old.epodex-industries.com\/en\/wp-json\/wp\/v2\/product_brand?post=18196"},{"taxonomy":"product_cat","embeddable":true,"href":"https:\/\/old.epodex-industries.com\/en\/wp-json\/wp\/v2\/product_cat?post=18196"},{"taxonomy":"product_tag","embeddable":true,"href":"https:\/\/old.epodex-industries.com\/en\/wp-json\/wp\/v2\/product_tag?post=18196"}],"curies":[{"name":"wp","href":"https:\/\/api.w.org\/{rel}","templated":true}]}}