{"id":16121,"date":"2024-03-17T21:16:59","date_gmt":"2024-03-17T20:16:59","guid":{"rendered":"https:\/\/www.epodex-industries.com\/produkt\/schraubzwinge-50x150mm\/"},"modified":"2025-01-07T11:14:39","modified_gmt":"2025-01-07T10:14:39","slug":"schraubzwinge-50x150mm","status":"publish","type":"product","link":"https:\/\/old.epodex-industries.com\/en\/product\/schraubzwinge-50x150mm\/","title":{"rendered":"Schraubzwinge 50x150mm"},"content":{"rendered":"<p>EPODEX Schraubzwingen bestehen aus hochwertigem Werkzeugstahl und sind rostbest\u00e4ndig und langlebig. Zur Befestigung von verschiedenen Materialen, Teilen oder Gegenst\u00e4nden geeignet. Ideal f\u00fcr alle Handwerker, Tischler, M\u00f6belhersteller und Schreiner. Leimen Sie z. B. zwei Werkst\u00fccke aus Holz miteinander und fixieren Sie diese mit unseren Schraubzwingen. EPODEX Schraubzwingen lassen sich mit Bedienung des Soft-Touch-Griffs stufenlos l\u00f6sen und anziehen. Dank dem gummierten Kunststoff-Griff k\u00f6nnen Sie die Spannkraft pr\u00e4zise und kr\u00e4fteschonend einstellen.<\/p>\n<ul>\n<li>Schraubzwingen \/ Klemmzwingen von EPODEX<\/li>\n<li>50 x 150mm (300g)<\/li>\n<li>Oberfl\u00e4che: Pulverbeschichtung und Nickel-Eisen-Beschichtung<\/li>\n<li>Material: Temperguss-Stahl<\/li>\n<li>Druckplatte und Spannbacke mit Plastikschutzkappen<\/li>\n<li>Bewegliche Spannbacken<\/li>\n<\/ul>\n","protected":false},"excerpt":{"rendered":"<p>EPODEX Schraubzwingen bestehen aus hochwertigem Werkzeugstahl und sind rostbest\u00e4ndig und langlebig. Zur Befestigung von verschiedenen Materialen, Teilen oder Gegenst\u00e4nden geeignet. Ideal f\u00fcr alle Handwerker, Tischler, M\u00f6belhersteller und Schreiner. Leimen Sie z. B. zwei Werkst\u00fccke aus Holz miteinander und fixieren Sie diese mit unseren Schraubzwingen. EPODEX Schraubzwingen lassen sich mit Bedienung des Soft-Touch-Griffs stufenlos l\u00f6sen und anziehen. Dank dem gummierten Kunststoff-Griff k\u00f6nnen Sie die Spannkraft pr\u00e4zise und kr\u00e4fteschonend einstellen.<\/p>\n<ul>\n<li>Schraubzwingen \/ Klemmzwingen von EPODEX<\/li>\n<li>50 x 150mm (300g)<\/li>\n<li>Oberfl\u00e4che: Pulverbeschichtung und Nickel-Eisen-Beschichtung<\/li>\n<li>Material: Temperguss-Stahl<\/li>\n<li>Druckplatte und Spannbacke mit Plastikschutzkappen<\/li>\n<li>Bewegliche Spannbacken<\/li>\n<\/ul>\n","protected":false},"featured_media":617,"comment_status":"closed","ping_status":"closed","template":"","meta":[],"product_brand":[],"product_cat":[359],"product_tag":[],"class_list":{"0":"post-16121","1":"product","2":"type-product","3":"status-publish","4":"has-post-thumbnail","6":"product_cat-zubehoer","8":"first","9":"instock","10":"taxable","11":"shipping-taxable","12":"product-type-simple"},"yoast_head":"<!-- This site is optimized with the Yoast SEO plugin v26.7 - https:\/\/yoast.com\/wordpress\/plugins\/seo\/ -->\n<title>Schraubzwinge 50x150mm - EPODEX Industries | B2B Plattform<\/title>\n<meta name=\"robots\" content=\"index, follow, max-snippet:-1, max-image-preview:large, max-video-preview:-1\" \/>\n<link rel=\"canonical\" href=\"https:\/\/old.epodex-industries.com\/de\/produkt\/schraubzwinge-50x150mm\/\" \/>\n<meta property=\"og:locale\" content=\"en_US\" \/>\n<meta property=\"og:type\" content=\"article\" \/>\n<meta property=\"og:title\" content=\"Schraubzwinge 50x150mm - EPODEX Industries | B2B Plattform\" \/>\n<meta property=\"og:description\" content=\"EPODEX Schraubzwingen bestehen aus hochwertigem Werkzeugstahl und sind rostbest\u00e4ndig und langlebig. Zur Befestigung von verschiedenen Materialen, Teilen oder Gegenst\u00e4nden geeignet. Ideal f\u00fcr alle Handwerker, Tischler, M\u00f6belhersteller und Schreiner. Leimen Sie z. B. zwei Werkst\u00fccke aus Holz miteinander und fixieren Sie diese mit unseren Schraubzwingen. EPODEX Schraubzwingen lassen sich mit Bedienung des Soft-Touch-Griffs stufenlos l\u00f6sen und anziehen. Dank dem gummierten Kunststoff-Griff k\u00f6nnen Sie die Spannkraft pr\u00e4zise und kr\u00e4fteschonend einstellen. Schraubzwingen \/ Klemmzwingen von EPODEX50 x 150mm (300g)Oberfl\u00e4che: Pulverbeschichtung und Nickel-Eisen-Beschichtung Material: Temperguss-StahlDruckplatte und Spannbacke mit PlastikschutzkappenBewegliche Spannbacken\" \/>\n<meta property=\"og:url\" content=\"https:\/\/old.epodex-industries.com\/de\/produkt\/schraubzwinge-50x150mm\/\" \/>\n<meta property=\"og:site_name\" content=\"EPODEX Industries | B2B Plattform\" \/>\n<meta property=\"article:publisher\" content=\"https:\/\/www.facebook.com\/Epodex\/\" \/>\n<meta property=\"article:modified_time\" content=\"2025-01-07T10:14:39+00:00\" \/>\n<meta property=\"og:image\" content=\"https:\/\/old.epodex-industries.com\/wp-content\/uploads\/2023\/06\/schraubzwinge-klein.jpg\" \/>\n\t<meta property=\"og:image:width\" content=\"1200\" \/>\n\t<meta property=\"og:image:height\" content=\"800\" \/>\n\t<meta property=\"og:image:type\" content=\"image\/jpeg\" \/>\n<meta name=\"twitter:card\" content=\"summary_large_image\" \/>\n<script type=\"application\/ld+json\" class=\"yoast-schema-graph\">{\"@context\":\"https:\/\/schema.org\",\"@graph\":[{\"@type\":\"WebPage\",\"@id\":\"https:\/\/old.epodex-industries.com\/de\/produkt\/schraubzwinge-50x150mm\/\",\"url\":\"https:\/\/old.epodex-industries.com\/de\/produkt\/schraubzwinge-50x150mm\/\",\"name\":\"Schraubzwinge 50x150mm - EPODEX Industries | B2B Plattform\",\"isPartOf\":{\"@id\":\"https:\/\/old.epodex-industries.com\/fr\/#website\"},\"primaryImageOfPage\":{\"@id\":\"https:\/\/old.epodex-industries.com\/de\/produkt\/schraubzwinge-50x150mm\/#primaryimage\"},\"image\":{\"@id\":\"https:\/\/old.epodex-industries.com\/de\/produkt\/schraubzwinge-50x150mm\/#primaryimage\"},\"thumbnailUrl\":\"https:\/\/old.epodex-industries.com\/wp-content\/uploads\/2023\/06\/schraubzwinge-klein.jpg\",\"datePublished\":\"2024-03-17T20:16:59+00:00\",\"dateModified\":\"2025-01-07T10:14:39+00:00\",\"breadcrumb\":{\"@id\":\"https:\/\/old.epodex-industries.com\/de\/produkt\/schraubzwinge-50x150mm\/#breadcrumb\"},\"inLanguage\":\"en-US\",\"potentialAction\":[{\"@type\":\"ReadAction\",\"target\":[\"https:\/\/old.epodex-industries.com\/de\/produkt\/schraubzwinge-50x150mm\/\"]}]},{\"@type\":\"ImageObject\",\"inLanguage\":\"en-US\",\"@id\":\"https:\/\/old.epodex-industries.com\/de\/produkt\/schraubzwinge-50x150mm\/#primaryimage\",\"url\":\"https:\/\/old.epodex-industries.com\/wp-content\/uploads\/2023\/06\/schraubzwinge-klein.jpg\",\"contentUrl\":\"https:\/\/old.epodex-industries.com\/wp-content\/uploads\/2023\/06\/schraubzwinge-klein.jpg\",\"width\":1200,\"height\":800},{\"@type\":\"BreadcrumbList\",\"@id\":\"https:\/\/old.epodex-industries.com\/de\/produkt\/schraubzwinge-50x150mm\/#breadcrumb\",\"itemListElement\":[{\"@type\":\"ListItem\",\"position\":1,\"name\":\"Startseite\",\"item\":\"https:\/\/old.epodex-industries.com\/en\/\"},{\"@type\":\"ListItem\",\"position\":2,\"name\":\"Shop\",\"item\":\"https:\/\/old.epodex-industries.com\/en\/shop\/\"},{\"@type\":\"ListItem\",\"position\":3,\"name\":\"Schraubzwinge 50x150mm\"}]},{\"@type\":\"WebSite\",\"@id\":\"https:\/\/old.epodex-industries.com\/fr\/#website\",\"url\":\"https:\/\/old.epodex-industries.com\/fr\/\",\"name\":\"EPODEX Industries | B2B Plattform\",\"description\":\"Hersteller + Gro\u00dfhandel f\u00fcr Baustoffe\",\"publisher\":{\"@id\":\"https:\/\/old.epodex-industries.com\/fr\/#organization\"},\"alternateName\":\"EPODEX Industries | Hersteller + Gro\u00dfhandel f\u00fcr Baustoffe\",\"potentialAction\":[{\"@type\":\"SearchAction\",\"target\":{\"@type\":\"EntryPoint\",\"urlTemplate\":\"https:\/\/old.epodex-industries.com\/fr\/?s={search_term_string}\"},\"query-input\":{\"@type\":\"PropertyValueSpecification\",\"valueRequired\":true,\"valueName\":\"search_term_string\"}}],\"inLanguage\":\"en-US\"},{\"@type\":\"Organization\",\"@id\":\"https:\/\/old.epodex-industries.com\/fr\/#organization\",\"name\":\"EPODEX Industries\",\"url\":\"https:\/\/old.epodex-industries.com\/fr\/\",\"logo\":{\"@type\":\"ImageObject\",\"inLanguage\":\"en-US\",\"@id\":\"https:\/\/old.epodex-industries.com\/fr\/#\/schema\/logo\/image\/\",\"url\":\"https:\/\/www.epodex-industries.com\/wp-content\/uploads\/2023\/06\/Logo-Epodex-Rechnung.jpg\",\"contentUrl\":\"https:\/\/www.epodex-industries.com\/wp-content\/uploads\/2023\/06\/Logo-Epodex-Rechnung.jpg\",\"width\":261,\"height\":50,\"caption\":\"EPODEX Industries\"},\"image\":{\"@id\":\"https:\/\/old.epodex-industries.com\/fr\/#\/schema\/logo\/image\/\"},\"sameAs\":[\"https:\/\/www.facebook.com\/Epodex\/\",\"https:\/\/www.instagram.com\/epodex_official\/\",\"https:\/\/www.pinterest.de\/epodex_com\/\",\"https:\/\/www.youtube.com\/channel\/UC7lFrJ9YpN1yg43sTc6q3ow\"]}]}<\/script>\n<!-- \/ Yoast SEO plugin. -->","yoast_head_json":{"title":"Schraubzwinge 50x150mm - EPODEX Industries | B2B Plattform","robots":{"index":"index","follow":"follow","max-snippet":"max-snippet:-1","max-image-preview":"max-image-preview:large","max-video-preview":"max-video-preview:-1"},"canonical":"https:\/\/old.epodex-industries.com\/de\/produkt\/schraubzwinge-50x150mm\/","og_locale":"en_US","og_type":"article","og_title":"Schraubzwinge 50x150mm - EPODEX Industries | B2B Plattform","og_description":"EPODEX Schraubzwingen bestehen aus hochwertigem Werkzeugstahl und sind rostbest\u00e4ndig und langlebig. Zur Befestigung von verschiedenen Materialen, Teilen oder Gegenst\u00e4nden geeignet. Ideal f\u00fcr alle Handwerker, Tischler, M\u00f6belhersteller und Schreiner. Leimen Sie z. B. zwei Werkst\u00fccke aus Holz miteinander und fixieren Sie diese mit unseren Schraubzwingen. EPODEX Schraubzwingen lassen sich mit Bedienung des Soft-Touch-Griffs stufenlos l\u00f6sen und anziehen. Dank dem gummierten Kunststoff-Griff k\u00f6nnen Sie die Spannkraft pr\u00e4zise und kr\u00e4fteschonend einstellen. Schraubzwingen \/ Klemmzwingen von EPODEX50 x 150mm (300g)Oberfl\u00e4che: Pulverbeschichtung und Nickel-Eisen-Beschichtung Material: Temperguss-StahlDruckplatte und Spannbacke mit PlastikschutzkappenBewegliche Spannbacken","og_url":"https:\/\/old.epodex-industries.com\/de\/produkt\/schraubzwinge-50x150mm\/","og_site_name":"EPODEX Industries | B2B Plattform","article_publisher":"https:\/\/www.facebook.com\/Epodex\/","article_modified_time":"2025-01-07T10:14:39+00:00","og_image":[{"width":1200,"height":800,"url":"https:\/\/old.epodex-industries.com\/wp-content\/uploads\/2023\/06\/schraubzwinge-klein.jpg","type":"image\/jpeg"}],"twitter_card":"summary_large_image","schema":{"@context":"https:\/\/schema.org","@graph":[{"@type":"WebPage","@id":"https:\/\/old.epodex-industries.com\/de\/produkt\/schraubzwinge-50x150mm\/","url":"https:\/\/old.epodex-industries.com\/de\/produkt\/schraubzwinge-50x150mm\/","name":"Schraubzwinge 50x150mm - EPODEX Industries | B2B Plattform","isPartOf":{"@id":"https:\/\/old.epodex-industries.com\/fr\/#website"},"primaryImageOfPage":{"@id":"https:\/\/old.epodex-industries.com\/de\/produkt\/schraubzwinge-50x150mm\/#primaryimage"},"image":{"@id":"https:\/\/old.epodex-industries.com\/de\/produkt\/schraubzwinge-50x150mm\/#primaryimage"},"thumbnailUrl":"https:\/\/old.epodex-industries.com\/wp-content\/uploads\/2023\/06\/schraubzwinge-klein.jpg","datePublished":"2024-03-17T20:16:59+00:00","dateModified":"2025-01-07T10:14:39+00:00","breadcrumb":{"@id":"https:\/\/old.epodex-industries.com\/de\/produkt\/schraubzwinge-50x150mm\/#breadcrumb"},"inLanguage":"en-US","potentialAction":[{"@type":"ReadAction","target":["https:\/\/old.epodex-industries.com\/de\/produkt\/schraubzwinge-50x150mm\/"]}]},{"@type":"ImageObject","inLanguage":"en-US","@id":"https:\/\/old.epodex-industries.com\/de\/produkt\/schraubzwinge-50x150mm\/#primaryimage","url":"https:\/\/old.epodex-industries.com\/wp-content\/uploads\/2023\/06\/schraubzwinge-klein.jpg","contentUrl":"https:\/\/old.epodex-industries.com\/wp-content\/uploads\/2023\/06\/schraubzwinge-klein.jpg","width":1200,"height":800},{"@type":"BreadcrumbList","@id":"https:\/\/old.epodex-industries.com\/de\/produkt\/schraubzwinge-50x150mm\/#breadcrumb","itemListElement":[{"@type":"ListItem","position":1,"name":"Startseite","item":"https:\/\/old.epodex-industries.com\/en\/"},{"@type":"ListItem","position":2,"name":"Shop","item":"https:\/\/old.epodex-industries.com\/en\/shop\/"},{"@type":"ListItem","position":3,"name":"Schraubzwinge 50x150mm"}]},{"@type":"WebSite","@id":"https:\/\/old.epodex-industries.com\/fr\/#website","url":"https:\/\/old.epodex-industries.com\/fr\/","name":"EPODEX Industries | B2B Plattform","description":"Hersteller + Gro\u00dfhandel f\u00fcr Baustoffe","publisher":{"@id":"https:\/\/old.epodex-industries.com\/fr\/#organization"},"alternateName":"EPODEX Industries | Hersteller + Gro\u00dfhandel f\u00fcr Baustoffe","potentialAction":[{"@type":"SearchAction","target":{"@type":"EntryPoint","urlTemplate":"https:\/\/old.epodex-industries.com\/fr\/?s={search_term_string}"},"query-input":{"@type":"PropertyValueSpecification","valueRequired":true,"valueName":"search_term_string"}}],"inLanguage":"en-US"},{"@type":"Organization","@id":"https:\/\/old.epodex-industries.com\/fr\/#organization","name":"EPODEX Industries","url":"https:\/\/old.epodex-industries.com\/fr\/","logo":{"@type":"ImageObject","inLanguage":"en-US","@id":"https:\/\/old.epodex-industries.com\/fr\/#\/schema\/logo\/image\/","url":"https:\/\/www.epodex-industries.com\/wp-content\/uploads\/2023\/06\/Logo-Epodex-Rechnung.jpg","contentUrl":"https:\/\/www.epodex-industries.com\/wp-content\/uploads\/2023\/06\/Logo-Epodex-Rechnung.jpg","width":261,"height":50,"caption":"EPODEX Industries"},"image":{"@id":"https:\/\/old.epodex-industries.com\/fr\/#\/schema\/logo\/image\/"},"sameAs":["https:\/\/www.facebook.com\/Epodex\/","https:\/\/www.instagram.com\/epodex_official\/","https:\/\/www.pinterest.de\/epodex_com\/","https:\/\/www.youtube.com\/channel\/UC7lFrJ9YpN1yg43sTc6q3ow"]}]}},"_links":{"self":[{"href":"https:\/\/old.epodex-industries.com\/en\/wp-json\/wp\/v2\/product\/16121","targetHints":{"allow":["GET"]}}],"collection":[{"href":"https:\/\/old.epodex-industries.com\/en\/wp-json\/wp\/v2\/product"}],"about":[{"href":"https:\/\/old.epodex-industries.com\/en\/wp-json\/wp\/v2\/types\/product"}],"replies":[{"embeddable":true,"href":"https:\/\/old.epodex-industries.com\/en\/wp-json\/wp\/v2\/comments?post=16121"}],"wp:featuredmedia":[{"embeddable":true,"href":"https:\/\/old.epodex-industries.com\/en\/wp-json\/wp\/v2\/media\/617"}],"wp:attachment":[{"href":"https:\/\/old.epodex-industries.com\/en\/wp-json\/wp\/v2\/media?parent=16121"}],"wp:term":[{"taxonomy":"product_brand","embeddable":true,"href":"https:\/\/old.epodex-industries.com\/en\/wp-json\/wp\/v2\/product_brand?post=16121"},{"taxonomy":"product_cat","embeddable":true,"href":"https:\/\/old.epodex-industries.com\/en\/wp-json\/wp\/v2\/product_cat?post=16121"},{"taxonomy":"product_tag","embeddable":true,"href":"https:\/\/old.epodex-industries.com\/en\/wp-json\/wp\/v2\/product_tag?post=16121"}],"curies":[{"name":"wp","href":"https:\/\/api.w.org\/{rel}","templated":true}]}}