{"id":13569,"date":"2024-01-21T13:56:18","date_gmt":"2024-01-21T12:56:18","guid":{"rendered":"https:\/\/www.epodex-industries.com\/?page_id=13569"},"modified":"2024-01-21T13:57:03","modified_gmt":"2024-01-21T12:57:03","slug":"products","status":"publish","type":"page","link":"https:\/\/old.epodex-industries.com\/en\/products\/","title":{"rendered":"Products"},"content":{"rendered":"<div class=\"wpb-content-wrapper\"><p>[vc_row full_width=&#8221;stretch_row_content&#8221; el_class=&#8221;trust_area&#8221; css=&#8221;.vc_custom_1693075441051{padding-bottom: 40px !important;}&#8221;][vc_column]                <div class=\"vc-custom-tabs-holder has-ajax-products-lightbox main_style \">\n\n                    <div class=\"tabs-titles-holder  hidden \">\n\t\t\t\t\t\t                            <a href=\"javascript:;\"\n                               data-id=\"1\"  class=\"active\" >Categories<\/a>\n\t\t\t\t\t\t                    <\/div>\n\t\t\t\t\t                        <div class=\"visible-items-tab active\"\n                             data-id=\"1\">\n                            <div id=\"slider-GRSTPk\"\n                                 class=\"tabs-items-holder disable-desktop disable-mobile\"\n                                 data-mobile_hscroll=\"\"\n                                 data-desktop-count=\"4\"\n                                 data-mobile-count=\"2\"\n                                 data-tablet-count=\"2\">\n\t\t\t\t\t\t\t\t                                    <div class=\"vc-items-slide-item \"\n                                         style=\"padding: 10px 5px;\">\n                                        <div class=\"item-holder\"  style=\"background-color: #ffffff\" >\n                                            <div class=\"img-holder \">\n                                                <div class=\"bg-color\">\n                                                    <a class=\"item-img\" href=\"#\">\n\t\t\t\t\t\t\t\t\t\t\t\t\t\t<img loading=\"lazy\" decoding=\"async\" width=\"2000\" height=\"1400\" src=\"https:\/\/old.epodex-industries.com\/wp-content\/uploads\/2021\/12\/epodex-epoxy-epoxidharz-hersteller.jpg\" class=\"attachment-full size-full wvs-archive-product-image\" alt=\"epodex epoxy epoxidharz hersteller\" title=\"epodex epoxy epoxidharz hersteller\" srcset=\"https:\/\/old.epodex-industries.com\/wp-content\/uploads\/2021\/12\/epodex-epoxy-epoxidharz-hersteller.jpg 2000w, https:\/\/old.epodex-industries.com\/wp-content\/uploads\/2021\/12\/epodex-epoxy-epoxidharz-hersteller-1200x840.jpg 1200w, https:\/\/old.epodex-industries.com\/wp-content\/uploads\/2021\/12\/epodex-epoxy-epoxidharz-hersteller-300x210.jpg 300w, https:\/\/old.epodex-industries.com\/wp-content\/uploads\/2021\/12\/epodex-epoxy-epoxidharz-hersteller-1024x717.jpg 1024w, https:\/\/old.epodex-industries.com\/wp-content\/uploads\/2021\/12\/epodex-epoxy-epoxidharz-hersteller-768x538.jpg 768w, https:\/\/old.epodex-industries.com\/wp-content\/uploads\/2021\/12\/epodex-epoxy-epoxidharz-hersteller-1536x1075.jpg 1536w, https:\/\/old.epodex-industries.com\/wp-content\/uploads\/2021\/12\/epodex-epoxy-epoxidharz-hersteller-600x420.jpg 600w\" sizes=\"auto, (max-width: 2000px) 100vw, 2000px\" \/>                                                    <\/a>\n                                                <\/div>\n                                            <\/div>\n                                            <div class=\"txt-holder\">\n\t\t\t\t\t\t\t\t\t\t\t\t                                                    <span class=\"left-border\"><\/span>\n\t\t\t\t\t\t\t\t\t\t\t\t\t\t\t\t\t\t\t\t\t\t\t\t                                                    <a href=\"#\" class=\"item-title\">\n                                                        <span class=\"ctg-heading\">\n\t\t\t\t                                            Resins                                                        <\/span>\n                                                    <\/a>\n\t\t\t\t\t\t\t\t\t\t\t\t\t\t\t\t\t\t\t\t\t\t\t\t                                                    <div class=\"info-holder\">\n                                                        <div class=\"item-description\">\n\t\t\t\t\t\t\t\t\t\t\t\t\t\t\t\t\t\t\t\t\t\t\t\t\t\t\t\t\t\t\tEpoxidharze und Polyurethanharze f\u00fcr alle Anwendungen in Gebinde oder IBCs                                                        <\/div>\n\t\t\t\t\t\t\t\t\t\t\t\t\t\t\t\t\t\t\t\t\t\t\t\t\t\t\t\t\t                                                                <a href=\"#\"\n                                                                   class=\"rm-link\"> see resins<\/a>\n\t\t\t\t\t\t\t\t\t\t\t\t\t\t\t\t\t\t\t\t\t\t\t\t\t\t\t\t\t\t\t\t\t\t\t\t\t\t\t\t\t\t\t\t                                                    <\/div>\n\t\t\t\t\t\t\t\t\t\t\t\t                                            <\/div>\n\t\t\t\t\t\t\t\t\t\t\t                                        <\/div>\n                                    <\/div>\n\n\t\t\t\t\t\t\t\t                                    <div class=\"vc-items-slide-item \"\n                                         style=\"padding: 10px 5px;\">\n                                        <div class=\"item-holder\"  style=\"background-color: #ffffff\" >\n                                            <div class=\"img-holder \">\n                                                <div class=\"bg-color\">\n                                                    <a class=\"item-img\" href=\"#\">\n\t\t\t\t\t\t\t\t\t\t\t\t\t\t<img loading=\"lazy\" decoding=\"async\" width=\"1200\" height=\"800\" src=\"https:\/\/old.epodex-industries.com\/wp-content\/uploads\/2023\/07\/Lacke-Farben-epodex-b2b.jpg\" class=\"attachment-full size-full wvs-archive-product-image\" alt=\"Lacke Farben epodex b2b\" title=\"Lacke Farben epodex b2b\" srcset=\"https:\/\/old.epodex-industries.com\/wp-content\/uploads\/2023\/07\/Lacke-Farben-epodex-b2b.jpg 1200w, https:\/\/old.epodex-industries.com\/wp-content\/uploads\/2023\/07\/Lacke-Farben-epodex-b2b-600x400.jpg 600w, https:\/\/old.epodex-industries.com\/wp-content\/uploads\/2023\/07\/Lacke-Farben-epodex-b2b-1024x683.jpg 1024w, https:\/\/old.epodex-industries.com\/wp-content\/uploads\/2023\/07\/Lacke-Farben-epodex-b2b-300x200.jpg 300w, https:\/\/old.epodex-industries.com\/wp-content\/uploads\/2023\/07\/Lacke-Farben-epodex-b2b-768x512.jpg 768w, https:\/\/old.epodex-industries.com\/wp-content\/uploads\/2023\/07\/Lacke-Farben-epodex-b2b-800x533.jpg 800w\" sizes=\"auto, (max-width: 1200px) 100vw, 1200px\" \/>                                                    <\/a>\n                                                <\/div>\n                                            <\/div>\n                                            <div class=\"txt-holder\">\n\t\t\t\t\t\t\t\t\t\t\t\t                                                    <span class=\"left-border\"><\/span>\n\t\t\t\t\t\t\t\t\t\t\t\t\t\t\t\t\t\t\t\t\t\t\t\t                                                    <a href=\"#\" class=\"item-title\">\n                                                        <span class=\"ctg-heading\">\n\t\t\t\t                                            Colors                                                        <\/span>\n                                                    <\/a>\n\t\t\t\t\t\t\t\t\t\t\t\t\t\t\t\t\t\t\t\t\t\t\t\t                                                    <div class=\"info-holder\">\n                                                        <div class=\"item-description\">\n\t\t\t\t\t\t\t\t\t\t\t\t\t\t\t\t\t\t\t\t\t\t\t\t\t\t\t\t\t\t\tFarben f\u00fcr W\u00e4nde, B\u00f6den, Fliesen, Holz, Beton und mehr. In unterschiedlichen Mengen und in allen Farbt\u00f6nen.                                                         <\/div>\n\t\t\t\t\t\t\t\t\t\t\t\t\t\t\t\t\t\t\t\t\t\t\t\t\t\t\t\t\t                                                                <a href=\"#\"\n                                                                   class=\"rm-link\"> see colors<\/a>\n\t\t\t\t\t\t\t\t\t\t\t\t\t\t\t\t\t\t\t\t\t\t\t\t\t\t\t\t\t\t\t\t\t\t\t\t\t\t\t\t\t\t\t\t                                                    <\/div>\n\t\t\t\t\t\t\t\t\t\t\t\t                                            <\/div>\n\t\t\t\t\t\t\t\t\t\t\t                                        <\/div>\n                                    <\/div>\n\n\t\t\t\t\t\t\t\t                                    <div class=\"vc-items-slide-item \"\n                                         style=\"padding: 10px 5px;\">\n                                        <div class=\"item-holder\"  style=\"background-color: #ffffff\" >\n                                            <div class=\"img-holder \">\n                                                <div class=\"bg-color\">\n                                                    <a class=\"item-img\" href=\"#\">\n\t\t\t\t\t\t\t\t\t\t\t\t\t\t<img loading=\"lazy\" decoding=\"async\" width=\"1200\" height=\"800\" src=\"https:\/\/old.epodex-industries.com\/wp-content\/uploads\/2023\/07\/epodex-farbstoffe.jpg\" class=\"attachment-full size-full wvs-archive-product-image\" alt=\"epodex farbstoffe\" title=\"epodex farbstoffe\" srcset=\"https:\/\/old.epodex-industries.com\/wp-content\/uploads\/2023\/07\/epodex-farbstoffe.jpg 1200w, https:\/\/old.epodex-industries.com\/wp-content\/uploads\/2023\/07\/epodex-farbstoffe-600x400.jpg 600w, https:\/\/old.epodex-industries.com\/wp-content\/uploads\/2023\/07\/epodex-farbstoffe-1024x683.jpg 1024w, https:\/\/old.epodex-industries.com\/wp-content\/uploads\/2023\/07\/epodex-farbstoffe-300x200.jpg 300w, https:\/\/old.epodex-industries.com\/wp-content\/uploads\/2023\/07\/epodex-farbstoffe-768x512.jpg 768w, https:\/\/old.epodex-industries.com\/wp-content\/uploads\/2023\/07\/epodex-farbstoffe-800x533.jpg 800w\" sizes=\"auto, (max-width: 1200px) 100vw, 1200px\" \/>                                                    <\/a>\n                                                <\/div>\n                                            <\/div>\n                                            <div class=\"txt-holder\">\n\t\t\t\t\t\t\t\t\t\t\t\t                                                    <span class=\"left-border\"><\/span>\n\t\t\t\t\t\t\t\t\t\t\t\t\t\t\t\t\t\t\t\t\t\t\t\t                                                    <a href=\"#\" class=\"item-title\">\n                                                        <span class=\"ctg-heading\">\n\t\t\t\t                                            Dyes                                                        <\/span>\n                                                    <\/a>\n\t\t\t\t\t\t\t\t\t\t\t\t\t\t\t\t\t\t\t\t\t\t\t\t                                                    <div class=\"info-holder\">\n                                                        <div class=\"item-description\">\n\t\t\t\t\t\t\t\t\t\t\t\t\t\t\t\t\t\t\t\t\t\t\t\t\t\t\t\t\t\t\tPigmente und Farbpasten f\u00fcr Kunstharze und mehr. Verf\u00fcgbar in allen Farben                                                        <\/div>\n\t\t\t\t\t\t\t\t\t\t\t\t\t\t\t\t\t\t\t\t\t\t\t\t\t\t\t\t\t                                                                <a href=\"#\"\n                                                                   class=\"rm-link\"> see colorants<\/a>\n\t\t\t\t\t\t\t\t\t\t\t\t\t\t\t\t\t\t\t\t\t\t\t\t\t\t\t\t\t\t\t\t\t\t\t\t\t\t\t\t\t\t\t\t                                                    <\/div>\n\t\t\t\t\t\t\t\t\t\t\t\t                                            <\/div>\n\t\t\t\t\t\t\t\t\t\t\t                                        <\/div>\n                                    <\/div>\n\n\t\t\t\t\t\t\t\t                                    <div class=\"vc-items-slide-item \"\n                                         style=\"padding: 10px 5px;\">\n                                        <div class=\"item-holder\"  style=\"background-color: #ffffff\" >\n                                            <div class=\"img-holder \">\n                                                <div class=\"bg-color\">\n                                                    <a class=\"item-img\" href=\"https:\/\/www.epodex-industries.com\/de\/kategorie\/zubehoer\/\">\n\t\t\t\t\t\t\t\t\t\t\t\t\t\t<img loading=\"lazy\" decoding=\"async\" width=\"1200\" height=\"795\" src=\"https:\/\/old.epodex-industries.com\/wp-content\/uploads\/2023\/07\/epodex-zubehoer.jpg\" class=\"attachment-full size-full wvs-archive-product-image\" alt=\"epodex zubehoer\" title=\"epodex zubehoer\" srcset=\"https:\/\/old.epodex-industries.com\/wp-content\/uploads\/2023\/07\/epodex-zubehoer.jpg 1200w, https:\/\/old.epodex-industries.com\/wp-content\/uploads\/2023\/07\/epodex-zubehoer-600x398.jpg 600w, https:\/\/old.epodex-industries.com\/wp-content\/uploads\/2023\/07\/epodex-zubehoer-1024x678.jpg 1024w, https:\/\/old.epodex-industries.com\/wp-content\/uploads\/2023\/07\/epodex-zubehoer-300x200.jpg 300w, https:\/\/old.epodex-industries.com\/wp-content\/uploads\/2023\/07\/epodex-zubehoer-768x509.jpg 768w\" sizes=\"auto, (max-width: 1200px) 100vw, 1200px\" \/>                                                    <\/a>\n                                                <\/div>\n                                            <\/div>\n                                            <div class=\"txt-holder\">\n\t\t\t\t\t\t\t\t\t\t\t\t                                                    <span class=\"left-border\"><\/span>\n\t\t\t\t\t\t\t\t\t\t\t\t\t\t\t\t\t\t\t\t\t\t\t\t                                                    <a href=\"https:\/\/www.epodex-industries.com\/de\/kategorie\/zubehoer\/\" class=\"item-title\">\n                                                        <span class=\"ctg-heading\">\n\t\t\t\t                                            Accesories                                                        <\/span>\n                                                    <\/a>\n\t\t\t\t\t\t\t\t\t\t\t\t\t\t\t\t\t\t\t\t\t\t\t\t                                                    <div class=\"info-holder\">\n                                                        <div class=\"item-description\">\n\t\t\t\t\t\t\t\t\t\t\t\t\t\t\t\t\t\t\t\t\t\t\t\t\t\t\t\t\t\t\tPassendes Zubeh\u00f6r zur Verarbeitung unserer Produkte in bester Qualit\u00e4t                                                        <\/div>\n\t\t\t\t\t\t\t\t\t\t\t\t\t\t\t\t\t\t\t\t\t\t\t\t\t\t\t\t\t                                                                <a href=\"https:\/\/www.epodex-industries.com\/de\/kategorie\/zubehoer\/\"\n                                                                   class=\"rm-link\"> see products<\/a>\n\t\t\t\t\t\t\t\t\t\t\t\t\t\t\t\t\t\t\t\t\t\t\t\t\t\t\t\t\t\t\t\t\t\t\t\t\t\t\t\t\t\t\t\t                                                    <\/div>\n\t\t\t\t\t\t\t\t\t\t\t\t                                            <\/div>\n\t\t\t\t\t\t\t\t\t\t\t                                        <\/div>\n                                    <\/div>\n\n\t\t\t\t\t\t\t\t                            <\/div>\n                        <\/div>\n\t\t\t\t\t\t\t\t\t\t                <\/div>\n\t\t\t[\/vc_column][\/vc_row]<\/p>\n<\/div>","protected":false},"excerpt":{"rendered":"<p>[vc_row full_width=&#8221;stretch_row_content&#8221; el_class=&#8221;trust_area&#8221; css=&#8221;.vc_custom_1693075441051{padding-bottom: 40px !important;}&#8221;][vc_column][\/vc_column][\/vc_row]<\/p>\n","protected":false},"author":4,"featured_media":0,"parent":0,"menu_order":0,"comment_status":"closed","ping_status":"closed","template":"","meta":{"footnotes":""},"class_list":["post-13569","page","type-page","status-publish","hentry"],"yoast_head":"<!-- This site is optimized with the Yoast SEO plugin v26.7 - https:\/\/yoast.com\/wordpress\/plugins\/seo\/ -->\n<title>Products - EPODEX Industries | B2B Plattform<\/title>\n<meta name=\"description\" content=\"Epoxy resins and PU resins | Microcement | Paints and varnishes | Accessories | Tile paint, floor paint, wall paint and more\" \/>\n<meta name=\"robots\" content=\"index, follow, max-snippet:-1, max-image-preview:large, max-video-preview:-1\" \/>\n<link rel=\"canonical\" href=\"https:\/\/old.epodex-industries.com\/en\/products\/\" \/>\n<meta property=\"og:locale\" content=\"en_US\" \/>\n<meta property=\"og:type\" content=\"article\" \/>\n<meta property=\"og:title\" content=\"Products - EPODEX Industries | B2B Plattform\" \/>\n<meta property=\"og:description\" content=\"Epoxy resins and PU resins | Microcement | Paints and varnishes | Accessories | Tile paint, floor paint, wall paint and more\" \/>\n<meta property=\"og:url\" content=\"https:\/\/old.epodex-industries.com\/en\/products\/\" \/>\n<meta property=\"og:site_name\" content=\"EPODEX Industries | B2B Plattform\" \/>\n<meta property=\"article:publisher\" content=\"https:\/\/www.facebook.com\/Epodex\/\" \/>\n<meta property=\"article:modified_time\" content=\"2024-01-21T12:57:03+00:00\" \/>\n<meta name=\"twitter:card\" content=\"summary_large_image\" \/>\n<meta name=\"twitter:label1\" content=\"Est. reading time\" \/>\n\t<meta name=\"twitter:data1\" content=\"1 minute\" \/>\n<script type=\"application\/ld+json\" class=\"yoast-schema-graph\">{\"@context\":\"https:\/\/schema.org\",\"@graph\":[{\"@type\":\"WebPage\",\"@id\":\"https:\/\/old.epodex-industries.com\/en\/products\/\",\"url\":\"https:\/\/old.epodex-industries.com\/en\/products\/\",\"name\":\"Products - EPODEX Industries | B2B Plattform\",\"isPartOf\":{\"@id\":\"https:\/\/old.epodex-industries.com\/fr\/#website\"},\"datePublished\":\"2024-01-21T12:56:18+00:00\",\"dateModified\":\"2024-01-21T12:57:03+00:00\",\"description\":\"Epoxy resins and PU resins | Microcement | Paints and varnishes | Accessories | Tile paint, floor paint, wall paint and more\",\"breadcrumb\":{\"@id\":\"https:\/\/old.epodex-industries.com\/en\/products\/#breadcrumb\"},\"inLanguage\":\"en-US\",\"potentialAction\":[{\"@type\":\"ReadAction\",\"target\":[\"https:\/\/old.epodex-industries.com\/en\/products\/\"]}]},{\"@type\":\"BreadcrumbList\",\"@id\":\"https:\/\/old.epodex-industries.com\/en\/products\/#breadcrumb\",\"itemListElement\":[{\"@type\":\"ListItem\",\"position\":1,\"name\":\"Startseite\",\"item\":\"https:\/\/old.epodex-industries.com\/en\/\"},{\"@type\":\"ListItem\",\"position\":2,\"name\":\"Products\"}]},{\"@type\":\"WebSite\",\"@id\":\"https:\/\/old.epodex-industries.com\/fr\/#website\",\"url\":\"https:\/\/old.epodex-industries.com\/fr\/\",\"name\":\"EPODEX Industries | B2B Plattform\",\"description\":\"Hersteller + Gro\u00dfhandel f\u00fcr Baustoffe\",\"publisher\":{\"@id\":\"https:\/\/old.epodex-industries.com\/fr\/#organization\"},\"alternateName\":\"EPODEX Industries | Hersteller + Gro\u00dfhandel f\u00fcr Baustoffe\",\"potentialAction\":[{\"@type\":\"SearchAction\",\"target\":{\"@type\":\"EntryPoint\",\"urlTemplate\":\"https:\/\/old.epodex-industries.com\/fr\/?s={search_term_string}\"},\"query-input\":{\"@type\":\"PropertyValueSpecification\",\"valueRequired\":true,\"valueName\":\"search_term_string\"}}],\"inLanguage\":\"en-US\"},{\"@type\":\"Organization\",\"@id\":\"https:\/\/old.epodex-industries.com\/fr\/#organization\",\"name\":\"EPODEX Industries\",\"url\":\"https:\/\/old.epodex-industries.com\/fr\/\",\"logo\":{\"@type\":\"ImageObject\",\"inLanguage\":\"en-US\",\"@id\":\"https:\/\/old.epodex-industries.com\/fr\/#\/schema\/logo\/image\/\",\"url\":\"https:\/\/www.epodex-industries.com\/wp-content\/uploads\/2023\/06\/Logo-Epodex-Rechnung.jpg\",\"contentUrl\":\"https:\/\/www.epodex-industries.com\/wp-content\/uploads\/2023\/06\/Logo-Epodex-Rechnung.jpg\",\"width\":261,\"height\":50,\"caption\":\"EPODEX Industries\"},\"image\":{\"@id\":\"https:\/\/old.epodex-industries.com\/fr\/#\/schema\/logo\/image\/\"},\"sameAs\":[\"https:\/\/www.facebook.com\/Epodex\/\",\"https:\/\/www.instagram.com\/epodex_official\/\",\"https:\/\/www.pinterest.de\/epodex_com\/\",\"https:\/\/www.youtube.com\/channel\/UC7lFrJ9YpN1yg43sTc6q3ow\"]}]}<\/script>\n<!-- \/ Yoast SEO plugin. -->","yoast_head_json":{"title":"Products - EPODEX Industries | B2B Plattform","description":"Epoxy resins and PU resins | Microcement | Paints and varnishes | Accessories | Tile paint, floor paint, wall paint and more","robots":{"index":"index","follow":"follow","max-snippet":"max-snippet:-1","max-image-preview":"max-image-preview:large","max-video-preview":"max-video-preview:-1"},"canonical":"https:\/\/old.epodex-industries.com\/en\/products\/","og_locale":"en_US","og_type":"article","og_title":"Products - EPODEX Industries | B2B Plattform","og_description":"Epoxy resins and PU resins | Microcement | Paints and varnishes | Accessories | Tile paint, floor paint, wall paint and more","og_url":"https:\/\/old.epodex-industries.com\/en\/products\/","og_site_name":"EPODEX Industries | B2B Plattform","article_publisher":"https:\/\/www.facebook.com\/Epodex\/","article_modified_time":"2024-01-21T12:57:03+00:00","twitter_card":"summary_large_image","twitter_misc":{"Est. reading time":"1 minute"},"schema":{"@context":"https:\/\/schema.org","@graph":[{"@type":"WebPage","@id":"https:\/\/old.epodex-industries.com\/en\/products\/","url":"https:\/\/old.epodex-industries.com\/en\/products\/","name":"Products - EPODEX Industries | B2B Plattform","isPartOf":{"@id":"https:\/\/old.epodex-industries.com\/fr\/#website"},"datePublished":"2024-01-21T12:56:18+00:00","dateModified":"2024-01-21T12:57:03+00:00","description":"Epoxy resins and PU resins | Microcement | Paints and varnishes | Accessories | Tile paint, floor paint, wall paint and more","breadcrumb":{"@id":"https:\/\/old.epodex-industries.com\/en\/products\/#breadcrumb"},"inLanguage":"en-US","potentialAction":[{"@type":"ReadAction","target":["https:\/\/old.epodex-industries.com\/en\/products\/"]}]},{"@type":"BreadcrumbList","@id":"https:\/\/old.epodex-industries.com\/en\/products\/#breadcrumb","itemListElement":[{"@type":"ListItem","position":1,"name":"Startseite","item":"https:\/\/old.epodex-industries.com\/en\/"},{"@type":"ListItem","position":2,"name":"Products"}]},{"@type":"WebSite","@id":"https:\/\/old.epodex-industries.com\/fr\/#website","url":"https:\/\/old.epodex-industries.com\/fr\/","name":"EPODEX Industries | B2B Plattform","description":"Hersteller + Gro\u00dfhandel f\u00fcr Baustoffe","publisher":{"@id":"https:\/\/old.epodex-industries.com\/fr\/#organization"},"alternateName":"EPODEX Industries | Hersteller + Gro\u00dfhandel f\u00fcr Baustoffe","potentialAction":[{"@type":"SearchAction","target":{"@type":"EntryPoint","urlTemplate":"https:\/\/old.epodex-industries.com\/fr\/?s={search_term_string}"},"query-input":{"@type":"PropertyValueSpecification","valueRequired":true,"valueName":"search_term_string"}}],"inLanguage":"en-US"},{"@type":"Organization","@id":"https:\/\/old.epodex-industries.com\/fr\/#organization","name":"EPODEX Industries","url":"https:\/\/old.epodex-industries.com\/fr\/","logo":{"@type":"ImageObject","inLanguage":"en-US","@id":"https:\/\/old.epodex-industries.com\/fr\/#\/schema\/logo\/image\/","url":"https:\/\/www.epodex-industries.com\/wp-content\/uploads\/2023\/06\/Logo-Epodex-Rechnung.jpg","contentUrl":"https:\/\/www.epodex-industries.com\/wp-content\/uploads\/2023\/06\/Logo-Epodex-Rechnung.jpg","width":261,"height":50,"caption":"EPODEX Industries"},"image":{"@id":"https:\/\/old.epodex-industries.com\/fr\/#\/schema\/logo\/image\/"},"sameAs":["https:\/\/www.facebook.com\/Epodex\/","https:\/\/www.instagram.com\/epodex_official\/","https:\/\/www.pinterest.de\/epodex_com\/","https:\/\/www.youtube.com\/channel\/UC7lFrJ9YpN1yg43sTc6q3ow"]}]}},"_links":{"self":[{"href":"https:\/\/old.epodex-industries.com\/en\/wp-json\/wp\/v2\/pages\/13569","targetHints":{"allow":["GET"]}}],"collection":[{"href":"https:\/\/old.epodex-industries.com\/en\/wp-json\/wp\/v2\/pages"}],"about":[{"href":"https:\/\/old.epodex-industries.com\/en\/wp-json\/wp\/v2\/types\/page"}],"author":[{"embeddable":true,"href":"https:\/\/old.epodex-industries.com\/en\/wp-json\/wp\/v2\/users\/4"}],"replies":[{"embeddable":true,"href":"https:\/\/old.epodex-industries.com\/en\/wp-json\/wp\/v2\/comments?post=13569"}],"version-history":[{"count":1,"href":"https:\/\/old.epodex-industries.com\/en\/wp-json\/wp\/v2\/pages\/13569\/revisions"}],"predecessor-version":[{"id":13570,"href":"https:\/\/old.epodex-industries.com\/en\/wp-json\/wp\/v2\/pages\/13569\/revisions\/13570"}],"wp:attachment":[{"href":"https:\/\/old.epodex-industries.com\/en\/wp-json\/wp\/v2\/media?parent=13569"}],"curies":[{"name":"wp","href":"https:\/\/api.w.org\/{rel}","templated":true}]}}