{"id":34285,"date":"2026-02-04T09:36:58","date_gmt":"2026-02-04T08:36:58","guid":{"rendered":"https:\/\/www.epodex-industries.com\/produkt\/steinteppich-musterplatten\/"},"modified":"2026-02-04T11:54:16","modified_gmt":"2026-02-04T10:54:16","slug":"steinteppich-musterplatten","status":"publish","type":"product","link":"https:\/\/old.epodex-industries.com\/de\/produkt\/steinteppich-musterplatten\/","title":{"rendered":"Steinteppich Musterplatten"},"content":{"rendered":"<ul>\n<li>Wir bieten Ihnen die M\u00f6glichkeit, bis zu 14 Musterplatten (Ma\u00dfe: 10x7cm) unseres Steinteppichs nach Ihrer Wahl zu bestellen. Die Muster sind ideal, um die Farbe des Steinteppichs zu sehen und die Oberfl\u00e4chen-Struktur zu ertasten. So k\u00f6nnen Sie sich vor Ihrer Entscheidung ein umfassendes Bild von der Qualit\u00e4t und Beschaffenheit unserer Produkte machen. Nutzen Sie diese Gelegenheit, um sicherzustellen, dass Ihre Auswahl perfekt zu Ihren Anforderungen passt. Bitte beachten Sie, dass die Musterplatten nicht mit unserem optionalen PU Filler versiegelt sind.<\/li>\n<\/ul>\n","protected":false},"excerpt":{"rendered":"<ul>\n<li>Wir bieten Ihnen die M\u00f6glichkeit, bis zu 14 Musterplatten (Ma\u00dfe: 10x7cm) unseres Steinteppichs nach Ihrer Wahl zu bestellen. Die Muster sind ideal, um die Farbe des Steinteppichs zu sehen und die Oberfl\u00e4chen-Struktur zu ertasten. So k\u00f6nnen Sie sich vor Ihrer Entscheidung ein umfassendes Bild von der Qualit\u00e4t und Beschaffenheit unserer Produkte machen. Nutzen Sie diese Gelegenheit, um sicherzustellen, dass Ihre Auswahl perfekt zu Ihren Anforderungen passt. Bitte beachten Sie, dass die Musterplatten nicht mit unserem optionalen PU Filler versiegelt sind.<\/li>\n<\/ul>\n","protected":false},"featured_media":34029,"comment_status":"open","ping_status":"closed","template":"","meta":[],"product_brand":[],"product_cat":[4967],"product_tag":[],"class_list":{"0":"post-34285","1":"product","2":"type-product","3":"status-publish","4":"has-post-thumbnail","6":"product_cat-steinteppich-produkte-2","8":"first","9":"instock","10":"taxable","11":"shipping-taxable","12":"product-type-variable","13":"wvs-archive-product-wrapper"},"yoast_head":"<!-- This site is optimized with the Yoast SEO plugin v26.7 - https:\/\/yoast.com\/wordpress\/plugins\/seo\/ -->\n<title>Steinteppich Musterplatten - EPODEX Industries | B2B Plattform<\/title>\n<meta name=\"robots\" content=\"index, follow, max-snippet:-1, max-image-preview:large, max-video-preview:-1\" \/>\n<link rel=\"canonical\" href=\"https:\/\/old.epodex-industries.com\/de\/produkt\/steinteppich-musterplatten\/\" \/>\n<meta property=\"og:locale\" content=\"de_DE\" \/>\n<meta property=\"og:type\" content=\"article\" \/>\n<meta property=\"og:title\" content=\"Steinteppich Musterplatten - EPODEX Industries | B2B Plattform\" \/>\n<meta property=\"og:description\" content=\"Wir bieten Ihnen die M\u00f6glichkeit, bis zu 14 Musterplatten (Ma\u00dfe: 10x7cm) unseres Steinteppichs nach Ihrer Wahl zu bestellen. Die Muster sind ideal, um die Farbe des Steinteppichs zu sehen und die Oberfl\u00e4chen-Struktur zu ertasten. So k\u00f6nnen Sie sich vor Ihrer Entscheidung ein umfassendes Bild von der Qualit\u00e4t und Beschaffenheit unserer Produkte machen. Nutzen Sie diese Gelegenheit, um sicherzustellen, dass Ihre Auswahl perfekt zu Ihren Anforderungen passt. Bitte beachten Sie, dass die Musterplatten nicht mit unserem optionalen PU Filler versiegelt sind.\" \/>\n<meta property=\"og:url\" content=\"https:\/\/old.epodex-industries.com\/de\/produkt\/steinteppich-musterplatten\/\" \/>\n<meta property=\"og:site_name\" content=\"EPODEX Industries | B2B Plattform\" \/>\n<meta property=\"article:publisher\" content=\"https:\/\/www.facebook.com\/Epodex\/\" \/>\n<meta property=\"article:modified_time\" content=\"2026-02-04T10:54:16+00:00\" \/>\n<meta property=\"og:image\" content=\"https:\/\/old.epodex-industries.com\/wp-content\/uploads\/2025\/12\/stone-carpet-samples.webp\" \/>\n\t<meta property=\"og:image:width\" content=\"1024\" \/>\n\t<meta property=\"og:image:height\" content=\"683\" \/>\n\t<meta property=\"og:image:type\" content=\"image\/webp\" \/>\n<meta name=\"twitter:card\" content=\"summary_large_image\" \/>\n<script type=\"application\/ld+json\" class=\"yoast-schema-graph\">{\"@context\":\"https:\/\/schema.org\",\"@graph\":[{\"@type\":\"WebPage\",\"@id\":\"https:\/\/old.epodex-industries.com\/de\/produkt\/steinteppich-musterplatten\/\",\"url\":\"https:\/\/old.epodex-industries.com\/de\/produkt\/steinteppich-musterplatten\/\",\"name\":\"Steinteppich Musterplatten - EPODEX Industries | B2B Plattform\",\"isPartOf\":{\"@id\":\"https:\/\/old.epodex-industries.com\/fr\/#website\"},\"primaryImageOfPage\":{\"@id\":\"https:\/\/old.epodex-industries.com\/de\/produkt\/steinteppich-musterplatten\/#primaryimage\"},\"image\":{\"@id\":\"https:\/\/old.epodex-industries.com\/de\/produkt\/steinteppich-musterplatten\/#primaryimage\"},\"thumbnailUrl\":\"https:\/\/old.epodex-industries.com\/wp-content\/uploads\/2025\/12\/stone-carpet-samples.webp\",\"datePublished\":\"2026-02-04T08:36:58+00:00\",\"dateModified\":\"2026-02-04T10:54:16+00:00\",\"breadcrumb\":{\"@id\":\"https:\/\/old.epodex-industries.com\/de\/produkt\/steinteppich-musterplatten\/#breadcrumb\"},\"inLanguage\":\"de\",\"potentialAction\":[{\"@type\":\"ReadAction\",\"target\":[\"https:\/\/old.epodex-industries.com\/de\/produkt\/steinteppich-musterplatten\/\"]}]},{\"@type\":\"ImageObject\",\"inLanguage\":\"de\",\"@id\":\"https:\/\/old.epodex-industries.com\/de\/produkt\/steinteppich-musterplatten\/#primaryimage\",\"url\":\"https:\/\/old.epodex-industries.com\/wp-content\/uploads\/2025\/12\/stone-carpet-samples.webp\",\"contentUrl\":\"https:\/\/old.epodex-industries.com\/wp-content\/uploads\/2025\/12\/stone-carpet-samples.webp\",\"width\":1024,\"height\":683,\"caption\":\"stone carpet samples\"},{\"@type\":\"BreadcrumbList\",\"@id\":\"https:\/\/old.epodex-industries.com\/de\/produkt\/steinteppich-musterplatten\/#breadcrumb\",\"itemListElement\":[{\"@type\":\"ListItem\",\"position\":1,\"name\":\"Startseite\",\"item\":\"https:\/\/old.epodex-industries.com\/de\/\"},{\"@type\":\"ListItem\",\"position\":2,\"name\":\"Shop\",\"item\":\"https:\/\/old.epodex-industries.com\/de\/shop\/\"},{\"@type\":\"ListItem\",\"position\":3,\"name\":\"Steinteppich Musterplatten\"}]},{\"@type\":\"WebSite\",\"@id\":\"https:\/\/old.epodex-industries.com\/fr\/#website\",\"url\":\"https:\/\/old.epodex-industries.com\/fr\/\",\"name\":\"EPODEX Industries | B2B Plattform\",\"description\":\"Hersteller + Gro\u00dfhandel f\u00fcr Baustoffe\",\"publisher\":{\"@id\":\"https:\/\/old.epodex-industries.com\/fr\/#organization\"},\"alternateName\":\"EPODEX Industries | Hersteller + Gro\u00dfhandel f\u00fcr Baustoffe\",\"potentialAction\":[{\"@type\":\"SearchAction\",\"target\":{\"@type\":\"EntryPoint\",\"urlTemplate\":\"https:\/\/old.epodex-industries.com\/fr\/?s={search_term_string}\"},\"query-input\":{\"@type\":\"PropertyValueSpecification\",\"valueRequired\":true,\"valueName\":\"search_term_string\"}}],\"inLanguage\":\"de\"},{\"@type\":\"Organization\",\"@id\":\"https:\/\/old.epodex-industries.com\/fr\/#organization\",\"name\":\"EPODEX Industries\",\"url\":\"https:\/\/old.epodex-industries.com\/fr\/\",\"logo\":{\"@type\":\"ImageObject\",\"inLanguage\":\"de\",\"@id\":\"https:\/\/old.epodex-industries.com\/fr\/#\/schema\/logo\/image\/\",\"url\":\"https:\/\/www.epodex-industries.com\/wp-content\/uploads\/2023\/06\/Logo-Epodex-Rechnung.jpg\",\"contentUrl\":\"https:\/\/www.epodex-industries.com\/wp-content\/uploads\/2023\/06\/Logo-Epodex-Rechnung.jpg\",\"width\":261,\"height\":50,\"caption\":\"EPODEX Industries\"},\"image\":{\"@id\":\"https:\/\/old.epodex-industries.com\/fr\/#\/schema\/logo\/image\/\"},\"sameAs\":[\"https:\/\/www.facebook.com\/Epodex\/\",\"https:\/\/www.instagram.com\/epodex_official\/\",\"https:\/\/www.pinterest.de\/epodex_com\/\",\"https:\/\/www.youtube.com\/channel\/UC7lFrJ9YpN1yg43sTc6q3ow\"]}]}<\/script>\n<!-- \/ Yoast SEO plugin. -->","yoast_head_json":{"title":"Steinteppich Musterplatten - EPODEX Industries | B2B Plattform","robots":{"index":"index","follow":"follow","max-snippet":"max-snippet:-1","max-image-preview":"max-image-preview:large","max-video-preview":"max-video-preview:-1"},"canonical":"https:\/\/old.epodex-industries.com\/de\/produkt\/steinteppich-musterplatten\/","og_locale":"de_DE","og_type":"article","og_title":"Steinteppich Musterplatten - EPODEX Industries | B2B Plattform","og_description":"Wir bieten Ihnen die M\u00f6glichkeit, bis zu 14 Musterplatten (Ma\u00dfe: 10x7cm) unseres Steinteppichs nach Ihrer Wahl zu bestellen. Die Muster sind ideal, um die Farbe des Steinteppichs zu sehen und die Oberfl\u00e4chen-Struktur zu ertasten. So k\u00f6nnen Sie sich vor Ihrer Entscheidung ein umfassendes Bild von der Qualit\u00e4t und Beschaffenheit unserer Produkte machen. Nutzen Sie diese Gelegenheit, um sicherzustellen, dass Ihre Auswahl perfekt zu Ihren Anforderungen passt. Bitte beachten Sie, dass die Musterplatten nicht mit unserem optionalen PU Filler versiegelt sind.","og_url":"https:\/\/old.epodex-industries.com\/de\/produkt\/steinteppich-musterplatten\/","og_site_name":"EPODEX Industries | B2B Plattform","article_publisher":"https:\/\/www.facebook.com\/Epodex\/","article_modified_time":"2026-02-04T10:54:16+00:00","og_image":[{"width":1024,"height":683,"url":"https:\/\/old.epodex-industries.com\/wp-content\/uploads\/2025\/12\/stone-carpet-samples.webp","type":"image\/webp"}],"twitter_card":"summary_large_image","schema":{"@context":"https:\/\/schema.org","@graph":[{"@type":"WebPage","@id":"https:\/\/old.epodex-industries.com\/de\/produkt\/steinteppich-musterplatten\/","url":"https:\/\/old.epodex-industries.com\/de\/produkt\/steinteppich-musterplatten\/","name":"Steinteppich Musterplatten - EPODEX Industries | B2B Plattform","isPartOf":{"@id":"https:\/\/old.epodex-industries.com\/fr\/#website"},"primaryImageOfPage":{"@id":"https:\/\/old.epodex-industries.com\/de\/produkt\/steinteppich-musterplatten\/#primaryimage"},"image":{"@id":"https:\/\/old.epodex-industries.com\/de\/produkt\/steinteppich-musterplatten\/#primaryimage"},"thumbnailUrl":"https:\/\/old.epodex-industries.com\/wp-content\/uploads\/2025\/12\/stone-carpet-samples.webp","datePublished":"2026-02-04T08:36:58+00:00","dateModified":"2026-02-04T10:54:16+00:00","breadcrumb":{"@id":"https:\/\/old.epodex-industries.com\/de\/produkt\/steinteppich-musterplatten\/#breadcrumb"},"inLanguage":"de","potentialAction":[{"@type":"ReadAction","target":["https:\/\/old.epodex-industries.com\/de\/produkt\/steinteppich-musterplatten\/"]}]},{"@type":"ImageObject","inLanguage":"de","@id":"https:\/\/old.epodex-industries.com\/de\/produkt\/steinteppich-musterplatten\/#primaryimage","url":"https:\/\/old.epodex-industries.com\/wp-content\/uploads\/2025\/12\/stone-carpet-samples.webp","contentUrl":"https:\/\/old.epodex-industries.com\/wp-content\/uploads\/2025\/12\/stone-carpet-samples.webp","width":1024,"height":683,"caption":"stone carpet samples"},{"@type":"BreadcrumbList","@id":"https:\/\/old.epodex-industries.com\/de\/produkt\/steinteppich-musterplatten\/#breadcrumb","itemListElement":[{"@type":"ListItem","position":1,"name":"Startseite","item":"https:\/\/old.epodex-industries.com\/de\/"},{"@type":"ListItem","position":2,"name":"Shop","item":"https:\/\/old.epodex-industries.com\/de\/shop\/"},{"@type":"ListItem","position":3,"name":"Steinteppich Musterplatten"}]},{"@type":"WebSite","@id":"https:\/\/old.epodex-industries.com\/fr\/#website","url":"https:\/\/old.epodex-industries.com\/fr\/","name":"EPODEX Industries | B2B Plattform","description":"Hersteller + Gro\u00dfhandel f\u00fcr Baustoffe","publisher":{"@id":"https:\/\/old.epodex-industries.com\/fr\/#organization"},"alternateName":"EPODEX Industries | Hersteller + Gro\u00dfhandel f\u00fcr Baustoffe","potentialAction":[{"@type":"SearchAction","target":{"@type":"EntryPoint","urlTemplate":"https:\/\/old.epodex-industries.com\/fr\/?s={search_term_string}"},"query-input":{"@type":"PropertyValueSpecification","valueRequired":true,"valueName":"search_term_string"}}],"inLanguage":"de"},{"@type":"Organization","@id":"https:\/\/old.epodex-industries.com\/fr\/#organization","name":"EPODEX Industries","url":"https:\/\/old.epodex-industries.com\/fr\/","logo":{"@type":"ImageObject","inLanguage":"de","@id":"https:\/\/old.epodex-industries.com\/fr\/#\/schema\/logo\/image\/","url":"https:\/\/www.epodex-industries.com\/wp-content\/uploads\/2023\/06\/Logo-Epodex-Rechnung.jpg","contentUrl":"https:\/\/www.epodex-industries.com\/wp-content\/uploads\/2023\/06\/Logo-Epodex-Rechnung.jpg","width":261,"height":50,"caption":"EPODEX Industries"},"image":{"@id":"https:\/\/old.epodex-industries.com\/fr\/#\/schema\/logo\/image\/"},"sameAs":["https:\/\/www.facebook.com\/Epodex\/","https:\/\/www.instagram.com\/epodex_official\/","https:\/\/www.pinterest.de\/epodex_com\/","https:\/\/www.youtube.com\/channel\/UC7lFrJ9YpN1yg43sTc6q3ow"]}]}},"_links":{"self":[{"href":"https:\/\/old.epodex-industries.com\/de\/wp-json\/wp\/v2\/product\/34285","targetHints":{"allow":["GET"]}}],"collection":[{"href":"https:\/\/old.epodex-industries.com\/de\/wp-json\/wp\/v2\/product"}],"about":[{"href":"https:\/\/old.epodex-industries.com\/de\/wp-json\/wp\/v2\/types\/product"}],"replies":[{"embeddable":true,"href":"https:\/\/old.epodex-industries.com\/de\/wp-json\/wp\/v2\/comments?post=34285"}],"wp:featuredmedia":[{"embeddable":true,"href":"https:\/\/old.epodex-industries.com\/de\/wp-json\/wp\/v2\/media\/34029"}],"wp:attachment":[{"href":"https:\/\/old.epodex-industries.com\/de\/wp-json\/wp\/v2\/media?parent=34285"}],"wp:term":[{"taxonomy":"product_brand","embeddable":true,"href":"https:\/\/old.epodex-industries.com\/de\/wp-json\/wp\/v2\/product_brand?post=34285"},{"taxonomy":"product_cat","embeddable":true,"href":"https:\/\/old.epodex-industries.com\/de\/wp-json\/wp\/v2\/product_cat?post=34285"},{"taxonomy":"product_tag","embeddable":true,"href":"https:\/\/old.epodex-industries.com\/de\/wp-json\/wp\/v2\/product_tag?post=34285"}],"curies":[{"name":"wp","href":"https:\/\/api.w.org\/{rel}","templated":true}]}}