{"id":34198,"date":"2026-02-03T08:52:51","date_gmt":"2026-02-03T07:52:51","guid":{"rendered":"https:\/\/www.epodex-industries.com\/produkt\/teleskop-verlaengerungsstange\/"},"modified":"2026-02-03T08:52:51","modified_gmt":"2026-02-03T07:52:51","slug":"teleskop-verlaengerungsstange","status":"publish","type":"product","link":"https:\/\/old.epodex-industries.com\/de\/produkt\/teleskop-verlaengerungsstange\/","title":{"rendered":"Teleskop Verl\u00e4ngerungsstange"},"content":{"rendered":"<ul>\n<li>Verl\u00e4ngerungsstange bis 1,6m<\/li>\n<li>Enth\u00e4lt 4 verstellbare Edelstahlstangen f\u00fcr jegliche Anwendung<\/li>\n<li>Einfaches zusammenschrauben f\u00fcr eine solide Verl\u00e4ngerung ohne Verbiegen<\/li>\n<li>Langlebige Verwendung f\u00fcr Arbeiten im Innen- &#038; Au\u00dfenbereich an W\u00e4nden, B\u00f6den, Decken sowie an weiteren Oberfl\u00e4chen<\/li>\n<\/ul>\n","protected":false},"excerpt":{"rendered":"<ul>\n<li>Verl\u00e4ngerungsstange bis 1,6m<\/li>\n<li>Enth\u00e4lt 4 verstellbare Edelstahlstangen f\u00fcr jegliche Anwendung<\/li>\n<li>Einfaches zusammenschrauben f\u00fcr eine solide Verl\u00e4ngerung ohne Verbiegen<\/li>\n<li>Langlebige Verwendung f\u00fcr Arbeiten im Innen- &#038; Au\u00dfenbereich an W\u00e4nden, B\u00f6den, Decken sowie an weiteren Oberfl\u00e4chen<\/li>\n<\/ul>\n","protected":false},"featured_media":34059,"comment_status":"open","ping_status":"closed","template":"","meta":[],"product_brand":[],"product_cat":[24],"product_tag":[],"class_list":{"0":"post-34198","1":"product","2":"type-product","3":"status-publish","4":"has-post-thumbnail","6":"product_cat-uncategorized","8":"first","9":"instock","10":"taxable","11":"shipping-taxable","12":"product-type-simple"},"yoast_head":"<!-- This site is optimized with the Yoast SEO plugin v26.7 - https:\/\/yoast.com\/wordpress\/plugins\/seo\/ -->\n<title>Teleskop Verl\u00e4ngerungsstange - EPODEX Industries | B2B Plattform<\/title>\n<meta name=\"robots\" content=\"index, follow, max-snippet:-1, max-image-preview:large, max-video-preview:-1\" \/>\n<link rel=\"canonical\" href=\"https:\/\/old.epodex-industries.com\/de\/produkt\/teleskop-verlaengerungsstange\/\" \/>\n<meta property=\"og:locale\" content=\"de_DE\" \/>\n<meta property=\"og:type\" content=\"article\" \/>\n<meta property=\"og:title\" content=\"Teleskop Verl\u00e4ngerungsstange - EPODEX Industries | B2B Plattform\" \/>\n<meta property=\"og:description\" content=\"Verl\u00e4ngerungsstange bis 1,6m Enth\u00e4lt 4 verstellbare Edelstahlstangen f\u00fcr jegliche Anwendung Einfaches zusammenschrauben f\u00fcr eine solide Verl\u00e4ngerung ohne Verbiegen Langlebige Verwendung f\u00fcr Arbeiten im Innen- &amp; Au\u00dfenbereich an W\u00e4nden, B\u00f6den, Decken sowie an weiteren Oberfl\u00e4chen\" \/>\n<meta property=\"og:url\" content=\"https:\/\/old.epodex-industries.com\/de\/produkt\/teleskop-verlaengerungsstange\/\" \/>\n<meta property=\"og:site_name\" content=\"EPODEX Industries | B2B Plattform\" \/>\n<meta property=\"article:publisher\" content=\"https:\/\/www.facebook.com\/Epodex\/\" \/>\n<meta property=\"og:image\" content=\"https:\/\/old.epodex-industries.com\/wp-content\/uploads\/2026\/01\/extension-pole-online.webp\" \/>\n\t<meta property=\"og:image:width\" content=\"1024\" \/>\n\t<meta property=\"og:image:height\" content=\"683\" \/>\n\t<meta property=\"og:image:type\" content=\"image\/webp\" \/>\n<meta name=\"twitter:card\" content=\"summary_large_image\" \/>\n<script type=\"application\/ld+json\" class=\"yoast-schema-graph\">{\"@context\":\"https:\/\/schema.org\",\"@graph\":[{\"@type\":\"WebPage\",\"@id\":\"https:\/\/old.epodex-industries.com\/de\/produkt\/teleskop-verlaengerungsstange\/\",\"url\":\"https:\/\/old.epodex-industries.com\/de\/produkt\/teleskop-verlaengerungsstange\/\",\"name\":\"Teleskop Verl\u00e4ngerungsstange - EPODEX Industries | B2B Plattform\",\"isPartOf\":{\"@id\":\"https:\/\/old.epodex-industries.com\/fr\/#website\"},\"primaryImageOfPage\":{\"@id\":\"https:\/\/old.epodex-industries.com\/de\/produkt\/teleskop-verlaengerungsstange\/#primaryimage\"},\"image\":{\"@id\":\"https:\/\/old.epodex-industries.com\/de\/produkt\/teleskop-verlaengerungsstange\/#primaryimage\"},\"thumbnailUrl\":\"https:\/\/old.epodex-industries.com\/wp-content\/uploads\/2026\/01\/extension-pole-online.webp\",\"datePublished\":\"2026-02-03T07:52:51+00:00\",\"breadcrumb\":{\"@id\":\"https:\/\/old.epodex-industries.com\/de\/produkt\/teleskop-verlaengerungsstange\/#breadcrumb\"},\"inLanguage\":\"de\",\"potentialAction\":[{\"@type\":\"ReadAction\",\"target\":[\"https:\/\/old.epodex-industries.com\/de\/produkt\/teleskop-verlaengerungsstange\/\"]}]},{\"@type\":\"ImageObject\",\"inLanguage\":\"de\",\"@id\":\"https:\/\/old.epodex-industries.com\/de\/produkt\/teleskop-verlaengerungsstange\/#primaryimage\",\"url\":\"https:\/\/old.epodex-industries.com\/wp-content\/uploads\/2026\/01\/extension-pole-online.webp\",\"contentUrl\":\"https:\/\/old.epodex-industries.com\/wp-content\/uploads\/2026\/01\/extension-pole-online.webp\",\"width\":1024,\"height\":683,\"caption\":\"extension pole online\"},{\"@type\":\"BreadcrumbList\",\"@id\":\"https:\/\/old.epodex-industries.com\/de\/produkt\/teleskop-verlaengerungsstange\/#breadcrumb\",\"itemListElement\":[{\"@type\":\"ListItem\",\"position\":1,\"name\":\"Startseite\",\"item\":\"https:\/\/old.epodex-industries.com\/de\/\"},{\"@type\":\"ListItem\",\"position\":2,\"name\":\"Shop\",\"item\":\"https:\/\/old.epodex-industries.com\/de\/shop\/\"},{\"@type\":\"ListItem\",\"position\":3,\"name\":\"Teleskop Verl\u00e4ngerungsstange\"}]},{\"@type\":\"WebSite\",\"@id\":\"https:\/\/old.epodex-industries.com\/fr\/#website\",\"url\":\"https:\/\/old.epodex-industries.com\/fr\/\",\"name\":\"EPODEX Industries | B2B Plattform\",\"description\":\"Hersteller + Gro\u00dfhandel f\u00fcr Baustoffe\",\"publisher\":{\"@id\":\"https:\/\/old.epodex-industries.com\/fr\/#organization\"},\"alternateName\":\"EPODEX Industries | Hersteller + Gro\u00dfhandel f\u00fcr Baustoffe\",\"potentialAction\":[{\"@type\":\"SearchAction\",\"target\":{\"@type\":\"EntryPoint\",\"urlTemplate\":\"https:\/\/old.epodex-industries.com\/fr\/?s={search_term_string}\"},\"query-input\":{\"@type\":\"PropertyValueSpecification\",\"valueRequired\":true,\"valueName\":\"search_term_string\"}}],\"inLanguage\":\"de\"},{\"@type\":\"Organization\",\"@id\":\"https:\/\/old.epodex-industries.com\/fr\/#organization\",\"name\":\"EPODEX Industries\",\"url\":\"https:\/\/old.epodex-industries.com\/fr\/\",\"logo\":{\"@type\":\"ImageObject\",\"inLanguage\":\"de\",\"@id\":\"https:\/\/old.epodex-industries.com\/fr\/#\/schema\/logo\/image\/\",\"url\":\"https:\/\/www.epodex-industries.com\/wp-content\/uploads\/2023\/06\/Logo-Epodex-Rechnung.jpg\",\"contentUrl\":\"https:\/\/www.epodex-industries.com\/wp-content\/uploads\/2023\/06\/Logo-Epodex-Rechnung.jpg\",\"width\":261,\"height\":50,\"caption\":\"EPODEX Industries\"},\"image\":{\"@id\":\"https:\/\/old.epodex-industries.com\/fr\/#\/schema\/logo\/image\/\"},\"sameAs\":[\"https:\/\/www.facebook.com\/Epodex\/\",\"https:\/\/www.instagram.com\/epodex_official\/\",\"https:\/\/www.pinterest.de\/epodex_com\/\",\"https:\/\/www.youtube.com\/channel\/UC7lFrJ9YpN1yg43sTc6q3ow\"]}]}<\/script>\n<!-- \/ Yoast SEO plugin. -->","yoast_head_json":{"title":"Teleskop Verl\u00e4ngerungsstange - EPODEX Industries | B2B Plattform","robots":{"index":"index","follow":"follow","max-snippet":"max-snippet:-1","max-image-preview":"max-image-preview:large","max-video-preview":"max-video-preview:-1"},"canonical":"https:\/\/old.epodex-industries.com\/de\/produkt\/teleskop-verlaengerungsstange\/","og_locale":"de_DE","og_type":"article","og_title":"Teleskop Verl\u00e4ngerungsstange - EPODEX Industries | B2B Plattform","og_description":"Verl\u00e4ngerungsstange bis 1,6m Enth\u00e4lt 4 verstellbare Edelstahlstangen f\u00fcr jegliche Anwendung Einfaches zusammenschrauben f\u00fcr eine solide Verl\u00e4ngerung ohne Verbiegen Langlebige Verwendung f\u00fcr Arbeiten im Innen- & Au\u00dfenbereich an W\u00e4nden, B\u00f6den, Decken sowie an weiteren Oberfl\u00e4chen","og_url":"https:\/\/old.epodex-industries.com\/de\/produkt\/teleskop-verlaengerungsstange\/","og_site_name":"EPODEX Industries | B2B Plattform","article_publisher":"https:\/\/www.facebook.com\/Epodex\/","og_image":[{"width":1024,"height":683,"url":"https:\/\/old.epodex-industries.com\/wp-content\/uploads\/2026\/01\/extension-pole-online.webp","type":"image\/webp"}],"twitter_card":"summary_large_image","schema":{"@context":"https:\/\/schema.org","@graph":[{"@type":"WebPage","@id":"https:\/\/old.epodex-industries.com\/de\/produkt\/teleskop-verlaengerungsstange\/","url":"https:\/\/old.epodex-industries.com\/de\/produkt\/teleskop-verlaengerungsstange\/","name":"Teleskop Verl\u00e4ngerungsstange - EPODEX Industries | B2B Plattform","isPartOf":{"@id":"https:\/\/old.epodex-industries.com\/fr\/#website"},"primaryImageOfPage":{"@id":"https:\/\/old.epodex-industries.com\/de\/produkt\/teleskop-verlaengerungsstange\/#primaryimage"},"image":{"@id":"https:\/\/old.epodex-industries.com\/de\/produkt\/teleskop-verlaengerungsstange\/#primaryimage"},"thumbnailUrl":"https:\/\/old.epodex-industries.com\/wp-content\/uploads\/2026\/01\/extension-pole-online.webp","datePublished":"2026-02-03T07:52:51+00:00","breadcrumb":{"@id":"https:\/\/old.epodex-industries.com\/de\/produkt\/teleskop-verlaengerungsstange\/#breadcrumb"},"inLanguage":"de","potentialAction":[{"@type":"ReadAction","target":["https:\/\/old.epodex-industries.com\/de\/produkt\/teleskop-verlaengerungsstange\/"]}]},{"@type":"ImageObject","inLanguage":"de","@id":"https:\/\/old.epodex-industries.com\/de\/produkt\/teleskop-verlaengerungsstange\/#primaryimage","url":"https:\/\/old.epodex-industries.com\/wp-content\/uploads\/2026\/01\/extension-pole-online.webp","contentUrl":"https:\/\/old.epodex-industries.com\/wp-content\/uploads\/2026\/01\/extension-pole-online.webp","width":1024,"height":683,"caption":"extension pole online"},{"@type":"BreadcrumbList","@id":"https:\/\/old.epodex-industries.com\/de\/produkt\/teleskop-verlaengerungsstange\/#breadcrumb","itemListElement":[{"@type":"ListItem","position":1,"name":"Startseite","item":"https:\/\/old.epodex-industries.com\/de\/"},{"@type":"ListItem","position":2,"name":"Shop","item":"https:\/\/old.epodex-industries.com\/de\/shop\/"},{"@type":"ListItem","position":3,"name":"Teleskop Verl\u00e4ngerungsstange"}]},{"@type":"WebSite","@id":"https:\/\/old.epodex-industries.com\/fr\/#website","url":"https:\/\/old.epodex-industries.com\/fr\/","name":"EPODEX Industries | B2B Plattform","description":"Hersteller + Gro\u00dfhandel f\u00fcr Baustoffe","publisher":{"@id":"https:\/\/old.epodex-industries.com\/fr\/#organization"},"alternateName":"EPODEX Industries | Hersteller + Gro\u00dfhandel f\u00fcr Baustoffe","potentialAction":[{"@type":"SearchAction","target":{"@type":"EntryPoint","urlTemplate":"https:\/\/old.epodex-industries.com\/fr\/?s={search_term_string}"},"query-input":{"@type":"PropertyValueSpecification","valueRequired":true,"valueName":"search_term_string"}}],"inLanguage":"de"},{"@type":"Organization","@id":"https:\/\/old.epodex-industries.com\/fr\/#organization","name":"EPODEX Industries","url":"https:\/\/old.epodex-industries.com\/fr\/","logo":{"@type":"ImageObject","inLanguage":"de","@id":"https:\/\/old.epodex-industries.com\/fr\/#\/schema\/logo\/image\/","url":"https:\/\/www.epodex-industries.com\/wp-content\/uploads\/2023\/06\/Logo-Epodex-Rechnung.jpg","contentUrl":"https:\/\/www.epodex-industries.com\/wp-content\/uploads\/2023\/06\/Logo-Epodex-Rechnung.jpg","width":261,"height":50,"caption":"EPODEX Industries"},"image":{"@id":"https:\/\/old.epodex-industries.com\/fr\/#\/schema\/logo\/image\/"},"sameAs":["https:\/\/www.facebook.com\/Epodex\/","https:\/\/www.instagram.com\/epodex_official\/","https:\/\/www.pinterest.de\/epodex_com\/","https:\/\/www.youtube.com\/channel\/UC7lFrJ9YpN1yg43sTc6q3ow"]}]}},"_links":{"self":[{"href":"https:\/\/old.epodex-industries.com\/de\/wp-json\/wp\/v2\/product\/34198","targetHints":{"allow":["GET"]}}],"collection":[{"href":"https:\/\/old.epodex-industries.com\/de\/wp-json\/wp\/v2\/product"}],"about":[{"href":"https:\/\/old.epodex-industries.com\/de\/wp-json\/wp\/v2\/types\/product"}],"replies":[{"embeddable":true,"href":"https:\/\/old.epodex-industries.com\/de\/wp-json\/wp\/v2\/comments?post=34198"}],"wp:featuredmedia":[{"embeddable":true,"href":"https:\/\/old.epodex-industries.com\/de\/wp-json\/wp\/v2\/media\/34059"}],"wp:attachment":[{"href":"https:\/\/old.epodex-industries.com\/de\/wp-json\/wp\/v2\/media?parent=34198"}],"wp:term":[{"taxonomy":"product_brand","embeddable":true,"href":"https:\/\/old.epodex-industries.com\/de\/wp-json\/wp\/v2\/product_brand?post=34198"},{"taxonomy":"product_cat","embeddable":true,"href":"https:\/\/old.epodex-industries.com\/de\/wp-json\/wp\/v2\/product_cat?post=34198"},{"taxonomy":"product_tag","embeddable":true,"href":"https:\/\/old.epodex-industries.com\/de\/wp-json\/wp\/v2\/product_tag?post=34198"}],"curies":[{"name":"wp","href":"https:\/\/api.w.org\/{rel}","templated":true}]}}