{"id":32068,"date":"2024-09-20T19:07:53","date_gmt":"2024-09-20T17:07:53","guid":{"rendered":"https:\/\/www.epodex-industries.com\/?post_type=product&#038;p=32068"},"modified":"2024-09-21T13:22:19","modified_gmt":"2024-09-21T11:22:19","slug":"1k-fliesenfarbe-pastell-plus-gebinde","status":"publish","type":"product","link":"https:\/\/old.epodex-industries.com\/de\/produkt\/1k-fliesenfarbe-pastell-plus-gebinde\/","title":{"rendered":"1K Fliesenfarbe &#8211; Pastelll+ &#8211; Gebinde"},"content":{"rendered":"<div class=\"wpb-content-wrapper\"><p>[vc_row][vc_column][vc_column_text]<\/p>\n<h2>EPODEX 1K Fliesenlack<\/h2>\n<p>EPODEX 1K Fliesenlack ist ein <strong>wasserbasierter, geruchsarmer Lack auf Acrylbasis.<\/strong> Der Lack eignet sich ideal zum <strong>Bestreichen von Wandfliesen.<\/strong> Die guten Haftungseigenschaften erlauben einen einfachen Auftrag und ein sch\u00f6nes Ergebnis.<\/p>\n<p>Streichen Sie Ihre Wandfliesen jetzt kosteng\u00fcnstig selbst. Tipps zur farblichen Gestaltung und modernen Einrichtung, erhalten Sie von unserer Wohnraumgestalterin im folgenden Video!<\/p>\n<hr \/>\n<h2>Anwendung &#8211; STEP BY STEP<\/h2>\n<ol>\n<li>Fliesen mit Schleifpapier anrauen.<\/li>\n<li>Nicht zu bestreichende Fl\u00e4chen mit Abdeckplane und Kreppband abdecken\/abkleben.<\/li>\n<li>Fliesen mit EPODEX PRE-CLEANER vorreinigen und entfetten.<\/li>\n<li>Fliesenfarbe gr\u00fcndlich durchmischen.<\/li>\n<li>Material aufstreichen und trocknen lassen. Verarbeitungszeit: ca. 2 Stunden bei 20\u00b0C.<\/li>\n<li>Weiteren Anstrich durchf\u00fchren, bis die gew\u00fcnschte Deckkraft erreicht ist. Wir empfehlen ca. zwei Anstriche.<\/li>\n<li>Auf Wunsch Fliesenfugen mit EPODEX Fugenstift und Lineal nachziehen.<\/li>\n<\/ol>\n<hr \/>\n<h2>EPODEX FUGENSTIFT \u2013 Jetzt mitbestellen!<\/h2>\n<p>Mit dem <strong>Fugenstift von EPODEX<\/strong> \u00fcberstreichen Sie auf Wunsch Ihre Fugen in Wei\u00df oder im klassischen Grauton. Der Stift ist eine spezielle acrylbasierte Farbe <strong>zum Einf\u00e4rben und Auffrischen von Fliesenfugen.<\/strong><\/p>\n<p>Durch die abgeflachte Spitze des Stiftes, passt sich der Fugenstift an jede Fugenbreite an und gew\u00e4hrleitet so ein <strong>schnelles und sauberes Nachziehen<\/strong> der Fliesenfugen in einem Durchgang. F\u00fcr ein sauberes Ergebnis empfehlen wir ein Lineal zu verwenden.<\/p>\n<hr \/>\n<h3>Hinweise:<\/h3>\n<p>Verarbeitungstemperatur: Objekt- und Umgebungstemperatur min. 8\u00b0C. Nicht auf aufgeheizten Oberfl\u00e4chen und unter direkter Sonnenstrahlung verarbeiten. Bei niedrigeren Temperaturen k\u00f6nnen Trocknungsst\u00f6rungen auftreten. Um eine niedrigere Viskosit\u00e4t zu erzielen, verd\u00fcnnen Sie den Lack mit bis zu 5% Wasser. Werkzeug nach unmittelbar nach Gebrauch mit Wasser reinigen. EU-Grenzwert: (Kat. A\/d): 140g\/l (2010), max. 140g\/l VOC. Wir bitten zu beachten, dass die Farben aufgrund unterschiedlicher Lichtverh\u00e4ltnisse und Monitore nicht einheitlich abgebildet werden k\u00f6nnten.<\/p>\n<hr \/>\n<p><strong>Kundenservice:<\/strong> Bei weiteren Fragen kontaktieren Sie uns telefonisch, per E-Mail oder nutzen Sie unseren WhatsApp-Support.<\/p>\n<hr \/>\n<h3>Inhaltsstoffe, Sicherheits- &amp; Gefahrenhinweise<\/h3>\n<p><strong>TILE PAINT 1K Polarweiss<\/strong> Achtung: 1,2-Benzisothiazol-3(2H)-on 2-Methyl-2H-isothiazol-3-on Kann allergische Hautreaktionen verursachen. Ist \u00e4rztlicher Rat erforderlich, Verpackung oder Kennzeichnungsetikett bereithalten Darf nicht in die H\u00e4nde von Kindern gelangen. Einatmen von Staub\/Rauch\/Gas\/Nebel\/Dampf\/Aerosol vermeiden. Nicht in die Augen, auf die Haut oder auf die Kleidung gelangen lassen. Schutzhandschuhe\/Augenschutz tragen BEI BER\u00dcHRUNG MIT DER HAUT: Mit viel Wasser und Seife waschen. Entsorgung des Inhalts \/ des Beh\u00e4lters gem\u00e4\u00df den \u00f6rtlichen \/ regionalen \/ nationalen\/ internationalen Vorschriften. Enth\u00e4lt Titandioxid: Achtung! Beim Spr\u00fchen k\u00f6nnen gef\u00e4hrliche lungeng\u00e4ngige Tr\u00f6pfchen entstehen. Aerosol oder Nebel nicht einatmen.<\/p>\n<p><img decoding=\"async\" src=\"https:\/\/www.epodex.com\/de\/wp-content\/uploads\/2021\/03\/warnhinweis-ausrufezeichen.jpg\" \/>[\/vc_column_text][\/vc_column][\/vc_row]<\/p>\n<\/div>","protected":false},"excerpt":{"rendered":"<ul>\n<li>Anwendungsbereich: normal beanspruchte Wandfliesen, ohne dauerhaften Wasserkontakt und stehendes Wasser.<\/li>\n<li><u>Hinweis<\/u>: F\u00fcr stark beanspruchte Wandfliesen und Bodenfliesen, sowie Fliesen mit dauerhaftem Wasser, empfehlen wir unseren 2K Fliesenlack.<\/li>\n<li>Glanzgrad: seidenmatt<\/li>\n<li>Eigenschaften: geruchlos, strapazierf\u00e4hig, abriebfest, UV-best\u00e4ndig, hochdeckend<\/li>\n<li>Verbrauchsmenge: 120-150g\/m\u00b2<\/li>\n<li>Verarbeitungszeit: 2 Std.<\/li>\n<\/ul>\n","protected":false},"featured_media":32065,"comment_status":"closed","ping_status":"closed","template":"","meta":[],"product_brand":[],"product_cat":[535],"product_tag":[],"class_list":{"0":"post-32068","1":"product","2":"type-product","3":"status-publish","4":"has-post-thumbnail","6":"product_cat-farben-2","8":"first","9":"instock","10":"taxable","11":"shipping-taxable","12":"product-type-variable","13":"wvs-archive-product-wrapper"},"yoast_head":"<!-- This site is optimized with the Yoast SEO plugin v26.7 - https:\/\/yoast.com\/wordpress\/plugins\/seo\/ -->\n<title>1K Fliesenfarbe - Pastelll+ - Gebinde - EPODEX Industries | B2B Plattform<\/title>\n<meta name=\"robots\" content=\"index, follow, max-snippet:-1, max-image-preview:large, max-video-preview:-1\" \/>\n<link rel=\"canonical\" href=\"https:\/\/old.epodex-industries.com\/de\/produkt\/1k-fliesenfarbe-pastell-plus-gebinde\/\" \/>\n<meta property=\"og:locale\" content=\"de_DE\" \/>\n<meta property=\"og:type\" content=\"article\" \/>\n<meta property=\"og:title\" content=\"1K Fliesenfarbe - Pastelll+ - Gebinde - EPODEX Industries | B2B Plattform\" \/>\n<meta property=\"og:description\" content=\"Anwendungsbereich: normal beanspruchte Wandfliesen, ohne dauerhaften Wasserkontakt und stehendes Wasser.  Hinweis: F\u00fcr stark beanspruchte Wandfliesen und Bodenfliesen, sowie Fliesen mit dauerhaftem Wasser, empfehlen wir unseren 2K Fliesenlack.  Glanzgrad: seidenmatt  Eigenschaften: geruchlos, strapazierf\u00e4hig, abriebfest, UV-best\u00e4ndig, hochdeckend  Verbrauchsmenge: 120-150g\/m\u00b2  Verarbeitungszeit: 2 Std.\" \/>\n<meta property=\"og:url\" content=\"https:\/\/old.epodex-industries.com\/de\/produkt\/1k-fliesenfarbe-pastell-plus-gebinde\/\" \/>\n<meta property=\"og:site_name\" content=\"EPODEX Industries | B2B Plattform\" \/>\n<meta property=\"article:publisher\" content=\"https:\/\/www.facebook.com\/Epodex\/\" \/>\n<meta property=\"article:modified_time\" content=\"2024-09-21T11:22:19+00:00\" \/>\n<meta property=\"og:image\" content=\"https:\/\/old.epodex-industries.com\/wp-content\/uploads\/2024\/09\/fliesen-streichen-tile-paint-bunt-1.jpg\" \/>\n\t<meta property=\"og:image:width\" content=\"1200\" \/>\n\t<meta property=\"og:image:height\" content=\"800\" \/>\n\t<meta property=\"og:image:type\" content=\"image\/jpeg\" \/>\n<meta name=\"twitter:card\" content=\"summary_large_image\" \/>\n<meta name=\"twitter:label1\" content=\"Gesch\u00e4tzte Lesezeit\" \/>\n\t<meta name=\"twitter:data1\" content=\"2\u00a0Minuten\" \/>\n<script type=\"application\/ld+json\" class=\"yoast-schema-graph\">{\"@context\":\"https:\/\/schema.org\",\"@graph\":[{\"@type\":\"WebPage\",\"@id\":\"https:\/\/old.epodex-industries.com\/de\/produkt\/1k-fliesenfarbe-pastell-plus-gebinde\/\",\"url\":\"https:\/\/old.epodex-industries.com\/de\/produkt\/1k-fliesenfarbe-pastell-plus-gebinde\/\",\"name\":\"1K Fliesenfarbe - Pastelll+ - Gebinde - EPODEX Industries | B2B Plattform\",\"isPartOf\":{\"@id\":\"https:\/\/old.epodex-industries.com\/fr\/#website\"},\"primaryImageOfPage\":{\"@id\":\"https:\/\/old.epodex-industries.com\/de\/produkt\/1k-fliesenfarbe-pastell-plus-gebinde\/#primaryimage\"},\"image\":{\"@id\":\"https:\/\/old.epodex-industries.com\/de\/produkt\/1k-fliesenfarbe-pastell-plus-gebinde\/#primaryimage\"},\"thumbnailUrl\":\"https:\/\/old.epodex-industries.com\/wp-content\/uploads\/2024\/09\/fliesen-streichen-tile-paint-bunt-1.jpg\",\"datePublished\":\"2024-09-20T17:07:53+00:00\",\"dateModified\":\"2024-09-21T11:22:19+00:00\",\"breadcrumb\":{\"@id\":\"https:\/\/old.epodex-industries.com\/de\/produkt\/1k-fliesenfarbe-pastell-plus-gebinde\/#breadcrumb\"},\"inLanguage\":\"de\",\"potentialAction\":[{\"@type\":\"ReadAction\",\"target\":[\"https:\/\/old.epodex-industries.com\/de\/produkt\/1k-fliesenfarbe-pastell-plus-gebinde\/\"]}]},{\"@type\":\"ImageObject\",\"inLanguage\":\"de\",\"@id\":\"https:\/\/old.epodex-industries.com\/de\/produkt\/1k-fliesenfarbe-pastell-plus-gebinde\/#primaryimage\",\"url\":\"https:\/\/old.epodex-industries.com\/wp-content\/uploads\/2024\/09\/fliesen-streichen-tile-paint-bunt-1.jpg\",\"contentUrl\":\"https:\/\/old.epodex-industries.com\/wp-content\/uploads\/2024\/09\/fliesen-streichen-tile-paint-bunt-1.jpg\",\"width\":1200,\"height\":800,\"caption\":\"fliesen streichen tile paint bunt 1\"},{\"@type\":\"BreadcrumbList\",\"@id\":\"https:\/\/old.epodex-industries.com\/de\/produkt\/1k-fliesenfarbe-pastell-plus-gebinde\/#breadcrumb\",\"itemListElement\":[{\"@type\":\"ListItem\",\"position\":1,\"name\":\"Startseite\",\"item\":\"https:\/\/old.epodex-industries.com\/de\/\"},{\"@type\":\"ListItem\",\"position\":2,\"name\":\"Shop\",\"item\":\"https:\/\/old.epodex-industries.com\/de\/shop\/\"},{\"@type\":\"ListItem\",\"position\":3,\"name\":\"1K Fliesenfarbe &#8211; Pastelll+ &#8211; Gebinde\"}]},{\"@type\":\"WebSite\",\"@id\":\"https:\/\/old.epodex-industries.com\/fr\/#website\",\"url\":\"https:\/\/old.epodex-industries.com\/fr\/\",\"name\":\"EPODEX Industries | B2B Plattform\",\"description\":\"Hersteller + Gro\u00dfhandel f\u00fcr Baustoffe\",\"publisher\":{\"@id\":\"https:\/\/old.epodex-industries.com\/fr\/#organization\"},\"alternateName\":\"EPODEX Industries | Hersteller + Gro\u00dfhandel f\u00fcr Baustoffe\",\"potentialAction\":[{\"@type\":\"SearchAction\",\"target\":{\"@type\":\"EntryPoint\",\"urlTemplate\":\"https:\/\/old.epodex-industries.com\/fr\/?s={search_term_string}\"},\"query-input\":{\"@type\":\"PropertyValueSpecification\",\"valueRequired\":true,\"valueName\":\"search_term_string\"}}],\"inLanguage\":\"de\"},{\"@type\":\"Organization\",\"@id\":\"https:\/\/old.epodex-industries.com\/fr\/#organization\",\"name\":\"EPODEX Industries\",\"url\":\"https:\/\/old.epodex-industries.com\/fr\/\",\"logo\":{\"@type\":\"ImageObject\",\"inLanguage\":\"de\",\"@id\":\"https:\/\/old.epodex-industries.com\/fr\/#\/schema\/logo\/image\/\",\"url\":\"https:\/\/www.epodex-industries.com\/wp-content\/uploads\/2023\/06\/Logo-Epodex-Rechnung.jpg\",\"contentUrl\":\"https:\/\/www.epodex-industries.com\/wp-content\/uploads\/2023\/06\/Logo-Epodex-Rechnung.jpg\",\"width\":261,\"height\":50,\"caption\":\"EPODEX Industries\"},\"image\":{\"@id\":\"https:\/\/old.epodex-industries.com\/fr\/#\/schema\/logo\/image\/\"},\"sameAs\":[\"https:\/\/www.facebook.com\/Epodex\/\",\"https:\/\/www.instagram.com\/epodex_official\/\",\"https:\/\/www.pinterest.de\/epodex_com\/\",\"https:\/\/www.youtube.com\/channel\/UC7lFrJ9YpN1yg43sTc6q3ow\"]}]}<\/script>\n<!-- \/ Yoast SEO plugin. -->","yoast_head_json":{"title":"1K Fliesenfarbe - Pastelll+ - Gebinde - EPODEX Industries | B2B Plattform","robots":{"index":"index","follow":"follow","max-snippet":"max-snippet:-1","max-image-preview":"max-image-preview:large","max-video-preview":"max-video-preview:-1"},"canonical":"https:\/\/old.epodex-industries.com\/de\/produkt\/1k-fliesenfarbe-pastell-plus-gebinde\/","og_locale":"de_DE","og_type":"article","og_title":"1K Fliesenfarbe - Pastelll+ - Gebinde - EPODEX Industries | B2B Plattform","og_description":"Anwendungsbereich: normal beanspruchte Wandfliesen, ohne dauerhaften Wasserkontakt und stehendes Wasser.  Hinweis: F\u00fcr stark beanspruchte Wandfliesen und Bodenfliesen, sowie Fliesen mit dauerhaftem Wasser, empfehlen wir unseren 2K Fliesenlack.  Glanzgrad: seidenmatt  Eigenschaften: geruchlos, strapazierf\u00e4hig, abriebfest, UV-best\u00e4ndig, hochdeckend  Verbrauchsmenge: 120-150g\/m\u00b2  Verarbeitungszeit: 2 Std.","og_url":"https:\/\/old.epodex-industries.com\/de\/produkt\/1k-fliesenfarbe-pastell-plus-gebinde\/","og_site_name":"EPODEX Industries | B2B Plattform","article_publisher":"https:\/\/www.facebook.com\/Epodex\/","article_modified_time":"2024-09-21T11:22:19+00:00","og_image":[{"width":1200,"height":800,"url":"https:\/\/old.epodex-industries.com\/wp-content\/uploads\/2024\/09\/fliesen-streichen-tile-paint-bunt-1.jpg","type":"image\/jpeg"}],"twitter_card":"summary_large_image","twitter_misc":{"Gesch\u00e4tzte Lesezeit":"2\u00a0Minuten"},"schema":{"@context":"https:\/\/schema.org","@graph":[{"@type":"WebPage","@id":"https:\/\/old.epodex-industries.com\/de\/produkt\/1k-fliesenfarbe-pastell-plus-gebinde\/","url":"https:\/\/old.epodex-industries.com\/de\/produkt\/1k-fliesenfarbe-pastell-plus-gebinde\/","name":"1K Fliesenfarbe - Pastelll+ - Gebinde - EPODEX Industries | B2B Plattform","isPartOf":{"@id":"https:\/\/old.epodex-industries.com\/fr\/#website"},"primaryImageOfPage":{"@id":"https:\/\/old.epodex-industries.com\/de\/produkt\/1k-fliesenfarbe-pastell-plus-gebinde\/#primaryimage"},"image":{"@id":"https:\/\/old.epodex-industries.com\/de\/produkt\/1k-fliesenfarbe-pastell-plus-gebinde\/#primaryimage"},"thumbnailUrl":"https:\/\/old.epodex-industries.com\/wp-content\/uploads\/2024\/09\/fliesen-streichen-tile-paint-bunt-1.jpg","datePublished":"2024-09-20T17:07:53+00:00","dateModified":"2024-09-21T11:22:19+00:00","breadcrumb":{"@id":"https:\/\/old.epodex-industries.com\/de\/produkt\/1k-fliesenfarbe-pastell-plus-gebinde\/#breadcrumb"},"inLanguage":"de","potentialAction":[{"@type":"ReadAction","target":["https:\/\/old.epodex-industries.com\/de\/produkt\/1k-fliesenfarbe-pastell-plus-gebinde\/"]}]},{"@type":"ImageObject","inLanguage":"de","@id":"https:\/\/old.epodex-industries.com\/de\/produkt\/1k-fliesenfarbe-pastell-plus-gebinde\/#primaryimage","url":"https:\/\/old.epodex-industries.com\/wp-content\/uploads\/2024\/09\/fliesen-streichen-tile-paint-bunt-1.jpg","contentUrl":"https:\/\/old.epodex-industries.com\/wp-content\/uploads\/2024\/09\/fliesen-streichen-tile-paint-bunt-1.jpg","width":1200,"height":800,"caption":"fliesen streichen tile paint bunt 1"},{"@type":"BreadcrumbList","@id":"https:\/\/old.epodex-industries.com\/de\/produkt\/1k-fliesenfarbe-pastell-plus-gebinde\/#breadcrumb","itemListElement":[{"@type":"ListItem","position":1,"name":"Startseite","item":"https:\/\/old.epodex-industries.com\/de\/"},{"@type":"ListItem","position":2,"name":"Shop","item":"https:\/\/old.epodex-industries.com\/de\/shop\/"},{"@type":"ListItem","position":3,"name":"1K Fliesenfarbe &#8211; Pastelll+ &#8211; Gebinde"}]},{"@type":"WebSite","@id":"https:\/\/old.epodex-industries.com\/fr\/#website","url":"https:\/\/old.epodex-industries.com\/fr\/","name":"EPODEX Industries | B2B Plattform","description":"Hersteller + Gro\u00dfhandel f\u00fcr Baustoffe","publisher":{"@id":"https:\/\/old.epodex-industries.com\/fr\/#organization"},"alternateName":"EPODEX Industries | Hersteller + Gro\u00dfhandel f\u00fcr Baustoffe","potentialAction":[{"@type":"SearchAction","target":{"@type":"EntryPoint","urlTemplate":"https:\/\/old.epodex-industries.com\/fr\/?s={search_term_string}"},"query-input":{"@type":"PropertyValueSpecification","valueRequired":true,"valueName":"search_term_string"}}],"inLanguage":"de"},{"@type":"Organization","@id":"https:\/\/old.epodex-industries.com\/fr\/#organization","name":"EPODEX Industries","url":"https:\/\/old.epodex-industries.com\/fr\/","logo":{"@type":"ImageObject","inLanguage":"de","@id":"https:\/\/old.epodex-industries.com\/fr\/#\/schema\/logo\/image\/","url":"https:\/\/www.epodex-industries.com\/wp-content\/uploads\/2023\/06\/Logo-Epodex-Rechnung.jpg","contentUrl":"https:\/\/www.epodex-industries.com\/wp-content\/uploads\/2023\/06\/Logo-Epodex-Rechnung.jpg","width":261,"height":50,"caption":"EPODEX Industries"},"image":{"@id":"https:\/\/old.epodex-industries.com\/fr\/#\/schema\/logo\/image\/"},"sameAs":["https:\/\/www.facebook.com\/Epodex\/","https:\/\/www.instagram.com\/epodex_official\/","https:\/\/www.pinterest.de\/epodex_com\/","https:\/\/www.youtube.com\/channel\/UC7lFrJ9YpN1yg43sTc6q3ow"]}]}},"_links":{"self":[{"href":"https:\/\/old.epodex-industries.com\/de\/wp-json\/wp\/v2\/product\/32068","targetHints":{"allow":["GET"]}}],"collection":[{"href":"https:\/\/old.epodex-industries.com\/de\/wp-json\/wp\/v2\/product"}],"about":[{"href":"https:\/\/old.epodex-industries.com\/de\/wp-json\/wp\/v2\/types\/product"}],"replies":[{"embeddable":true,"href":"https:\/\/old.epodex-industries.com\/de\/wp-json\/wp\/v2\/comments?post=32068"}],"wp:featuredmedia":[{"embeddable":true,"href":"https:\/\/old.epodex-industries.com\/de\/wp-json\/wp\/v2\/media\/32065"}],"wp:attachment":[{"href":"https:\/\/old.epodex-industries.com\/de\/wp-json\/wp\/v2\/media?parent=32068"}],"wp:term":[{"taxonomy":"product_brand","embeddable":true,"href":"https:\/\/old.epodex-industries.com\/de\/wp-json\/wp\/v2\/product_brand?post=32068"},{"taxonomy":"product_cat","embeddable":true,"href":"https:\/\/old.epodex-industries.com\/de\/wp-json\/wp\/v2\/product_cat?post=32068"},{"taxonomy":"product_tag","embeddable":true,"href":"https:\/\/old.epodex-industries.com\/de\/wp-json\/wp\/v2\/product_tag?post=32068"}],"curies":[{"name":"wp","href":"https:\/\/api.w.org\/{rel}","templated":true}]}}