{"id":31966,"date":"2024-09-03T08:09:29","date_gmt":"2024-09-03T06:09:29","guid":{"rendered":"https:\/\/www.epodex-industries.com\/produkt\/grundier-und-spachtelmasse\/"},"modified":"2026-01-09T14:00:51","modified_gmt":"2026-01-09T13:00:51","slug":"grundier-und-spachtelmasse","status":"publish","type":"product","link":"https:\/\/old.epodex-industries.com\/de\/produkt\/grundier-und-spachtelmasse\/","title":{"rendered":"Putty Primer &#8211; Spachtelmasse &#8211; 11lbs &#8211; 5kg"},"content":{"rendered":"<p>Wei\u00dfe Dispersions-Zement-Spachtelmasse zum F\u00fcllen von Rissen und L\u00f6chern sowie zum Ausbessern, Gl\u00e4tten und Nivellieren von Fassaden, Wand- und Deckenfl\u00e4chen.<\/p>\n","protected":false},"excerpt":{"rendered":"<ul>\n<li>Kunstharzverg\u00fctete und faserverst\u00e4rkte Grundier- und Spachtelmasse<\/li>\n<li>Zum Grundieren, Spachteln und Gl\u00e4tten von Wandfliesen sowie F\u00fcllen von Rissen, L\u00f6chern, Fugen etc.<\/li>\n<li>Optimale Haftung auf allen Untergr\u00fcnden (saugenden und nicht saugend), z. B. W\u00e4nden, Decken, Fliesenspiegeln, Dispersionsuntergr\u00fcnden, Fassaden<\/li>\n<li>Anwendungsbereiche: Innen &amp; Au\u00dfen sowie Feuchtraum<\/li>\n<li>Auf Null ausziehbar f\u00fcr ansatzfreie Spachtel arbeiten<\/li>\n<li>Schichtst\u00e4rken von 0-10cm<\/li>\n<li>Mischungsverh\u00e4ltnis: z.B. 5kg Grundier- und Spachtelmasse in 2L Wasser<\/li>\n<li>Verarbeitungszeit: ca. 30 Minuten (schnell abbindend)<\/li>\n<li>Trocknungzeit: ca. 24Std.<\/li>\n<\/ul>\n","protected":false},"featured_media":31951,"comment_status":"closed","ping_status":"closed","template":"","meta":[],"product_brand":[],"product_cat":[487],"product_tag":[],"class_list":{"0":"post-31966","1":"product","2":"type-product","3":"status-publish","4":"has-post-thumbnail","6":"product_cat-grundierung","8":"first","9":"instock","10":"taxable","11":"shipping-taxable","12":"product-type-simple"},"yoast_head":"<!-- This site is optimized with the Yoast SEO plugin v26.7 - https:\/\/yoast.com\/wordpress\/plugins\/seo\/ -->\n<title>Putty Primer - Spachtelmasse - 11lbs - 5kg - EPODEX Industries | B2B Plattform<\/title>\n<meta name=\"robots\" content=\"index, follow, max-snippet:-1, max-image-preview:large, max-video-preview:-1\" \/>\n<link rel=\"canonical\" href=\"https:\/\/old.epodex-industries.com\/fr\/produit\/grundier-und-spachtelmasse\/\" \/>\n<meta property=\"og:locale\" content=\"de_DE\" \/>\n<meta property=\"og:type\" content=\"article\" \/>\n<meta property=\"og:title\" content=\"Putty Primer - Spachtelmasse - 11lbs - 5kg - EPODEX Industries | B2B Plattform\" \/>\n<meta property=\"og:description\" content=\"Kunstharzverg\u00fctete und faserverst\u00e4rkte Grundier- und Spachtelmasse  Zum Grundieren, Spachteln und Gl\u00e4tten von Wandfliesen sowie F\u00fcllen von Rissen, L\u00f6chern, Fugen etc.  Optimale Haftung auf allen Untergr\u00fcnden (saugenden und nicht saugend), z. B. W\u00e4nden, Decken, Fliesenspiegeln, Dispersionsuntergr\u00fcnden, Fassaden  Anwendungsbereiche: Innen &amp; Au\u00dfen sowie Feuchtraum  Auf Null ausziehbar f\u00fcr ansatzfreie Spachtel arbeiten  Schichtst\u00e4rken von 0-10cm  Mischungsverh\u00e4ltnis: z.B. 5kg Grundier- und Spachtelmasse in 2L Wasser  Verarbeitungszeit: ca. 30 Minuten (schnell abbindend)  Trocknungzeit: ca. 24Std.\" \/>\n<meta property=\"og:url\" content=\"https:\/\/old.epodex-industries.com\/fr\/produit\/grundier-und-spachtelmasse\/\" \/>\n<meta property=\"og:site_name\" content=\"EPODEX Industries | B2B Plattform\" \/>\n<meta property=\"article:publisher\" content=\"https:\/\/www.facebook.com\/Epodex\/\" \/>\n<meta property=\"article:modified_time\" content=\"2026-01-09T13:00:51+00:00\" \/>\n<meta property=\"og:image\" content=\"https:\/\/old.epodex-industries.com\/wp-content\/uploads\/2024\/08\/1K-wall-putty-primer-spachtelmasse-1-1.jpg\" \/>\n\t<meta property=\"og:image:width\" content=\"1200\" \/>\n\t<meta property=\"og:image:height\" content=\"800\" \/>\n\t<meta property=\"og:image:type\" content=\"image\/jpeg\" \/>\n<meta name=\"twitter:card\" content=\"summary_large_image\" \/>\n<meta name=\"twitter:label1\" content=\"Gesch\u00e4tzte Lesezeit\" \/>\n\t<meta name=\"twitter:data1\" content=\"1\u00a0Minute\" \/>\n<script type=\"application\/ld+json\" class=\"yoast-schema-graph\">{\"@context\":\"https:\/\/schema.org\",\"@graph\":[{\"@type\":\"WebPage\",\"@id\":\"https:\/\/old.epodex-industries.com\/fr\/produit\/grundier-und-spachtelmasse\/\",\"url\":\"https:\/\/old.epodex-industries.com\/fr\/produit\/grundier-und-spachtelmasse\/\",\"name\":\"Putty Primer - Spachtelmasse - 11lbs - 5kg - EPODEX Industries | B2B Plattform\",\"isPartOf\":{\"@id\":\"https:\/\/old.epodex-industries.com\/fr\/#website\"},\"primaryImageOfPage\":{\"@id\":\"https:\/\/old.epodex-industries.com\/fr\/produit\/grundier-und-spachtelmasse\/#primaryimage\"},\"image\":{\"@id\":\"https:\/\/old.epodex-industries.com\/fr\/produit\/grundier-und-spachtelmasse\/#primaryimage\"},\"thumbnailUrl\":\"https:\/\/old.epodex-industries.com\/wp-content\/uploads\/2024\/08\/1K-wall-putty-primer-spachtelmasse-1-1.jpg\",\"datePublished\":\"2024-09-03T06:09:29+00:00\",\"dateModified\":\"2026-01-09T13:00:51+00:00\",\"breadcrumb\":{\"@id\":\"https:\/\/old.epodex-industries.com\/fr\/produit\/grundier-und-spachtelmasse\/#breadcrumb\"},\"inLanguage\":\"de\",\"potentialAction\":[{\"@type\":\"ReadAction\",\"target\":[\"https:\/\/old.epodex-industries.com\/fr\/produit\/grundier-und-spachtelmasse\/\"]}]},{\"@type\":\"ImageObject\",\"inLanguage\":\"de\",\"@id\":\"https:\/\/old.epodex-industries.com\/fr\/produit\/grundier-und-spachtelmasse\/#primaryimage\",\"url\":\"https:\/\/old.epodex-industries.com\/wp-content\/uploads\/2024\/08\/1K-wall-putty-primer-spachtelmasse-1-1.jpg\",\"contentUrl\":\"https:\/\/old.epodex-industries.com\/wp-content\/uploads\/2024\/08\/1K-wall-putty-primer-spachtelmasse-1-1.jpg\",\"width\":1200,\"height\":800,\"caption\":\"1K wall putty primer spachtelmasse 1 1\"},{\"@type\":\"BreadcrumbList\",\"@id\":\"https:\/\/old.epodex-industries.com\/fr\/produit\/grundier-und-spachtelmasse\/#breadcrumb\",\"itemListElement\":[{\"@type\":\"ListItem\",\"position\":1,\"name\":\"Startseite\",\"item\":\"https:\/\/old.epodex-industries.com\/de\/\"},{\"@type\":\"ListItem\",\"position\":2,\"name\":\"Shop\",\"item\":\"https:\/\/old.epodex-industries.com\/de\/shop\/\"},{\"@type\":\"ListItem\",\"position\":3,\"name\":\"Putty Primer &#8211; Spachtelmasse &#8211; 11lbs &#8211; 5kg\"}]},{\"@type\":\"WebSite\",\"@id\":\"https:\/\/old.epodex-industries.com\/fr\/#website\",\"url\":\"https:\/\/old.epodex-industries.com\/fr\/\",\"name\":\"EPODEX Industries | B2B Plattform\",\"description\":\"Hersteller + Gro\u00dfhandel f\u00fcr Baustoffe\",\"publisher\":{\"@id\":\"https:\/\/old.epodex-industries.com\/fr\/#organization\"},\"alternateName\":\"EPODEX Industries | Hersteller + Gro\u00dfhandel f\u00fcr Baustoffe\",\"potentialAction\":[{\"@type\":\"SearchAction\",\"target\":{\"@type\":\"EntryPoint\",\"urlTemplate\":\"https:\/\/old.epodex-industries.com\/fr\/?s={search_term_string}\"},\"query-input\":{\"@type\":\"PropertyValueSpecification\",\"valueRequired\":true,\"valueName\":\"search_term_string\"}}],\"inLanguage\":\"de\"},{\"@type\":\"Organization\",\"@id\":\"https:\/\/old.epodex-industries.com\/fr\/#organization\",\"name\":\"EPODEX Industries\",\"url\":\"https:\/\/old.epodex-industries.com\/fr\/\",\"logo\":{\"@type\":\"ImageObject\",\"inLanguage\":\"de\",\"@id\":\"https:\/\/old.epodex-industries.com\/fr\/#\/schema\/logo\/image\/\",\"url\":\"https:\/\/www.epodex-industries.com\/wp-content\/uploads\/2023\/06\/Logo-Epodex-Rechnung.jpg\",\"contentUrl\":\"https:\/\/www.epodex-industries.com\/wp-content\/uploads\/2023\/06\/Logo-Epodex-Rechnung.jpg\",\"width\":261,\"height\":50,\"caption\":\"EPODEX Industries\"},\"image\":{\"@id\":\"https:\/\/old.epodex-industries.com\/fr\/#\/schema\/logo\/image\/\"},\"sameAs\":[\"https:\/\/www.facebook.com\/Epodex\/\",\"https:\/\/www.instagram.com\/epodex_official\/\",\"https:\/\/www.pinterest.de\/epodex_com\/\",\"https:\/\/www.youtube.com\/channel\/UC7lFrJ9YpN1yg43sTc6q3ow\"]}]}<\/script>\n<!-- \/ Yoast SEO plugin. -->","yoast_head_json":{"title":"Putty Primer - Spachtelmasse - 11lbs - 5kg - EPODEX Industries | B2B Plattform","robots":{"index":"index","follow":"follow","max-snippet":"max-snippet:-1","max-image-preview":"max-image-preview:large","max-video-preview":"max-video-preview:-1"},"canonical":"https:\/\/old.epodex-industries.com\/fr\/produit\/grundier-und-spachtelmasse\/","og_locale":"de_DE","og_type":"article","og_title":"Putty Primer - Spachtelmasse - 11lbs - 5kg - EPODEX Industries | B2B Plattform","og_description":"Kunstharzverg\u00fctete und faserverst\u00e4rkte Grundier- und Spachtelmasse  Zum Grundieren, Spachteln und Gl\u00e4tten von Wandfliesen sowie F\u00fcllen von Rissen, L\u00f6chern, Fugen etc.  Optimale Haftung auf allen Untergr\u00fcnden (saugenden und nicht saugend), z. B. W\u00e4nden, Decken, Fliesenspiegeln, Dispersionsuntergr\u00fcnden, Fassaden  Anwendungsbereiche: Innen &amp; Au\u00dfen sowie Feuchtraum  Auf Null ausziehbar f\u00fcr ansatzfreie Spachtel arbeiten  Schichtst\u00e4rken von 0-10cm  Mischungsverh\u00e4ltnis: z.B. 5kg Grundier- und Spachtelmasse in 2L Wasser  Verarbeitungszeit: ca. 30 Minuten (schnell abbindend)  Trocknungzeit: ca. 24Std.","og_url":"https:\/\/old.epodex-industries.com\/fr\/produit\/grundier-und-spachtelmasse\/","og_site_name":"EPODEX Industries | B2B Plattform","article_publisher":"https:\/\/www.facebook.com\/Epodex\/","article_modified_time":"2026-01-09T13:00:51+00:00","og_image":[{"width":1200,"height":800,"url":"https:\/\/old.epodex-industries.com\/wp-content\/uploads\/2024\/08\/1K-wall-putty-primer-spachtelmasse-1-1.jpg","type":"image\/jpeg"}],"twitter_card":"summary_large_image","twitter_misc":{"Gesch\u00e4tzte Lesezeit":"1\u00a0Minute"},"schema":{"@context":"https:\/\/schema.org","@graph":[{"@type":"WebPage","@id":"https:\/\/old.epodex-industries.com\/fr\/produit\/grundier-und-spachtelmasse\/","url":"https:\/\/old.epodex-industries.com\/fr\/produit\/grundier-und-spachtelmasse\/","name":"Putty Primer - Spachtelmasse - 11lbs - 5kg - EPODEX Industries | B2B Plattform","isPartOf":{"@id":"https:\/\/old.epodex-industries.com\/fr\/#website"},"primaryImageOfPage":{"@id":"https:\/\/old.epodex-industries.com\/fr\/produit\/grundier-und-spachtelmasse\/#primaryimage"},"image":{"@id":"https:\/\/old.epodex-industries.com\/fr\/produit\/grundier-und-spachtelmasse\/#primaryimage"},"thumbnailUrl":"https:\/\/old.epodex-industries.com\/wp-content\/uploads\/2024\/08\/1K-wall-putty-primer-spachtelmasse-1-1.jpg","datePublished":"2024-09-03T06:09:29+00:00","dateModified":"2026-01-09T13:00:51+00:00","breadcrumb":{"@id":"https:\/\/old.epodex-industries.com\/fr\/produit\/grundier-und-spachtelmasse\/#breadcrumb"},"inLanguage":"de","potentialAction":[{"@type":"ReadAction","target":["https:\/\/old.epodex-industries.com\/fr\/produit\/grundier-und-spachtelmasse\/"]}]},{"@type":"ImageObject","inLanguage":"de","@id":"https:\/\/old.epodex-industries.com\/fr\/produit\/grundier-und-spachtelmasse\/#primaryimage","url":"https:\/\/old.epodex-industries.com\/wp-content\/uploads\/2024\/08\/1K-wall-putty-primer-spachtelmasse-1-1.jpg","contentUrl":"https:\/\/old.epodex-industries.com\/wp-content\/uploads\/2024\/08\/1K-wall-putty-primer-spachtelmasse-1-1.jpg","width":1200,"height":800,"caption":"1K wall putty primer spachtelmasse 1 1"},{"@type":"BreadcrumbList","@id":"https:\/\/old.epodex-industries.com\/fr\/produit\/grundier-und-spachtelmasse\/#breadcrumb","itemListElement":[{"@type":"ListItem","position":1,"name":"Startseite","item":"https:\/\/old.epodex-industries.com\/de\/"},{"@type":"ListItem","position":2,"name":"Shop","item":"https:\/\/old.epodex-industries.com\/de\/shop\/"},{"@type":"ListItem","position":3,"name":"Putty Primer &#8211; Spachtelmasse &#8211; 11lbs &#8211; 5kg"}]},{"@type":"WebSite","@id":"https:\/\/old.epodex-industries.com\/fr\/#website","url":"https:\/\/old.epodex-industries.com\/fr\/","name":"EPODEX Industries | B2B Plattform","description":"Hersteller + Gro\u00dfhandel f\u00fcr Baustoffe","publisher":{"@id":"https:\/\/old.epodex-industries.com\/fr\/#organization"},"alternateName":"EPODEX Industries | Hersteller + Gro\u00dfhandel f\u00fcr Baustoffe","potentialAction":[{"@type":"SearchAction","target":{"@type":"EntryPoint","urlTemplate":"https:\/\/old.epodex-industries.com\/fr\/?s={search_term_string}"},"query-input":{"@type":"PropertyValueSpecification","valueRequired":true,"valueName":"search_term_string"}}],"inLanguage":"de"},{"@type":"Organization","@id":"https:\/\/old.epodex-industries.com\/fr\/#organization","name":"EPODEX Industries","url":"https:\/\/old.epodex-industries.com\/fr\/","logo":{"@type":"ImageObject","inLanguage":"de","@id":"https:\/\/old.epodex-industries.com\/fr\/#\/schema\/logo\/image\/","url":"https:\/\/www.epodex-industries.com\/wp-content\/uploads\/2023\/06\/Logo-Epodex-Rechnung.jpg","contentUrl":"https:\/\/www.epodex-industries.com\/wp-content\/uploads\/2023\/06\/Logo-Epodex-Rechnung.jpg","width":261,"height":50,"caption":"EPODEX Industries"},"image":{"@id":"https:\/\/old.epodex-industries.com\/fr\/#\/schema\/logo\/image\/"},"sameAs":["https:\/\/www.facebook.com\/Epodex\/","https:\/\/www.instagram.com\/epodex_official\/","https:\/\/www.pinterest.de\/epodex_com\/","https:\/\/www.youtube.com\/channel\/UC7lFrJ9YpN1yg43sTc6q3ow"]}]}},"_links":{"self":[{"href":"https:\/\/old.epodex-industries.com\/de\/wp-json\/wp\/v2\/product\/31966","targetHints":{"allow":["GET"]}}],"collection":[{"href":"https:\/\/old.epodex-industries.com\/de\/wp-json\/wp\/v2\/product"}],"about":[{"href":"https:\/\/old.epodex-industries.com\/de\/wp-json\/wp\/v2\/types\/product"}],"replies":[{"embeddable":true,"href":"https:\/\/old.epodex-industries.com\/de\/wp-json\/wp\/v2\/comments?post=31966"}],"wp:featuredmedia":[{"embeddable":true,"href":"https:\/\/old.epodex-industries.com\/de\/wp-json\/wp\/v2\/media\/31951"}],"wp:attachment":[{"href":"https:\/\/old.epodex-industries.com\/de\/wp-json\/wp\/v2\/media?parent=31966"}],"wp:term":[{"taxonomy":"product_brand","embeddable":true,"href":"https:\/\/old.epodex-industries.com\/de\/wp-json\/wp\/v2\/product_brand?post=31966"},{"taxonomy":"product_cat","embeddable":true,"href":"https:\/\/old.epodex-industries.com\/de\/wp-json\/wp\/v2\/product_cat?post=31966"},{"taxonomy":"product_tag","embeddable":true,"href":"https:\/\/old.epodex-industries.com\/de\/wp-json\/wp\/v2\/product_tag?post=31966"}],"curies":[{"name":"wp","href":"https:\/\/api.w.org\/{rel}","templated":true}]}}