{"id":18246,"date":"2024-03-18T11:30:14","date_gmt":"2024-03-18T10:30:14","guid":{"rendered":"https:\/\/www.epodex-industries.com\/produkt\/marmor-spray-weiss-schwarz\/"},"modified":"2025-01-24T20:25:15","modified_gmt":"2025-01-24T19:25:15","slug":"marmor-spray-weiss-schwarz","status":"publish","type":"product","link":"https:\/\/old.epodex-industries.com\/de\/produkt\/marmor-spray-weiss-schwarz\/","title":{"rendered":"Marmor Spray wei\u00df\/schwarz"},"content":{"rendered":"<h2>Marmor Spray wei\u00df\/schwarz<\/h2>\n<p>Sie m\u00f6chten eine Marmoroberfl\u00e4che schnell, einfach und g\u00fcnstig? Dann haben wir genau das richtige Produkt f\u00fcr Sie!<\/p>\n<p>Mit unserem Marble-Effekt-Spray erstellen Sie schnell und unkompliziert einen t\u00e4uschend echten Marmor-Look auf allen nat\u00fcrlichen und beschichteten Oberfl\u00e4chen, wie z.B. Papier, Pappe, Porzellan, Stein, Styropor, Holz, Glas, Metall, Epoxidharz und Keramik. Der Marmor-Effekt wird durch feine Lackf\u00e4den, die aus dem Spr\u00fchkopf austreten, erzeugt.<\/p>\n<hr \/>\n<h3>Anwendung<\/h3>\n<p>Wir empfehlen f\u00fcr ein optimales Ergebnis die Oberfl\u00e4che mit einer unserer Farben vorzubehandeln. Je nachdem, um welchen Untergrund es sich handelt, k\u00f6nnen Sie zwischen unseren Betonfarben, Fliesenfarben oder unserer Epoxidharz-Grundierung w\u00e4hlen. Sch\u00fctteln Sie die Spr\u00fchdose vor dem Gebrauch und spr\u00fchen Sie anschlie\u00dfend Ihre gew\u00fcnschte Marmorierung. F\u00fcr ein besonderes Finish empfehlen wir Ihnen eine glasklare Versiegelung mit unserem ECO oder PRO Epoxidharz-Systemen. Alternativ k\u00f6nnen Sie die Oberfl\u00e4che auch mit unserem transparenten Acryllack \u201eACRYLIC PROTECT\u201c versiegeln.<br \/>\n<strong>Kundenservice:<\/strong>\u00a0Bei weiteren Fragen kontaktieren Sie uns telefonisch, per E-Mail oder nutzen Sie unseren WhatsApp-Support.<\/p>\n<hr \/>\n<h3>Gefahrenhinweise<\/h3>\n<p>Extrem entz\u00fcndbares Aerosol. Beh\u00e4lter steht unter Druck: kann bei Erw\u00e4rmung bersten. Verursacht schwere Augenreizung. Ist \u00e4rztlicher Rat erforderlich, Verpackung oder Kennzeichnungsetikett bereithalten. Darf nicht in die H\u00e4nde von Kindern gelangen. Von Hitze, hei\u00dfen Oberfl\u00e4chen, Funken, offenen Flammen und anderen Z\u00fcndquellen fernhalten. Nicht rauchen. Nicht gegen offene Flamme oder andere Z\u00fcndquelle spr\u00fchen. Nicht durchstechen oder verbrennen, auch nicht nach Gebrauch. Aerosol nicht einatmen. Vor Sonnenbestrahlung sch\u00fctzen. Nicht Temperaturen \u00fcber 50 \u00b0C aussetzen. Entsorgung des Inhalts \/ des Beh\u00e4lters gem\u00e4\u00df den \u00f6rtlichen \/ regionalen \/ nationalen \/ internationalen Vorschriften.<\/p>\n<p><img decoding=\"async\" src=\"\/\/www.epodex.com\/de\/wp-content\/uploads\/2021\/04\/achtung.png\" \/><img decoding=\"async\" src=\"\/\/www.epodex.com\/de\/wp-content\/uploads\/2021\/04\/gefahrensymbol-flamme.png\" \/><\/p>\n","protected":false},"excerpt":{"rendered":"<ul>\n<li>Marmor-Optik mit schwarzen oder wei\u00dfen Adern<\/li>\n<li>Acrylbasierter Lack<\/li>\n<li>Schnell trocknend<\/li>\n<li>Menge: 400ml<\/li>\n<li>Eine Spr\u00fchdose ist ausreichend f\u00fcr 30-50m\u00b2, je nach Marmorierung.<\/li>\n<\/ul>\n","protected":false},"featured_media":3257,"comment_status":"closed","ping_status":"closed","template":"","meta":[],"product_brand":[],"product_cat":[359],"product_tag":[],"class_list":{"0":"post-18246","1":"product","2":"type-product","3":"status-publish","4":"has-post-thumbnail","6":"product_cat-zubehoer","8":"first","9":"instock","10":"taxable","11":"shipping-taxable","12":"product-type-variable","13":"wvs-archive-product-wrapper"},"yoast_head":"<!-- This site is optimized with the Yoast SEO plugin v26.7 - https:\/\/yoast.com\/wordpress\/plugins\/seo\/ -->\n<title>Marmor Spray wei\u00df\/schwarz - EPODEX Industries | B2B Plattform<\/title>\n<meta name=\"robots\" content=\"index, follow, max-snippet:-1, max-image-preview:large, max-video-preview:-1\" \/>\n<link rel=\"canonical\" href=\"https:\/\/old.epodex-industries.com\/de\/produkt\/marmor-spray-weiss-schwarz\/\" \/>\n<meta property=\"og:locale\" content=\"de_DE\" \/>\n<meta property=\"og:type\" content=\"article\" \/>\n<meta property=\"og:title\" content=\"Marmor Spray wei\u00df\/schwarz - EPODEX Industries | B2B Plattform\" \/>\n<meta property=\"og:description\" content=\"Marmor-Optik mit schwarzen oder wei\u00dfen Adern  Acrylbasierter Lack  Schnell trocknend  Menge: 400ml  Eine Spr\u00fchdose ist ausreichend f\u00fcr 30-50m\u00b2, je nach Marmorierung.\" \/>\n<meta property=\"og:url\" content=\"https:\/\/old.epodex-industries.com\/de\/produkt\/marmor-spray-weiss-schwarz\/\" \/>\n<meta property=\"og:site_name\" content=\"EPODEX Industries | B2B Plattform\" \/>\n<meta property=\"article:publisher\" content=\"https:\/\/www.facebook.com\/Epodex\/\" \/>\n<meta property=\"article:modified_time\" content=\"2025-01-24T19:25:15+00:00\" \/>\n<meta property=\"og:image\" content=\"https:\/\/old.epodex-industries.com\/wp-content\/uploads\/2023\/06\/marble-effect-spray.png\" \/>\n\t<meta property=\"og:image:width\" content=\"1200\" \/>\n\t<meta property=\"og:image:height\" content=\"800\" \/>\n\t<meta property=\"og:image:type\" content=\"image\/png\" \/>\n<meta name=\"twitter:card\" content=\"summary_large_image\" \/>\n<meta name=\"twitter:label1\" content=\"Gesch\u00e4tzte Lesezeit\" \/>\n\t<meta name=\"twitter:data1\" content=\"1\u00a0Minute\" \/>\n<script type=\"application\/ld+json\" class=\"yoast-schema-graph\">{\"@context\":\"https:\/\/schema.org\",\"@graph\":[{\"@type\":\"WebPage\",\"@id\":\"https:\/\/old.epodex-industries.com\/de\/produkt\/marmor-spray-weiss-schwarz\/\",\"url\":\"https:\/\/old.epodex-industries.com\/de\/produkt\/marmor-spray-weiss-schwarz\/\",\"name\":\"Marmor Spray wei\u00df\/schwarz - EPODEX Industries | B2B Plattform\",\"isPartOf\":{\"@id\":\"https:\/\/old.epodex-industries.com\/fr\/#website\"},\"primaryImageOfPage\":{\"@id\":\"https:\/\/old.epodex-industries.com\/de\/produkt\/marmor-spray-weiss-schwarz\/#primaryimage\"},\"image\":{\"@id\":\"https:\/\/old.epodex-industries.com\/de\/produkt\/marmor-spray-weiss-schwarz\/#primaryimage\"},\"thumbnailUrl\":\"https:\/\/old.epodex-industries.com\/wp-content\/uploads\/2023\/06\/marble-effect-spray.png\",\"datePublished\":\"2024-03-18T10:30:14+00:00\",\"dateModified\":\"2025-01-24T19:25:15+00:00\",\"breadcrumb\":{\"@id\":\"https:\/\/old.epodex-industries.com\/de\/produkt\/marmor-spray-weiss-schwarz\/#breadcrumb\"},\"inLanguage\":\"de\",\"potentialAction\":[{\"@type\":\"ReadAction\",\"target\":[\"https:\/\/old.epodex-industries.com\/de\/produkt\/marmor-spray-weiss-schwarz\/\"]}]},{\"@type\":\"ImageObject\",\"inLanguage\":\"de\",\"@id\":\"https:\/\/old.epodex-industries.com\/de\/produkt\/marmor-spray-weiss-schwarz\/#primaryimage\",\"url\":\"https:\/\/old.epodex-industries.com\/wp-content\/uploads\/2023\/06\/marble-effect-spray.png\",\"contentUrl\":\"https:\/\/old.epodex-industries.com\/wp-content\/uploads\/2023\/06\/marble-effect-spray.png\",\"width\":1200,\"height\":800},{\"@type\":\"BreadcrumbList\",\"@id\":\"https:\/\/old.epodex-industries.com\/de\/produkt\/marmor-spray-weiss-schwarz\/#breadcrumb\",\"itemListElement\":[{\"@type\":\"ListItem\",\"position\":1,\"name\":\"Startseite\",\"item\":\"https:\/\/old.epodex-industries.com\/de\/\"},{\"@type\":\"ListItem\",\"position\":2,\"name\":\"Shop\",\"item\":\"https:\/\/old.epodex-industries.com\/de\/shop\/\"},{\"@type\":\"ListItem\",\"position\":3,\"name\":\"Marmor Spray wei\u00df\/schwarz\"}]},{\"@type\":\"WebSite\",\"@id\":\"https:\/\/old.epodex-industries.com\/fr\/#website\",\"url\":\"https:\/\/old.epodex-industries.com\/fr\/\",\"name\":\"EPODEX Industries | B2B Plattform\",\"description\":\"Hersteller + Gro\u00dfhandel f\u00fcr Baustoffe\",\"publisher\":{\"@id\":\"https:\/\/old.epodex-industries.com\/fr\/#organization\"},\"alternateName\":\"EPODEX Industries | Hersteller + Gro\u00dfhandel f\u00fcr Baustoffe\",\"potentialAction\":[{\"@type\":\"SearchAction\",\"target\":{\"@type\":\"EntryPoint\",\"urlTemplate\":\"https:\/\/old.epodex-industries.com\/fr\/?s={search_term_string}\"},\"query-input\":{\"@type\":\"PropertyValueSpecification\",\"valueRequired\":true,\"valueName\":\"search_term_string\"}}],\"inLanguage\":\"de\"},{\"@type\":\"Organization\",\"@id\":\"https:\/\/old.epodex-industries.com\/fr\/#organization\",\"name\":\"EPODEX Industries\",\"url\":\"https:\/\/old.epodex-industries.com\/fr\/\",\"logo\":{\"@type\":\"ImageObject\",\"inLanguage\":\"de\",\"@id\":\"https:\/\/old.epodex-industries.com\/fr\/#\/schema\/logo\/image\/\",\"url\":\"https:\/\/www.epodex-industries.com\/wp-content\/uploads\/2023\/06\/Logo-Epodex-Rechnung.jpg\",\"contentUrl\":\"https:\/\/www.epodex-industries.com\/wp-content\/uploads\/2023\/06\/Logo-Epodex-Rechnung.jpg\",\"width\":261,\"height\":50,\"caption\":\"EPODEX Industries\"},\"image\":{\"@id\":\"https:\/\/old.epodex-industries.com\/fr\/#\/schema\/logo\/image\/\"},\"sameAs\":[\"https:\/\/www.facebook.com\/Epodex\/\",\"https:\/\/www.instagram.com\/epodex_official\/\",\"https:\/\/www.pinterest.de\/epodex_com\/\",\"https:\/\/www.youtube.com\/channel\/UC7lFrJ9YpN1yg43sTc6q3ow\"]}]}<\/script>\n<!-- \/ Yoast SEO plugin. -->","yoast_head_json":{"title":"Marmor Spray wei\u00df\/schwarz - EPODEX Industries | B2B Plattform","robots":{"index":"index","follow":"follow","max-snippet":"max-snippet:-1","max-image-preview":"max-image-preview:large","max-video-preview":"max-video-preview:-1"},"canonical":"https:\/\/old.epodex-industries.com\/de\/produkt\/marmor-spray-weiss-schwarz\/","og_locale":"de_DE","og_type":"article","og_title":"Marmor Spray wei\u00df\/schwarz - EPODEX Industries | B2B Plattform","og_description":"Marmor-Optik mit schwarzen oder wei\u00dfen Adern  Acrylbasierter Lack  Schnell trocknend  Menge: 400ml  Eine Spr\u00fchdose ist ausreichend f\u00fcr 30-50m\u00b2, je nach Marmorierung.","og_url":"https:\/\/old.epodex-industries.com\/de\/produkt\/marmor-spray-weiss-schwarz\/","og_site_name":"EPODEX Industries | B2B Plattform","article_publisher":"https:\/\/www.facebook.com\/Epodex\/","article_modified_time":"2025-01-24T19:25:15+00:00","og_image":[{"width":1200,"height":800,"url":"https:\/\/old.epodex-industries.com\/wp-content\/uploads\/2023\/06\/marble-effect-spray.png","type":"image\/png"}],"twitter_card":"summary_large_image","twitter_misc":{"Gesch\u00e4tzte Lesezeit":"1\u00a0Minute"},"schema":{"@context":"https:\/\/schema.org","@graph":[{"@type":"WebPage","@id":"https:\/\/old.epodex-industries.com\/de\/produkt\/marmor-spray-weiss-schwarz\/","url":"https:\/\/old.epodex-industries.com\/de\/produkt\/marmor-spray-weiss-schwarz\/","name":"Marmor Spray wei\u00df\/schwarz - EPODEX Industries | B2B Plattform","isPartOf":{"@id":"https:\/\/old.epodex-industries.com\/fr\/#website"},"primaryImageOfPage":{"@id":"https:\/\/old.epodex-industries.com\/de\/produkt\/marmor-spray-weiss-schwarz\/#primaryimage"},"image":{"@id":"https:\/\/old.epodex-industries.com\/de\/produkt\/marmor-spray-weiss-schwarz\/#primaryimage"},"thumbnailUrl":"https:\/\/old.epodex-industries.com\/wp-content\/uploads\/2023\/06\/marble-effect-spray.png","datePublished":"2024-03-18T10:30:14+00:00","dateModified":"2025-01-24T19:25:15+00:00","breadcrumb":{"@id":"https:\/\/old.epodex-industries.com\/de\/produkt\/marmor-spray-weiss-schwarz\/#breadcrumb"},"inLanguage":"de","potentialAction":[{"@type":"ReadAction","target":["https:\/\/old.epodex-industries.com\/de\/produkt\/marmor-spray-weiss-schwarz\/"]}]},{"@type":"ImageObject","inLanguage":"de","@id":"https:\/\/old.epodex-industries.com\/de\/produkt\/marmor-spray-weiss-schwarz\/#primaryimage","url":"https:\/\/old.epodex-industries.com\/wp-content\/uploads\/2023\/06\/marble-effect-spray.png","contentUrl":"https:\/\/old.epodex-industries.com\/wp-content\/uploads\/2023\/06\/marble-effect-spray.png","width":1200,"height":800},{"@type":"BreadcrumbList","@id":"https:\/\/old.epodex-industries.com\/de\/produkt\/marmor-spray-weiss-schwarz\/#breadcrumb","itemListElement":[{"@type":"ListItem","position":1,"name":"Startseite","item":"https:\/\/old.epodex-industries.com\/de\/"},{"@type":"ListItem","position":2,"name":"Shop","item":"https:\/\/old.epodex-industries.com\/de\/shop\/"},{"@type":"ListItem","position":3,"name":"Marmor Spray wei\u00df\/schwarz"}]},{"@type":"WebSite","@id":"https:\/\/old.epodex-industries.com\/fr\/#website","url":"https:\/\/old.epodex-industries.com\/fr\/","name":"EPODEX Industries | B2B Plattform","description":"Hersteller + Gro\u00dfhandel f\u00fcr Baustoffe","publisher":{"@id":"https:\/\/old.epodex-industries.com\/fr\/#organization"},"alternateName":"EPODEX Industries | Hersteller + Gro\u00dfhandel f\u00fcr Baustoffe","potentialAction":[{"@type":"SearchAction","target":{"@type":"EntryPoint","urlTemplate":"https:\/\/old.epodex-industries.com\/fr\/?s={search_term_string}"},"query-input":{"@type":"PropertyValueSpecification","valueRequired":true,"valueName":"search_term_string"}}],"inLanguage":"de"},{"@type":"Organization","@id":"https:\/\/old.epodex-industries.com\/fr\/#organization","name":"EPODEX Industries","url":"https:\/\/old.epodex-industries.com\/fr\/","logo":{"@type":"ImageObject","inLanguage":"de","@id":"https:\/\/old.epodex-industries.com\/fr\/#\/schema\/logo\/image\/","url":"https:\/\/www.epodex-industries.com\/wp-content\/uploads\/2023\/06\/Logo-Epodex-Rechnung.jpg","contentUrl":"https:\/\/www.epodex-industries.com\/wp-content\/uploads\/2023\/06\/Logo-Epodex-Rechnung.jpg","width":261,"height":50,"caption":"EPODEX Industries"},"image":{"@id":"https:\/\/old.epodex-industries.com\/fr\/#\/schema\/logo\/image\/"},"sameAs":["https:\/\/www.facebook.com\/Epodex\/","https:\/\/www.instagram.com\/epodex_official\/","https:\/\/www.pinterest.de\/epodex_com\/","https:\/\/www.youtube.com\/channel\/UC7lFrJ9YpN1yg43sTc6q3ow"]}]}},"_links":{"self":[{"href":"https:\/\/old.epodex-industries.com\/de\/wp-json\/wp\/v2\/product\/18246","targetHints":{"allow":["GET"]}}],"collection":[{"href":"https:\/\/old.epodex-industries.com\/de\/wp-json\/wp\/v2\/product"}],"about":[{"href":"https:\/\/old.epodex-industries.com\/de\/wp-json\/wp\/v2\/types\/product"}],"replies":[{"embeddable":true,"href":"https:\/\/old.epodex-industries.com\/de\/wp-json\/wp\/v2\/comments?post=18246"}],"wp:featuredmedia":[{"embeddable":true,"href":"https:\/\/old.epodex-industries.com\/de\/wp-json\/wp\/v2\/media\/3257"}],"wp:attachment":[{"href":"https:\/\/old.epodex-industries.com\/de\/wp-json\/wp\/v2\/media?parent=18246"}],"wp:term":[{"taxonomy":"product_brand","embeddable":true,"href":"https:\/\/old.epodex-industries.com\/de\/wp-json\/wp\/v2\/product_brand?post=18246"},{"taxonomy":"product_cat","embeddable":true,"href":"https:\/\/old.epodex-industries.com\/de\/wp-json\/wp\/v2\/product_cat?post=18246"},{"taxonomy":"product_tag","embeddable":true,"href":"https:\/\/old.epodex-industries.com\/de\/wp-json\/wp\/v2\/product_tag?post=18246"}],"curies":[{"name":"wp","href":"https:\/\/api.w.org\/{rel}","templated":true}]}}