{"id":18244,"date":"2024-03-18T11:30:14","date_gmt":"2024-03-18T10:30:14","guid":{"rendered":"https:\/\/www.epodex-industries.com\/produkt\/schleifpapier\/"},"modified":"2025-01-07T11:08:25","modified_gmt":"2025-01-07T10:08:25","slug":"schleifpapier","status":"publish","type":"product","link":"https:\/\/old.epodex-industries.com\/de\/produkt\/schleifpapier\/","title":{"rendered":"Schleifpapier"},"content":{"rendered":"<h2>EPODEX Schleifpapier wasserfest<\/h2>\n<p>Das wasserfeste Schleifpapier aus gleichm\u00e4\u00dfig gestreutem Siliciumcarbid wurde speziell f\u00fcr den Nassschliff entwickelt. Es eignet sich perfekt zum Schleifen und Polieren von Harz, Holz, Kunststoff etc. Die hohe Standzeit unseres Schleifpapiers erm\u00f6glicht den Einsatz als Trocken- sowie Nassschleifpapier. Hochwertiges Latexmaterial erlaubt eine Anwendung ohne Einweichzeit. Erh\u00e4ltlich sind K\u00f6rnungen im Bereich von P80 \u2013 P7000. Es hat die Ma\u00dfe 230x280mm.<\/p>\n<p><strong>Kundenservice:<\/strong> Bei weiteren Fragen kontaktieren Sie uns telefonisch, per E-Mail oder nutzen Sie unseren WhatsApp-Support.<\/p>\n","protected":false},"excerpt":{"rendered":"<ul>\n<li>Wasserfestes Hochleistungsschleifmittel f\u00fcr alle Nassschleifarbeiten<\/li>\n<li>Latexpapiertr\u00e4ger f\u00fcr sofortigen Einsatz ohne Einweichzeit<\/li>\n<li>F\u00fcr feinstes Finish<\/li>\n<\/ul>\n","protected":false},"featured_media":637,"comment_status":"closed","ping_status":"closed","template":"","meta":[],"product_brand":[],"product_cat":[359],"product_tag":[],"class_list":{"0":"post-18244","1":"product","2":"type-product","3":"status-publish","4":"has-post-thumbnail","6":"product_cat-zubehoer","8":"first","9":"instock","10":"taxable","11":"shipping-taxable","12":"product-type-variable","13":"wvs-archive-product-wrapper"},"yoast_head":"<!-- This site is optimized with the Yoast SEO plugin v26.7 - https:\/\/yoast.com\/wordpress\/plugins\/seo\/ -->\n<title>Schleifpapier - EPODEX Industries | B2B Plattform<\/title>\n<meta name=\"robots\" content=\"index, follow, max-snippet:-1, max-image-preview:large, max-video-preview:-1\" \/>\n<link rel=\"canonical\" href=\"https:\/\/old.epodex-industries.com\/de\/produkt\/schleifpapier\/\" \/>\n<meta property=\"og:locale\" content=\"de_DE\" \/>\n<meta property=\"og:type\" content=\"article\" \/>\n<meta property=\"og:title\" content=\"Schleifpapier - EPODEX Industries | B2B Plattform\" \/>\n<meta property=\"og:description\" content=\"Wasserfestes Hochleistungsschleifmittel f\u00fcr alle Nassschleifarbeiten Latexpapiertr\u00e4ger f\u00fcr sofortigen Einsatz ohne Einweichzeit F\u00fcr feinstes Finish\" \/>\n<meta property=\"og:url\" content=\"https:\/\/old.epodex-industries.com\/de\/produkt\/schleifpapier\/\" \/>\n<meta property=\"og:site_name\" content=\"EPODEX Industries | B2B Plattform\" \/>\n<meta property=\"article:publisher\" content=\"https:\/\/www.facebook.com\/Epodex\/\" \/>\n<meta property=\"article:modified_time\" content=\"2025-01-07T10:08:25+00:00\" \/>\n<meta property=\"og:image\" content=\"https:\/\/old.epodex-industries.com\/wp-content\/uploads\/2023\/06\/folidip-schleifpapier-schleifen-epoxidharz.jpg\" \/>\n\t<meta property=\"og:image:width\" content=\"1200\" \/>\n\t<meta property=\"og:image:height\" content=\"800\" \/>\n\t<meta property=\"og:image:type\" content=\"image\/jpeg\" \/>\n<meta name=\"twitter:card\" content=\"summary_large_image\" \/>\n<script type=\"application\/ld+json\" class=\"yoast-schema-graph\">{\"@context\":\"https:\/\/schema.org\",\"@graph\":[{\"@type\":\"WebPage\",\"@id\":\"https:\/\/old.epodex-industries.com\/de\/produkt\/schleifpapier\/\",\"url\":\"https:\/\/old.epodex-industries.com\/de\/produkt\/schleifpapier\/\",\"name\":\"Schleifpapier - EPODEX Industries | B2B Plattform\",\"isPartOf\":{\"@id\":\"https:\/\/old.epodex-industries.com\/fr\/#website\"},\"primaryImageOfPage\":{\"@id\":\"https:\/\/old.epodex-industries.com\/de\/produkt\/schleifpapier\/#primaryimage\"},\"image\":{\"@id\":\"https:\/\/old.epodex-industries.com\/de\/produkt\/schleifpapier\/#primaryimage\"},\"thumbnailUrl\":\"https:\/\/old.epodex-industries.com\/wp-content\/uploads\/2023\/06\/folidip-schleifpapier-schleifen-epoxidharz.jpg\",\"datePublished\":\"2024-03-18T10:30:14+00:00\",\"dateModified\":\"2025-01-07T10:08:25+00:00\",\"breadcrumb\":{\"@id\":\"https:\/\/old.epodex-industries.com\/de\/produkt\/schleifpapier\/#breadcrumb\"},\"inLanguage\":\"de\",\"potentialAction\":[{\"@type\":\"ReadAction\",\"target\":[\"https:\/\/old.epodex-industries.com\/de\/produkt\/schleifpapier\/\"]}]},{\"@type\":\"ImageObject\",\"inLanguage\":\"de\",\"@id\":\"https:\/\/old.epodex-industries.com\/de\/produkt\/schleifpapier\/#primaryimage\",\"url\":\"https:\/\/old.epodex-industries.com\/wp-content\/uploads\/2023\/06\/folidip-schleifpapier-schleifen-epoxidharz.jpg\",\"contentUrl\":\"https:\/\/old.epodex-industries.com\/wp-content\/uploads\/2023\/06\/folidip-schleifpapier-schleifen-epoxidharz.jpg\",\"width\":1200,\"height\":800},{\"@type\":\"BreadcrumbList\",\"@id\":\"https:\/\/old.epodex-industries.com\/de\/produkt\/schleifpapier\/#breadcrumb\",\"itemListElement\":[{\"@type\":\"ListItem\",\"position\":1,\"name\":\"Startseite\",\"item\":\"https:\/\/old.epodex-industries.com\/de\/\"},{\"@type\":\"ListItem\",\"position\":2,\"name\":\"Shop\",\"item\":\"https:\/\/old.epodex-industries.com\/de\/shop\/\"},{\"@type\":\"ListItem\",\"position\":3,\"name\":\"Schleifpapier\"}]},{\"@type\":\"WebSite\",\"@id\":\"https:\/\/old.epodex-industries.com\/fr\/#website\",\"url\":\"https:\/\/old.epodex-industries.com\/fr\/\",\"name\":\"EPODEX Industries | B2B Plattform\",\"description\":\"Hersteller + Gro\u00dfhandel f\u00fcr Baustoffe\",\"publisher\":{\"@id\":\"https:\/\/old.epodex-industries.com\/fr\/#organization\"},\"alternateName\":\"EPODEX Industries | Hersteller + Gro\u00dfhandel f\u00fcr Baustoffe\",\"potentialAction\":[{\"@type\":\"SearchAction\",\"target\":{\"@type\":\"EntryPoint\",\"urlTemplate\":\"https:\/\/old.epodex-industries.com\/fr\/?s={search_term_string}\"},\"query-input\":{\"@type\":\"PropertyValueSpecification\",\"valueRequired\":true,\"valueName\":\"search_term_string\"}}],\"inLanguage\":\"de\"},{\"@type\":\"Organization\",\"@id\":\"https:\/\/old.epodex-industries.com\/fr\/#organization\",\"name\":\"EPODEX Industries\",\"url\":\"https:\/\/old.epodex-industries.com\/fr\/\",\"logo\":{\"@type\":\"ImageObject\",\"inLanguage\":\"de\",\"@id\":\"https:\/\/old.epodex-industries.com\/fr\/#\/schema\/logo\/image\/\",\"url\":\"https:\/\/www.epodex-industries.com\/wp-content\/uploads\/2023\/06\/Logo-Epodex-Rechnung.jpg\",\"contentUrl\":\"https:\/\/www.epodex-industries.com\/wp-content\/uploads\/2023\/06\/Logo-Epodex-Rechnung.jpg\",\"width\":261,\"height\":50,\"caption\":\"EPODEX Industries\"},\"image\":{\"@id\":\"https:\/\/old.epodex-industries.com\/fr\/#\/schema\/logo\/image\/\"},\"sameAs\":[\"https:\/\/www.facebook.com\/Epodex\/\",\"https:\/\/www.instagram.com\/epodex_official\/\",\"https:\/\/www.pinterest.de\/epodex_com\/\",\"https:\/\/www.youtube.com\/channel\/UC7lFrJ9YpN1yg43sTc6q3ow\"]}]}<\/script>\n<!-- \/ Yoast SEO plugin. -->","yoast_head_json":{"title":"Schleifpapier - EPODEX Industries | B2B Plattform","robots":{"index":"index","follow":"follow","max-snippet":"max-snippet:-1","max-image-preview":"max-image-preview:large","max-video-preview":"max-video-preview:-1"},"canonical":"https:\/\/old.epodex-industries.com\/de\/produkt\/schleifpapier\/","og_locale":"de_DE","og_type":"article","og_title":"Schleifpapier - EPODEX Industries | B2B Plattform","og_description":"Wasserfestes Hochleistungsschleifmittel f\u00fcr alle Nassschleifarbeiten Latexpapiertr\u00e4ger f\u00fcr sofortigen Einsatz ohne Einweichzeit F\u00fcr feinstes Finish","og_url":"https:\/\/old.epodex-industries.com\/de\/produkt\/schleifpapier\/","og_site_name":"EPODEX Industries | B2B Plattform","article_publisher":"https:\/\/www.facebook.com\/Epodex\/","article_modified_time":"2025-01-07T10:08:25+00:00","og_image":[{"width":1200,"height":800,"url":"https:\/\/old.epodex-industries.com\/wp-content\/uploads\/2023\/06\/folidip-schleifpapier-schleifen-epoxidharz.jpg","type":"image\/jpeg"}],"twitter_card":"summary_large_image","schema":{"@context":"https:\/\/schema.org","@graph":[{"@type":"WebPage","@id":"https:\/\/old.epodex-industries.com\/de\/produkt\/schleifpapier\/","url":"https:\/\/old.epodex-industries.com\/de\/produkt\/schleifpapier\/","name":"Schleifpapier - EPODEX Industries | B2B Plattform","isPartOf":{"@id":"https:\/\/old.epodex-industries.com\/fr\/#website"},"primaryImageOfPage":{"@id":"https:\/\/old.epodex-industries.com\/de\/produkt\/schleifpapier\/#primaryimage"},"image":{"@id":"https:\/\/old.epodex-industries.com\/de\/produkt\/schleifpapier\/#primaryimage"},"thumbnailUrl":"https:\/\/old.epodex-industries.com\/wp-content\/uploads\/2023\/06\/folidip-schleifpapier-schleifen-epoxidharz.jpg","datePublished":"2024-03-18T10:30:14+00:00","dateModified":"2025-01-07T10:08:25+00:00","breadcrumb":{"@id":"https:\/\/old.epodex-industries.com\/de\/produkt\/schleifpapier\/#breadcrumb"},"inLanguage":"de","potentialAction":[{"@type":"ReadAction","target":["https:\/\/old.epodex-industries.com\/de\/produkt\/schleifpapier\/"]}]},{"@type":"ImageObject","inLanguage":"de","@id":"https:\/\/old.epodex-industries.com\/de\/produkt\/schleifpapier\/#primaryimage","url":"https:\/\/old.epodex-industries.com\/wp-content\/uploads\/2023\/06\/folidip-schleifpapier-schleifen-epoxidharz.jpg","contentUrl":"https:\/\/old.epodex-industries.com\/wp-content\/uploads\/2023\/06\/folidip-schleifpapier-schleifen-epoxidharz.jpg","width":1200,"height":800},{"@type":"BreadcrumbList","@id":"https:\/\/old.epodex-industries.com\/de\/produkt\/schleifpapier\/#breadcrumb","itemListElement":[{"@type":"ListItem","position":1,"name":"Startseite","item":"https:\/\/old.epodex-industries.com\/de\/"},{"@type":"ListItem","position":2,"name":"Shop","item":"https:\/\/old.epodex-industries.com\/de\/shop\/"},{"@type":"ListItem","position":3,"name":"Schleifpapier"}]},{"@type":"WebSite","@id":"https:\/\/old.epodex-industries.com\/fr\/#website","url":"https:\/\/old.epodex-industries.com\/fr\/","name":"EPODEX Industries | B2B Plattform","description":"Hersteller + Gro\u00dfhandel f\u00fcr Baustoffe","publisher":{"@id":"https:\/\/old.epodex-industries.com\/fr\/#organization"},"alternateName":"EPODEX Industries | Hersteller + Gro\u00dfhandel f\u00fcr Baustoffe","potentialAction":[{"@type":"SearchAction","target":{"@type":"EntryPoint","urlTemplate":"https:\/\/old.epodex-industries.com\/fr\/?s={search_term_string}"},"query-input":{"@type":"PropertyValueSpecification","valueRequired":true,"valueName":"search_term_string"}}],"inLanguage":"de"},{"@type":"Organization","@id":"https:\/\/old.epodex-industries.com\/fr\/#organization","name":"EPODEX Industries","url":"https:\/\/old.epodex-industries.com\/fr\/","logo":{"@type":"ImageObject","inLanguage":"de","@id":"https:\/\/old.epodex-industries.com\/fr\/#\/schema\/logo\/image\/","url":"https:\/\/www.epodex-industries.com\/wp-content\/uploads\/2023\/06\/Logo-Epodex-Rechnung.jpg","contentUrl":"https:\/\/www.epodex-industries.com\/wp-content\/uploads\/2023\/06\/Logo-Epodex-Rechnung.jpg","width":261,"height":50,"caption":"EPODEX Industries"},"image":{"@id":"https:\/\/old.epodex-industries.com\/fr\/#\/schema\/logo\/image\/"},"sameAs":["https:\/\/www.facebook.com\/Epodex\/","https:\/\/www.instagram.com\/epodex_official\/","https:\/\/www.pinterest.de\/epodex_com\/","https:\/\/www.youtube.com\/channel\/UC7lFrJ9YpN1yg43sTc6q3ow"]}]}},"_links":{"self":[{"href":"https:\/\/old.epodex-industries.com\/de\/wp-json\/wp\/v2\/product\/18244","targetHints":{"allow":["GET"]}}],"collection":[{"href":"https:\/\/old.epodex-industries.com\/de\/wp-json\/wp\/v2\/product"}],"about":[{"href":"https:\/\/old.epodex-industries.com\/de\/wp-json\/wp\/v2\/types\/product"}],"replies":[{"embeddable":true,"href":"https:\/\/old.epodex-industries.com\/de\/wp-json\/wp\/v2\/comments?post=18244"}],"wp:featuredmedia":[{"embeddable":true,"href":"https:\/\/old.epodex-industries.com\/de\/wp-json\/wp\/v2\/media\/637"}],"wp:attachment":[{"href":"https:\/\/old.epodex-industries.com\/de\/wp-json\/wp\/v2\/media?parent=18244"}],"wp:term":[{"taxonomy":"product_brand","embeddable":true,"href":"https:\/\/old.epodex-industries.com\/de\/wp-json\/wp\/v2\/product_brand?post=18244"},{"taxonomy":"product_cat","embeddable":true,"href":"https:\/\/old.epodex-industries.com\/de\/wp-json\/wp\/v2\/product_cat?post=18244"},{"taxonomy":"product_tag","embeddable":true,"href":"https:\/\/old.epodex-industries.com\/de\/wp-json\/wp\/v2\/product_tag?post=18244"}],"curies":[{"name":"wp","href":"https:\/\/api.w.org\/{rel}","templated":true}]}}