{"id":18233,"date":"2024-03-18T11:30:01","date_gmt":"2024-03-18T10:30:01","guid":{"rendered":"https:\/\/www.epodex-industries.com\/produkt\/glitterpigmente\/"},"modified":"2025-01-07T11:08:49","modified_gmt":"2025-01-07T10:08:49","slug":"glitterpigmente","status":"publish","type":"product","link":"https:\/\/old.epodex-industries.com\/de\/produkt\/glitterpigmente\/","title":{"rendered":"Glitterpigmente"},"content":{"rendered":"<h2>EPODEX Epoxidharz mit Glitterpigment<\/h2>\n<p>EPODEX Epoxidharze eignen sich f&uuml;r verschiedene Anwendungsbereiche. Vom Bauwesen, &uuml;ber die Elektrotechnik, bis hin zum Maschinen- und M&ouml;belbau. Beschichten Sie Ihre B&ouml;den, Tischplatten und andere Gegenst&auml;nde. Versiegeln Sie Bilder oder stellen Sie Ihren eigenen Schmuck her. Ganz egal f&uuml;r welches Vorhaben, wir unterst&uuml;tzen Sie dabei. Unsere Epoxidharze sind mit all unseren Farben mischbar. <strong>Anwendungsbeispiele finden Sie in der Galerie.<\/strong><\/p>\n<hr>\n<h3>Anleitung zur Anwendung<\/h3>\n<ol>\n<li>Beginnen Sie stets mit einer Epoxidharz-Grundierung, um hohen Materialverlust und Bl&auml;schenbildung zu vermeiden (Schichtdicke: 0,2-0,5mm). Hierzu verwenden Sie einfach einen Teil desselben klaren Epoxidharzes. Vermengen Sie den Inhalt des Harzes (A) mit dem Inhalt des H\u00e4rters (B) im Mischungsverh\u00e4ltnis 2:1 nach Gewicht (z.B. 2kg Harz: 1kg H\u00e4rter).<\/li>\n<li>F&uuml;hren Sie den R&uuml;hrstab durch Rand und Boden des Mischbeh&auml;lters, da sich Material dort absetzt. F&uuml;llen Sie idealerweise die Mischung in ein sauberes Beh&auml;ltnis um und mischen Sie erneut. So stellen Sie sicher, dass sich Harz (A) und H&auml;rter (B) vollst&auml;ndig miteinander vermischen.<\/li>\n<li>Gie&szlig;en Sie das Material <strong><u>unmittelbar<\/u><\/strong> nach dem Mischen auf die zu beschichtende Oberfl&auml;che, da das Produkt je nach System und Materialmenge im Mischungsbeh&auml;ltnis aufkochen kann.<\/li>\n<li>Streichen Sie die Epoxidharz-Grundierung mit einer Schaumwalze oder einem Pinsel auf die gew&uuml;nschte Oberfl&auml;che. Lassen Sie die Grundierung aush&auml;rten. <\/li>\n<li>Fahren Sie mit der Hauptbeschichtung gleicherma&szlig;en fort. Um die Hauptbeschichtung einzuf&auml;rben, vermengen Sie die im Lieferumfang enthaltenen Farbpigmente mit dem Harz (A) oder mit der Harz-H&auml;rter Mischung. Empfehlung f&uuml;r vollst&auml;ndige Deckung: ca. 1% Farbpigmente auf Gesamtmenge Harz+H&auml;rter, z.B. 10g Farbpigmente f&uuml;r 1kg Harz+H&auml;rter. Passen Sie die Farbintensit&auml;t, durch die Hinzugabe von mehr oder weniger Farbpigmente, individuell an. Die Verarbeitungszeiten, Gie&szlig;h&ouml;hen und Aush&auml;rtungszeiten variieren in Abh&auml;ngigkeit des ausgew&auml;hlten Epoxidharz-Systems und der Anwendung. Genauere Angaben entnehmen Sie bitte unserer Informationstabelle unter dem Info-Button &bdquo;Mehr erfahren&ldquo; auf dieser Produktseite.<\/li>\n<\/ol>\n<p><strong>Info: <\/strong>Epoxidharz ist w&auml;hrend der Aush&auml;rtungszeit empfindlich gegen&uuml;ber jeglicher Art von Feuchtigkeit (Gefahr: Entstehung von Carbamaten, d.h. wei&szlig;e Flecken in der Oberschicht). Aus diesem Grund empfehlen wir das Epoxidharz bis zur vollst&auml;ndigen Aush&auml;rtung (mind. 7 Tage) nicht mit Wasser in Verbindung zu bringen. Bei d&uuml;nnen Schichten, kalten Temperaturen (Umgebungs-, Untergrund- und Harztemperatur unter 20&deg;C) und erh&ouml;hter Feuchtigkeit kann sich der Zeitraum verl&auml;ngern, bis das Epoxidharz vollst&auml;ndig ausgeh&auml;rtet ist.<\/p>\n<hr>\n<h3>Verbrauchsmengen<\/h3>\n<p>Ermitteln Sie die ben&ouml;tigte Menge mit Hilfe unseres Epoxidharz-Mengenrechners auf dieser Produktseite.<\/p>\n<p><strong>Empfohlene Schichtst&auml;rken bei der Beschichtung von B&ouml;den und anderen Oberfl&auml;chen<\/strong><\/p>\n<ul>\n<li>Gesamtbeschichtung (Grundierung + Hauptbeschichtung): ca. 1,65-2,2kg\/m&sup2; bei Schichtdicken von 1,5-2mm<\/li>\n<li>Grundierung: ca. 0,22-0,55kg\/m&sup2; bei Schichtdicke von 0,2-0,5mm<\/li>\n<li>Hauptschicht: ca. 1,1-1,65kg\/m&sup2; bei Schichtdicken von 1,1-1,5mm<\/li>\n<\/ul>\n<hr>\n<p><strong>Kundenservice:<\/strong> Bei weiteren Fragen kontaktieren Sie uns telefonisch, per E-Mail oder nutzen Sie unseren WhatsApp-Support.<\/p>\n<p><strong>Hinweis:<\/strong> Wir bitten zu beachten, dass die Farben aufgrund unterschiedlicher Lichtverh&auml;ltnisse und Monitore nicht einheitlich abgebildet werden k&ouml;nnten.<\/p>\n<hr>\n<h3>Inhaltsstoffe<\/h3>\n<p><strong>ECO (A-Komponente)<\/strong> Achtung: 2,2&#8242;-[(1-methylethylidene)bis(4,1-phenyleneoxymethylene)]bisoxirane Reaction mass of 2,2&rsquo;-[methylenebis(4,1-phenyleneoxymethylene)]dioxirane and [2-({ 2-[4-(oxiran-2ylmethoxy)benzyl]phenoxy} methyl)oxirane and [2,2&rsquo;-[methylenebis(2,1-phenyleneoxymethylene)]dioxirane Oxirane, mono((C12-14-alkyloxy)methyl)derivs.<\/p>\n<p><strong>PRO (A-Komponente)<\/strong> Achtung: Reaktionsprodukt: bis-[4-(2,3-epoxipropoxi)phenyl]propane Oxiran, Mono[(C12-14-alkyloxy)methyl]derivate.<\/p>\n<p><strong>ECO (B-Komponente)<\/strong> Gefahr: Reaktionsprodukt:&nbsp; 3-aminomethyl-3,5,5-trimethylcyclohexylamine and 4,4&rsquo;-Isopropylidenediphenol, oligomeric reaction products with 1-chloro-2,3-epoxypropane m-phenylenebis(methylamine) Salicyls&auml;ure.<\/p>\n<p><strong>PRO (B-Komponente)<\/strong> Gefahr: Reaktionsprodukt: 3-Aminomethyl-3,5,5-trimethyl-cyclohexylamin.<\/p>\n<p><strong>PRO+ (B-Komponente)<\/strong> Gefahr: Reaktionsprodukt: Polyoxyalkyleneamin.<\/p>\n<hr>\n<h3>Gefahrenhinweise<\/h3>\n<p><strong>A-Komponenten (ECO, PRO)<\/strong> Gefahr: Verursacht Hautreizungen. Verursacht schwere Augenreizung. Kann allergische Hautreaktionen verursachen. Giftig f&uuml;r Wasserorganismen, mit langfristiger Wirkung. Einatmen von Staub\/Rauch\/Gas\/Nebel\/Dampf\/Aerosol vermeiden. Freisetzung in die Umwelt vermeiden. Schutzhandschuhe \/ Augenschutz \/ Gesichtsschutz tragen. BEI KONTAKT MIT DEN AUGEN: Einige Minuten lang behutsam mit Wasser sp&uuml;len. Eventuell vorhandene Kontaktlinsen nach M&ouml;glichkeit entfernen. Weiter sp&uuml;len. Entsorgung des Inhalts \/ des Beh&auml;lters gem&auml;&szlig; den &ouml;rtlichen \/ regionalen \/ nationalen\/ internationalen Vorschriften.<\/p>\n<p><strong>B-Komponenten (ECO, PRO, PRO+)<\/strong> Gefahr: Gesundheitssch&auml;dlich bei Einatmen, Verschlucken oder Hautkontakt. Verursacht schwere Ver&auml;tzungen der Haut und schwere Augensch&auml;den. Kann allergische Hautreaktionen verursachen. Sch&auml;dlich\/Giftig f&uuml;r Wasserorganismen, mit langfristiger Wirkung. Freisetzung in die Umwelt vermeiden. Staub\/ Rauch\/ Gas\/ Nebel\/ Dampf\/ Aerosol nicht einatmen. Schutzhandschuhe\/ Schutzkleidung\/ Augenschutz\/ Gesichtsschutz tragen. BEI BER&Uuml;HRUNG MIT DER HAUT (oder dem Haar): Alle kontaminierten Kleidungsst&uuml;cke sofort ausziehen. Haut mit Wasser abwaschen\/duschen. BEI EINATMEN: Die Person an die frische Luft bringen und f&uuml;r ungehinderte Atmung sorgen. BEI KONTAKT MIT DEN AUGEN: Einige Minuten lang behutsam mit Wasser sp&uuml;len. Eventuell vorhandene Kontaktlinsen nach M&ouml;glichkeit entfernen. Weiter sp&uuml;len. Sofort GIFTINFORMATIONSZENTRUM\/Arzt anrufen. BEI VERSCHLUCKEN: Bei Unwohlsein GIFTINFORMATIONSZENTRUM\/Arzt anrufen. Unter Verschluss aufbewahren. Entsorgung des Inhalts\/ des Beh&auml;lters gem&auml;&szlig; den &ouml;rtlichen\/ regionalen\/ nationalen\/ internationalen Vorschriften.<\/p>\n<p><img decoding=\"async\" src=\"https:\/\/www.epodex.com\/de\/wp-content\/uploads\/2019\/12\/hinweise.png\" \/><\/p>\n","protected":false},"excerpt":{"rendered":"<p>EPODEX Epoxidharze eignen sich ideal f\u00fcr verschiedene Anwendungen. Im Lieferumfang enthalten sind Harz (A) und H\u00e4rter (B). Je nach Farbauswahl erhalten Sie <strong>zus\u00e4tzlich Glitterpigmente<\/strong>, um das Epoxidharz einzuf\u00e4rben. W\u00e4hlen Sie jetzt zwischen <strong>sechs Epoxidharz-Systemen<\/strong>. F\u00fcr weitere Epoxidharze klicken Sie auf \u201eweitere Systeme\u201c.<\/p>\n","protected":false},"featured_media":744,"comment_status":"closed","ping_status":"closed","template":"","meta":[],"product_brand":[],"product_cat":[532],"product_tag":[],"class_list":{"0":"post-18233","1":"product","2":"type-product","3":"status-publish","4":"has-post-thumbnail","6":"product_cat-farbstoffe-fuer-harze","8":"first","9":"instock","10":"taxable","11":"shipping-taxable","12":"product-type-variable","13":"wvs-archive-product-wrapper"},"yoast_head":"<!-- This site is optimized with the Yoast SEO plugin v26.7 - https:\/\/yoast.com\/wordpress\/plugins\/seo\/ -->\n<title>Glitterpigmente - EPODEX Industries | B2B Plattform<\/title>\n<meta name=\"robots\" content=\"index, follow, max-snippet:-1, max-image-preview:large, max-video-preview:-1\" \/>\n<link rel=\"canonical\" href=\"https:\/\/old.epodex-industries.com\/de\/produkt\/glitterpigmente\/\" \/>\n<meta property=\"og:locale\" content=\"de_DE\" \/>\n<meta property=\"og:type\" content=\"article\" \/>\n<meta property=\"og:title\" content=\"Glitterpigmente - EPODEX Industries | B2B Plattform\" \/>\n<meta property=\"og:description\" content=\"EPODEX Epoxidharze eignen sich ideal f\u00fcr verschiedene Anwendungen. Im Lieferumfang enthalten sind Harz (A) und H\u00e4rter (B). Je nach Farbauswahl erhalten Sie zus\u00e4tzlich Glitterpigmente, um das Epoxidharz einzuf\u00e4rben. W\u00e4hlen Sie jetzt zwischen sechs Epoxidharz-Systemen. F\u00fcr weitere Epoxidharze klicken Sie auf \u201eweitere Systeme\u201c.\" \/>\n<meta property=\"og:url\" content=\"https:\/\/old.epodex-industries.com\/de\/produkt\/glitterpigmente\/\" \/>\n<meta property=\"og:site_name\" content=\"EPODEX Industries | B2B Plattform\" \/>\n<meta property=\"article:publisher\" content=\"https:\/\/www.facebook.com\/Epodex\/\" \/>\n<meta property=\"article:modified_time\" content=\"2025-01-07T10:08:49+00:00\" \/>\n<meta property=\"og:image\" content=\"https:\/\/old.epodex-industries.com\/wp-content\/uploads\/2023\/06\/metallic-epoxy-glitter-powder-set.jpg\" \/>\n\t<meta property=\"og:image:width\" content=\"1200\" \/>\n\t<meta property=\"og:image:height\" content=\"800\" \/>\n\t<meta property=\"og:image:type\" content=\"image\/jpeg\" \/>\n<meta name=\"twitter:card\" content=\"summary_large_image\" \/>\n<meta name=\"twitter:label1\" content=\"Gesch\u00e4tzte Lesezeit\" \/>\n\t<meta name=\"twitter:data1\" content=\"4\u00a0Minuten\" \/>\n<script type=\"application\/ld+json\" class=\"yoast-schema-graph\">{\"@context\":\"https:\/\/schema.org\",\"@graph\":[{\"@type\":\"WebPage\",\"@id\":\"https:\/\/old.epodex-industries.com\/de\/produkt\/glitterpigmente\/\",\"url\":\"https:\/\/old.epodex-industries.com\/de\/produkt\/glitterpigmente\/\",\"name\":\"Glitterpigmente - EPODEX Industries | B2B Plattform\",\"isPartOf\":{\"@id\":\"https:\/\/old.epodex-industries.com\/fr\/#website\"},\"primaryImageOfPage\":{\"@id\":\"https:\/\/old.epodex-industries.com\/de\/produkt\/glitterpigmente\/#primaryimage\"},\"image\":{\"@id\":\"https:\/\/old.epodex-industries.com\/de\/produkt\/glitterpigmente\/#primaryimage\"},\"thumbnailUrl\":\"https:\/\/old.epodex-industries.com\/wp-content\/uploads\/2023\/06\/metallic-epoxy-glitter-powder-set.jpg\",\"datePublished\":\"2024-03-18T10:30:01+00:00\",\"dateModified\":\"2025-01-07T10:08:49+00:00\",\"breadcrumb\":{\"@id\":\"https:\/\/old.epodex-industries.com\/de\/produkt\/glitterpigmente\/#breadcrumb\"},\"inLanguage\":\"de\",\"potentialAction\":[{\"@type\":\"ReadAction\",\"target\":[\"https:\/\/old.epodex-industries.com\/de\/produkt\/glitterpigmente\/\"]}]},{\"@type\":\"ImageObject\",\"inLanguage\":\"de\",\"@id\":\"https:\/\/old.epodex-industries.com\/de\/produkt\/glitterpigmente\/#primaryimage\",\"url\":\"https:\/\/old.epodex-industries.com\/wp-content\/uploads\/2023\/06\/metallic-epoxy-glitter-powder-set.jpg\",\"contentUrl\":\"https:\/\/old.epodex-industries.com\/wp-content\/uploads\/2023\/06\/metallic-epoxy-glitter-powder-set.jpg\",\"width\":1200,\"height\":800},{\"@type\":\"BreadcrumbList\",\"@id\":\"https:\/\/old.epodex-industries.com\/de\/produkt\/glitterpigmente\/#breadcrumb\",\"itemListElement\":[{\"@type\":\"ListItem\",\"position\":1,\"name\":\"Startseite\",\"item\":\"https:\/\/old.epodex-industries.com\/de\/\"},{\"@type\":\"ListItem\",\"position\":2,\"name\":\"Shop\",\"item\":\"https:\/\/old.epodex-industries.com\/de\/shop\/\"},{\"@type\":\"ListItem\",\"position\":3,\"name\":\"Glitterpigmente\"}]},{\"@type\":\"WebSite\",\"@id\":\"https:\/\/old.epodex-industries.com\/fr\/#website\",\"url\":\"https:\/\/old.epodex-industries.com\/fr\/\",\"name\":\"EPODEX Industries | B2B Plattform\",\"description\":\"Hersteller + Gro\u00dfhandel f\u00fcr Baustoffe\",\"publisher\":{\"@id\":\"https:\/\/old.epodex-industries.com\/fr\/#organization\"},\"alternateName\":\"EPODEX Industries | Hersteller + Gro\u00dfhandel f\u00fcr Baustoffe\",\"potentialAction\":[{\"@type\":\"SearchAction\",\"target\":{\"@type\":\"EntryPoint\",\"urlTemplate\":\"https:\/\/old.epodex-industries.com\/fr\/?s={search_term_string}\"},\"query-input\":{\"@type\":\"PropertyValueSpecification\",\"valueRequired\":true,\"valueName\":\"search_term_string\"}}],\"inLanguage\":\"de\"},{\"@type\":\"Organization\",\"@id\":\"https:\/\/old.epodex-industries.com\/fr\/#organization\",\"name\":\"EPODEX Industries\",\"url\":\"https:\/\/old.epodex-industries.com\/fr\/\",\"logo\":{\"@type\":\"ImageObject\",\"inLanguage\":\"de\",\"@id\":\"https:\/\/old.epodex-industries.com\/fr\/#\/schema\/logo\/image\/\",\"url\":\"https:\/\/www.epodex-industries.com\/wp-content\/uploads\/2023\/06\/Logo-Epodex-Rechnung.jpg\",\"contentUrl\":\"https:\/\/www.epodex-industries.com\/wp-content\/uploads\/2023\/06\/Logo-Epodex-Rechnung.jpg\",\"width\":261,\"height\":50,\"caption\":\"EPODEX Industries\"},\"image\":{\"@id\":\"https:\/\/old.epodex-industries.com\/fr\/#\/schema\/logo\/image\/\"},\"sameAs\":[\"https:\/\/www.facebook.com\/Epodex\/\",\"https:\/\/www.instagram.com\/epodex_official\/\",\"https:\/\/www.pinterest.de\/epodex_com\/\",\"https:\/\/www.youtube.com\/channel\/UC7lFrJ9YpN1yg43sTc6q3ow\"]}]}<\/script>\n<!-- \/ Yoast SEO plugin. -->","yoast_head_json":{"title":"Glitterpigmente - EPODEX Industries | B2B Plattform","robots":{"index":"index","follow":"follow","max-snippet":"max-snippet:-1","max-image-preview":"max-image-preview:large","max-video-preview":"max-video-preview:-1"},"canonical":"https:\/\/old.epodex-industries.com\/de\/produkt\/glitterpigmente\/","og_locale":"de_DE","og_type":"article","og_title":"Glitterpigmente - EPODEX Industries | B2B Plattform","og_description":"EPODEX Epoxidharze eignen sich ideal f\u00fcr verschiedene Anwendungen. Im Lieferumfang enthalten sind Harz (A) und H\u00e4rter (B). Je nach Farbauswahl erhalten Sie zus\u00e4tzlich Glitterpigmente, um das Epoxidharz einzuf\u00e4rben. W\u00e4hlen Sie jetzt zwischen sechs Epoxidharz-Systemen. F\u00fcr weitere Epoxidharze klicken Sie auf \u201eweitere Systeme\u201c.","og_url":"https:\/\/old.epodex-industries.com\/de\/produkt\/glitterpigmente\/","og_site_name":"EPODEX Industries | B2B Plattform","article_publisher":"https:\/\/www.facebook.com\/Epodex\/","article_modified_time":"2025-01-07T10:08:49+00:00","og_image":[{"width":1200,"height":800,"url":"https:\/\/old.epodex-industries.com\/wp-content\/uploads\/2023\/06\/metallic-epoxy-glitter-powder-set.jpg","type":"image\/jpeg"}],"twitter_card":"summary_large_image","twitter_misc":{"Gesch\u00e4tzte Lesezeit":"4\u00a0Minuten"},"schema":{"@context":"https:\/\/schema.org","@graph":[{"@type":"WebPage","@id":"https:\/\/old.epodex-industries.com\/de\/produkt\/glitterpigmente\/","url":"https:\/\/old.epodex-industries.com\/de\/produkt\/glitterpigmente\/","name":"Glitterpigmente - EPODEX Industries | B2B Plattform","isPartOf":{"@id":"https:\/\/old.epodex-industries.com\/fr\/#website"},"primaryImageOfPage":{"@id":"https:\/\/old.epodex-industries.com\/de\/produkt\/glitterpigmente\/#primaryimage"},"image":{"@id":"https:\/\/old.epodex-industries.com\/de\/produkt\/glitterpigmente\/#primaryimage"},"thumbnailUrl":"https:\/\/old.epodex-industries.com\/wp-content\/uploads\/2023\/06\/metallic-epoxy-glitter-powder-set.jpg","datePublished":"2024-03-18T10:30:01+00:00","dateModified":"2025-01-07T10:08:49+00:00","breadcrumb":{"@id":"https:\/\/old.epodex-industries.com\/de\/produkt\/glitterpigmente\/#breadcrumb"},"inLanguage":"de","potentialAction":[{"@type":"ReadAction","target":["https:\/\/old.epodex-industries.com\/de\/produkt\/glitterpigmente\/"]}]},{"@type":"ImageObject","inLanguage":"de","@id":"https:\/\/old.epodex-industries.com\/de\/produkt\/glitterpigmente\/#primaryimage","url":"https:\/\/old.epodex-industries.com\/wp-content\/uploads\/2023\/06\/metallic-epoxy-glitter-powder-set.jpg","contentUrl":"https:\/\/old.epodex-industries.com\/wp-content\/uploads\/2023\/06\/metallic-epoxy-glitter-powder-set.jpg","width":1200,"height":800},{"@type":"BreadcrumbList","@id":"https:\/\/old.epodex-industries.com\/de\/produkt\/glitterpigmente\/#breadcrumb","itemListElement":[{"@type":"ListItem","position":1,"name":"Startseite","item":"https:\/\/old.epodex-industries.com\/de\/"},{"@type":"ListItem","position":2,"name":"Shop","item":"https:\/\/old.epodex-industries.com\/de\/shop\/"},{"@type":"ListItem","position":3,"name":"Glitterpigmente"}]},{"@type":"WebSite","@id":"https:\/\/old.epodex-industries.com\/fr\/#website","url":"https:\/\/old.epodex-industries.com\/fr\/","name":"EPODEX Industries | B2B Plattform","description":"Hersteller + Gro\u00dfhandel f\u00fcr Baustoffe","publisher":{"@id":"https:\/\/old.epodex-industries.com\/fr\/#organization"},"alternateName":"EPODEX Industries | Hersteller + Gro\u00dfhandel f\u00fcr Baustoffe","potentialAction":[{"@type":"SearchAction","target":{"@type":"EntryPoint","urlTemplate":"https:\/\/old.epodex-industries.com\/fr\/?s={search_term_string}"},"query-input":{"@type":"PropertyValueSpecification","valueRequired":true,"valueName":"search_term_string"}}],"inLanguage":"de"},{"@type":"Organization","@id":"https:\/\/old.epodex-industries.com\/fr\/#organization","name":"EPODEX Industries","url":"https:\/\/old.epodex-industries.com\/fr\/","logo":{"@type":"ImageObject","inLanguage":"de","@id":"https:\/\/old.epodex-industries.com\/fr\/#\/schema\/logo\/image\/","url":"https:\/\/www.epodex-industries.com\/wp-content\/uploads\/2023\/06\/Logo-Epodex-Rechnung.jpg","contentUrl":"https:\/\/www.epodex-industries.com\/wp-content\/uploads\/2023\/06\/Logo-Epodex-Rechnung.jpg","width":261,"height":50,"caption":"EPODEX Industries"},"image":{"@id":"https:\/\/old.epodex-industries.com\/fr\/#\/schema\/logo\/image\/"},"sameAs":["https:\/\/www.facebook.com\/Epodex\/","https:\/\/www.instagram.com\/epodex_official\/","https:\/\/www.pinterest.de\/epodex_com\/","https:\/\/www.youtube.com\/channel\/UC7lFrJ9YpN1yg43sTc6q3ow"]}]}},"_links":{"self":[{"href":"https:\/\/old.epodex-industries.com\/de\/wp-json\/wp\/v2\/product\/18233","targetHints":{"allow":["GET"]}}],"collection":[{"href":"https:\/\/old.epodex-industries.com\/de\/wp-json\/wp\/v2\/product"}],"about":[{"href":"https:\/\/old.epodex-industries.com\/de\/wp-json\/wp\/v2\/types\/product"}],"replies":[{"embeddable":true,"href":"https:\/\/old.epodex-industries.com\/de\/wp-json\/wp\/v2\/comments?post=18233"}],"wp:featuredmedia":[{"embeddable":true,"href":"https:\/\/old.epodex-industries.com\/de\/wp-json\/wp\/v2\/media\/744"}],"wp:attachment":[{"href":"https:\/\/old.epodex-industries.com\/de\/wp-json\/wp\/v2\/media?parent=18233"}],"wp:term":[{"taxonomy":"product_brand","embeddable":true,"href":"https:\/\/old.epodex-industries.com\/de\/wp-json\/wp\/v2\/product_brand?post=18233"},{"taxonomy":"product_cat","embeddable":true,"href":"https:\/\/old.epodex-industries.com\/de\/wp-json\/wp\/v2\/product_cat?post=18233"},{"taxonomy":"product_tag","embeddable":true,"href":"https:\/\/old.epodex-industries.com\/de\/wp-json\/wp\/v2\/product_tag?post=18233"}],"curies":[{"name":"wp","href":"https:\/\/api.w.org\/{rel}","templated":true}]}}