{"id":18228,"date":"2024-03-18T11:30:01","date_gmt":"2024-03-18T10:30:01","guid":{"rendered":"https:\/\/www.epodex-industries.com\/produkt\/wb-pigmente-cp2k\/"},"modified":"2025-01-07T11:10:38","modified_gmt":"2025-01-07T10:10:38","slug":"wb-pigmente-cp2k","status":"publish","type":"product","link":"https:\/\/old.epodex-industries.com\/de\/produkt\/wb-pigmente-cp2k\/","title":{"rendered":"WB Pigmente CP2K"},"content":{"rendered":"<hr>\n<h3>Anleitung zur Anwendung<\/h3>\n<p>Anwendung mit EPOXY PRIMER Grundierung, CHALK PAINT Kreidefarbe, LATEX PAINT Latexfarbe, TILE PAINT Fliesenlack und ACRYLIC PROTECT(+) Acryllack:<\/p>\n<p>Geben Sie 10% Farbpigment in das Bindemittel (d.h. in die farblose Grundierung, Kreidefarbe, Latexfarbe, etc.). 100g Farbpigment sind ausreichend f\u00fcr 1kg Bindemittel.<\/p>\n<p>Bitte beachten Sie, dass aufgrund des Kreideanteils der Farbton nach dem Vermischen mit der CHALK PAINT Kreidefarbe immer Pastell ausf\u00e4llt.<\/p>\n<hr \/>\n<p><strong>Hinweis: <\/strong>Wir bitten zu beachten, dass die Farben aufgrund unterschiedlicher Lichtverh\u00e4ltnisse und Monitore nicht einheitlich abgebildet werden k\u00f6nnten.<\/p>\n<p><strong>Kundenservice: <\/strong>Bei weiteren Fragen kontaktieren Sie uns telefonisch, per E-Mail oder nutzen Sie unseren WhatsApp-Support.<\/p>\n","protected":false},"excerpt":{"rendered":"<p>Die EPODEX WB Pigmente eignen sich ideal zum Einf\u00e4rben von unseren wasserbasierten Produkten, wie Mikrozement, CONCRETE PAINT Betonfarbe, TILE PAINT Fliesenfarbe oder Polyurethanharz. Sie ben\u00f6tigen 10% Farbpigment nach Gewicht (z.B. 100g f\u00fcr 1kg) um unsere Farben, Lacke und Grundierungen selbst einzuf\u00e4rben.<\/p>\n","protected":false},"featured_media":608,"comment_status":"closed","ping_status":"closed","template":"","meta":[],"product_brand":[],"product_cat":[511],"product_tag":[],"class_list":{"0":"post-18228","1":"product","2":"type-product","3":"status-publish","4":"has-post-thumbnail","6":"product_cat-farbstoffe-fuer-farben-lacke","8":"first","9":"instock","10":"taxable","11":"shipping-taxable","12":"product-type-variable","13":"wvs-archive-product-wrapper"},"yoast_head":"<!-- This site is optimized with the Yoast SEO plugin v26.7 - https:\/\/yoast.com\/wordpress\/plugins\/seo\/ -->\n<title>WB Pigmente CP2K - EPODEX Industries | B2B Plattform<\/title>\n<meta name=\"robots\" content=\"index, follow, max-snippet:-1, max-image-preview:large, max-video-preview:-1\" \/>\n<link rel=\"canonical\" href=\"https:\/\/old.epodex-industries.com\/de\/produkt\/wb-pigmente-cp2k\/\" \/>\n<meta property=\"og:locale\" content=\"de_DE\" \/>\n<meta property=\"og:type\" content=\"article\" \/>\n<meta property=\"og:title\" content=\"WB Pigmente CP2K - EPODEX Industries | B2B Plattform\" \/>\n<meta property=\"og:description\" content=\"Die EPODEX WB Pigmente eignen sich ideal zum Einf\u00e4rben von unseren wasserbasierten Produkten, wie Mikrozement, CONCRETE PAINT Betonfarbe, TILE PAINT Fliesenfarbe oder Polyurethanharz. Sie ben\u00f6tigen 10% Farbpigment nach Gewicht (z.B. 100g f\u00fcr 1kg) um unsere Farben, Lacke und Grundierungen selbst einzuf\u00e4rben.\" \/>\n<meta property=\"og:url\" content=\"https:\/\/old.epodex-industries.com\/de\/produkt\/wb-pigmente-cp2k\/\" \/>\n<meta property=\"og:site_name\" content=\"EPODEX Industries | B2B Plattform\" \/>\n<meta property=\"article:publisher\" content=\"https:\/\/www.facebook.com\/Epodex\/\" \/>\n<meta property=\"article:modified_time\" content=\"2025-01-07T10:10:38+00:00\" \/>\n<meta property=\"og:image\" content=\"https:\/\/old.epodex-industries.com\/wp-content\/uploads\/2023\/06\/farbstoffe-pigmente-fuer-lack.jpg\" \/>\n\t<meta property=\"og:image:width\" content=\"1200\" \/>\n\t<meta property=\"og:image:height\" content=\"800\" \/>\n\t<meta property=\"og:image:type\" content=\"image\/jpeg\" \/>\n<meta name=\"twitter:card\" content=\"summary_large_image\" \/>\n<meta name=\"twitter:label1\" content=\"Gesch\u00e4tzte Lesezeit\" \/>\n\t<meta name=\"twitter:data1\" content=\"1\u00a0Minute\" \/>\n<script type=\"application\/ld+json\" class=\"yoast-schema-graph\">{\"@context\":\"https:\/\/schema.org\",\"@graph\":[{\"@type\":\"WebPage\",\"@id\":\"https:\/\/old.epodex-industries.com\/de\/produkt\/wb-pigmente-cp2k\/\",\"url\":\"https:\/\/old.epodex-industries.com\/de\/produkt\/wb-pigmente-cp2k\/\",\"name\":\"WB Pigmente CP2K - EPODEX Industries | B2B Plattform\",\"isPartOf\":{\"@id\":\"https:\/\/old.epodex-industries.com\/fr\/#website\"},\"primaryImageOfPage\":{\"@id\":\"https:\/\/old.epodex-industries.com\/de\/produkt\/wb-pigmente-cp2k\/#primaryimage\"},\"image\":{\"@id\":\"https:\/\/old.epodex-industries.com\/de\/produkt\/wb-pigmente-cp2k\/#primaryimage\"},\"thumbnailUrl\":\"https:\/\/old.epodex-industries.com\/wp-content\/uploads\/2023\/06\/farbstoffe-pigmente-fuer-lack.jpg\",\"datePublished\":\"2024-03-18T10:30:01+00:00\",\"dateModified\":\"2025-01-07T10:10:38+00:00\",\"breadcrumb\":{\"@id\":\"https:\/\/old.epodex-industries.com\/de\/produkt\/wb-pigmente-cp2k\/#breadcrumb\"},\"inLanguage\":\"de\",\"potentialAction\":[{\"@type\":\"ReadAction\",\"target\":[\"https:\/\/old.epodex-industries.com\/de\/produkt\/wb-pigmente-cp2k\/\"]}]},{\"@type\":\"ImageObject\",\"inLanguage\":\"de\",\"@id\":\"https:\/\/old.epodex-industries.com\/de\/produkt\/wb-pigmente-cp2k\/#primaryimage\",\"url\":\"https:\/\/old.epodex-industries.com\/wp-content\/uploads\/2023\/06\/farbstoffe-pigmente-fuer-lack.jpg\",\"contentUrl\":\"https:\/\/old.epodex-industries.com\/wp-content\/uploads\/2023\/06\/farbstoffe-pigmente-fuer-lack.jpg\",\"width\":1200,\"height\":800},{\"@type\":\"BreadcrumbList\",\"@id\":\"https:\/\/old.epodex-industries.com\/de\/produkt\/wb-pigmente-cp2k\/#breadcrumb\",\"itemListElement\":[{\"@type\":\"ListItem\",\"position\":1,\"name\":\"Startseite\",\"item\":\"https:\/\/old.epodex-industries.com\/de\/\"},{\"@type\":\"ListItem\",\"position\":2,\"name\":\"Shop\",\"item\":\"https:\/\/old.epodex-industries.com\/de\/shop\/\"},{\"@type\":\"ListItem\",\"position\":3,\"name\":\"WB Pigmente CP2K\"}]},{\"@type\":\"WebSite\",\"@id\":\"https:\/\/old.epodex-industries.com\/fr\/#website\",\"url\":\"https:\/\/old.epodex-industries.com\/fr\/\",\"name\":\"EPODEX Industries | B2B Plattform\",\"description\":\"Hersteller + Gro\u00dfhandel f\u00fcr Baustoffe\",\"publisher\":{\"@id\":\"https:\/\/old.epodex-industries.com\/fr\/#organization\"},\"alternateName\":\"EPODEX Industries | Hersteller + Gro\u00dfhandel f\u00fcr Baustoffe\",\"potentialAction\":[{\"@type\":\"SearchAction\",\"target\":{\"@type\":\"EntryPoint\",\"urlTemplate\":\"https:\/\/old.epodex-industries.com\/fr\/?s={search_term_string}\"},\"query-input\":{\"@type\":\"PropertyValueSpecification\",\"valueRequired\":true,\"valueName\":\"search_term_string\"}}],\"inLanguage\":\"de\"},{\"@type\":\"Organization\",\"@id\":\"https:\/\/old.epodex-industries.com\/fr\/#organization\",\"name\":\"EPODEX Industries\",\"url\":\"https:\/\/old.epodex-industries.com\/fr\/\",\"logo\":{\"@type\":\"ImageObject\",\"inLanguage\":\"de\",\"@id\":\"https:\/\/old.epodex-industries.com\/fr\/#\/schema\/logo\/image\/\",\"url\":\"https:\/\/www.epodex-industries.com\/wp-content\/uploads\/2023\/06\/Logo-Epodex-Rechnung.jpg\",\"contentUrl\":\"https:\/\/www.epodex-industries.com\/wp-content\/uploads\/2023\/06\/Logo-Epodex-Rechnung.jpg\",\"width\":261,\"height\":50,\"caption\":\"EPODEX Industries\"},\"image\":{\"@id\":\"https:\/\/old.epodex-industries.com\/fr\/#\/schema\/logo\/image\/\"},\"sameAs\":[\"https:\/\/www.facebook.com\/Epodex\/\",\"https:\/\/www.instagram.com\/epodex_official\/\",\"https:\/\/www.pinterest.de\/epodex_com\/\",\"https:\/\/www.youtube.com\/channel\/UC7lFrJ9YpN1yg43sTc6q3ow\"]}]}<\/script>\n<!-- \/ Yoast SEO plugin. -->","yoast_head_json":{"title":"WB Pigmente CP2K - EPODEX Industries | B2B Plattform","robots":{"index":"index","follow":"follow","max-snippet":"max-snippet:-1","max-image-preview":"max-image-preview:large","max-video-preview":"max-video-preview:-1"},"canonical":"https:\/\/old.epodex-industries.com\/de\/produkt\/wb-pigmente-cp2k\/","og_locale":"de_DE","og_type":"article","og_title":"WB Pigmente CP2K - EPODEX Industries | B2B Plattform","og_description":"Die EPODEX WB Pigmente eignen sich ideal zum Einf\u00e4rben von unseren wasserbasierten Produkten, wie Mikrozement, CONCRETE PAINT Betonfarbe, TILE PAINT Fliesenfarbe oder Polyurethanharz. Sie ben\u00f6tigen 10% Farbpigment nach Gewicht (z.B. 100g f\u00fcr 1kg) um unsere Farben, Lacke und Grundierungen selbst einzuf\u00e4rben.","og_url":"https:\/\/old.epodex-industries.com\/de\/produkt\/wb-pigmente-cp2k\/","og_site_name":"EPODEX Industries | B2B Plattform","article_publisher":"https:\/\/www.facebook.com\/Epodex\/","article_modified_time":"2025-01-07T10:10:38+00:00","og_image":[{"width":1200,"height":800,"url":"https:\/\/old.epodex-industries.com\/wp-content\/uploads\/2023\/06\/farbstoffe-pigmente-fuer-lack.jpg","type":"image\/jpeg"}],"twitter_card":"summary_large_image","twitter_misc":{"Gesch\u00e4tzte Lesezeit":"1\u00a0Minute"},"schema":{"@context":"https:\/\/schema.org","@graph":[{"@type":"WebPage","@id":"https:\/\/old.epodex-industries.com\/de\/produkt\/wb-pigmente-cp2k\/","url":"https:\/\/old.epodex-industries.com\/de\/produkt\/wb-pigmente-cp2k\/","name":"WB Pigmente CP2K - EPODEX Industries | B2B Plattform","isPartOf":{"@id":"https:\/\/old.epodex-industries.com\/fr\/#website"},"primaryImageOfPage":{"@id":"https:\/\/old.epodex-industries.com\/de\/produkt\/wb-pigmente-cp2k\/#primaryimage"},"image":{"@id":"https:\/\/old.epodex-industries.com\/de\/produkt\/wb-pigmente-cp2k\/#primaryimage"},"thumbnailUrl":"https:\/\/old.epodex-industries.com\/wp-content\/uploads\/2023\/06\/farbstoffe-pigmente-fuer-lack.jpg","datePublished":"2024-03-18T10:30:01+00:00","dateModified":"2025-01-07T10:10:38+00:00","breadcrumb":{"@id":"https:\/\/old.epodex-industries.com\/de\/produkt\/wb-pigmente-cp2k\/#breadcrumb"},"inLanguage":"de","potentialAction":[{"@type":"ReadAction","target":["https:\/\/old.epodex-industries.com\/de\/produkt\/wb-pigmente-cp2k\/"]}]},{"@type":"ImageObject","inLanguage":"de","@id":"https:\/\/old.epodex-industries.com\/de\/produkt\/wb-pigmente-cp2k\/#primaryimage","url":"https:\/\/old.epodex-industries.com\/wp-content\/uploads\/2023\/06\/farbstoffe-pigmente-fuer-lack.jpg","contentUrl":"https:\/\/old.epodex-industries.com\/wp-content\/uploads\/2023\/06\/farbstoffe-pigmente-fuer-lack.jpg","width":1200,"height":800},{"@type":"BreadcrumbList","@id":"https:\/\/old.epodex-industries.com\/de\/produkt\/wb-pigmente-cp2k\/#breadcrumb","itemListElement":[{"@type":"ListItem","position":1,"name":"Startseite","item":"https:\/\/old.epodex-industries.com\/de\/"},{"@type":"ListItem","position":2,"name":"Shop","item":"https:\/\/old.epodex-industries.com\/de\/shop\/"},{"@type":"ListItem","position":3,"name":"WB Pigmente CP2K"}]},{"@type":"WebSite","@id":"https:\/\/old.epodex-industries.com\/fr\/#website","url":"https:\/\/old.epodex-industries.com\/fr\/","name":"EPODEX Industries | B2B Plattform","description":"Hersteller + Gro\u00dfhandel f\u00fcr Baustoffe","publisher":{"@id":"https:\/\/old.epodex-industries.com\/fr\/#organization"},"alternateName":"EPODEX Industries | Hersteller + Gro\u00dfhandel f\u00fcr Baustoffe","potentialAction":[{"@type":"SearchAction","target":{"@type":"EntryPoint","urlTemplate":"https:\/\/old.epodex-industries.com\/fr\/?s={search_term_string}"},"query-input":{"@type":"PropertyValueSpecification","valueRequired":true,"valueName":"search_term_string"}}],"inLanguage":"de"},{"@type":"Organization","@id":"https:\/\/old.epodex-industries.com\/fr\/#organization","name":"EPODEX Industries","url":"https:\/\/old.epodex-industries.com\/fr\/","logo":{"@type":"ImageObject","inLanguage":"de","@id":"https:\/\/old.epodex-industries.com\/fr\/#\/schema\/logo\/image\/","url":"https:\/\/www.epodex-industries.com\/wp-content\/uploads\/2023\/06\/Logo-Epodex-Rechnung.jpg","contentUrl":"https:\/\/www.epodex-industries.com\/wp-content\/uploads\/2023\/06\/Logo-Epodex-Rechnung.jpg","width":261,"height":50,"caption":"EPODEX Industries"},"image":{"@id":"https:\/\/old.epodex-industries.com\/fr\/#\/schema\/logo\/image\/"},"sameAs":["https:\/\/www.facebook.com\/Epodex\/","https:\/\/www.instagram.com\/epodex_official\/","https:\/\/www.pinterest.de\/epodex_com\/","https:\/\/www.youtube.com\/channel\/UC7lFrJ9YpN1yg43sTc6q3ow"]}]}},"_links":{"self":[{"href":"https:\/\/old.epodex-industries.com\/de\/wp-json\/wp\/v2\/product\/18228","targetHints":{"allow":["GET"]}}],"collection":[{"href":"https:\/\/old.epodex-industries.com\/de\/wp-json\/wp\/v2\/product"}],"about":[{"href":"https:\/\/old.epodex-industries.com\/de\/wp-json\/wp\/v2\/types\/product"}],"replies":[{"embeddable":true,"href":"https:\/\/old.epodex-industries.com\/de\/wp-json\/wp\/v2\/comments?post=18228"}],"wp:featuredmedia":[{"embeddable":true,"href":"https:\/\/old.epodex-industries.com\/de\/wp-json\/wp\/v2\/media\/608"}],"wp:attachment":[{"href":"https:\/\/old.epodex-industries.com\/de\/wp-json\/wp\/v2\/media?parent=18228"}],"wp:term":[{"taxonomy":"product_brand","embeddable":true,"href":"https:\/\/old.epodex-industries.com\/de\/wp-json\/wp\/v2\/product_brand?post=18228"},{"taxonomy":"product_cat","embeddable":true,"href":"https:\/\/old.epodex-industries.com\/de\/wp-json\/wp\/v2\/product_cat?post=18228"},{"taxonomy":"product_tag","embeddable":true,"href":"https:\/\/old.epodex-industries.com\/de\/wp-json\/wp\/v2\/product_tag?post=18228"}],"curies":[{"name":"wp","href":"https:\/\/api.w.org\/{rel}","templated":true}]}}