{"id":18219,"date":"2024-03-18T11:29:48","date_gmt":"2024-03-18T10:29:48","guid":{"rendered":"https:\/\/www.epodex-industries.com\/produkt\/1k-latexfarbe-matt-polarweiss\/"},"modified":"2025-01-07T11:07:50","modified_gmt":"2025-01-07T10:07:50","slug":"1k-latexfarbe-matt-polarweiss","status":"publish","type":"product","link":"https:\/\/old.epodex-industries.com\/de\/produkt\/1k-latexfarbe-matt-polarweiss\/","title":{"rendered":"1K Latexfarbe matt &#8211; Polarweiss"},"content":{"rendered":"<h2>EPODEX LATEX PAINT<\/h2>\n<p>LATEX PAINT eignet sich ideal f\u00fcr stark beanspruchte Wandfl\u00e4chen und Decken. Bestreichen Sie saugf\u00e4hige und nicht saugf\u00e4hige Untergr\u00fcnde und sch\u00fctzen Sie Ihre W\u00e4nde vor \u00e4u\u00dferen Schimmelbefall und Verschmutzung. Unsere hochwertige Latexfarbe ist zudem <strong>geruchsneutral und wasserbasiert<\/strong>.<\/p>\n<p><strong>Verbrauchsmengen:<\/strong> 120-150g\/m\u00b2 pro Arbeitsgang auf glatten, nicht saugf\u00e4higen Fl\u00e4chen. Bei saugf\u00e4higen Oberfl\u00e4chen empfehlen wir die Fl\u00e4che vorab zu grundieren, um ein Einsickern des Materials zu verhindern.<\/p>\n<p><h3>Wand-Schutz-Formel:<\/h3>\n<\/p>\n<p>Unsere W\u00e4nde sind <strong>St\u00f6\u00dfen, Verschmutzungen und Ber\u00fchrungen<\/strong> ausgesetzt.<\/p>\n<p>Wer kennt es nicht? &#8211; Kurz mit dem Regenschirm oder den Schuhen \u00fcber die Wand gestrichen und schon zeichnet sich ein schwarzer Streifen ab. Bereits ein kurzes Ber\u00fchren der Wand kann bei normaler Innenwandfarbe zu einem irreparablen F\u00fcllstoffbruch f\u00fchren. Die Wand wird stellenweise aufgegl\u00e4nzt und es ergibt sich eine unsch\u00f6ne, fleckige und fettig-wirkende Optik. Dies wird als <strong>Schreibeffekt<\/strong> bezeichnet. Aber auch durch Essensreste, Farbstifte oder andere Fl\u00fcssigkeiten k\u00f6nnen unsere W\u00e4nde leicht verschmutzt werden.<\/p>\n<p>Die L\u00f6sung liefert EPODEX LATEX PAINT. Durch <strong>ausgew\u00e4hlte Rohstoffe und einen erh\u00f6hten Bindemittelanteil<\/strong> ist unsere Wandfarbe <strong>strapazierf\u00e4hig und abwaschbar<\/strong>, bei gleichzeitig hoher Wasserdampfdurchl\u00e4ssigkeit, d.h. die Wandfarbe ist weiterhin <strong>diffusionsoffen und atmungsaktiv<\/strong>. \u00dcberzeugen Sie sich selbst und profitieren Sie jetzt von unserer Wand-Schutz-Formel.<\/p>\n<hr \/>\n<h3>Anwendung<\/h3>\n<ol>\n<li>Sorgen Sie f\u00fcr einen sauberen Untergrund.<\/li>\n<li>Bei glatten Oberfl\u00e4chen empfehlen wir die Oberfl\u00e4che anzurauen, um eine bessere Haftung zu erm\u00f6glichen. Nutzen Sie dazu unser EPODEX Schleifpapier.<\/li>\n<li>Tragen Sie das Material mit Farbwalze oder Pinsel auf und lassen Sie die Schicht trocknen (ca. 8Std. bei 20\u00b0C).<\/li>\n<li>Tragen Sie weitere Schichten auf, bis die gew\u00fcnschte Deckkraft erreicht ist. Wir empfehlen ca. zwei Anstriche.<\/li>\n<\/ol>\n<p><strong>Hinweise<\/strong><strong>: <\/strong>Verarbeitungstemperatur: Objekt- und Umgebungstemperatur min. 8\u00b0C. Nicht auf aufgeheizten Oberfl\u00e4chen und unter direkter Sonnenstrahlung verarbeiten. Bei niedrigeren Temperaturen k\u00f6nnen Trocknungsst\u00f6rungen auftreten. Um eine niedrigere Viskosit\u00e4t zu erzielen, verd\u00fcnnen Sie die Farbe mit bis zu 5% Wasser. Werkzeug unmittelbar nach Gebrauch mit Wasser reinigen.<\/p>\n<p>EU-Grenzwert: (Kat. A\/d): 100g\/l (2010), max. 100g\/l VOC<\/p>\n<hr \/>\n<p><strong>Kundenservice:<\/strong> Bei weiteren Fragen kontaktieren Sie uns telefonisch, per E-Mail oder nutzen Sie unseren WhatsApp-Support.<\/p>\n<p><strong>Hinweis:<\/strong> Wir bitten zu beachten, dass die Farben aufgrund unterschiedlicher Lichtverh\u00e4ltnisse und Monitore nicht einheitlich abgebildet werden k\u00f6nnten.<\/p>\n<hr \/>\n<h3>Gefahren- und Sicherheitshinweise:<\/h3>\n<p>Achtung: Produkt enth\u00e4lt Koservierungsmittel: 1,2-Benzisothiazol-3(2H)-on; 2-Methyl-2H-isothiazol-3-on. Kann allergische Hautreaktionen verursachen. Ist \u00e4rztlicher Rat erforderlich, Verpackung oder Kennzeichnungsetikett bereithalten. Darf nicht in die H\u00e4nde von Kindern gelangen. Einatmen von Staub, Nebel, Aerosol vermeiden. Nicht in die Augen, auf die Haut oder auf die Kleidung gelangen lassen. Entsorgung des Inhalts \/ des Beh\u00e4lters gem\u00e4\u00df den \u00f6rtlichen \/ regionalen \/ nationalen\/ internationalen Vorschriften.Sicherheitsdatenblatt auf Anfrage erh\u00e4ltlich.<\/p>\n<p><img decoding=\"async\" src=\"https:\/\/www.epodex.com\/de\/wp-content\/uploads\/2021\/03\/warnhinweis-ausrufezeichen.jpg\" \/><\/p>\n","protected":false},"excerpt":{"rendered":"<ul>\n<li>Premium-Latexfarbe mit integrierter Wand-Schutz-Formel<\/li>\n<li>Material: Latexfarbe (wasserbasiert) zum Aufrollen<\/li>\n<li>Eigenschaften: hochdeckend, spritzfrei, strapazierf\u00e4hig, abwaschbar, atmungsaktiv, geruchlos, l\u00f6semittelfrei und emissionsarm<\/li>\n<li>Ausgangsform:\u00a0<strong>vorpigmentiert durch WB Pigment Polarwei\u00df und matt<\/strong>. Einf\u00e4rbbar mit EPODEX\u00a0<a href=\"https:\/\/www.epodex-industries.com\/de\/produkt-kategorie\/farbstoffe-farbmittel\/wb-pigment\/\">WB Pigment Farbt\u00f6nen<\/a><\/li>\n<li>Mischungsverh\u00e4ltnis Pigment auf Farbe: 1x 100g WB Pigment auf 1kg Farbe<\/li>\n<li>Aush\u00e4rtezeit: ca. 8Std. bei 20\u00b0C<\/li>\n<li>Verbrauchsmenge: 120g\/m\u00b2 pro Anstrich<\/li>\n<\/ul>\n","protected":false},"featured_media":689,"comment_status":"closed","ping_status":"closed","template":"","meta":[],"product_brand":[],"product_cat":[491],"product_tag":[],"class_list":{"0":"post-18219","1":"product","2":"type-product","3":"status-publish","4":"has-post-thumbnail","6":"product_cat-latexfarbe","8":"first","9":"instock","10":"taxable","11":"shipping-taxable","12":"product-type-variable","13":"wvs-archive-product-wrapper"},"yoast_head":"<!-- This site is optimized with the Yoast SEO plugin v26.7 - https:\/\/yoast.com\/wordpress\/plugins\/seo\/ -->\n<title>1K Latexfarbe matt - Polarweiss - EPODEX Industries | B2B Plattform<\/title>\n<meta name=\"robots\" content=\"index, follow, max-snippet:-1, max-image-preview:large, max-video-preview:-1\" \/>\n<link rel=\"canonical\" href=\"https:\/\/old.epodex-industries.com\/de\/produkt\/1k-latexfarbe-matt-polarweiss\/\" \/>\n<meta property=\"og:locale\" content=\"de_DE\" \/>\n<meta property=\"og:type\" content=\"article\" \/>\n<meta property=\"og:title\" content=\"1K Latexfarbe matt - Polarweiss - EPODEX Industries | B2B Plattform\" \/>\n<meta property=\"og:description\" content=\"Premium-Latexfarbe mit integrierter Wand-Schutz-Formel  Material: Latexfarbe (wasserbasiert) zum Aufrollen  Eigenschaften: hochdeckend, spritzfrei, strapazierf\u00e4hig, abwaschbar, atmungsaktiv, geruchlos, l\u00f6semittelfrei und emissionsarm  Ausgangsform:\u00a0vorpigmentiert durch WB Pigment Polarwei\u00df und matt. Einf\u00e4rbbar mit EPODEX\u00a0WB Pigment Farbt\u00f6nen  Mischungsverh\u00e4ltnis Pigment auf Farbe: 1x 100g WB Pigment auf 1kg Farbe  Aush\u00e4rtezeit: ca. 8Std. bei 20\u00b0C  Verbrauchsmenge: 120g\/m\u00b2 pro Anstrich\" \/>\n<meta property=\"og:url\" content=\"https:\/\/old.epodex-industries.com\/de\/produkt\/1k-latexfarbe-matt-polarweiss\/\" \/>\n<meta property=\"og:site_name\" content=\"EPODEX Industries | B2B Plattform\" \/>\n<meta property=\"article:publisher\" content=\"https:\/\/www.facebook.com\/Epodex\/\" \/>\n<meta property=\"article:modified_time\" content=\"2025-01-07T10:07:50+00:00\" \/>\n<meta property=\"og:image\" content=\"https:\/\/old.epodex-industries.com\/wp-content\/uploads\/2023\/06\/latex-paint-polar-white-epodex.png\" \/>\n\t<meta property=\"og:image:width\" content=\"1200\" \/>\n\t<meta property=\"og:image:height\" content=\"800\" \/>\n\t<meta property=\"og:image:type\" content=\"image\/png\" \/>\n<meta name=\"twitter:card\" content=\"summary_large_image\" \/>\n<meta name=\"twitter:label1\" content=\"Gesch\u00e4tzte Lesezeit\" \/>\n\t<meta name=\"twitter:data1\" content=\"2\u00a0Minuten\" \/>\n<script type=\"application\/ld+json\" class=\"yoast-schema-graph\">{\"@context\":\"https:\/\/schema.org\",\"@graph\":[{\"@type\":\"WebPage\",\"@id\":\"https:\/\/old.epodex-industries.com\/de\/produkt\/1k-latexfarbe-matt-polarweiss\/\",\"url\":\"https:\/\/old.epodex-industries.com\/de\/produkt\/1k-latexfarbe-matt-polarweiss\/\",\"name\":\"1K Latexfarbe matt - Polarweiss - EPODEX Industries | B2B Plattform\",\"isPartOf\":{\"@id\":\"https:\/\/old.epodex-industries.com\/fr\/#website\"},\"primaryImageOfPage\":{\"@id\":\"https:\/\/old.epodex-industries.com\/de\/produkt\/1k-latexfarbe-matt-polarweiss\/#primaryimage\"},\"image\":{\"@id\":\"https:\/\/old.epodex-industries.com\/de\/produkt\/1k-latexfarbe-matt-polarweiss\/#primaryimage\"},\"thumbnailUrl\":\"https:\/\/old.epodex-industries.com\/wp-content\/uploads\/2023\/06\/latex-paint-polar-white-epodex.png\",\"datePublished\":\"2024-03-18T10:29:48+00:00\",\"dateModified\":\"2025-01-07T10:07:50+00:00\",\"breadcrumb\":{\"@id\":\"https:\/\/old.epodex-industries.com\/de\/produkt\/1k-latexfarbe-matt-polarweiss\/#breadcrumb\"},\"inLanguage\":\"de\",\"potentialAction\":[{\"@type\":\"ReadAction\",\"target\":[\"https:\/\/old.epodex-industries.com\/de\/produkt\/1k-latexfarbe-matt-polarweiss\/\"]}]},{\"@type\":\"ImageObject\",\"inLanguage\":\"de\",\"@id\":\"https:\/\/old.epodex-industries.com\/de\/produkt\/1k-latexfarbe-matt-polarweiss\/#primaryimage\",\"url\":\"https:\/\/old.epodex-industries.com\/wp-content\/uploads\/2023\/06\/latex-paint-polar-white-epodex.png\",\"contentUrl\":\"https:\/\/old.epodex-industries.com\/wp-content\/uploads\/2023\/06\/latex-paint-polar-white-epodex.png\",\"width\":1200,\"height\":800},{\"@type\":\"BreadcrumbList\",\"@id\":\"https:\/\/old.epodex-industries.com\/de\/produkt\/1k-latexfarbe-matt-polarweiss\/#breadcrumb\",\"itemListElement\":[{\"@type\":\"ListItem\",\"position\":1,\"name\":\"Startseite\",\"item\":\"https:\/\/old.epodex-industries.com\/de\/\"},{\"@type\":\"ListItem\",\"position\":2,\"name\":\"Shop\",\"item\":\"https:\/\/old.epodex-industries.com\/de\/shop\/\"},{\"@type\":\"ListItem\",\"position\":3,\"name\":\"1K Latexfarbe matt &#8211; Polarweiss\"}]},{\"@type\":\"WebSite\",\"@id\":\"https:\/\/old.epodex-industries.com\/fr\/#website\",\"url\":\"https:\/\/old.epodex-industries.com\/fr\/\",\"name\":\"EPODEX Industries | B2B Plattform\",\"description\":\"Hersteller + Gro\u00dfhandel f\u00fcr Baustoffe\",\"publisher\":{\"@id\":\"https:\/\/old.epodex-industries.com\/fr\/#organization\"},\"alternateName\":\"EPODEX Industries | Hersteller + Gro\u00dfhandel f\u00fcr Baustoffe\",\"potentialAction\":[{\"@type\":\"SearchAction\",\"target\":{\"@type\":\"EntryPoint\",\"urlTemplate\":\"https:\/\/old.epodex-industries.com\/fr\/?s={search_term_string}\"},\"query-input\":{\"@type\":\"PropertyValueSpecification\",\"valueRequired\":true,\"valueName\":\"search_term_string\"}}],\"inLanguage\":\"de\"},{\"@type\":\"Organization\",\"@id\":\"https:\/\/old.epodex-industries.com\/fr\/#organization\",\"name\":\"EPODEX Industries\",\"url\":\"https:\/\/old.epodex-industries.com\/fr\/\",\"logo\":{\"@type\":\"ImageObject\",\"inLanguage\":\"de\",\"@id\":\"https:\/\/old.epodex-industries.com\/fr\/#\/schema\/logo\/image\/\",\"url\":\"https:\/\/www.epodex-industries.com\/wp-content\/uploads\/2023\/06\/Logo-Epodex-Rechnung.jpg\",\"contentUrl\":\"https:\/\/www.epodex-industries.com\/wp-content\/uploads\/2023\/06\/Logo-Epodex-Rechnung.jpg\",\"width\":261,\"height\":50,\"caption\":\"EPODEX Industries\"},\"image\":{\"@id\":\"https:\/\/old.epodex-industries.com\/fr\/#\/schema\/logo\/image\/\"},\"sameAs\":[\"https:\/\/www.facebook.com\/Epodex\/\",\"https:\/\/www.instagram.com\/epodex_official\/\",\"https:\/\/www.pinterest.de\/epodex_com\/\",\"https:\/\/www.youtube.com\/channel\/UC7lFrJ9YpN1yg43sTc6q3ow\"]}]}<\/script>\n<!-- \/ Yoast SEO plugin. -->","yoast_head_json":{"title":"1K Latexfarbe matt - Polarweiss - EPODEX Industries | B2B Plattform","robots":{"index":"index","follow":"follow","max-snippet":"max-snippet:-1","max-image-preview":"max-image-preview:large","max-video-preview":"max-video-preview:-1"},"canonical":"https:\/\/old.epodex-industries.com\/de\/produkt\/1k-latexfarbe-matt-polarweiss\/","og_locale":"de_DE","og_type":"article","og_title":"1K Latexfarbe matt - Polarweiss - EPODEX Industries | B2B Plattform","og_description":"Premium-Latexfarbe mit integrierter Wand-Schutz-Formel  Material: Latexfarbe (wasserbasiert) zum Aufrollen  Eigenschaften: hochdeckend, spritzfrei, strapazierf\u00e4hig, abwaschbar, atmungsaktiv, geruchlos, l\u00f6semittelfrei und emissionsarm  Ausgangsform:\u00a0vorpigmentiert durch WB Pigment Polarwei\u00df und matt. Einf\u00e4rbbar mit EPODEX\u00a0WB Pigment Farbt\u00f6nen  Mischungsverh\u00e4ltnis Pigment auf Farbe: 1x 100g WB Pigment auf 1kg Farbe  Aush\u00e4rtezeit: ca. 8Std. bei 20\u00b0C  Verbrauchsmenge: 120g\/m\u00b2 pro Anstrich","og_url":"https:\/\/old.epodex-industries.com\/de\/produkt\/1k-latexfarbe-matt-polarweiss\/","og_site_name":"EPODEX Industries | B2B Plattform","article_publisher":"https:\/\/www.facebook.com\/Epodex\/","article_modified_time":"2025-01-07T10:07:50+00:00","og_image":[{"width":1200,"height":800,"url":"https:\/\/old.epodex-industries.com\/wp-content\/uploads\/2023\/06\/latex-paint-polar-white-epodex.png","type":"image\/png"}],"twitter_card":"summary_large_image","twitter_misc":{"Gesch\u00e4tzte Lesezeit":"2\u00a0Minuten"},"schema":{"@context":"https:\/\/schema.org","@graph":[{"@type":"WebPage","@id":"https:\/\/old.epodex-industries.com\/de\/produkt\/1k-latexfarbe-matt-polarweiss\/","url":"https:\/\/old.epodex-industries.com\/de\/produkt\/1k-latexfarbe-matt-polarweiss\/","name":"1K Latexfarbe matt - Polarweiss - EPODEX Industries | B2B Plattform","isPartOf":{"@id":"https:\/\/old.epodex-industries.com\/fr\/#website"},"primaryImageOfPage":{"@id":"https:\/\/old.epodex-industries.com\/de\/produkt\/1k-latexfarbe-matt-polarweiss\/#primaryimage"},"image":{"@id":"https:\/\/old.epodex-industries.com\/de\/produkt\/1k-latexfarbe-matt-polarweiss\/#primaryimage"},"thumbnailUrl":"https:\/\/old.epodex-industries.com\/wp-content\/uploads\/2023\/06\/latex-paint-polar-white-epodex.png","datePublished":"2024-03-18T10:29:48+00:00","dateModified":"2025-01-07T10:07:50+00:00","breadcrumb":{"@id":"https:\/\/old.epodex-industries.com\/de\/produkt\/1k-latexfarbe-matt-polarweiss\/#breadcrumb"},"inLanguage":"de","potentialAction":[{"@type":"ReadAction","target":["https:\/\/old.epodex-industries.com\/de\/produkt\/1k-latexfarbe-matt-polarweiss\/"]}]},{"@type":"ImageObject","inLanguage":"de","@id":"https:\/\/old.epodex-industries.com\/de\/produkt\/1k-latexfarbe-matt-polarweiss\/#primaryimage","url":"https:\/\/old.epodex-industries.com\/wp-content\/uploads\/2023\/06\/latex-paint-polar-white-epodex.png","contentUrl":"https:\/\/old.epodex-industries.com\/wp-content\/uploads\/2023\/06\/latex-paint-polar-white-epodex.png","width":1200,"height":800},{"@type":"BreadcrumbList","@id":"https:\/\/old.epodex-industries.com\/de\/produkt\/1k-latexfarbe-matt-polarweiss\/#breadcrumb","itemListElement":[{"@type":"ListItem","position":1,"name":"Startseite","item":"https:\/\/old.epodex-industries.com\/de\/"},{"@type":"ListItem","position":2,"name":"Shop","item":"https:\/\/old.epodex-industries.com\/de\/shop\/"},{"@type":"ListItem","position":3,"name":"1K Latexfarbe matt &#8211; Polarweiss"}]},{"@type":"WebSite","@id":"https:\/\/old.epodex-industries.com\/fr\/#website","url":"https:\/\/old.epodex-industries.com\/fr\/","name":"EPODEX Industries | B2B Plattform","description":"Hersteller + Gro\u00dfhandel f\u00fcr Baustoffe","publisher":{"@id":"https:\/\/old.epodex-industries.com\/fr\/#organization"},"alternateName":"EPODEX Industries | Hersteller + Gro\u00dfhandel f\u00fcr Baustoffe","potentialAction":[{"@type":"SearchAction","target":{"@type":"EntryPoint","urlTemplate":"https:\/\/old.epodex-industries.com\/fr\/?s={search_term_string}"},"query-input":{"@type":"PropertyValueSpecification","valueRequired":true,"valueName":"search_term_string"}}],"inLanguage":"de"},{"@type":"Organization","@id":"https:\/\/old.epodex-industries.com\/fr\/#organization","name":"EPODEX Industries","url":"https:\/\/old.epodex-industries.com\/fr\/","logo":{"@type":"ImageObject","inLanguage":"de","@id":"https:\/\/old.epodex-industries.com\/fr\/#\/schema\/logo\/image\/","url":"https:\/\/www.epodex-industries.com\/wp-content\/uploads\/2023\/06\/Logo-Epodex-Rechnung.jpg","contentUrl":"https:\/\/www.epodex-industries.com\/wp-content\/uploads\/2023\/06\/Logo-Epodex-Rechnung.jpg","width":261,"height":50,"caption":"EPODEX Industries"},"image":{"@id":"https:\/\/old.epodex-industries.com\/fr\/#\/schema\/logo\/image\/"},"sameAs":["https:\/\/www.facebook.com\/Epodex\/","https:\/\/www.instagram.com\/epodex_official\/","https:\/\/www.pinterest.de\/epodex_com\/","https:\/\/www.youtube.com\/channel\/UC7lFrJ9YpN1yg43sTc6q3ow"]}]}},"_links":{"self":[{"href":"https:\/\/old.epodex-industries.com\/de\/wp-json\/wp\/v2\/product\/18219","targetHints":{"allow":["GET"]}}],"collection":[{"href":"https:\/\/old.epodex-industries.com\/de\/wp-json\/wp\/v2\/product"}],"about":[{"href":"https:\/\/old.epodex-industries.com\/de\/wp-json\/wp\/v2\/types\/product"}],"replies":[{"embeddable":true,"href":"https:\/\/old.epodex-industries.com\/de\/wp-json\/wp\/v2\/comments?post=18219"}],"wp:featuredmedia":[{"embeddable":true,"href":"https:\/\/old.epodex-industries.com\/de\/wp-json\/wp\/v2\/media\/689"}],"wp:attachment":[{"href":"https:\/\/old.epodex-industries.com\/de\/wp-json\/wp\/v2\/media?parent=18219"}],"wp:term":[{"taxonomy":"product_brand","embeddable":true,"href":"https:\/\/old.epodex-industries.com\/de\/wp-json\/wp\/v2\/product_brand?post=18219"},{"taxonomy":"product_cat","embeddable":true,"href":"https:\/\/old.epodex-industries.com\/de\/wp-json\/wp\/v2\/product_cat?post=18219"},{"taxonomy":"product_tag","embeddable":true,"href":"https:\/\/old.epodex-industries.com\/de\/wp-json\/wp\/v2\/product_tag?post=18219"}],"curies":[{"name":"wp","href":"https:\/\/api.w.org\/{rel}","templated":true}]}}