{"id":18215,"date":"2024-03-18T11:29:48","date_gmt":"2024-03-18T10:29:48","guid":{"rendered":"https:\/\/www.epodex-industries.com\/produkt\/2k-polyurethanhaerter-glaenzend-b-komponente\/"},"modified":"2026-02-06T12:49:31","modified_gmt":"2026-02-06T11:49:31","slug":"2k-polyurethanhaerter-glaenzend-b-komponente","status":"publish","type":"product","link":"https:\/\/old.epodex-industries.com\/de\/produkt\/2k-polyurethanhaerter-glaenzend-b-komponente\/","title":{"rendered":"2K Polyurethanh\u00e4rter Gl\u00e4nzend (-B- Komponente)"},"content":{"rendered":"<h2>EPODEX &#8211; PU-H\u00e4rter<\/h2>\n<p>Der PU-H\u00e4rter (B-Komponente) wird vermischt mit dem PU-Harz (A-Komponente). Beide Komponenten zusammen bilden das Polyurethanharz-System.<\/p>\n<p><strong><u>Beschichten und Versiegeln mit PU-Harz<\/u><\/strong><\/p>\n<ol>\n<li>Beschichten Sie die Oberfl\u00e4che mit dem PU-Harz.<\/li>\n<li>Vermischen Sie dazu das PU-Harz (A) mit dem passenden PU-H\u00e4rter (B) im angegebenen Mischungsverh\u00e4ltnis. PU-gl\u00e4nzend: 10:2 nach Gewicht (Bsp.: 1kg A + 0,2kg B); PU-matt: 10:1 nach Gewicht (Bsp.: 1kg A + 0,1kg B). Optional k\u00f6nnen Sie bis zu 20% Wasser hinzuf\u00fcgen.<\/li>\n<li>F\u00fcllen Sie die Mischung in eine Farbwanne um und mischen Sie erneut. So stellen Sie sicher, dass sich Harz (A) und H\u00e4rter (B) vollst\u00e4ndig miteinander vermischen.<\/li>\n<li>Falls keine transparente Beschichtung erw\u00fcnscht, vermischen Sie die mitgelieferte WB-Farbpaste mit der Harz-H\u00e4rter-Mischung, um die transparente Mischung einzuf\u00e4rben. Wir empfehlen einen Farbanteil von ca. 10%, z.B. 100g WB-Farbpaste auf 1,1kg bzw. 1,2kg Harz+H\u00e4rter. Wir empfehlen je Streichgang geringere Mengen von ca. 1kg anzumischen, da das Material sehr ergiebig ist und schnell anzieht (Topfzeit: 60 Min. bei 1kg).<\/li>\n<li>Streichen Sie das Material mit einer Schaumwalze d\u00fcnn und im Kreuzgang auf. F\u00fcr einen gleichm\u00e4\u00dfigen Farbauftrag nutzen Sie unser Abstreifgitter, um \u00fcbersch\u00fcssiges Material abzustreifen. Wir empfehlen eine Schichtst\u00e4rke von max. 150\u00b5m.<\/li>\n<li>Das Material ist nach ca. 20-24 Stunden begehbar und nach ca. 7 Tagen chemisch vollst\u00e4ndig ausgeh\u00e4rtet.<\/li>\n<\/ol>\n<p><strong>Profi-Tipp:<\/strong> Bei hohen Umgebungstemperaturen oder gro\u00dfer Mischmenge empfehlen wir dem PU-Harz, Wasser hinzuzuf\u00fcgen, um eine Orangenhaut Textur zu vermeiden.<\/p>\n<hr \/>\n<p><strong>Kundenservice:<\/strong> Bei weiteren Fragen kontaktieren Sie uns telefonisch, per E-Mail oder nutzen Sie unseren WhatsApp-Support.<\/p>\n<p><strong>Hinweis:<\/strong> Wir bitten zu beachten, dass die Farben aufgrund unterschiedlicher Lichtverh\u00e4ltnisse und Monitore nicht einheitlich abgebildet werden k\u00f6nnten.<\/p>\n<hr \/>\n<h3>Gefahrenhinweise<\/h3>\n<p><strong>A-Komponenten:<\/strong> EUH210 Sicherheitsdatenblatt auf Anfrage erh\u00e4ltlich. Enth\u00e4lt n-Butylmethacrylat: Kann eine allergische Reaktionen hervorrufen.<\/p>\n<p><strong>B-Komponenten:<\/strong> Gefahr: poliisocianato alifatico idrofilo,propylene carbonate, hexamethylenediisocyanate: Gesundheitssch\u00e4dlich bei Einatmen. Verursacht schwere Augenreizung. Kann allergische Hautreaktionen verursachen. Kann die Atemwege reizen. Sch\u00e4dlich f\u00fcr Wasserorganismen, mit langfristiger Wirkung. EUH204 Enth\u00e4lt Isocyanate. Kann allergische Reaktionen hervorrufen. Einatmen von Staub\/Rauch\/Gas\/Nebel\/Dampf\/Aerosol vermeiden. Freisetzung in die Umwelt vermeiden. Schutzhandschuhe\/ Schutzkleidung\/Augenschutz\/ Gesichtsschutz\/Geh\u00f6rschutz\/ tragen. Bei Unwohlsein GIFTINFORMATIONSZENTRUM\/Arzt\/+49 (0) 228 19240 anrufen. Bei Hautreizung oder -ausschlag: \u00c4rztlichen Rat einholen\/\u00e4rztliche Hilfe hinzuziehen. Bei anhaltender Augenreizung: \u00c4rztlichen Rat einholen\/\u00e4rztliche Hilfe hinzuziehen.<\/p>\n<p><img decoding=\"async\" src=\"https:\/\/www.epodex.com\/de\/wp-content\/uploads\/2021\/03\/warnhinweis-ausrufezeichen.jpg\" \/><\/p>\n","protected":false},"excerpt":{"rendered":"<ul>\n<li>Wasserbasierter Premium Polyurethanh\u00e4rter (B-Komponente) im gl\u00e4nzenden Glanzgrad<\/li>\n<li>Eigenschaften: geruchlos, hoch strapazierf\u00e4hig, wasserfest, UV-stabil, f\u00fcr Innen und Au\u00dfenbereich<\/li>\n<li>Kompatibel mit 2K Polyurethanharz Gl\u00e4nzend (-A- Komponente)<\/li>\n<li>Mischverh\u00e4ltnis zwischen Harz und H\u00e4rter: 10:2 (z.B. 1kg A : 0,2kg B)<\/li>\n<li>Verwendbar auf allen Oberfl\u00e4chen wie Epoxidharz, Holz, Beton, Microzement, Acrylat, Parkett, Laminat und mehr<\/li>\n<li>Zum Aufrollen in d\u00fcnnen Schichten (Rollbeschichtung): Max. 150\u00b5m\/Streichgang<\/li>\n<li>Verbrauchsmenge: ca. 100g\/m\u00b2 pro Anstrich<\/li>\n<li>Topfzeit\/Verarbeitungszeit: ca. 60min bei 1kg Material und 20\u00b0C<\/li>\n<li>Aush\u00e4rtezeit: 20-24Std.<\/li>\n<li>Ausgangsform: unpigmentiert\/transparent. Einf\u00e4rbbar mit EPODEX WB Pigmenten.<\/li>\n<\/ul>\n","protected":false},"featured_media":4785,"comment_status":"closed","ping_status":"closed","template":"","meta":[],"product_brand":[],"product_cat":[482,533],"product_tag":[],"class_list":{"0":"post-18215","1":"product","2":"type-product","3":"status-publish","4":"has-post-thumbnail","6":"product_cat-produkte","7":"product_cat-polyurethanharz","9":"first","10":"outofstock","11":"taxable","12":"shipping-taxable","13":"product-type-variable","14":"wvs-archive-product-wrapper"},"yoast_head":"<!-- This site is optimized with the Yoast SEO plugin v26.7 - https:\/\/yoast.com\/wordpress\/plugins\/seo\/ -->\n<title>2K Polyurethanh\u00e4rter Gl\u00e4nzend (-B- Komponente) - EPODEX Industries | B2B Plattform<\/title>\n<meta name=\"robots\" content=\"index, follow, max-snippet:-1, max-image-preview:large, max-video-preview:-1\" \/>\n<link rel=\"canonical\" href=\"https:\/\/old.epodex-industries.com\/de\/produkt\/2k-polyurethanhaerter-glaenzend-b-komponente\/\" \/>\n<meta property=\"og:locale\" content=\"de_DE\" \/>\n<meta property=\"og:type\" content=\"article\" \/>\n<meta property=\"og:title\" content=\"2K Polyurethanh\u00e4rter Gl\u00e4nzend (-B- Komponente) - EPODEX Industries | B2B Plattform\" \/>\n<meta property=\"og:description\" content=\"Wasserbasierter Premium Polyurethanh\u00e4rter (B-Komponente) im gl\u00e4nzenden Glanzgrad  Eigenschaften: geruchlos, hoch strapazierf\u00e4hig, wasserfest, UV-stabil, f\u00fcr Innen und Au\u00dfenbereich  Kompatibel mit 2K Polyurethanharz Gl\u00e4nzend (-A- Komponente)  Mischverh\u00e4ltnis zwischen Harz und H\u00e4rter: 10:2 (z.B. 1kg A : 0,2kg B)  Verwendbar auf allen Oberfl\u00e4chen wie Epoxidharz, Holz, Beton, Microzement, Acrylat, Parkett, Laminat und mehr  Zum Aufrollen in d\u00fcnnen Schichten (Rollbeschichtung): Max. 150\u00b5m\/Streichgang  Verbrauchsmenge: ca. 100g\/m\u00b2 pro Anstrich  Topfzeit\/Verarbeitungszeit: ca. 60min bei 1kg Material und 20\u00b0C  Aush\u00e4rtezeit: 20-24Std.  Ausgangsform: unpigmentiert\/transparent. Einf\u00e4rbbar mit EPODEX WB Pigmenten.\" \/>\n<meta property=\"og:url\" content=\"https:\/\/old.epodex-industries.com\/de\/produkt\/2k-polyurethanhaerter-glaenzend-b-komponente\/\" \/>\n<meta property=\"og:site_name\" content=\"EPODEX Industries | B2B Plattform\" \/>\n<meta property=\"article:publisher\" content=\"https:\/\/www.facebook.com\/Epodex\/\" \/>\n<meta property=\"article:modified_time\" content=\"2026-02-06T11:49:31+00:00\" \/>\n<meta property=\"og:image\" content=\"https:\/\/old.epodex-industries.com\/wp-content\/uploads\/2023\/10\/polyurethan-haerter-b-komponente.jpg\" \/>\n\t<meta property=\"og:image:width\" content=\"1200\" \/>\n\t<meta property=\"og:image:height\" content=\"800\" \/>\n\t<meta property=\"og:image:type\" content=\"image\/jpeg\" \/>\n<meta name=\"twitter:card\" content=\"summary_large_image\" \/>\n<meta name=\"twitter:label1\" content=\"Gesch\u00e4tzte Lesezeit\" \/>\n\t<meta name=\"twitter:data1\" content=\"2\u00a0Minuten\" \/>\n<script type=\"application\/ld+json\" class=\"yoast-schema-graph\">{\"@context\":\"https:\/\/schema.org\",\"@graph\":[{\"@type\":\"WebPage\",\"@id\":\"https:\/\/old.epodex-industries.com\/de\/produkt\/2k-polyurethanhaerter-glaenzend-b-komponente\/\",\"url\":\"https:\/\/old.epodex-industries.com\/de\/produkt\/2k-polyurethanhaerter-glaenzend-b-komponente\/\",\"name\":\"2K Polyurethanh\u00e4rter Gl\u00e4nzend (-B- Komponente) - EPODEX Industries | B2B Plattform\",\"isPartOf\":{\"@id\":\"https:\/\/old.epodex-industries.com\/fr\/#website\"},\"primaryImageOfPage\":{\"@id\":\"https:\/\/old.epodex-industries.com\/de\/produkt\/2k-polyurethanhaerter-glaenzend-b-komponente\/#primaryimage\"},\"image\":{\"@id\":\"https:\/\/old.epodex-industries.com\/de\/produkt\/2k-polyurethanhaerter-glaenzend-b-komponente\/#primaryimage\"},\"thumbnailUrl\":\"https:\/\/old.epodex-industries.com\/wp-content\/uploads\/2023\/10\/polyurethan-haerter-b-komponente.jpg\",\"datePublished\":\"2024-03-18T10:29:48+00:00\",\"dateModified\":\"2026-02-06T11:49:31+00:00\",\"breadcrumb\":{\"@id\":\"https:\/\/old.epodex-industries.com\/de\/produkt\/2k-polyurethanhaerter-glaenzend-b-komponente\/#breadcrumb\"},\"inLanguage\":\"de\",\"potentialAction\":[{\"@type\":\"ReadAction\",\"target\":[\"https:\/\/old.epodex-industries.com\/de\/produkt\/2k-polyurethanhaerter-glaenzend-b-komponente\/\"]}]},{\"@type\":\"ImageObject\",\"inLanguage\":\"de\",\"@id\":\"https:\/\/old.epodex-industries.com\/de\/produkt\/2k-polyurethanhaerter-glaenzend-b-komponente\/#primaryimage\",\"url\":\"https:\/\/old.epodex-industries.com\/wp-content\/uploads\/2023\/10\/polyurethan-haerter-b-komponente.jpg\",\"contentUrl\":\"https:\/\/old.epodex-industries.com\/wp-content\/uploads\/2023\/10\/polyurethan-haerter-b-komponente.jpg\",\"width\":1200,\"height\":800},{\"@type\":\"BreadcrumbList\",\"@id\":\"https:\/\/old.epodex-industries.com\/de\/produkt\/2k-polyurethanhaerter-glaenzend-b-komponente\/#breadcrumb\",\"itemListElement\":[{\"@type\":\"ListItem\",\"position\":1,\"name\":\"Startseite\",\"item\":\"https:\/\/old.epodex-industries.com\/de\/\"},{\"@type\":\"ListItem\",\"position\":2,\"name\":\"Shop\",\"item\":\"https:\/\/old.epodex-industries.com\/de\/shop\/\"},{\"@type\":\"ListItem\",\"position\":3,\"name\":\"2K Polyurethanh\u00e4rter Gl\u00e4nzend (-B- Komponente)\"}]},{\"@type\":\"WebSite\",\"@id\":\"https:\/\/old.epodex-industries.com\/fr\/#website\",\"url\":\"https:\/\/old.epodex-industries.com\/fr\/\",\"name\":\"EPODEX Industries | B2B Plattform\",\"description\":\"Hersteller + Gro\u00dfhandel f\u00fcr Baustoffe\",\"publisher\":{\"@id\":\"https:\/\/old.epodex-industries.com\/fr\/#organization\"},\"alternateName\":\"EPODEX Industries | Hersteller + Gro\u00dfhandel f\u00fcr Baustoffe\",\"potentialAction\":[{\"@type\":\"SearchAction\",\"target\":{\"@type\":\"EntryPoint\",\"urlTemplate\":\"https:\/\/old.epodex-industries.com\/fr\/?s={search_term_string}\"},\"query-input\":{\"@type\":\"PropertyValueSpecification\",\"valueRequired\":true,\"valueName\":\"search_term_string\"}}],\"inLanguage\":\"de\"},{\"@type\":\"Organization\",\"@id\":\"https:\/\/old.epodex-industries.com\/fr\/#organization\",\"name\":\"EPODEX Industries\",\"url\":\"https:\/\/old.epodex-industries.com\/fr\/\",\"logo\":{\"@type\":\"ImageObject\",\"inLanguage\":\"de\",\"@id\":\"https:\/\/old.epodex-industries.com\/fr\/#\/schema\/logo\/image\/\",\"url\":\"https:\/\/www.epodex-industries.com\/wp-content\/uploads\/2023\/06\/Logo-Epodex-Rechnung.jpg\",\"contentUrl\":\"https:\/\/www.epodex-industries.com\/wp-content\/uploads\/2023\/06\/Logo-Epodex-Rechnung.jpg\",\"width\":261,\"height\":50,\"caption\":\"EPODEX Industries\"},\"image\":{\"@id\":\"https:\/\/old.epodex-industries.com\/fr\/#\/schema\/logo\/image\/\"},\"sameAs\":[\"https:\/\/www.facebook.com\/Epodex\/\",\"https:\/\/www.instagram.com\/epodex_official\/\",\"https:\/\/www.pinterest.de\/epodex_com\/\",\"https:\/\/www.youtube.com\/channel\/UC7lFrJ9YpN1yg43sTc6q3ow\"]}]}<\/script>\n<!-- \/ Yoast SEO plugin. -->","yoast_head_json":{"title":"2K Polyurethanh\u00e4rter Gl\u00e4nzend (-B- Komponente) - EPODEX Industries | B2B Plattform","robots":{"index":"index","follow":"follow","max-snippet":"max-snippet:-1","max-image-preview":"max-image-preview:large","max-video-preview":"max-video-preview:-1"},"canonical":"https:\/\/old.epodex-industries.com\/de\/produkt\/2k-polyurethanhaerter-glaenzend-b-komponente\/","og_locale":"de_DE","og_type":"article","og_title":"2K Polyurethanh\u00e4rter Gl\u00e4nzend (-B- Komponente) - EPODEX Industries | B2B Plattform","og_description":"Wasserbasierter Premium Polyurethanh\u00e4rter (B-Komponente) im gl\u00e4nzenden Glanzgrad  Eigenschaften: geruchlos, hoch strapazierf\u00e4hig, wasserfest, UV-stabil, f\u00fcr Innen und Au\u00dfenbereich  Kompatibel mit 2K Polyurethanharz Gl\u00e4nzend (-A- Komponente)  Mischverh\u00e4ltnis zwischen Harz und H\u00e4rter: 10:2 (z.B. 1kg A : 0,2kg B)  Verwendbar auf allen Oberfl\u00e4chen wie Epoxidharz, Holz, Beton, Microzement, Acrylat, Parkett, Laminat und mehr  Zum Aufrollen in d\u00fcnnen Schichten (Rollbeschichtung): Max. 150\u00b5m\/Streichgang  Verbrauchsmenge: ca. 100g\/m\u00b2 pro Anstrich  Topfzeit\/Verarbeitungszeit: ca. 60min bei 1kg Material und 20\u00b0C  Aush\u00e4rtezeit: 20-24Std.  Ausgangsform: unpigmentiert\/transparent. Einf\u00e4rbbar mit EPODEX WB Pigmenten.","og_url":"https:\/\/old.epodex-industries.com\/de\/produkt\/2k-polyurethanhaerter-glaenzend-b-komponente\/","og_site_name":"EPODEX Industries | B2B Plattform","article_publisher":"https:\/\/www.facebook.com\/Epodex\/","article_modified_time":"2026-02-06T11:49:31+00:00","og_image":[{"width":1200,"height":800,"url":"https:\/\/old.epodex-industries.com\/wp-content\/uploads\/2023\/10\/polyurethan-haerter-b-komponente.jpg","type":"image\/jpeg"}],"twitter_card":"summary_large_image","twitter_misc":{"Gesch\u00e4tzte Lesezeit":"2\u00a0Minuten"},"schema":{"@context":"https:\/\/schema.org","@graph":[{"@type":"WebPage","@id":"https:\/\/old.epodex-industries.com\/de\/produkt\/2k-polyurethanhaerter-glaenzend-b-komponente\/","url":"https:\/\/old.epodex-industries.com\/de\/produkt\/2k-polyurethanhaerter-glaenzend-b-komponente\/","name":"2K Polyurethanh\u00e4rter Gl\u00e4nzend (-B- Komponente) - EPODEX Industries | B2B Plattform","isPartOf":{"@id":"https:\/\/old.epodex-industries.com\/fr\/#website"},"primaryImageOfPage":{"@id":"https:\/\/old.epodex-industries.com\/de\/produkt\/2k-polyurethanhaerter-glaenzend-b-komponente\/#primaryimage"},"image":{"@id":"https:\/\/old.epodex-industries.com\/de\/produkt\/2k-polyurethanhaerter-glaenzend-b-komponente\/#primaryimage"},"thumbnailUrl":"https:\/\/old.epodex-industries.com\/wp-content\/uploads\/2023\/10\/polyurethan-haerter-b-komponente.jpg","datePublished":"2024-03-18T10:29:48+00:00","dateModified":"2026-02-06T11:49:31+00:00","breadcrumb":{"@id":"https:\/\/old.epodex-industries.com\/de\/produkt\/2k-polyurethanhaerter-glaenzend-b-komponente\/#breadcrumb"},"inLanguage":"de","potentialAction":[{"@type":"ReadAction","target":["https:\/\/old.epodex-industries.com\/de\/produkt\/2k-polyurethanhaerter-glaenzend-b-komponente\/"]}]},{"@type":"ImageObject","inLanguage":"de","@id":"https:\/\/old.epodex-industries.com\/de\/produkt\/2k-polyurethanhaerter-glaenzend-b-komponente\/#primaryimage","url":"https:\/\/old.epodex-industries.com\/wp-content\/uploads\/2023\/10\/polyurethan-haerter-b-komponente.jpg","contentUrl":"https:\/\/old.epodex-industries.com\/wp-content\/uploads\/2023\/10\/polyurethan-haerter-b-komponente.jpg","width":1200,"height":800},{"@type":"BreadcrumbList","@id":"https:\/\/old.epodex-industries.com\/de\/produkt\/2k-polyurethanhaerter-glaenzend-b-komponente\/#breadcrumb","itemListElement":[{"@type":"ListItem","position":1,"name":"Startseite","item":"https:\/\/old.epodex-industries.com\/de\/"},{"@type":"ListItem","position":2,"name":"Shop","item":"https:\/\/old.epodex-industries.com\/de\/shop\/"},{"@type":"ListItem","position":3,"name":"2K Polyurethanh\u00e4rter Gl\u00e4nzend (-B- Komponente)"}]},{"@type":"WebSite","@id":"https:\/\/old.epodex-industries.com\/fr\/#website","url":"https:\/\/old.epodex-industries.com\/fr\/","name":"EPODEX Industries | B2B Plattform","description":"Hersteller + Gro\u00dfhandel f\u00fcr Baustoffe","publisher":{"@id":"https:\/\/old.epodex-industries.com\/fr\/#organization"},"alternateName":"EPODEX Industries | Hersteller + Gro\u00dfhandel f\u00fcr Baustoffe","potentialAction":[{"@type":"SearchAction","target":{"@type":"EntryPoint","urlTemplate":"https:\/\/old.epodex-industries.com\/fr\/?s={search_term_string}"},"query-input":{"@type":"PropertyValueSpecification","valueRequired":true,"valueName":"search_term_string"}}],"inLanguage":"de"},{"@type":"Organization","@id":"https:\/\/old.epodex-industries.com\/fr\/#organization","name":"EPODEX Industries","url":"https:\/\/old.epodex-industries.com\/fr\/","logo":{"@type":"ImageObject","inLanguage":"de","@id":"https:\/\/old.epodex-industries.com\/fr\/#\/schema\/logo\/image\/","url":"https:\/\/www.epodex-industries.com\/wp-content\/uploads\/2023\/06\/Logo-Epodex-Rechnung.jpg","contentUrl":"https:\/\/www.epodex-industries.com\/wp-content\/uploads\/2023\/06\/Logo-Epodex-Rechnung.jpg","width":261,"height":50,"caption":"EPODEX Industries"},"image":{"@id":"https:\/\/old.epodex-industries.com\/fr\/#\/schema\/logo\/image\/"},"sameAs":["https:\/\/www.facebook.com\/Epodex\/","https:\/\/www.instagram.com\/epodex_official\/","https:\/\/www.pinterest.de\/epodex_com\/","https:\/\/www.youtube.com\/channel\/UC7lFrJ9YpN1yg43sTc6q3ow"]}]}},"_links":{"self":[{"href":"https:\/\/old.epodex-industries.com\/de\/wp-json\/wp\/v2\/product\/18215","targetHints":{"allow":["GET"]}}],"collection":[{"href":"https:\/\/old.epodex-industries.com\/de\/wp-json\/wp\/v2\/product"}],"about":[{"href":"https:\/\/old.epodex-industries.com\/de\/wp-json\/wp\/v2\/types\/product"}],"replies":[{"embeddable":true,"href":"https:\/\/old.epodex-industries.com\/de\/wp-json\/wp\/v2\/comments?post=18215"}],"wp:featuredmedia":[{"embeddable":true,"href":"https:\/\/old.epodex-industries.com\/de\/wp-json\/wp\/v2\/media\/4785"}],"wp:attachment":[{"href":"https:\/\/old.epodex-industries.com\/de\/wp-json\/wp\/v2\/media?parent=18215"}],"wp:term":[{"taxonomy":"product_brand","embeddable":true,"href":"https:\/\/old.epodex-industries.com\/de\/wp-json\/wp\/v2\/product_brand?post=18215"},{"taxonomy":"product_cat","embeddable":true,"href":"https:\/\/old.epodex-industries.com\/de\/wp-json\/wp\/v2\/product_cat?post=18215"},{"taxonomy":"product_tag","embeddable":true,"href":"https:\/\/old.epodex-industries.com\/de\/wp-json\/wp\/v2\/product_tag?post=18215"}],"curies":[{"name":"wp","href":"https:\/\/api.w.org\/{rel}","templated":true}]}}