{"id":18195,"date":"2024-03-18T11:29:33","date_gmt":"2024-03-18T10:29:33","guid":{"rendered":"https:\/\/www.epodex-industries.com\/produkt\/1k-betonfarbe\/"},"modified":"2025-01-07T11:07:55","modified_gmt":"2025-01-07T10:07:55","slug":"1k-betonfarbe","status":"publish","type":"product","link":"https:\/\/old.epodex-industries.com\/de\/produkt\/1k-betonfarbe\/","title":{"rendered":"1K Betonfarbe"},"content":{"rendered":"<h2>EPODEX &#8211; CONCRETE PAINT 1K<\/h2>\n<p>CONCRETE PAINT 1K ist <strong>abriebfest, witterungsbest\u00e4ndig, geruchsneutral und wasserbasiert<\/strong>. Es eignet sich f\u00fcr verschiedene Anwendungsbereiche im Innen- und Au\u00dfenbereich ohne stehendes Wasser (d.h. ohne Pf\u00fctzenbildung). F\u00fcr Fu\u00dfb\u00f6den mit sehr hoher mechanischer Belastung, z.B. Garagen, Pkw-Stellpl\u00e4tzen, Lagerhallen, Industriehallen und mit stehendem Wasser, empfehlen wir unser widerstandsf\u00e4higeres CONCRETE PAINT 2K auf Epoxidharzharzbasis.<\/p>\n<p>Nutzen Sie CONCRETE PAINT 1K als:<\/p>\n<ul>\n<li>Bodenfarbe<\/li>\n<li>Bodensiegel<\/li>\n<li>Wandfarbe<\/li>\n<li>Betonfarbe<\/li>\n<li>Zementfarbe<\/li>\n<li>Estrichfarbe<\/li>\n<li>Putzfarbe<\/li>\n<li>Steinfarbe<\/li>\n<\/ul>\n<p><strong>Verbrauchsmengen:<\/strong> 100-130g\/m\u00b2 pro Arbeitsgang auf glatten, nicht saugf\u00e4higen Fl\u00e4chen. 1kg reicht f\u00fcr ca. 10m\u00b2 bei einmaligem Anstrich je nach Untergrund. Wir empfehlen ca. zwei Anstriche. Bei stark saugf\u00e4higen Oberfl\u00e4chen empfehlen wir die Fl\u00e4che vorab zu grundieren (z.B. mit einem Tiefengrund), um ein Einsickern des Materials zu verhindern.<\/p>\n<hr \/>\n<h3>Anwendung<\/h3>\n<ol>\n<li>Raum-, Material- und Untergrundtemperatur sollten \u00fcber +15\u00b0C liegen.<\/li>\n<li>Sorgen Sie f\u00fcr einen sauberen und fettfreien Untergrund. Nutzen Sie hierf\u00fcr unseren EPODEX PRE-CLEANER.<\/li>\n<li>Der Untergrund sollte fest, trocken, tragf\u00e4hig, sauber und frei von trennend wirkenden Substanzen sein.<\/li>\n<li>Bei sehr offenporigen Oberfl\u00e4chen empfehlen wir eine zum Material passende Grundierung aufzutragen (z.B. Tiefengrund).<\/li>\n<li>Mischen Sie das Material gr\u00fcndlich durch.<\/li>\n<li>Tragen Sie das Material mit einer Farbwalze auf und lassen Sie die Schicht trocknen (ca. 8 Std. bei 20\u00b0C).<\/li>\n<li>Tragen Sie weitere Schichten auf, bis die gew\u00fcnschte Farbdeckung erreicht ist. Wir empfehlen ca. zwei Anstriche.<\/li>\n<\/ol>\n<p><strong>Hinweise: <\/strong>Verarbeitungstemperatur: Objekt- und Umgebungstemperatur min. 8\u00b0C. Nicht auf aufgeheizten Oberfl\u00e4chen und unter direkter Sonnenstrahlung verarbeiten. Bei niedrigeren Temperaturen k\u00f6nnen Trocknungsst\u00f6rungen auftreten. Um eine niedrigere Viskosit\u00e4t zu erzielen, verd\u00fcnnen Sie das Produkt mit bis zu 5% Wasser. Werkzeug unmittelbar nach Gebrauch mit Wasser reinigen.<\/p>\n<p>EU-Grenzwert: (Kat. A\/d): 140g\/l (2010), max.30g\/l VOC<\/p>\n<hr \/>\n<p><strong>Kundenservice:<\/strong> Bei weiteren Fragen kontaktieren Sie uns telefonisch, per E-Mail oder nutzen Sie unseren WhatsApp-Support.<\/p>\n<p><strong>Hinweis:<\/strong> Wir bitten zu beachten, dass die Farben aufgrund unterschiedlicher Lichtverh\u00e4ltnisse und Monitore nicht einheitlich abgebildet werden k\u00f6nnten.<\/p>\n<hr \/>\n<h3>Gefahren- und Sicherheitshinweise:<\/h3>\n<p>Achtung: Produkt enth\u00e4lt Koservierungsmittel: 1,2-Benzisothiazol-3(2H)-on; 2-Methyl-2H-isothiazol-3-on. Kann allergische Hautreaktionen verursachen. Ist \u00e4rztlicher Rat erforderlich, Verpackung oder Kennzeichnungsetikett bereithalten. Darf nicht in die H\u00e4nde von Kindern gelangen. Einatmen von Staub, Nebel, Aerosol vermeiden. Nicht in die Augen, auf die Haut oder auf die Kleidung gelangen lassen. Entsorgung des Inhalts \/ des Beh\u00e4lters gem\u00e4\u00df den \u00f6rtlichen \/ regionalen \/ nationalen\/ internationalen Vorschriften.Sicherheitsdatenblatt auf Anfrage erh\u00e4ltlich.<\/p>\n<p><img decoding=\"async\" src=\"https:\/\/www.epodex.com\/de\/wp-content\/uploads\/2021\/03\/warnhinweis-ausrufezeichen.jpg\" \/><\/p>\n","protected":false},"excerpt":{"rendered":"<ul>\n<li>Premium 1K Betonfarbe zum Beschichten von Untergr\u00fcnden im Innen- und Au\u00dfenbereich ohne stehendes Wasser (d.h. ohne Pf\u00fctzenbildung)<\/li>\n<li>Material: Epoxidharz (wasserbasiert) zum Aufrollen<\/li>\n<li>Eigenschaften: abriebfest, witterungsbest\u00e4ndig, geruchsneutral und wasserbasiert<\/li>\n<li>Ausgangsform: unpigmentiert. Einf\u00e4rbbar mit EPODEX\u00a0<a href=\"https:\/\/www.epodex-industries.com\/de\/produkt-kategorie\/farbstoffe-farbmittel\/wb-pigment\/\">WB Pigment Farbt\u00f6nen<\/a><\/li>\n<li>Mischungsverh\u00e4ltnis Pigment auf Harz: 1x 100g WB Pigment auf 1kg Harz<\/li>\n<li>Aush\u00e4rtezeit: ca. 8Std. bei 20\u00b0C<\/li>\n<li>Verbrauchsmenge: 100-130g\/m\u00b2 pro Anstrich<\/li>\n<\/ul>\n","protected":false},"featured_media":4743,"comment_status":"closed","ping_status":"closed","template":"","meta":[],"product_brand":[],"product_cat":[482,535],"product_tag":[],"class_list":{"0":"post-18195","1":"product","2":"type-product","3":"status-publish","4":"has-post-thumbnail","6":"product_cat-produkte","7":"product_cat-farben-2","9":"first","10":"instock","11":"taxable","12":"shipping-taxable","13":"product-type-variable","14":"wvs-archive-product-wrapper"},"yoast_head":"<!-- This site is optimized with the Yoast SEO plugin v26.7 - https:\/\/yoast.com\/wordpress\/plugins\/seo\/ -->\n<title>1K Betonfarbe - EPODEX Industries | B2B Plattform<\/title>\n<meta name=\"robots\" content=\"index, follow, max-snippet:-1, max-image-preview:large, max-video-preview:-1\" \/>\n<link rel=\"canonical\" href=\"https:\/\/old.epodex-industries.com\/de\/produkt\/1k-betonfarbe\/\" \/>\n<meta property=\"og:locale\" content=\"de_DE\" \/>\n<meta property=\"og:type\" content=\"article\" \/>\n<meta property=\"og:title\" content=\"1K Betonfarbe - EPODEX Industries | B2B Plattform\" \/>\n<meta property=\"og:description\" content=\"Premium 1K Betonfarbe zum Beschichten von Untergr\u00fcnden im Innen- und Au\u00dfenbereich ohne stehendes Wasser (d.h. ohne Pf\u00fctzenbildung) Material: Epoxidharz (wasserbasiert) zum Aufrollen Eigenschaften: abriebfest, witterungsbest\u00e4ndig, geruchsneutral und wasserbasiert Ausgangsform: unpigmentiert. Einf\u00e4rbbar mit EPODEX\u00a0WB Pigment Farbt\u00f6nen Mischungsverh\u00e4ltnis Pigment auf Harz: 1x 100g WB Pigment auf 1kg Harz Aush\u00e4rtezeit: ca. 8Std. bei 20\u00b0C Verbrauchsmenge: 100-130g\/m\u00b2 pro Anstrich\" \/>\n<meta property=\"og:url\" content=\"https:\/\/old.epodex-industries.com\/de\/produkt\/1k-betonfarbe\/\" \/>\n<meta property=\"og:site_name\" content=\"EPODEX Industries | B2B Plattform\" \/>\n<meta property=\"article:publisher\" content=\"https:\/\/www.facebook.com\/Epodex\/\" \/>\n<meta property=\"article:modified_time\" content=\"2025-01-07T10:07:55+00:00\" \/>\n<meta property=\"og:image\" content=\"https:\/\/old.epodex-industries.com\/wp-content\/uploads\/2023\/10\/Concrete-Paint-1K-Ice-Cream-Container-copy.jpg\" \/>\n\t<meta property=\"og:image:width\" content=\"1024\" \/>\n\t<meta property=\"og:image:height\" content=\"683\" \/>\n\t<meta property=\"og:image:type\" content=\"image\/jpeg\" \/>\n<meta name=\"twitter:card\" content=\"summary_large_image\" \/>\n<meta name=\"twitter:label1\" content=\"Gesch\u00e4tzte Lesezeit\" \/>\n\t<meta name=\"twitter:data1\" content=\"2\u00a0Minuten\" \/>\n<script type=\"application\/ld+json\" class=\"yoast-schema-graph\">{\"@context\":\"https:\/\/schema.org\",\"@graph\":[{\"@type\":\"WebPage\",\"@id\":\"https:\/\/old.epodex-industries.com\/de\/produkt\/1k-betonfarbe\/\",\"url\":\"https:\/\/old.epodex-industries.com\/de\/produkt\/1k-betonfarbe\/\",\"name\":\"1K Betonfarbe - EPODEX Industries | B2B Plattform\",\"isPartOf\":{\"@id\":\"https:\/\/old.epodex-industries.com\/fr\/#website\"},\"primaryImageOfPage\":{\"@id\":\"https:\/\/old.epodex-industries.com\/de\/produkt\/1k-betonfarbe\/#primaryimage\"},\"image\":{\"@id\":\"https:\/\/old.epodex-industries.com\/de\/produkt\/1k-betonfarbe\/#primaryimage\"},\"thumbnailUrl\":\"https:\/\/old.epodex-industries.com\/wp-content\/uploads\/2023\/10\/Concrete-Paint-1K-Ice-Cream-Container-copy.jpg\",\"datePublished\":\"2024-03-18T10:29:33+00:00\",\"dateModified\":\"2025-01-07T10:07:55+00:00\",\"breadcrumb\":{\"@id\":\"https:\/\/old.epodex-industries.com\/de\/produkt\/1k-betonfarbe\/#breadcrumb\"},\"inLanguage\":\"de\",\"potentialAction\":[{\"@type\":\"ReadAction\",\"target\":[\"https:\/\/old.epodex-industries.com\/de\/produkt\/1k-betonfarbe\/\"]}]},{\"@type\":\"ImageObject\",\"inLanguage\":\"de\",\"@id\":\"https:\/\/old.epodex-industries.com\/de\/produkt\/1k-betonfarbe\/#primaryimage\",\"url\":\"https:\/\/old.epodex-industries.com\/wp-content\/uploads\/2023\/10\/Concrete-Paint-1K-Ice-Cream-Container-copy.jpg\",\"contentUrl\":\"https:\/\/old.epodex-industries.com\/wp-content\/uploads\/2023\/10\/Concrete-Paint-1K-Ice-Cream-Container-copy.jpg\",\"width\":1024,\"height\":683,\"caption\":\"Concrete Paint 1K Ice Cream Container copy\"},{\"@type\":\"BreadcrumbList\",\"@id\":\"https:\/\/old.epodex-industries.com\/de\/produkt\/1k-betonfarbe\/#breadcrumb\",\"itemListElement\":[{\"@type\":\"ListItem\",\"position\":1,\"name\":\"Startseite\",\"item\":\"https:\/\/old.epodex-industries.com\/de\/\"},{\"@type\":\"ListItem\",\"position\":2,\"name\":\"Shop\",\"item\":\"https:\/\/old.epodex-industries.com\/de\/shop\/\"},{\"@type\":\"ListItem\",\"position\":3,\"name\":\"1K Betonfarbe\"}]},{\"@type\":\"WebSite\",\"@id\":\"https:\/\/old.epodex-industries.com\/fr\/#website\",\"url\":\"https:\/\/old.epodex-industries.com\/fr\/\",\"name\":\"EPODEX Industries | B2B Plattform\",\"description\":\"Hersteller + Gro\u00dfhandel f\u00fcr Baustoffe\",\"publisher\":{\"@id\":\"https:\/\/old.epodex-industries.com\/fr\/#organization\"},\"alternateName\":\"EPODEX Industries | Hersteller + Gro\u00dfhandel f\u00fcr Baustoffe\",\"potentialAction\":[{\"@type\":\"SearchAction\",\"target\":{\"@type\":\"EntryPoint\",\"urlTemplate\":\"https:\/\/old.epodex-industries.com\/fr\/?s={search_term_string}\"},\"query-input\":{\"@type\":\"PropertyValueSpecification\",\"valueRequired\":true,\"valueName\":\"search_term_string\"}}],\"inLanguage\":\"de\"},{\"@type\":\"Organization\",\"@id\":\"https:\/\/old.epodex-industries.com\/fr\/#organization\",\"name\":\"EPODEX Industries\",\"url\":\"https:\/\/old.epodex-industries.com\/fr\/\",\"logo\":{\"@type\":\"ImageObject\",\"inLanguage\":\"de\",\"@id\":\"https:\/\/old.epodex-industries.com\/fr\/#\/schema\/logo\/image\/\",\"url\":\"https:\/\/www.epodex-industries.com\/wp-content\/uploads\/2023\/06\/Logo-Epodex-Rechnung.jpg\",\"contentUrl\":\"https:\/\/www.epodex-industries.com\/wp-content\/uploads\/2023\/06\/Logo-Epodex-Rechnung.jpg\",\"width\":261,\"height\":50,\"caption\":\"EPODEX Industries\"},\"image\":{\"@id\":\"https:\/\/old.epodex-industries.com\/fr\/#\/schema\/logo\/image\/\"},\"sameAs\":[\"https:\/\/www.facebook.com\/Epodex\/\",\"https:\/\/www.instagram.com\/epodex_official\/\",\"https:\/\/www.pinterest.de\/epodex_com\/\",\"https:\/\/www.youtube.com\/channel\/UC7lFrJ9YpN1yg43sTc6q3ow\"]}]}<\/script>\n<!-- \/ Yoast SEO plugin. -->","yoast_head_json":{"title":"1K Betonfarbe - EPODEX Industries | B2B Plattform","robots":{"index":"index","follow":"follow","max-snippet":"max-snippet:-1","max-image-preview":"max-image-preview:large","max-video-preview":"max-video-preview:-1"},"canonical":"https:\/\/old.epodex-industries.com\/de\/produkt\/1k-betonfarbe\/","og_locale":"de_DE","og_type":"article","og_title":"1K Betonfarbe - EPODEX Industries | B2B Plattform","og_description":"Premium 1K Betonfarbe zum Beschichten von Untergr\u00fcnden im Innen- und Au\u00dfenbereich ohne stehendes Wasser (d.h. ohne Pf\u00fctzenbildung) Material: Epoxidharz (wasserbasiert) zum Aufrollen Eigenschaften: abriebfest, witterungsbest\u00e4ndig, geruchsneutral und wasserbasiert Ausgangsform: unpigmentiert. Einf\u00e4rbbar mit EPODEX\u00a0WB Pigment Farbt\u00f6nen Mischungsverh\u00e4ltnis Pigment auf Harz: 1x 100g WB Pigment auf 1kg Harz Aush\u00e4rtezeit: ca. 8Std. bei 20\u00b0C Verbrauchsmenge: 100-130g\/m\u00b2 pro Anstrich","og_url":"https:\/\/old.epodex-industries.com\/de\/produkt\/1k-betonfarbe\/","og_site_name":"EPODEX Industries | B2B Plattform","article_publisher":"https:\/\/www.facebook.com\/Epodex\/","article_modified_time":"2025-01-07T10:07:55+00:00","og_image":[{"width":1024,"height":683,"url":"https:\/\/old.epodex-industries.com\/wp-content\/uploads\/2023\/10\/Concrete-Paint-1K-Ice-Cream-Container-copy.jpg","type":"image\/jpeg"}],"twitter_card":"summary_large_image","twitter_misc":{"Gesch\u00e4tzte Lesezeit":"2\u00a0Minuten"},"schema":{"@context":"https:\/\/schema.org","@graph":[{"@type":"WebPage","@id":"https:\/\/old.epodex-industries.com\/de\/produkt\/1k-betonfarbe\/","url":"https:\/\/old.epodex-industries.com\/de\/produkt\/1k-betonfarbe\/","name":"1K Betonfarbe - EPODEX Industries | B2B Plattform","isPartOf":{"@id":"https:\/\/old.epodex-industries.com\/fr\/#website"},"primaryImageOfPage":{"@id":"https:\/\/old.epodex-industries.com\/de\/produkt\/1k-betonfarbe\/#primaryimage"},"image":{"@id":"https:\/\/old.epodex-industries.com\/de\/produkt\/1k-betonfarbe\/#primaryimage"},"thumbnailUrl":"https:\/\/old.epodex-industries.com\/wp-content\/uploads\/2023\/10\/Concrete-Paint-1K-Ice-Cream-Container-copy.jpg","datePublished":"2024-03-18T10:29:33+00:00","dateModified":"2025-01-07T10:07:55+00:00","breadcrumb":{"@id":"https:\/\/old.epodex-industries.com\/de\/produkt\/1k-betonfarbe\/#breadcrumb"},"inLanguage":"de","potentialAction":[{"@type":"ReadAction","target":["https:\/\/old.epodex-industries.com\/de\/produkt\/1k-betonfarbe\/"]}]},{"@type":"ImageObject","inLanguage":"de","@id":"https:\/\/old.epodex-industries.com\/de\/produkt\/1k-betonfarbe\/#primaryimage","url":"https:\/\/old.epodex-industries.com\/wp-content\/uploads\/2023\/10\/Concrete-Paint-1K-Ice-Cream-Container-copy.jpg","contentUrl":"https:\/\/old.epodex-industries.com\/wp-content\/uploads\/2023\/10\/Concrete-Paint-1K-Ice-Cream-Container-copy.jpg","width":1024,"height":683,"caption":"Concrete Paint 1K Ice Cream Container copy"},{"@type":"BreadcrumbList","@id":"https:\/\/old.epodex-industries.com\/de\/produkt\/1k-betonfarbe\/#breadcrumb","itemListElement":[{"@type":"ListItem","position":1,"name":"Startseite","item":"https:\/\/old.epodex-industries.com\/de\/"},{"@type":"ListItem","position":2,"name":"Shop","item":"https:\/\/old.epodex-industries.com\/de\/shop\/"},{"@type":"ListItem","position":3,"name":"1K Betonfarbe"}]},{"@type":"WebSite","@id":"https:\/\/old.epodex-industries.com\/fr\/#website","url":"https:\/\/old.epodex-industries.com\/fr\/","name":"EPODEX Industries | B2B Plattform","description":"Hersteller + Gro\u00dfhandel f\u00fcr Baustoffe","publisher":{"@id":"https:\/\/old.epodex-industries.com\/fr\/#organization"},"alternateName":"EPODEX Industries | Hersteller + Gro\u00dfhandel f\u00fcr Baustoffe","potentialAction":[{"@type":"SearchAction","target":{"@type":"EntryPoint","urlTemplate":"https:\/\/old.epodex-industries.com\/fr\/?s={search_term_string}"},"query-input":{"@type":"PropertyValueSpecification","valueRequired":true,"valueName":"search_term_string"}}],"inLanguage":"de"},{"@type":"Organization","@id":"https:\/\/old.epodex-industries.com\/fr\/#organization","name":"EPODEX Industries","url":"https:\/\/old.epodex-industries.com\/fr\/","logo":{"@type":"ImageObject","inLanguage":"de","@id":"https:\/\/old.epodex-industries.com\/fr\/#\/schema\/logo\/image\/","url":"https:\/\/www.epodex-industries.com\/wp-content\/uploads\/2023\/06\/Logo-Epodex-Rechnung.jpg","contentUrl":"https:\/\/www.epodex-industries.com\/wp-content\/uploads\/2023\/06\/Logo-Epodex-Rechnung.jpg","width":261,"height":50,"caption":"EPODEX Industries"},"image":{"@id":"https:\/\/old.epodex-industries.com\/fr\/#\/schema\/logo\/image\/"},"sameAs":["https:\/\/www.facebook.com\/Epodex\/","https:\/\/www.instagram.com\/epodex_official\/","https:\/\/www.pinterest.de\/epodex_com\/","https:\/\/www.youtube.com\/channel\/UC7lFrJ9YpN1yg43sTc6q3ow"]}]}},"_links":{"self":[{"href":"https:\/\/old.epodex-industries.com\/de\/wp-json\/wp\/v2\/product\/18195","targetHints":{"allow":["GET"]}}],"collection":[{"href":"https:\/\/old.epodex-industries.com\/de\/wp-json\/wp\/v2\/product"}],"about":[{"href":"https:\/\/old.epodex-industries.com\/de\/wp-json\/wp\/v2\/types\/product"}],"replies":[{"embeddable":true,"href":"https:\/\/old.epodex-industries.com\/de\/wp-json\/wp\/v2\/comments?post=18195"}],"wp:featuredmedia":[{"embeddable":true,"href":"https:\/\/old.epodex-industries.com\/de\/wp-json\/wp\/v2\/media\/4743"}],"wp:attachment":[{"href":"https:\/\/old.epodex-industries.com\/de\/wp-json\/wp\/v2\/media?parent=18195"}],"wp:term":[{"taxonomy":"product_brand","embeddable":true,"href":"https:\/\/old.epodex-industries.com\/de\/wp-json\/wp\/v2\/product_brand?post=18195"},{"taxonomy":"product_cat","embeddable":true,"href":"https:\/\/old.epodex-industries.com\/de\/wp-json\/wp\/v2\/product_cat?post=18195"},{"taxonomy":"product_tag","embeddable":true,"href":"https:\/\/old.epodex-industries.com\/de\/wp-json\/wp\/v2\/product_tag?post=18195"}],"curies":[{"name":"wp","href":"https:\/\/api.w.org\/{rel}","templated":true}]}}