{"id":16198,"date":"2024-03-17T21:17:24","date_gmt":"2024-03-17T20:27:03","guid":{"rendered":"https:\/\/www.epodex-industries.com\/produkt\/epodex-wax-cire-200ml\/"},"modified":"2024-03-17T21:27:04","modified_gmt":"2024-03-17T20:27:04","slug":"epodex-wax-cire-200ml","status":"publish","type":"product","link":"https:\/\/old.epodex-industries.com\/de\/produkt\/epodex-wax-cire-200ml\/","title":{"rendered":"EPODEX WAX \u2013 Cire 200ml"},"content":{"rendered":"<h2>EPODEX WAX \u2013 Cire<\/h2>\n<hr>\n<h3>Consignes d\u2019utilisation<\/h3>\n<ol>\n<li>Assurez-vous que la surface soit s\u00e8che et exempte de poussi\u00e8re.<\/li>\n<li>Appliquez la cire EPODEX WAX \u00e0 l\u2019aide d\u2019un chiffon en microfibre.<\/li>\n<li>Laissez la cire s\u00e9cher pendant 1 \u00e0 3 heures.<\/li>\n<li>Polissez la surface, si d\u00e9sir\u00e9.<\/li>\n<li>Refermez le pot imm\u00e9diatement apr\u00e8s utilisation.<\/li>\n<\/ol>\n<p><strong>Recommandation:<\/strong> Ne pas appliquer et laisser s\u00e9cher \u00e0 des temp\u00e9ratures inf\u00e9rieures \u00e0 + 15\u00b0C et\/ou \u00e0 une humidit\u00e9 relative > 80%. Taux d\u2018humidit\u00e9 du bois max. 18 %.<\/p>\n<p><strong>Service \u00e0 la client\u00e8le:<\/strong> Si vous avez d&#8217;autres questions, contactez-nous par t\u00e9l\u00e9phone, par courrier \u00e9lectronique ou utilisez notre support WhatsApp.<\/p>\n<hr \/>\n<h3>Mentions de danger<\/h3>\n<p>DANGER: Liquide et vapeurs inflammables. Provoque une s\u00e9v\u00e8re irritation des yeux. Peut provoquer somnolence ou des vertiges. En cas de consultation d&#8217;un m\u00e9decin, garder \u00e0 disposition le r\u00e9cipient ou l&#8217;\u00e9tiquette. Tenir hors de port\u00e9e des enfants. Tenir \u00e0 l&#8217;\u00e9cart de la chaleur, des surfaces chaudes, des \u00e9tincelles, des flammes nues et de toute autre source d&#8217;ignition. Ne pas fumer. \u00c9viter de respirer les poussi\u00e8res\/fum\u00e9es\/gaz\/brouillards\/ vapeurs\/a\u00e9rosols. Utiliser seulement en plein air ou dans un endroit bien ventil\u00e9. EN CAS D&#8217;INGESTION: Appeler un CENTRE ANTIPOISON\/un m\u00e9decin\/\u2026\/ en cas de malaise. EN CAS D&#8217;INHALATION: Transporter la personne \u00e0 l&#8217;ext\u00e9rieur et la maintenir dans une position o\u00f9 elle peut confortablement respirer. Garder sous clef. \u00c9liminer le contenu\/r\u00e9cipient conform\u00e9ment \u00e0 la r\u00e9glementation locale\/r\u00e9gionale\/nationale\/internationale. Un contact r\u00e9p\u00e9t\u00e9 peut entra\u00eener des ger\u00e7ures ou des craquelures. Les chiffons et tampons imbib\u00e9s de cire peuvent s&#8217;auto-inflammer en raison de l&#8217;auto-oxydation. Ordonnance sur le catalogue des d\u00e9chets -AVV: 08 01 11. Contient Terpentine, huile. Ingr\u00e9dients dangereux: hydrocarbures, C9-C11, n-alcanes, isoalcanes, cycliques, < 2% aromatiques <\/p>\n<p><img decoding=\"async\" src=\"\/\/www.epodex.com\/de\/wp-content\/uploads\/2021\/04\/achtung.png\" \/><img decoding=\"async\" src=\"\/\/www.epodex.com\/de\/wp-content\/uploads\/2021\/04\/gefahrensymbol-flamme.png\" \/><\/p>\n","protected":false},"excerpt":{"rendered":"<p>EPODEX WAX \u00e9tanch\u00e9ifie et prot\u00e8ge toutes les surfaces qui ont \u00e9t\u00e9 peintes avec de la peinture \u00e0 la craie. La cire dure colmate la surface poreuse de la peinture \u00e0 la craie. Volumes de consommation: environ 40g\/m2<\/p>\n","protected":false},"featured_media":16197,"comment_status":"closed","ping_status":"closed","template":"","meta":[],"product_brand":[],"product_cat":[24],"product_tag":[],"class_list":{"0":"post-16198","1":"product","2":"type-product","3":"status-publish","4":"has-post-thumbnail","6":"product_cat-uncategorized","8":"first","9":"instock","10":"taxable","11":"shipping-taxable","12":"product-type-simple"},"yoast_head":"<!-- This site is optimized with the Yoast SEO plugin v26.7 - https:\/\/yoast.com\/wordpress\/plugins\/seo\/ -->\n<title>EPODEX WAX \u2013 Cire 200ml - EPODEX Industries | B2B Plattform<\/title>\n<meta name=\"robots\" content=\"index, follow, max-snippet:-1, max-image-preview:large, max-video-preview:-1\" \/>\n<link rel=\"canonical\" href=\"https:\/\/old.epodex-industries.com\/en\/product\/epodex-wax-cire-200ml\/\" \/>\n<meta property=\"og:locale\" content=\"de_DE\" \/>\n<meta property=\"og:type\" content=\"article\" \/>\n<meta property=\"og:title\" content=\"EPODEX WAX \u2013 Cire 200ml - EPODEX Industries | B2B Plattform\" \/>\n<meta property=\"og:description\" content=\"EPODEX WAX \u00e9tanch\u00e9ifie et prot\u00e8ge toutes les surfaces qui ont \u00e9t\u00e9 peintes avec de la peinture \u00e0 la craie. La cire dure colmate la surface poreuse de la peinture \u00e0 la craie. Volumes de consommation: environ 40g\/m2\" \/>\n<meta property=\"og:url\" content=\"https:\/\/old.epodex-industries.com\/en\/product\/epodex-wax-cire-200ml\/\" \/>\n<meta property=\"og:site_name\" content=\"EPODEX Industries | B2B Plattform\" \/>\n<meta property=\"article:publisher\" content=\"https:\/\/www.facebook.com\/Epodex\/\" \/>\n<meta property=\"article:modified_time\" content=\"2024-03-17T20:27:04+00:00\" \/>\n<meta property=\"og:image\" content=\"https:\/\/old.epodex-industries.com\/wp-content\/uploads\/2023\/06\/epodex-wax-wachs.jpg\" \/>\n\t<meta property=\"og:image:width\" content=\"1200\" \/>\n\t<meta property=\"og:image:height\" content=\"800\" \/>\n\t<meta property=\"og:image:type\" content=\"image\/jpeg\" \/>\n<meta name=\"twitter:card\" content=\"summary_large_image\" \/>\n<meta name=\"twitter:label1\" content=\"Gesch\u00e4tzte Lesezeit\" \/>\n\t<meta name=\"twitter:data1\" content=\"1\u00a0Minute\" \/>\n<script type=\"application\/ld+json\" class=\"yoast-schema-graph\">{\"@context\":\"https:\/\/schema.org\",\"@graph\":[{\"@type\":\"WebPage\",\"@id\":\"https:\/\/old.epodex-industries.com\/en\/product\/epodex-wax-cire-200ml\/\",\"url\":\"https:\/\/old.epodex-industries.com\/en\/product\/epodex-wax-cire-200ml\/\",\"name\":\"EPODEX WAX \u2013 Cire 200ml - EPODEX Industries | B2B Plattform\",\"isPartOf\":{\"@id\":\"https:\/\/old.epodex-industries.com\/fr\/#website\"},\"primaryImageOfPage\":{\"@id\":\"https:\/\/old.epodex-industries.com\/en\/product\/epodex-wax-cire-200ml\/#primaryimage\"},\"image\":{\"@id\":\"https:\/\/old.epodex-industries.com\/en\/product\/epodex-wax-cire-200ml\/#primaryimage\"},\"thumbnailUrl\":\"https:\/\/old.epodex-industries.com\/wp-content\/uploads\/2023\/06\/epodex-wax-wachs.jpg\",\"datePublished\":\"2024-03-17T20:27:03+00:00\",\"dateModified\":\"2024-03-17T20:27:04+00:00\",\"breadcrumb\":{\"@id\":\"https:\/\/old.epodex-industries.com\/en\/product\/epodex-wax-cire-200ml\/#breadcrumb\"},\"inLanguage\":\"de\",\"potentialAction\":[{\"@type\":\"ReadAction\",\"target\":[\"https:\/\/old.epodex-industries.com\/en\/product\/epodex-wax-cire-200ml\/\"]}]},{\"@type\":\"ImageObject\",\"inLanguage\":\"de\",\"@id\":\"https:\/\/old.epodex-industries.com\/en\/product\/epodex-wax-cire-200ml\/#primaryimage\",\"url\":\"https:\/\/old.epodex-industries.com\/wp-content\/uploads\/2023\/06\/epodex-wax-wachs.jpg\",\"contentUrl\":\"https:\/\/old.epodex-industries.com\/wp-content\/uploads\/2023\/06\/epodex-wax-wachs.jpg\",\"width\":1200,\"height\":800},{\"@type\":\"BreadcrumbList\",\"@id\":\"https:\/\/old.epodex-industries.com\/en\/product\/epodex-wax-cire-200ml\/#breadcrumb\",\"itemListElement\":[{\"@type\":\"ListItem\",\"position\":1,\"name\":\"Startseite\",\"item\":\"https:\/\/old.epodex-industries.com\/de\/\"},{\"@type\":\"ListItem\",\"position\":2,\"name\":\"Shop\",\"item\":\"https:\/\/old.epodex-industries.com\/de\/shop\/\"},{\"@type\":\"ListItem\",\"position\":3,\"name\":\"EPODEX WAX \u2013 Cire 200ml\"}]},{\"@type\":\"WebSite\",\"@id\":\"https:\/\/old.epodex-industries.com\/fr\/#website\",\"url\":\"https:\/\/old.epodex-industries.com\/fr\/\",\"name\":\"EPODEX Industries | B2B Plattform\",\"description\":\"Hersteller + Gro\u00dfhandel f\u00fcr Baustoffe\",\"publisher\":{\"@id\":\"https:\/\/old.epodex-industries.com\/fr\/#organization\"},\"alternateName\":\"EPODEX Industries | Hersteller + Gro\u00dfhandel f\u00fcr Baustoffe\",\"potentialAction\":[{\"@type\":\"SearchAction\",\"target\":{\"@type\":\"EntryPoint\",\"urlTemplate\":\"https:\/\/old.epodex-industries.com\/fr\/?s={search_term_string}\"},\"query-input\":{\"@type\":\"PropertyValueSpecification\",\"valueRequired\":true,\"valueName\":\"search_term_string\"}}],\"inLanguage\":\"de\"},{\"@type\":\"Organization\",\"@id\":\"https:\/\/old.epodex-industries.com\/fr\/#organization\",\"name\":\"EPODEX Industries\",\"url\":\"https:\/\/old.epodex-industries.com\/fr\/\",\"logo\":{\"@type\":\"ImageObject\",\"inLanguage\":\"de\",\"@id\":\"https:\/\/old.epodex-industries.com\/fr\/#\/schema\/logo\/image\/\",\"url\":\"https:\/\/www.epodex-industries.com\/wp-content\/uploads\/2023\/06\/Logo-Epodex-Rechnung.jpg\",\"contentUrl\":\"https:\/\/www.epodex-industries.com\/wp-content\/uploads\/2023\/06\/Logo-Epodex-Rechnung.jpg\",\"width\":261,\"height\":50,\"caption\":\"EPODEX Industries\"},\"image\":{\"@id\":\"https:\/\/old.epodex-industries.com\/fr\/#\/schema\/logo\/image\/\"},\"sameAs\":[\"https:\/\/www.facebook.com\/Epodex\/\",\"https:\/\/www.instagram.com\/epodex_official\/\",\"https:\/\/www.pinterest.de\/epodex_com\/\",\"https:\/\/www.youtube.com\/channel\/UC7lFrJ9YpN1yg43sTc6q3ow\"]}]}<\/script>\n<!-- \/ Yoast SEO plugin. -->","yoast_head_json":{"title":"EPODEX WAX \u2013 Cire 200ml - EPODEX Industries | B2B Plattform","robots":{"index":"index","follow":"follow","max-snippet":"max-snippet:-1","max-image-preview":"max-image-preview:large","max-video-preview":"max-video-preview:-1"},"canonical":"https:\/\/old.epodex-industries.com\/en\/product\/epodex-wax-cire-200ml\/","og_locale":"de_DE","og_type":"article","og_title":"EPODEX WAX \u2013 Cire 200ml - EPODEX Industries | B2B Plattform","og_description":"EPODEX WAX \u00e9tanch\u00e9ifie et prot\u00e8ge toutes les surfaces qui ont \u00e9t\u00e9 peintes avec de la peinture \u00e0 la craie. La cire dure colmate la surface poreuse de la peinture \u00e0 la craie. Volumes de consommation: environ 40g\/m2","og_url":"https:\/\/old.epodex-industries.com\/en\/product\/epodex-wax-cire-200ml\/","og_site_name":"EPODEX Industries | B2B Plattform","article_publisher":"https:\/\/www.facebook.com\/Epodex\/","article_modified_time":"2024-03-17T20:27:04+00:00","og_image":[{"width":1200,"height":800,"url":"https:\/\/old.epodex-industries.com\/wp-content\/uploads\/2023\/06\/epodex-wax-wachs.jpg","type":"image\/jpeg"}],"twitter_card":"summary_large_image","twitter_misc":{"Gesch\u00e4tzte Lesezeit":"1\u00a0Minute"},"schema":{"@context":"https:\/\/schema.org","@graph":[{"@type":"WebPage","@id":"https:\/\/old.epodex-industries.com\/en\/product\/epodex-wax-cire-200ml\/","url":"https:\/\/old.epodex-industries.com\/en\/product\/epodex-wax-cire-200ml\/","name":"EPODEX WAX \u2013 Cire 200ml - EPODEX Industries | B2B Plattform","isPartOf":{"@id":"https:\/\/old.epodex-industries.com\/fr\/#website"},"primaryImageOfPage":{"@id":"https:\/\/old.epodex-industries.com\/en\/product\/epodex-wax-cire-200ml\/#primaryimage"},"image":{"@id":"https:\/\/old.epodex-industries.com\/en\/product\/epodex-wax-cire-200ml\/#primaryimage"},"thumbnailUrl":"https:\/\/old.epodex-industries.com\/wp-content\/uploads\/2023\/06\/epodex-wax-wachs.jpg","datePublished":"2024-03-17T20:27:03+00:00","dateModified":"2024-03-17T20:27:04+00:00","breadcrumb":{"@id":"https:\/\/old.epodex-industries.com\/en\/product\/epodex-wax-cire-200ml\/#breadcrumb"},"inLanguage":"de","potentialAction":[{"@type":"ReadAction","target":["https:\/\/old.epodex-industries.com\/en\/product\/epodex-wax-cire-200ml\/"]}]},{"@type":"ImageObject","inLanguage":"de","@id":"https:\/\/old.epodex-industries.com\/en\/product\/epodex-wax-cire-200ml\/#primaryimage","url":"https:\/\/old.epodex-industries.com\/wp-content\/uploads\/2023\/06\/epodex-wax-wachs.jpg","contentUrl":"https:\/\/old.epodex-industries.com\/wp-content\/uploads\/2023\/06\/epodex-wax-wachs.jpg","width":1200,"height":800},{"@type":"BreadcrumbList","@id":"https:\/\/old.epodex-industries.com\/en\/product\/epodex-wax-cire-200ml\/#breadcrumb","itemListElement":[{"@type":"ListItem","position":1,"name":"Startseite","item":"https:\/\/old.epodex-industries.com\/de\/"},{"@type":"ListItem","position":2,"name":"Shop","item":"https:\/\/old.epodex-industries.com\/de\/shop\/"},{"@type":"ListItem","position":3,"name":"EPODEX WAX \u2013 Cire 200ml"}]},{"@type":"WebSite","@id":"https:\/\/old.epodex-industries.com\/fr\/#website","url":"https:\/\/old.epodex-industries.com\/fr\/","name":"EPODEX Industries | B2B Plattform","description":"Hersteller + Gro\u00dfhandel f\u00fcr Baustoffe","publisher":{"@id":"https:\/\/old.epodex-industries.com\/fr\/#organization"},"alternateName":"EPODEX Industries | Hersteller + Gro\u00dfhandel f\u00fcr Baustoffe","potentialAction":[{"@type":"SearchAction","target":{"@type":"EntryPoint","urlTemplate":"https:\/\/old.epodex-industries.com\/fr\/?s={search_term_string}"},"query-input":{"@type":"PropertyValueSpecification","valueRequired":true,"valueName":"search_term_string"}}],"inLanguage":"de"},{"@type":"Organization","@id":"https:\/\/old.epodex-industries.com\/fr\/#organization","name":"EPODEX Industries","url":"https:\/\/old.epodex-industries.com\/fr\/","logo":{"@type":"ImageObject","inLanguage":"de","@id":"https:\/\/old.epodex-industries.com\/fr\/#\/schema\/logo\/image\/","url":"https:\/\/www.epodex-industries.com\/wp-content\/uploads\/2023\/06\/Logo-Epodex-Rechnung.jpg","contentUrl":"https:\/\/www.epodex-industries.com\/wp-content\/uploads\/2023\/06\/Logo-Epodex-Rechnung.jpg","width":261,"height":50,"caption":"EPODEX Industries"},"image":{"@id":"https:\/\/old.epodex-industries.com\/fr\/#\/schema\/logo\/image\/"},"sameAs":["https:\/\/www.facebook.com\/Epodex\/","https:\/\/www.instagram.com\/epodex_official\/","https:\/\/www.pinterest.de\/epodex_com\/","https:\/\/www.youtube.com\/channel\/UC7lFrJ9YpN1yg43sTc6q3ow"]}]}},"_links":{"self":[{"href":"https:\/\/old.epodex-industries.com\/de\/wp-json\/wp\/v2\/product\/16198","targetHints":{"allow":["GET"]}}],"collection":[{"href":"https:\/\/old.epodex-industries.com\/de\/wp-json\/wp\/v2\/product"}],"about":[{"href":"https:\/\/old.epodex-industries.com\/de\/wp-json\/wp\/v2\/types\/product"}],"replies":[{"embeddable":true,"href":"https:\/\/old.epodex-industries.com\/de\/wp-json\/wp\/v2\/comments?post=16198"}],"wp:featuredmedia":[{"embeddable":true,"href":"https:\/\/old.epodex-industries.com\/de\/wp-json\/wp\/v2\/media\/16197"}],"wp:attachment":[{"href":"https:\/\/old.epodex-industries.com\/de\/wp-json\/wp\/v2\/media?parent=16198"}],"wp:term":[{"taxonomy":"product_brand","embeddable":true,"href":"https:\/\/old.epodex-industries.com\/de\/wp-json\/wp\/v2\/product_brand?post=16198"},{"taxonomy":"product_cat","embeddable":true,"href":"https:\/\/old.epodex-industries.com\/de\/wp-json\/wp\/v2\/product_cat?post=16198"},{"taxonomy":"product_tag","embeddable":true,"href":"https:\/\/old.epodex-industries.com\/de\/wp-json\/wp\/v2\/product_tag?post=16198"}],"curies":[{"name":"wp","href":"https:\/\/api.w.org\/{rel}","templated":true}]}}