{"id":16066,"date":"2024-03-17T21:16:43","date_gmt":"2024-03-17T20:16:43","guid":{"rendered":"https:\/\/www.epodex-industries.com\/produkt\/wasserwaage-50cm\/"},"modified":"2025-01-07T11:14:33","modified_gmt":"2025-01-07T10:14:33","slug":"wasserwaage-50cm","status":"publish","type":"product","link":"https:\/\/old.epodex-industries.com\/de\/produkt\/wasserwaage-50cm\/","title":{"rendered":"Wasserwaage &#8211; 50cm"},"content":{"rendered":"<p>EPODEX Magnetwasserwaage hilft ihnen bei der perfekten Ausrichtung. Mit dem integrierten Lineal k\u00f6nnen Sie gleichzeitig auch Messungen vornehmen. Mit 50 cm L\u00e4nge und drei Libellen ist diese Wasserwaage f\u00fcr Heimwerkerprojekte bestens geeignet. Maximale Pr\u00e4zision auch nach vielfachem Einsatz durch eine UV-best\u00e4ndige Fl\u00fcssigkeit in den Libellen und schockabsorbierende Kanten.<\/p>\n<ul>\n<li>Wasserwaage von EPODEX<\/li>\n<li>Ma\u00dfe: 50cm x 4,7 x 2cm<\/li>\n<li>Aluminiumrahmen mit Magnet<\/li>\n<li>3 gut sichtbare Libellen<\/li>\n<li>Ma\u00dfeinheit System: metrisch<\/li>\n<\/ul>\n","protected":false},"excerpt":{"rendered":"<p>EPODEX Magnetwasserwaage hilft ihnen bei der perfekten Ausrichtung. Mit dem integrierten Lineal k\u00f6nnen Sie gleichzeitig auch Messungen vornehmen. Mit 50 cm L\u00e4nge und drei Libellen ist diese Wasserwaage f\u00fcr Heimwerkerprojekte bestens geeignet. Maximale Pr\u00e4zision auch nach vielfachem Einsatz durch eine UV-best\u00e4ndige Fl\u00fcssigkeit in den Libellen und schockabsorbierende Kanten.<\/p>\n<ul>\n<li>Wasserwaage von EPODEX<\/li>\n<li>Ma\u00dfe: 50cm x 4,7 x 2cm<\/li>\n<li>Aluminiumrahmen mit Magnet<\/li>\n<li>3 gut sichtbare Libellen<\/li>\n<li>Ma\u00dfeinheit System: metrisch<\/li>\n<\/ul>\n","protected":false},"featured_media":3067,"comment_status":"closed","ping_status":"closed","template":"","meta":[],"product_brand":[],"product_cat":[359],"product_tag":[],"class_list":{"0":"post-16066","1":"product","2":"type-product","3":"status-publish","4":"has-post-thumbnail","6":"product_cat-zubehoer","8":"first","9":"instock","10":"taxable","11":"shipping-taxable","12":"product-type-simple"},"yoast_head":"<!-- This site is optimized with the Yoast SEO plugin v26.7 - https:\/\/yoast.com\/wordpress\/plugins\/seo\/ -->\n<title>Wasserwaage - 50cm - EPODEX Industries | B2B Plattform<\/title>\n<meta name=\"robots\" content=\"index, follow, max-snippet:-1, max-image-preview:large, max-video-preview:-1\" \/>\n<link rel=\"canonical\" href=\"https:\/\/old.epodex-industries.com\/de\/produkt\/wasserwaage-50cm\/\" \/>\n<meta property=\"og:locale\" content=\"de_DE\" \/>\n<meta property=\"og:type\" content=\"article\" \/>\n<meta property=\"og:title\" content=\"Wasserwaage - 50cm - EPODEX Industries | B2B Plattform\" \/>\n<meta property=\"og:description\" content=\"EPODEX Magnetwasserwaage hilft ihnen bei der perfekten Ausrichtung. Mit dem integrierten Lineal k\u00f6nnen Sie gleichzeitig auch Messungen vornehmen. Mit 50 cm L\u00e4nge und drei Libellen ist diese Wasserwaage f\u00fcr Heimwerkerprojekte bestens geeignet. Maximale Pr\u00e4zision auch nach vielfachem Einsatz durch eine UV-best\u00e4ndige Fl\u00fcssigkeit in den Libellen und schockabsorbierende Kanten. Wasserwaage von EPODEXMa\u00dfe: 50cm x 4,7 x 2cmAluminiumrahmen mit Magnet 3 gut sichtbare LibellenMa\u00dfeinheit System: metrisch\" \/>\n<meta property=\"og:url\" content=\"https:\/\/old.epodex-industries.com\/de\/produkt\/wasserwaage-50cm\/\" \/>\n<meta property=\"og:site_name\" content=\"EPODEX Industries | B2B Plattform\" \/>\n<meta property=\"article:publisher\" content=\"https:\/\/www.facebook.com\/Epodex\/\" \/>\n<meta property=\"article:modified_time\" content=\"2025-01-07T10:14:33+00:00\" \/>\n<meta property=\"og:image\" content=\"https:\/\/old.epodex-industries.com\/wp-content\/uploads\/2023\/06\/wasserwaage.jpg\" \/>\n\t<meta property=\"og:image:width\" content=\"1200\" \/>\n\t<meta property=\"og:image:height\" content=\"800\" \/>\n\t<meta property=\"og:image:type\" content=\"image\/jpeg\" \/>\n<meta name=\"twitter:card\" content=\"summary_large_image\" \/>\n<script type=\"application\/ld+json\" class=\"yoast-schema-graph\">{\"@context\":\"https:\/\/schema.org\",\"@graph\":[{\"@type\":\"WebPage\",\"@id\":\"https:\/\/old.epodex-industries.com\/de\/produkt\/wasserwaage-50cm\/\",\"url\":\"https:\/\/old.epodex-industries.com\/de\/produkt\/wasserwaage-50cm\/\",\"name\":\"Wasserwaage - 50cm - EPODEX Industries | B2B Plattform\",\"isPartOf\":{\"@id\":\"https:\/\/old.epodex-industries.com\/fr\/#website\"},\"primaryImageOfPage\":{\"@id\":\"https:\/\/old.epodex-industries.com\/de\/produkt\/wasserwaage-50cm\/#primaryimage\"},\"image\":{\"@id\":\"https:\/\/old.epodex-industries.com\/de\/produkt\/wasserwaage-50cm\/#primaryimage\"},\"thumbnailUrl\":\"https:\/\/old.epodex-industries.com\/wp-content\/uploads\/2023\/06\/wasserwaage.jpg\",\"datePublished\":\"2024-03-17T20:16:43+00:00\",\"dateModified\":\"2025-01-07T10:14:33+00:00\",\"breadcrumb\":{\"@id\":\"https:\/\/old.epodex-industries.com\/de\/produkt\/wasserwaage-50cm\/#breadcrumb\"},\"inLanguage\":\"de\",\"potentialAction\":[{\"@type\":\"ReadAction\",\"target\":[\"https:\/\/old.epodex-industries.com\/de\/produkt\/wasserwaage-50cm\/\"]}]},{\"@type\":\"ImageObject\",\"inLanguage\":\"de\",\"@id\":\"https:\/\/old.epodex-industries.com\/de\/produkt\/wasserwaage-50cm\/#primaryimage\",\"url\":\"https:\/\/old.epodex-industries.com\/wp-content\/uploads\/2023\/06\/wasserwaage.jpg\",\"contentUrl\":\"https:\/\/old.epodex-industries.com\/wp-content\/uploads\/2023\/06\/wasserwaage.jpg\",\"width\":1200,\"height\":800},{\"@type\":\"BreadcrumbList\",\"@id\":\"https:\/\/old.epodex-industries.com\/de\/produkt\/wasserwaage-50cm\/#breadcrumb\",\"itemListElement\":[{\"@type\":\"ListItem\",\"position\":1,\"name\":\"Startseite\",\"item\":\"https:\/\/old.epodex-industries.com\/de\/\"},{\"@type\":\"ListItem\",\"position\":2,\"name\":\"Shop\",\"item\":\"https:\/\/old.epodex-industries.com\/de\/shop\/\"},{\"@type\":\"ListItem\",\"position\":3,\"name\":\"Wasserwaage &#8211; 50cm\"}]},{\"@type\":\"WebSite\",\"@id\":\"https:\/\/old.epodex-industries.com\/fr\/#website\",\"url\":\"https:\/\/old.epodex-industries.com\/fr\/\",\"name\":\"EPODEX Industries | B2B Plattform\",\"description\":\"Hersteller + Gro\u00dfhandel f\u00fcr Baustoffe\",\"publisher\":{\"@id\":\"https:\/\/old.epodex-industries.com\/fr\/#organization\"},\"alternateName\":\"EPODEX Industries | Hersteller + Gro\u00dfhandel f\u00fcr Baustoffe\",\"potentialAction\":[{\"@type\":\"SearchAction\",\"target\":{\"@type\":\"EntryPoint\",\"urlTemplate\":\"https:\/\/old.epodex-industries.com\/fr\/?s={search_term_string}\"},\"query-input\":{\"@type\":\"PropertyValueSpecification\",\"valueRequired\":true,\"valueName\":\"search_term_string\"}}],\"inLanguage\":\"de\"},{\"@type\":\"Organization\",\"@id\":\"https:\/\/old.epodex-industries.com\/fr\/#organization\",\"name\":\"EPODEX Industries\",\"url\":\"https:\/\/old.epodex-industries.com\/fr\/\",\"logo\":{\"@type\":\"ImageObject\",\"inLanguage\":\"de\",\"@id\":\"https:\/\/old.epodex-industries.com\/fr\/#\/schema\/logo\/image\/\",\"url\":\"https:\/\/www.epodex-industries.com\/wp-content\/uploads\/2023\/06\/Logo-Epodex-Rechnung.jpg\",\"contentUrl\":\"https:\/\/www.epodex-industries.com\/wp-content\/uploads\/2023\/06\/Logo-Epodex-Rechnung.jpg\",\"width\":261,\"height\":50,\"caption\":\"EPODEX Industries\"},\"image\":{\"@id\":\"https:\/\/old.epodex-industries.com\/fr\/#\/schema\/logo\/image\/\"},\"sameAs\":[\"https:\/\/www.facebook.com\/Epodex\/\",\"https:\/\/www.instagram.com\/epodex_official\/\",\"https:\/\/www.pinterest.de\/epodex_com\/\",\"https:\/\/www.youtube.com\/channel\/UC7lFrJ9YpN1yg43sTc6q3ow\"]}]}<\/script>\n<!-- \/ Yoast SEO plugin. -->","yoast_head_json":{"title":"Wasserwaage - 50cm - EPODEX Industries | B2B Plattform","robots":{"index":"index","follow":"follow","max-snippet":"max-snippet:-1","max-image-preview":"max-image-preview:large","max-video-preview":"max-video-preview:-1"},"canonical":"https:\/\/old.epodex-industries.com\/de\/produkt\/wasserwaage-50cm\/","og_locale":"de_DE","og_type":"article","og_title":"Wasserwaage - 50cm - EPODEX Industries | B2B Plattform","og_description":"EPODEX Magnetwasserwaage hilft ihnen bei der perfekten Ausrichtung. Mit dem integrierten Lineal k\u00f6nnen Sie gleichzeitig auch Messungen vornehmen. Mit 50 cm L\u00e4nge und drei Libellen ist diese Wasserwaage f\u00fcr Heimwerkerprojekte bestens geeignet. Maximale Pr\u00e4zision auch nach vielfachem Einsatz durch eine UV-best\u00e4ndige Fl\u00fcssigkeit in den Libellen und schockabsorbierende Kanten. Wasserwaage von EPODEXMa\u00dfe: 50cm x 4,7 x 2cmAluminiumrahmen mit Magnet 3 gut sichtbare LibellenMa\u00dfeinheit System: metrisch","og_url":"https:\/\/old.epodex-industries.com\/de\/produkt\/wasserwaage-50cm\/","og_site_name":"EPODEX Industries | B2B Plattform","article_publisher":"https:\/\/www.facebook.com\/Epodex\/","article_modified_time":"2025-01-07T10:14:33+00:00","og_image":[{"width":1200,"height":800,"url":"https:\/\/old.epodex-industries.com\/wp-content\/uploads\/2023\/06\/wasserwaage.jpg","type":"image\/jpeg"}],"twitter_card":"summary_large_image","schema":{"@context":"https:\/\/schema.org","@graph":[{"@type":"WebPage","@id":"https:\/\/old.epodex-industries.com\/de\/produkt\/wasserwaage-50cm\/","url":"https:\/\/old.epodex-industries.com\/de\/produkt\/wasserwaage-50cm\/","name":"Wasserwaage - 50cm - EPODEX Industries | B2B Plattform","isPartOf":{"@id":"https:\/\/old.epodex-industries.com\/fr\/#website"},"primaryImageOfPage":{"@id":"https:\/\/old.epodex-industries.com\/de\/produkt\/wasserwaage-50cm\/#primaryimage"},"image":{"@id":"https:\/\/old.epodex-industries.com\/de\/produkt\/wasserwaage-50cm\/#primaryimage"},"thumbnailUrl":"https:\/\/old.epodex-industries.com\/wp-content\/uploads\/2023\/06\/wasserwaage.jpg","datePublished":"2024-03-17T20:16:43+00:00","dateModified":"2025-01-07T10:14:33+00:00","breadcrumb":{"@id":"https:\/\/old.epodex-industries.com\/de\/produkt\/wasserwaage-50cm\/#breadcrumb"},"inLanguage":"de","potentialAction":[{"@type":"ReadAction","target":["https:\/\/old.epodex-industries.com\/de\/produkt\/wasserwaage-50cm\/"]}]},{"@type":"ImageObject","inLanguage":"de","@id":"https:\/\/old.epodex-industries.com\/de\/produkt\/wasserwaage-50cm\/#primaryimage","url":"https:\/\/old.epodex-industries.com\/wp-content\/uploads\/2023\/06\/wasserwaage.jpg","contentUrl":"https:\/\/old.epodex-industries.com\/wp-content\/uploads\/2023\/06\/wasserwaage.jpg","width":1200,"height":800},{"@type":"BreadcrumbList","@id":"https:\/\/old.epodex-industries.com\/de\/produkt\/wasserwaage-50cm\/#breadcrumb","itemListElement":[{"@type":"ListItem","position":1,"name":"Startseite","item":"https:\/\/old.epodex-industries.com\/de\/"},{"@type":"ListItem","position":2,"name":"Shop","item":"https:\/\/old.epodex-industries.com\/de\/shop\/"},{"@type":"ListItem","position":3,"name":"Wasserwaage &#8211; 50cm"}]},{"@type":"WebSite","@id":"https:\/\/old.epodex-industries.com\/fr\/#website","url":"https:\/\/old.epodex-industries.com\/fr\/","name":"EPODEX Industries | B2B Plattform","description":"Hersteller + Gro\u00dfhandel f\u00fcr Baustoffe","publisher":{"@id":"https:\/\/old.epodex-industries.com\/fr\/#organization"},"alternateName":"EPODEX Industries | Hersteller + Gro\u00dfhandel f\u00fcr Baustoffe","potentialAction":[{"@type":"SearchAction","target":{"@type":"EntryPoint","urlTemplate":"https:\/\/old.epodex-industries.com\/fr\/?s={search_term_string}"},"query-input":{"@type":"PropertyValueSpecification","valueRequired":true,"valueName":"search_term_string"}}],"inLanguage":"de"},{"@type":"Organization","@id":"https:\/\/old.epodex-industries.com\/fr\/#organization","name":"EPODEX Industries","url":"https:\/\/old.epodex-industries.com\/fr\/","logo":{"@type":"ImageObject","inLanguage":"de","@id":"https:\/\/old.epodex-industries.com\/fr\/#\/schema\/logo\/image\/","url":"https:\/\/www.epodex-industries.com\/wp-content\/uploads\/2023\/06\/Logo-Epodex-Rechnung.jpg","contentUrl":"https:\/\/www.epodex-industries.com\/wp-content\/uploads\/2023\/06\/Logo-Epodex-Rechnung.jpg","width":261,"height":50,"caption":"EPODEX Industries"},"image":{"@id":"https:\/\/old.epodex-industries.com\/fr\/#\/schema\/logo\/image\/"},"sameAs":["https:\/\/www.facebook.com\/Epodex\/","https:\/\/www.instagram.com\/epodex_official\/","https:\/\/www.pinterest.de\/epodex_com\/","https:\/\/www.youtube.com\/channel\/UC7lFrJ9YpN1yg43sTc6q3ow"]}]}},"_links":{"self":[{"href":"https:\/\/old.epodex-industries.com\/de\/wp-json\/wp\/v2\/product\/16066","targetHints":{"allow":["GET"]}}],"collection":[{"href":"https:\/\/old.epodex-industries.com\/de\/wp-json\/wp\/v2\/product"}],"about":[{"href":"https:\/\/old.epodex-industries.com\/de\/wp-json\/wp\/v2\/types\/product"}],"replies":[{"embeddable":true,"href":"https:\/\/old.epodex-industries.com\/de\/wp-json\/wp\/v2\/comments?post=16066"}],"wp:featuredmedia":[{"embeddable":true,"href":"https:\/\/old.epodex-industries.com\/de\/wp-json\/wp\/v2\/media\/3067"}],"wp:attachment":[{"href":"https:\/\/old.epodex-industries.com\/de\/wp-json\/wp\/v2\/media?parent=16066"}],"wp:term":[{"taxonomy":"product_brand","embeddable":true,"href":"https:\/\/old.epodex-industries.com\/de\/wp-json\/wp\/v2\/product_brand?post=16066"},{"taxonomy":"product_cat","embeddable":true,"href":"https:\/\/old.epodex-industries.com\/de\/wp-json\/wp\/v2\/product_cat?post=16066"},{"taxonomy":"product_tag","embeddable":true,"href":"https:\/\/old.epodex-industries.com\/de\/wp-json\/wp\/v2\/product_tag?post=16066"}],"curies":[{"name":"wp","href":"https:\/\/api.w.org\/{rel}","templated":true}]}}