{"id":16050,"date":"2024-03-17T21:16:38","date_gmt":"2024-03-17T20:16:38","guid":{"rendered":"https:\/\/www.epodex-industries.com\/produkt\/2k-polyurethanharz-glaenzend-a-komponente-1000kg-ibc\/"},"modified":"2026-02-06T12:54:15","modified_gmt":"2026-02-06T11:54:15","slug":"2k-polyurethanharz-glaenzend-a-komponente-1000kg-ibc","status":"publish","type":"product","link":"https:\/\/old.epodex-industries.com\/de\/produkt\/2k-polyurethanharz-glaenzend-a-komponente-1000kg-ibc\/","title":{"rendered":"2K Polyurethanharz Gl\u00e4nzend (-A- Komponente) 1000kg IBC"},"content":{"rendered":"<ul>\n<li>Verwendbar auf allen Oberfl\u00e4chen wie Epoxidharz, Holz, Beton, Microzement, Acrylat, Parkett, Laminat und mehr<\/li>\n<li>Eigenschaften: geruchlos, hoch strapazierf\u00e4hig, wasserfest, UV-stabil, f\u00fcr Innen und Au\u00dfenbereich<\/li>\n<li>Zum Aufrollen in d\u00fcnnen Schichten (Rollbeschichtung): Max. 150\u00b5m\/Streichgang<\/li>\n<li>Verbrauchsmenge: ca. 100g\/m\u00b2<\/li>\n<li>Topfzeit\/Verarbeitungszeit: ca. 60min bei 1kg Material und 20\u00b0C<\/li>\n<li>Aush\u00e4rtezeit: 20-24Std.<\/li>\n<li>Lieferumfang: Harz A und H\u00e4rter B (Mischungsverh\u00e4ltnis: PU-gl\u00e4nzend 10:2; PU-matt 10:1)<\/li>\n<li>Anwendungshinweise finden Sie auf dieser Produktseite.<\/li>\n<\/ul>\n","protected":false},"excerpt":{"rendered":"<ul>\n<li>Wasserbasiertes Premium Polyurethanharz (A-Komponente) im gl\u00e4nzenden Glanzgrad<\/li>\n<li>Eigenschaften: geruchlos, hoch strapazierf\u00e4hig, wasserfest, UV-stabil, f\u00fcr Innen und Au\u00dfenbereich<\/li>\n<li>Kompatibel mit 2K Polyurethanh\u00e4rter Gl\u00e4nzend (-B- Komponente)<\/li>\n<li>Mischverh\u00e4ltnis zwischen Harz und H\u00e4rter: 10:2 (z.B. 1kg A : 0,2kg B)<\/li>\n<li>Verwendbar auf allen Oberfl\u00e4chen wie Epoxidharz, Holz, Beton, Microzement, Acrylat, Parkett, Laminat und mehr<\/li>\n<li>Zum Aufrollen in d\u00fcnnen Schichten (Rollbeschichtung): Max. 150\u00b5m\/Streichgang<\/li>\n<li>Verbrauchsmenge: ca. 100g\/m\u00b2 pro Anstrich<\/li>\n<li>Topfzeit\/Verarbeitungszeit: ca. 60min bei 1kg Material und 20\u00b0C<\/li>\n<li>Aush\u00e4rtezeit: 20-24Std.<\/li>\n<li>Ausgangsform: unpigmentiert\/transparent. Einf\u00e4rbbar mit EPODEX WB Pigmenten.<\/li>\n<\/ul>\n","protected":false},"featured_media":78,"comment_status":"closed","ping_status":"closed","template":"","meta":[],"product_brand":[],"product_cat":[536],"product_tag":[],"class_list":{"0":"post-16050","1":"product","2":"type-product","3":"status-publish","4":"has-post-thumbnail","6":"product_cat-ibc-polyurethan","8":"first","9":"outofstock","10":"taxable","11":"shipping-taxable","12":"product-type-simple"},"yoast_head":"<!-- This site is optimized with the Yoast SEO plugin v26.7 - https:\/\/yoast.com\/wordpress\/plugins\/seo\/ -->\n<title>2K Polyurethanharz Gl\u00e4nzend (-A- Komponente) 1000kg IBC - EPODEX Industries | B2B Plattform<\/title>\n<meta name=\"robots\" content=\"index, follow, max-snippet:-1, max-image-preview:large, max-video-preview:-1\" \/>\n<link rel=\"canonical\" href=\"https:\/\/old.epodex-industries.com\/en\/product\/2k-polyurethanharz-glaenzend-a-komponente-1000kg-ibc\/\" \/>\n<meta property=\"og:locale\" content=\"de_DE\" \/>\n<meta property=\"og:type\" content=\"article\" \/>\n<meta property=\"og:title\" content=\"2K Polyurethanharz Gl\u00e4nzend (-A- Komponente) 1000kg IBC - EPODEX Industries | B2B Plattform\" \/>\n<meta property=\"og:description\" content=\"Wasserbasiertes Premium Polyurethanharz (A-Komponente) im gl\u00e4nzenden Glanzgrad  Eigenschaften: geruchlos, hoch strapazierf\u00e4hig, wasserfest, UV-stabil, f\u00fcr Innen und Au\u00dfenbereich  Kompatibel mit 2K Polyurethanh\u00e4rter Gl\u00e4nzend (-B- Komponente)  Mischverh\u00e4ltnis zwischen Harz und H\u00e4rter: 10:2 (z.B. 1kg A : 0,2kg B)  Verwendbar auf allen Oberfl\u00e4chen wie Epoxidharz, Holz, Beton, Microzement, Acrylat, Parkett, Laminat und mehr  Zum Aufrollen in d\u00fcnnen Schichten (Rollbeschichtung): Max. 150\u00b5m\/Streichgang  Verbrauchsmenge: ca. 100g\/m\u00b2 pro Anstrich  Topfzeit\/Verarbeitungszeit: ca. 60min bei 1kg Material und 20\u00b0C  Aush\u00e4rtezeit: 20-24Std.  Ausgangsform: unpigmentiert\/transparent. Einf\u00e4rbbar mit EPODEX WB Pigmenten.\" \/>\n<meta property=\"og:url\" content=\"https:\/\/old.epodex-industries.com\/en\/product\/2k-polyurethanharz-glaenzend-a-komponente-1000kg-ibc\/\" \/>\n<meta property=\"og:site_name\" content=\"EPODEX Industries | B2B Plattform\" \/>\n<meta property=\"article:publisher\" content=\"https:\/\/www.facebook.com\/Epodex\/\" \/>\n<meta property=\"article:modified_time\" content=\"2026-02-06T11:54:15+00:00\" \/>\n<meta property=\"og:image\" content=\"https:\/\/old.epodex-industries.com\/wp-content\/uploads\/2021\/12\/epoxidharz-hersteller-ibc-kaufen.jpg\" \/>\n\t<meta property=\"og:image:width\" content=\"1200\" \/>\n\t<meta property=\"og:image:height\" content=\"800\" \/>\n\t<meta property=\"og:image:type\" content=\"image\/jpeg\" \/>\n<meta name=\"twitter:card\" content=\"summary_large_image\" \/>\n<meta name=\"twitter:label1\" content=\"Gesch\u00e4tzte Lesezeit\" \/>\n\t<meta name=\"twitter:data1\" content=\"1\u00a0Minute\" \/>\n<script type=\"application\/ld+json\" class=\"yoast-schema-graph\">{\"@context\":\"https:\/\/schema.org\",\"@graph\":[{\"@type\":\"WebPage\",\"@id\":\"https:\/\/old.epodex-industries.com\/en\/product\/2k-polyurethanharz-glaenzend-a-komponente-1000kg-ibc\/\",\"url\":\"https:\/\/old.epodex-industries.com\/en\/product\/2k-polyurethanharz-glaenzend-a-komponente-1000kg-ibc\/\",\"name\":\"2K Polyurethanharz Gl\u00e4nzend (-A- Komponente) 1000kg IBC - EPODEX Industries | B2B Plattform\",\"isPartOf\":{\"@id\":\"https:\/\/old.epodex-industries.com\/fr\/#website\"},\"primaryImageOfPage\":{\"@id\":\"https:\/\/old.epodex-industries.com\/en\/product\/2k-polyurethanharz-glaenzend-a-komponente-1000kg-ibc\/#primaryimage\"},\"image\":{\"@id\":\"https:\/\/old.epodex-industries.com\/en\/product\/2k-polyurethanharz-glaenzend-a-komponente-1000kg-ibc\/#primaryimage\"},\"thumbnailUrl\":\"https:\/\/old.epodex-industries.com\/wp-content\/uploads\/2021\/12\/epoxidharz-hersteller-ibc-kaufen.jpg\",\"datePublished\":\"2024-03-17T20:16:38+00:00\",\"dateModified\":\"2026-02-06T11:54:15+00:00\",\"breadcrumb\":{\"@id\":\"https:\/\/old.epodex-industries.com\/en\/product\/2k-polyurethanharz-glaenzend-a-komponente-1000kg-ibc\/#breadcrumb\"},\"inLanguage\":\"de\",\"potentialAction\":[{\"@type\":\"ReadAction\",\"target\":[\"https:\/\/old.epodex-industries.com\/en\/product\/2k-polyurethanharz-glaenzend-a-komponente-1000kg-ibc\/\"]}]},{\"@type\":\"ImageObject\",\"inLanguage\":\"de\",\"@id\":\"https:\/\/old.epodex-industries.com\/en\/product\/2k-polyurethanharz-glaenzend-a-komponente-1000kg-ibc\/#primaryimage\",\"url\":\"https:\/\/old.epodex-industries.com\/wp-content\/uploads\/2021\/12\/epoxidharz-hersteller-ibc-kaufen.jpg\",\"contentUrl\":\"https:\/\/old.epodex-industries.com\/wp-content\/uploads\/2021\/12\/epoxidharz-hersteller-ibc-kaufen.jpg\",\"width\":1200,\"height\":800,\"caption\":\"epoxidharz hersteller ibc- kaufen\"},{\"@type\":\"BreadcrumbList\",\"@id\":\"https:\/\/old.epodex-industries.com\/en\/product\/2k-polyurethanharz-glaenzend-a-komponente-1000kg-ibc\/#breadcrumb\",\"itemListElement\":[{\"@type\":\"ListItem\",\"position\":1,\"name\":\"Startseite\",\"item\":\"https:\/\/old.epodex-industries.com\/de\/\"},{\"@type\":\"ListItem\",\"position\":2,\"name\":\"Shop\",\"item\":\"https:\/\/old.epodex-industries.com\/de\/shop\/\"},{\"@type\":\"ListItem\",\"position\":3,\"name\":\"2K Polyurethanharz Gl\u00e4nzend (-A- Komponente) 1000kg IBC\"}]},{\"@type\":\"WebSite\",\"@id\":\"https:\/\/old.epodex-industries.com\/fr\/#website\",\"url\":\"https:\/\/old.epodex-industries.com\/fr\/\",\"name\":\"EPODEX Industries | B2B Plattform\",\"description\":\"Hersteller + Gro\u00dfhandel f\u00fcr Baustoffe\",\"publisher\":{\"@id\":\"https:\/\/old.epodex-industries.com\/fr\/#organization\"},\"alternateName\":\"EPODEX Industries | Hersteller + Gro\u00dfhandel f\u00fcr Baustoffe\",\"potentialAction\":[{\"@type\":\"SearchAction\",\"target\":{\"@type\":\"EntryPoint\",\"urlTemplate\":\"https:\/\/old.epodex-industries.com\/fr\/?s={search_term_string}\"},\"query-input\":{\"@type\":\"PropertyValueSpecification\",\"valueRequired\":true,\"valueName\":\"search_term_string\"}}],\"inLanguage\":\"de\"},{\"@type\":\"Organization\",\"@id\":\"https:\/\/old.epodex-industries.com\/fr\/#organization\",\"name\":\"EPODEX Industries\",\"url\":\"https:\/\/old.epodex-industries.com\/fr\/\",\"logo\":{\"@type\":\"ImageObject\",\"inLanguage\":\"de\",\"@id\":\"https:\/\/old.epodex-industries.com\/fr\/#\/schema\/logo\/image\/\",\"url\":\"https:\/\/www.epodex-industries.com\/wp-content\/uploads\/2023\/06\/Logo-Epodex-Rechnung.jpg\",\"contentUrl\":\"https:\/\/www.epodex-industries.com\/wp-content\/uploads\/2023\/06\/Logo-Epodex-Rechnung.jpg\",\"width\":261,\"height\":50,\"caption\":\"EPODEX Industries\"},\"image\":{\"@id\":\"https:\/\/old.epodex-industries.com\/fr\/#\/schema\/logo\/image\/\"},\"sameAs\":[\"https:\/\/www.facebook.com\/Epodex\/\",\"https:\/\/www.instagram.com\/epodex_official\/\",\"https:\/\/www.pinterest.de\/epodex_com\/\",\"https:\/\/www.youtube.com\/channel\/UC7lFrJ9YpN1yg43sTc6q3ow\"]}]}<\/script>\n<!-- \/ Yoast SEO plugin. -->","yoast_head_json":{"title":"2K Polyurethanharz Gl\u00e4nzend (-A- Komponente) 1000kg IBC - EPODEX Industries | B2B Plattform","robots":{"index":"index","follow":"follow","max-snippet":"max-snippet:-1","max-image-preview":"max-image-preview:large","max-video-preview":"max-video-preview:-1"},"canonical":"https:\/\/old.epodex-industries.com\/en\/product\/2k-polyurethanharz-glaenzend-a-komponente-1000kg-ibc\/","og_locale":"de_DE","og_type":"article","og_title":"2K Polyurethanharz Gl\u00e4nzend (-A- Komponente) 1000kg IBC - EPODEX Industries | B2B Plattform","og_description":"Wasserbasiertes Premium Polyurethanharz (A-Komponente) im gl\u00e4nzenden Glanzgrad  Eigenschaften: geruchlos, hoch strapazierf\u00e4hig, wasserfest, UV-stabil, f\u00fcr Innen und Au\u00dfenbereich  Kompatibel mit 2K Polyurethanh\u00e4rter Gl\u00e4nzend (-B- Komponente)  Mischverh\u00e4ltnis zwischen Harz und H\u00e4rter: 10:2 (z.B. 1kg A : 0,2kg B)  Verwendbar auf allen Oberfl\u00e4chen wie Epoxidharz, Holz, Beton, Microzement, Acrylat, Parkett, Laminat und mehr  Zum Aufrollen in d\u00fcnnen Schichten (Rollbeschichtung): Max. 150\u00b5m\/Streichgang  Verbrauchsmenge: ca. 100g\/m\u00b2 pro Anstrich  Topfzeit\/Verarbeitungszeit: ca. 60min bei 1kg Material und 20\u00b0C  Aush\u00e4rtezeit: 20-24Std.  Ausgangsform: unpigmentiert\/transparent. Einf\u00e4rbbar mit EPODEX WB Pigmenten.","og_url":"https:\/\/old.epodex-industries.com\/en\/product\/2k-polyurethanharz-glaenzend-a-komponente-1000kg-ibc\/","og_site_name":"EPODEX Industries | B2B Plattform","article_publisher":"https:\/\/www.facebook.com\/Epodex\/","article_modified_time":"2026-02-06T11:54:15+00:00","og_image":[{"width":1200,"height":800,"url":"https:\/\/old.epodex-industries.com\/wp-content\/uploads\/2021\/12\/epoxidharz-hersteller-ibc-kaufen.jpg","type":"image\/jpeg"}],"twitter_card":"summary_large_image","twitter_misc":{"Gesch\u00e4tzte Lesezeit":"1\u00a0Minute"},"schema":{"@context":"https:\/\/schema.org","@graph":[{"@type":"WebPage","@id":"https:\/\/old.epodex-industries.com\/en\/product\/2k-polyurethanharz-glaenzend-a-komponente-1000kg-ibc\/","url":"https:\/\/old.epodex-industries.com\/en\/product\/2k-polyurethanharz-glaenzend-a-komponente-1000kg-ibc\/","name":"2K Polyurethanharz Gl\u00e4nzend (-A- Komponente) 1000kg IBC - EPODEX Industries | B2B Plattform","isPartOf":{"@id":"https:\/\/old.epodex-industries.com\/fr\/#website"},"primaryImageOfPage":{"@id":"https:\/\/old.epodex-industries.com\/en\/product\/2k-polyurethanharz-glaenzend-a-komponente-1000kg-ibc\/#primaryimage"},"image":{"@id":"https:\/\/old.epodex-industries.com\/en\/product\/2k-polyurethanharz-glaenzend-a-komponente-1000kg-ibc\/#primaryimage"},"thumbnailUrl":"https:\/\/old.epodex-industries.com\/wp-content\/uploads\/2021\/12\/epoxidharz-hersteller-ibc-kaufen.jpg","datePublished":"2024-03-17T20:16:38+00:00","dateModified":"2026-02-06T11:54:15+00:00","breadcrumb":{"@id":"https:\/\/old.epodex-industries.com\/en\/product\/2k-polyurethanharz-glaenzend-a-komponente-1000kg-ibc\/#breadcrumb"},"inLanguage":"de","potentialAction":[{"@type":"ReadAction","target":["https:\/\/old.epodex-industries.com\/en\/product\/2k-polyurethanharz-glaenzend-a-komponente-1000kg-ibc\/"]}]},{"@type":"ImageObject","inLanguage":"de","@id":"https:\/\/old.epodex-industries.com\/en\/product\/2k-polyurethanharz-glaenzend-a-komponente-1000kg-ibc\/#primaryimage","url":"https:\/\/old.epodex-industries.com\/wp-content\/uploads\/2021\/12\/epoxidharz-hersteller-ibc-kaufen.jpg","contentUrl":"https:\/\/old.epodex-industries.com\/wp-content\/uploads\/2021\/12\/epoxidharz-hersteller-ibc-kaufen.jpg","width":1200,"height":800,"caption":"epoxidharz hersteller ibc- kaufen"},{"@type":"BreadcrumbList","@id":"https:\/\/old.epodex-industries.com\/en\/product\/2k-polyurethanharz-glaenzend-a-komponente-1000kg-ibc\/#breadcrumb","itemListElement":[{"@type":"ListItem","position":1,"name":"Startseite","item":"https:\/\/old.epodex-industries.com\/de\/"},{"@type":"ListItem","position":2,"name":"Shop","item":"https:\/\/old.epodex-industries.com\/de\/shop\/"},{"@type":"ListItem","position":3,"name":"2K Polyurethanharz Gl\u00e4nzend (-A- Komponente) 1000kg IBC"}]},{"@type":"WebSite","@id":"https:\/\/old.epodex-industries.com\/fr\/#website","url":"https:\/\/old.epodex-industries.com\/fr\/","name":"EPODEX Industries | B2B Plattform","description":"Hersteller + Gro\u00dfhandel f\u00fcr Baustoffe","publisher":{"@id":"https:\/\/old.epodex-industries.com\/fr\/#organization"},"alternateName":"EPODEX Industries | Hersteller + Gro\u00dfhandel f\u00fcr Baustoffe","potentialAction":[{"@type":"SearchAction","target":{"@type":"EntryPoint","urlTemplate":"https:\/\/old.epodex-industries.com\/fr\/?s={search_term_string}"},"query-input":{"@type":"PropertyValueSpecification","valueRequired":true,"valueName":"search_term_string"}}],"inLanguage":"de"},{"@type":"Organization","@id":"https:\/\/old.epodex-industries.com\/fr\/#organization","name":"EPODEX Industries","url":"https:\/\/old.epodex-industries.com\/fr\/","logo":{"@type":"ImageObject","inLanguage":"de","@id":"https:\/\/old.epodex-industries.com\/fr\/#\/schema\/logo\/image\/","url":"https:\/\/www.epodex-industries.com\/wp-content\/uploads\/2023\/06\/Logo-Epodex-Rechnung.jpg","contentUrl":"https:\/\/www.epodex-industries.com\/wp-content\/uploads\/2023\/06\/Logo-Epodex-Rechnung.jpg","width":261,"height":50,"caption":"EPODEX Industries"},"image":{"@id":"https:\/\/old.epodex-industries.com\/fr\/#\/schema\/logo\/image\/"},"sameAs":["https:\/\/www.facebook.com\/Epodex\/","https:\/\/www.instagram.com\/epodex_official\/","https:\/\/www.pinterest.de\/epodex_com\/","https:\/\/www.youtube.com\/channel\/UC7lFrJ9YpN1yg43sTc6q3ow"]}]}},"_links":{"self":[{"href":"https:\/\/old.epodex-industries.com\/de\/wp-json\/wp\/v2\/product\/16050","targetHints":{"allow":["GET"]}}],"collection":[{"href":"https:\/\/old.epodex-industries.com\/de\/wp-json\/wp\/v2\/product"}],"about":[{"href":"https:\/\/old.epodex-industries.com\/de\/wp-json\/wp\/v2\/types\/product"}],"replies":[{"embeddable":true,"href":"https:\/\/old.epodex-industries.com\/de\/wp-json\/wp\/v2\/comments?post=16050"}],"wp:featuredmedia":[{"embeddable":true,"href":"https:\/\/old.epodex-industries.com\/de\/wp-json\/wp\/v2\/media\/78"}],"wp:attachment":[{"href":"https:\/\/old.epodex-industries.com\/de\/wp-json\/wp\/v2\/media?parent=16050"}],"wp:term":[{"taxonomy":"product_brand","embeddable":true,"href":"https:\/\/old.epodex-industries.com\/de\/wp-json\/wp\/v2\/product_brand?post=16050"},{"taxonomy":"product_cat","embeddable":true,"href":"https:\/\/old.epodex-industries.com\/de\/wp-json\/wp\/v2\/product_cat?post=16050"},{"taxonomy":"product_tag","embeddable":true,"href":"https:\/\/old.epodex-industries.com\/de\/wp-json\/wp\/v2\/product_tag?post=16050"}],"curies":[{"name":"wp","href":"https:\/\/api.w.org\/{rel}","templated":true}]}}