{"id":4186,"date":"2023-08-26T16:54:12","date_gmt":"2023-08-26T14:54:12","guid":{"rendered":"https:\/\/www.epodex-industries.com\/?page_id=4186"},"modified":"2023-12-01T17:42:27","modified_gmt":"2023-12-01T16:42:27","slug":"bewerbung-als-vertriebler","status":"publish","type":"page","link":"https:\/\/old.epodex-industries.com\/de\/unternehmen\/bewerbung-als-vertriebler\/","title":{"rendered":"Bewerbung als Vertriebler"},"content":{"rendered":"<div class=\"wpb-content-wrapper\"><p>[vc_row][vc_column width=&#8220;1\/3&#8243;][vc_custom_heading text=&#8220;Bewerbung als Vertriebsmitarbeiter&#8220; use_theme_fonts=&#8220;yes&#8220;][vc_separator][vc_column_text]Wir sind auf der Suche nach einem engagierten <strong>Vertriebsmitarbeiter<\/strong> (m\/w\/d)<strong> im B2B-Bereich,<\/strong> der unser Team verst\u00e4rken m\u00f6chte. Als wachsendes Unternehmen im Baustoffsektor legen wir gro\u00dfen Wert auf Qualit\u00e4t, Innovation und exzellenten Kundenservice. Wenn Sie \u00fcber einschl\u00e4gige Erfahrung im B2B-Vertrieb verf\u00fcgen, ein Talent f\u00fcr Kundenakquise und -betreuung haben und sich in einem dynamischen Arbeitsumfeld wohlf\u00fchlen, dann sind Sie bei uns genau richtig!<\/p>\n<p>Ihre Aufgaben werden u.a. die <strong>Neukundenakquise<\/strong>, die <strong>Pflege bestehender Gesch\u00e4ftsbeziehungen<\/strong> und die <strong>Umsetzung von Vertriebsstrategien<\/strong> sein. Wir bieten Ihnen eine attraktive Verg\u00fctung, umfassende Einarbeitung und die M\u00f6glichkeit, in einem hochmotivierten Team zu arbeiten.<\/p>\n<p>Interessiert? Dann freuen wir uns auf Ihre Bewerbung! Bitte senden Sie Ihre Bewerbung und Unterlagen \u00fcber das Formular direkt an uns.[\/vc_column_text][\/vc_column][vc_column width=&#8220;2\/3&#8243; el_class=&#8220;box-shadow&#8220;]                <div class=\"epodex-custom-form-holder\">\n                    <form action=\"\" class=\"epodex-custom-form\" id=\"cf_b56f4d81-a800-480c-93e9-2f83f2de3fc0\" >\n                        <div class=\"success-message\">\n                            <figure>\n                                <img decoding=\"async\" src=\"https:\/\/old.epodex-industries.com\/wp-content\/themes\/dmd-theme\/assets\/images\/success.png\"\n                                     alt=\"success\">\n                            <\/figure>\n                            <p>Ihre Nachricht wurde gesendet, wir werden diesen schnellstm\u00f6glich beantworten.<\/p>\n                        <\/div>\n                        <div class=\"error-message\"><p>Ihre Nachricht wurde leider nicht gesendet, Bitte versuchen Sie es erneut oder kontaktieren sie und telefonisch,<\/p><\/div>\n                        <div class=\"mb-error-message\"><p><\/p><\/div>\n                        <input type=\"hidden\" name=\"cf_ef\"\n                               value=\"aW5mb0BlcG9kZXgtaW5kdXN0cmllcy5jb20=\">\n                        <input type=\"hidden\" name=\"checkcf\" value=\"108406c4aa\">\n\t\t\t\t\t\t                            <input type=\"hidden\" name=\"visitor_email\" value=\"yes\">\n\t\t\t\t\t\t\t\t\t\t\t\t                            <input type=\"hidden\" name=\"subject\" value=\"B2B - Bewerbung als Vertriebsmitarbeiter\">\n\t\t\t\t\t\t\t\t\t\t\t\t                        <div class=\"inner-holder\">\n\t\t\t\t\t\t\t                                    <input type=\"hidden\" name=\"name_field\" value=\"Vm9yLSB1bmQgTmFjaG5hbWU=\">\n\t\t\t\t\t\t\t\t                                        <div class=\"field-holder \">\n\t\t\t\t\t\t\t\t\t\t\t                                            <input type=\"text\"\n                                                   placeholder=\"Vor- und Nachname\"\n                                                   class=\"required-field \"\n                                                   name=\"Vm9yLSB1bmQgTmFjaG5hbWU=\"\n                                                   data-dlk=\"\">\n\t\t\t\t\t\t\t\t\t\t\t                                        <\/div>\n\t\t\t\t\t\t\t\t\t\t                                        <div class=\"field-holder \">\n\t\t\t\t\t\t\t\t\t\t\t                                            <input type=\"text\"\n                                                   placeholder=\"Email\"\n                                                   class=\"required-field required-email\"\n                                                   name=\"RW1haWw=\"\n                                                   data-dlk=\"\">\n\t\t\t\t\t\t\t\t\t\t\t                                                <input type=\"hidden\" name=\"uef\" value=\"RW1haWw=\">\n\t\t\t\t\t\t\t\t\t\t\t                                        <\/div>\n\t\t\t\t\t\t\t\t\t\t                                        <div class=\"field-holder \">\n\t\t\t\t\t\t\t\t\t\t\t                                            <input type=\"text\"\n                                                   placeholder=\"Telefonummer\"\n                                                   class=\"required-field \"\n                                                   name=\"VGVsZWZvbnVtbWVy\"\n                                                   data-dlk=\"\">\n\t\t\t\t\t\t\t\t\t\t\t                                        <\/div>\n\t\t\t\t\t\t\t\t\t\t                                        <div class=\"field-holder \">\n\t\t\t\t\t\t\t\t\t\t\t                                            <input type=\"text\"\n                                                   placeholder=\"Stadt\"\n                                                   class=\"required-field \"\n                                                   name=\"U3RhZHQ=\"\n                                                   data-dlk=\"\">\n\t\t\t\t\t\t\t\t\t\t\t                                        <\/div>\n\t\t\t\t\t\t\t\t\t\t                                        <div class=\"field-holder \">\n\t\t\t\t\t\t\t\t\t\t\t                                            <input type=\"text\"\n                                                   placeholder=\"Land\"\n                                                   class=\"required-field \"\n                                                   name=\"TGFuZA==\"\n                                                   data-dlk=\"\">\n\t\t\t\t\t\t\t\t\t\t\t                                        <\/div>\n\t\t\t\t\t\t\t\t\t\t                                        <div class=\"field-holder select-holder \">\n\t\t\t\t\t\t\t\t\t\t\t                                            <select name=\"V2llIHNpbmQgU2llIGF1ZiB1bnMgYXVmbWVya3NhbSBnZXdvcmRlbj8=\"\n                                                    data-dlk=\"\" id=\"\"\n                                                    class=\" \">\n\t\t\t\t\t\t\t\t\t\t\t\t                                                    <option value=\"\">Wie sind Sie auf uns aufmerksam geworden?<\/option>\n\t\t\t\t\t\t\t\t\t\t\t\t                                                    <option value=\"EPODEX Webseite\">EPODEX Webseite<\/option>\n\t\t\t\t\t\t\t\t\t\t\t\t                                                    <option value=\"Stepstone\">Stepstone<\/option>\n\t\t\t\t\t\t\t\t\t\t\t\t                                                    <option value=\"Indeed\">Indeed<\/option>\n\t\t\t\t\t\t\t\t\t\t\t\t                                                    <option value=\"XING\">XING<\/option>\n\t\t\t\t\t\t\t\t\t\t\t\t                                                    <option value=\"LinkedIn\">LinkedIn<\/option>\n\t\t\t\t\t\t\t\t\t\t\t\t                                                    <option value=\"Facebook  \/ Instagram\">Facebook  \/ Instagram<\/option>\n\t\t\t\t\t\t\t\t\t\t\t\t                                                    <option value=\"Empfehlung \/ Freunde\">Empfehlung \/ Freunde<\/option>\n\t\t\t\t\t\t\t\t\t\t\t\t                                                    <option value=\"Weitere\">Weitere<\/option>\n\t\t\t\t\t\t\t\t\t\t\t\t                                            <\/select>\n                                        <\/div>\n\t\t\t\t\t\t\t\t\t\t                                        <div class=\"field-holder file-holder \">\n\t\t\t\t\t\t\t\t\t\t\t\n                                                <div\n                                                        class=\"file-label custom-file-container required-field\"\n                                                        data-upload-id=\"uploadingFiles\"\n                                                        data-accept=\"pdf\"\n                                                        data-ms=\"40\"\n                                                        data-mc=\"6\"\n                                                        data-label=\"Bewerbungsunterlagen anh\u00e4ngen (max. 6 PDF Dokumente)\"\n                                                        data-placeholder=\"anh\u00e4ngen\"\n                                                        data-selectedCount=\"files selected\">\n                                                <\/div>\n\t\t\t\t\t\t\t\t\t\t\t                                                <div class=\"file-error\">\n\t\t\t\t\t\t\t\t\t\t\t\t\t                                                        <span class=\"mc-error\">\n                                                            Sie d\u00fcrfen maximal 6 Dokumente versenden                                                        <\/span>\n\t\t\t\t\t\t\t\t\t\t\t\t\t                                                        <span class=\"ms-error\">\n                                                            und 40 MB anh\u00e4ngen                                                        <\/span>\n\t\t\t\t\t\t\t\t\t\t\t\t\t                                                <\/div>\n\n\t\t\t\t\t\t\t\t\t\t\t                                            <input type=\"hidden\" name=\"fut\"\n                                                   value=\"cGRm\">\n                                        <\/div>\n\t\t\t\t\t\t\t\t\t\t                                    <input type=\"hidden\" name=\"name_field\" value=\"TmFjaHJpY2h0\">\n\t\t\t\t\t\t\t\t                                        <div class=\"field-holder textarea-holder \">\n\t\t\t\t\t\t\t\t\t\t\t                                            <textarea\n                                                    placeholder=\"Nachricht\"\n                                                    name=\"TmFjaHJpY2h0\"\n                                                    data-dlk=\"\"\n                                                    class=\"required-field \"\n                                                    rows=\"6\"><\/textarea>\n                                        <\/div>\n\t\t\t\t\t\t\t\t\t\t\t\t\t\t\t\t\t                        <\/div>\n                        <div class=\"btn-holder\">\n                            <button type=\"submit\">\n\t\t\t\t\t\t\t\tSenden                            <\/button>\n                        <\/div>\n                    <\/form>\n                <\/div>\n\n\t\t\t[\/vc_column][\/vc_row][vc_row full_width=&#8220;stretch_row&#8220; el_class=&#8220;gray-area&#8220;][vc_column width=&#8220;1\/2&#8243;][vc_single_image image=&#8220;4201&#8243; img_size=&#8220;full&#8220;][\/vc_column][vc_column width=&#8220;1\/2&#8243;][vc_custom_heading text=&#8220;Ihre Vorteile bei EPODEX&#8220; use_theme_fonts=&#8220;yes&#8220;][vc_separator css=&#8220;.vc_custom_1693066262586{margin-bottom: 20px !important;}&#8220;][vc_column_text]<\/p>\n<ul>\n<li>Unbefristeter Arbeitsvertrag: Wir setzen auf langfristige Zusammenarbeit und bieten Ihnen daher einen unbefristeten Arbeitsvertrag.<\/li>\n<li>Dynamisches Umfeld: Profitieren Sie von einem aufgeschlossenen und professionellen Arbeitsumfeld in einem kontinuierlich wachsenden Unternehmen.<\/li>\n<li>Flexibilit\u00e4t und Autonomie: Dank flacher Hierarchien und kurzer Entscheidungswege haben Sie die M\u00f6glichkeit, aktiv an der Gestaltung und Umsetzung von Projekten teilzunehmen.<\/li>\n<li>Wohlf\u00fchlatmosph\u00e4re: Genie\u00dfen Sie kostenlose Getr\u00e4nke wie Kaffee, Tee und Wasser sowie frisches Obst, um Ihren Arbeitstag angenehmer zu gestalten.<\/li>\n<li>Praktische Annehmlichkeiten: Keine Parkplatzsorgen mehr \u2013 bei uns finden Sie ausreichende Parkm\u00f6glichkeiten direkt am Arbeitsort.<\/li>\n<\/ul>\n<p>Wir freuen uns darauf, Sie in unserem Team willkommen zu hei\u00dfen![\/vc_column_text][\/vc_column][\/vc_row]<\/p>\n<\/div>","protected":false},"excerpt":{"rendered":"<p>[vc_row][vc_column width=&#8220;1\/3&#8243;][vc_custom_heading text=&#8220;Bewerbung als Vertriebsmitarbeiter&#8220; use_theme_fonts=&#8220;yes&#8220;][vc_separator][vc_column_text]Wir sind auf der Suche nach einem engagierten Vertriebsmitarbeiter (m\/w\/d) im B2B-Bereich, der unser Team verst\u00e4rken m\u00f6chte. Als wachsendes Unternehmen im Baustoffsektor legen wir gro\u00dfen Wert auf Qualit\u00e4t, Innovation und exzellenten Kundenservice. Wenn Sie \u00fcber einschl\u00e4gige Erfahrung im B2B-Vertrieb verf\u00fcgen, ein Talent f\u00fcr Kundenakquise und -betreuung haben und sich in [&hellip;]<\/p>\n","protected":false},"author":4,"featured_media":0,"parent":50,"menu_order":0,"comment_status":"closed","ping_status":"closed","template":"","meta":{"footnotes":""},"class_list":["post-4186","page","type-page","status-publish","hentry"],"yoast_head":"<!-- This site is optimized with the Yoast SEO plugin v26.7 - https:\/\/yoast.com\/wordpress\/plugins\/seo\/ -->\n<title>Bewerbung als Vertriebler - EPODEX Industries | B2B Plattform<\/title>\n<meta name=\"description\" content=\"Bewerbung als Vertriebsmitarbeiter im B2B-Bereich | Neukundenakquise, Pflege bestehender Gesch\u00e4ftsbeziehungen | Umsetzung Strategien\" \/>\n<meta name=\"robots\" content=\"index, follow, max-snippet:-1, max-image-preview:large, max-video-preview:-1\" \/>\n<link rel=\"canonical\" href=\"https:\/\/old.epodex-industries.com\/de\/unternehmen\/bewerbung-als-vertriebler\/\" \/>\n<meta property=\"og:locale\" content=\"de_DE\" \/>\n<meta property=\"og:type\" content=\"article\" \/>\n<meta property=\"og:title\" content=\"Bewerbung als Vertriebler - EPODEX Industries | B2B Plattform\" \/>\n<meta property=\"og:description\" content=\"Bewerbung als Vertriebsmitarbeiter im B2B-Bereich | Neukundenakquise, Pflege bestehender Gesch\u00e4ftsbeziehungen | Umsetzung Strategien\" \/>\n<meta property=\"og:url\" content=\"https:\/\/old.epodex-industries.com\/de\/unternehmen\/bewerbung-als-vertriebler\/\" \/>\n<meta property=\"og:site_name\" content=\"EPODEX Industries | B2B Plattform\" \/>\n<meta property=\"article:publisher\" content=\"https:\/\/www.facebook.com\/Epodex\/\" \/>\n<meta property=\"article:modified_time\" content=\"2023-12-01T16:42:27+00:00\" \/>\n<meta name=\"twitter:card\" content=\"summary_large_image\" \/>\n<meta name=\"twitter:label1\" content=\"Gesch\u00e4tzte Lesezeit\" \/>\n\t<meta name=\"twitter:data1\" content=\"2\u00a0Minuten\" \/>\n<script type=\"application\/ld+json\" class=\"yoast-schema-graph\">{\"@context\":\"https:\/\/schema.org\",\"@graph\":[{\"@type\":\"WebPage\",\"@id\":\"https:\/\/old.epodex-industries.com\/de\/unternehmen\/bewerbung-als-vertriebler\/\",\"url\":\"https:\/\/old.epodex-industries.com\/de\/unternehmen\/bewerbung-als-vertriebler\/\",\"name\":\"Bewerbung als Vertriebler - EPODEX Industries | B2B Plattform\",\"isPartOf\":{\"@id\":\"https:\/\/old.epodex-industries.com\/fr\/#website\"},\"datePublished\":\"2023-08-26T14:54:12+00:00\",\"dateModified\":\"2023-12-01T16:42:27+00:00\",\"description\":\"Bewerbung als Vertriebsmitarbeiter im B2B-Bereich | Neukundenakquise, Pflege bestehender Gesch\u00e4ftsbeziehungen | Umsetzung Strategien\",\"breadcrumb\":{\"@id\":\"https:\/\/old.epodex-industries.com\/de\/unternehmen\/bewerbung-als-vertriebler\/#breadcrumb\"},\"inLanguage\":\"de\",\"potentialAction\":[{\"@type\":\"ReadAction\",\"target\":[\"https:\/\/old.epodex-industries.com\/de\/unternehmen\/bewerbung-als-vertriebler\/\"]}]},{\"@type\":\"BreadcrumbList\",\"@id\":\"https:\/\/old.epodex-industries.com\/de\/unternehmen\/bewerbung-als-vertriebler\/#breadcrumb\",\"itemListElement\":[{\"@type\":\"ListItem\",\"position\":1,\"name\":\"Startseite\",\"item\":\"https:\/\/old.epodex-industries.com\/de\/\"},{\"@type\":\"ListItem\",\"position\":2,\"name\":\"Firmenprofil\",\"item\":\"https:\/\/old.epodex-industries.com\/de\/unternehmen\/\"},{\"@type\":\"ListItem\",\"position\":3,\"name\":\"Bewerbung als Vertriebler\"}]},{\"@type\":\"WebSite\",\"@id\":\"https:\/\/old.epodex-industries.com\/fr\/#website\",\"url\":\"https:\/\/old.epodex-industries.com\/fr\/\",\"name\":\"EPODEX Industries | B2B Plattform\",\"description\":\"Hersteller + Gro\u00dfhandel f\u00fcr Baustoffe\",\"publisher\":{\"@id\":\"https:\/\/old.epodex-industries.com\/fr\/#organization\"},\"alternateName\":\"EPODEX Industries | Hersteller + Gro\u00dfhandel f\u00fcr Baustoffe\",\"potentialAction\":[{\"@type\":\"SearchAction\",\"target\":{\"@type\":\"EntryPoint\",\"urlTemplate\":\"https:\/\/old.epodex-industries.com\/fr\/?s={search_term_string}\"},\"query-input\":{\"@type\":\"PropertyValueSpecification\",\"valueRequired\":true,\"valueName\":\"search_term_string\"}}],\"inLanguage\":\"de\"},{\"@type\":\"Organization\",\"@id\":\"https:\/\/old.epodex-industries.com\/fr\/#organization\",\"name\":\"EPODEX Industries\",\"url\":\"https:\/\/old.epodex-industries.com\/fr\/\",\"logo\":{\"@type\":\"ImageObject\",\"inLanguage\":\"de\",\"@id\":\"https:\/\/old.epodex-industries.com\/fr\/#\/schema\/logo\/image\/\",\"url\":\"https:\/\/www.epodex-industries.com\/wp-content\/uploads\/2023\/06\/Logo-Epodex-Rechnung.jpg\",\"contentUrl\":\"https:\/\/www.epodex-industries.com\/wp-content\/uploads\/2023\/06\/Logo-Epodex-Rechnung.jpg\",\"width\":261,\"height\":50,\"caption\":\"EPODEX Industries\"},\"image\":{\"@id\":\"https:\/\/old.epodex-industries.com\/fr\/#\/schema\/logo\/image\/\"},\"sameAs\":[\"https:\/\/www.facebook.com\/Epodex\/\",\"https:\/\/www.instagram.com\/epodex_official\/\",\"https:\/\/www.pinterest.de\/epodex_com\/\",\"https:\/\/www.youtube.com\/channel\/UC7lFrJ9YpN1yg43sTc6q3ow\"]}]}<\/script>\n<!-- \/ Yoast SEO plugin. -->","yoast_head_json":{"title":"Bewerbung als Vertriebler - EPODEX Industries | B2B Plattform","description":"Bewerbung als Vertriebsmitarbeiter im B2B-Bereich | Neukundenakquise, Pflege bestehender Gesch\u00e4ftsbeziehungen | Umsetzung Strategien","robots":{"index":"index","follow":"follow","max-snippet":"max-snippet:-1","max-image-preview":"max-image-preview:large","max-video-preview":"max-video-preview:-1"},"canonical":"https:\/\/old.epodex-industries.com\/de\/unternehmen\/bewerbung-als-vertriebler\/","og_locale":"de_DE","og_type":"article","og_title":"Bewerbung als Vertriebler - EPODEX Industries | B2B Plattform","og_description":"Bewerbung als Vertriebsmitarbeiter im B2B-Bereich | Neukundenakquise, Pflege bestehender Gesch\u00e4ftsbeziehungen | Umsetzung Strategien","og_url":"https:\/\/old.epodex-industries.com\/de\/unternehmen\/bewerbung-als-vertriebler\/","og_site_name":"EPODEX Industries | B2B Plattform","article_publisher":"https:\/\/www.facebook.com\/Epodex\/","article_modified_time":"2023-12-01T16:42:27+00:00","twitter_card":"summary_large_image","twitter_misc":{"Gesch\u00e4tzte Lesezeit":"2\u00a0Minuten"},"schema":{"@context":"https:\/\/schema.org","@graph":[{"@type":"WebPage","@id":"https:\/\/old.epodex-industries.com\/de\/unternehmen\/bewerbung-als-vertriebler\/","url":"https:\/\/old.epodex-industries.com\/de\/unternehmen\/bewerbung-als-vertriebler\/","name":"Bewerbung als Vertriebler - EPODEX Industries | B2B Plattform","isPartOf":{"@id":"https:\/\/old.epodex-industries.com\/fr\/#website"},"datePublished":"2023-08-26T14:54:12+00:00","dateModified":"2023-12-01T16:42:27+00:00","description":"Bewerbung als Vertriebsmitarbeiter im B2B-Bereich | Neukundenakquise, Pflege bestehender Gesch\u00e4ftsbeziehungen | Umsetzung Strategien","breadcrumb":{"@id":"https:\/\/old.epodex-industries.com\/de\/unternehmen\/bewerbung-als-vertriebler\/#breadcrumb"},"inLanguage":"de","potentialAction":[{"@type":"ReadAction","target":["https:\/\/old.epodex-industries.com\/de\/unternehmen\/bewerbung-als-vertriebler\/"]}]},{"@type":"BreadcrumbList","@id":"https:\/\/old.epodex-industries.com\/de\/unternehmen\/bewerbung-als-vertriebler\/#breadcrumb","itemListElement":[{"@type":"ListItem","position":1,"name":"Startseite","item":"https:\/\/old.epodex-industries.com\/de\/"},{"@type":"ListItem","position":2,"name":"Firmenprofil","item":"https:\/\/old.epodex-industries.com\/de\/unternehmen\/"},{"@type":"ListItem","position":3,"name":"Bewerbung als Vertriebler"}]},{"@type":"WebSite","@id":"https:\/\/old.epodex-industries.com\/fr\/#website","url":"https:\/\/old.epodex-industries.com\/fr\/","name":"EPODEX Industries | B2B Plattform","description":"Hersteller + Gro\u00dfhandel f\u00fcr Baustoffe","publisher":{"@id":"https:\/\/old.epodex-industries.com\/fr\/#organization"},"alternateName":"EPODEX Industries | Hersteller + Gro\u00dfhandel f\u00fcr Baustoffe","potentialAction":[{"@type":"SearchAction","target":{"@type":"EntryPoint","urlTemplate":"https:\/\/old.epodex-industries.com\/fr\/?s={search_term_string}"},"query-input":{"@type":"PropertyValueSpecification","valueRequired":true,"valueName":"search_term_string"}}],"inLanguage":"de"},{"@type":"Organization","@id":"https:\/\/old.epodex-industries.com\/fr\/#organization","name":"EPODEX Industries","url":"https:\/\/old.epodex-industries.com\/fr\/","logo":{"@type":"ImageObject","inLanguage":"de","@id":"https:\/\/old.epodex-industries.com\/fr\/#\/schema\/logo\/image\/","url":"https:\/\/www.epodex-industries.com\/wp-content\/uploads\/2023\/06\/Logo-Epodex-Rechnung.jpg","contentUrl":"https:\/\/www.epodex-industries.com\/wp-content\/uploads\/2023\/06\/Logo-Epodex-Rechnung.jpg","width":261,"height":50,"caption":"EPODEX Industries"},"image":{"@id":"https:\/\/old.epodex-industries.com\/fr\/#\/schema\/logo\/image\/"},"sameAs":["https:\/\/www.facebook.com\/Epodex\/","https:\/\/www.instagram.com\/epodex_official\/","https:\/\/www.pinterest.de\/epodex_com\/","https:\/\/www.youtube.com\/channel\/UC7lFrJ9YpN1yg43sTc6q3ow"]}]}},"_links":{"self":[{"href":"https:\/\/old.epodex-industries.com\/de\/wp-json\/wp\/v2\/pages\/4186","targetHints":{"allow":["GET"]}}],"collection":[{"href":"https:\/\/old.epodex-industries.com\/de\/wp-json\/wp\/v2\/pages"}],"about":[{"href":"https:\/\/old.epodex-industries.com\/de\/wp-json\/wp\/v2\/types\/page"}],"author":[{"embeddable":true,"href":"https:\/\/old.epodex-industries.com\/de\/wp-json\/wp\/v2\/users\/4"}],"replies":[{"embeddable":true,"href":"https:\/\/old.epodex-industries.com\/de\/wp-json\/wp\/v2\/comments?post=4186"}],"version-history":[{"count":19,"href":"https:\/\/old.epodex-industries.com\/de\/wp-json\/wp\/v2\/pages\/4186\/revisions"}],"predecessor-version":[{"id":12844,"href":"https:\/\/old.epodex-industries.com\/de\/wp-json\/wp\/v2\/pages\/4186\/revisions\/12844"}],"up":[{"embeddable":true,"href":"https:\/\/old.epodex-industries.com\/de\/wp-json\/wp\/v2\/pages\/50"}],"wp:attachment":[{"href":"https:\/\/old.epodex-industries.com\/de\/wp-json\/wp\/v2\/media?parent=4186"}],"curies":[{"name":"wp","href":"https:\/\/api.w.org\/{rel}","templated":true}]}}