{"id":4151,"date":"2023-08-25T18:42:58","date_gmt":"2023-08-25T16:42:58","guid":{"rendered":"https:\/\/www.epodex-industries.com\/?page_id=4151"},"modified":"2023-08-28T11:48:54","modified_gmt":"2023-08-28T09:48:54","slug":"marketing-unterstuetzung","status":"publish","type":"page","link":"https:\/\/old.epodex-industries.com\/de\/service\/marketing-unterstuetzung\/","title":{"rendered":"Marketing Unterst\u00fctzung"},"content":{"rendered":"<div class=\"wpb-content-wrapper\"><p>[vc_row full_width=&#8220;stretch_row&#8220; css=&#8220;.vc_custom_1693169362654{margin-bottom: 20px !important;}&#8220;][vc_column width=&#8220;1\/2&#8243; css=&#8220;.vc_custom_1688808654502{margin-bottom: 30px !important;}&#8220;][vc_single_image image=&#8220;4359&#8243; img_size=&#8220;full&#8220;][\/vc_column][vc_column width=&#8220;1\/2&#8243;][vc_column_text css=&#8220;.vc_custom_1693169438540{margin-bottom: 30px !important;}&#8220;]<\/p>\n<h2 class=\"heading\">Wir unterst\u00fctzen unsere Partner<\/h2>\n<p>Wenn Sie sich dazu entscheiden, einen eigenen <strong>Online-Shop<\/strong> oder einen <strong>Franchise-Standort<\/strong> unter der Marke EPODEX zu er\u00f6ffnen, k\u00f6nnen Sie sich auf unsere umfassende <strong>Unterst\u00fctzung im Bereich Online-Marketing<\/strong> verlassen. Von der Suchmaschinenoptimierung bis hin zu Social-Media-Strategien bieten wir Ihnen die Expertise und die Tools, die Sie f\u00fcr einen erfolgreichen Marktauftritt ben\u00f6tigen.<\/p>\n<p>Gemeinsam entwickeln wir individuelle Marketingpl\u00e4ne, die perfekt auf Ihre Gesch\u00e4ftsziele abgestimmt sind, um Ihre <strong>Sichtbarkeit und Reichweite zu maximieren<\/strong>. So steht Ihrem Erfolg nichts mehr im Weg.[\/vc_column_text]                <div class=\"qa-tabs-holder\" itemscope itemtype=\"https:\/\/schema.org\/FAQPage\">\n\t\t\t\t\t                        <div itemscope itemprop=\"mainEntity\" itemtype=\"https:\/\/schema.org\/Question\" class=\"single-qa \">\n                            <h3 itemprop=\"name\" class=\"tab-question\">Wer kann Marketing-Dienstleistungen in Anspruch nehmen?<\/h3>\n                            <div itemscope itemprop=\"acceptedAnswer\" itemtype=\"https:\/\/schema.org\/Answer\" class=\"tab-answer\">\n                                <div itemprop=\"text\">\n                                    Wir bieten Marketing-Unterst\u00fctzung exklusiv f\u00fcr unsere Partnerunternehmen an. Diese Unterst\u00fctzung gilt f\u00fcr Partner, die mit uns in einer Franchise-Kooperation eingebunden sind, sowie f\u00fcr diejenigen, die im Online-Handel t\u00e4tig sind. Unsere ma\u00dfgeschneiderten Marketing-Dienstleistungen sind darauf ausgerichtet, den spezifischen Bed\u00fcrfnissen jedes Partners gerecht zu werden, um ihr Gesch\u00e4ft erfolgreich zu skalieren und ihre Markenpr\u00e4senz zu st\u00e4rken.                                <\/div>\n                            <\/div>\n                        <\/div>\n\t\t\t\t\t                        <div itemscope itemprop=\"mainEntity\" itemtype=\"https:\/\/schema.org\/Question\" class=\"single-qa \">\n                            <h3 itemprop=\"name\" class=\"tab-question\">Werden Fotos und Videos zur Verf\u00fcgung gestellt?<\/h3>\n                            <div itemscope itemprop=\"acceptedAnswer\" itemtype=\"https:\/\/schema.org\/Answer\" class=\"tab-answer\">\n                                <div itemprop=\"text\">\n                                    EPODEX verf\u00fcgt \u00fcber eine umfangreiche Sammlung von Bildern, Videos und Printmedien, die wir unseren Partnern f\u00fcr Werbezwecke zur Verf\u00fcgung stellen k\u00f6nnen. Diese Ressourcen k\u00f6nnen insbesondere n\u00fctzlich sein f\u00fcr die Erstellung von Marketingkampagnen, Produktpr\u00e4sentationen oder f\u00fcr die inhaltliche Gestaltung Ihres eigenen Onlineshops.                                <\/div>\n                            <\/div>\n                        <\/div>\n\t\t\t\t\t                <\/div>\n\t\t\t[\/vc_column][\/vc_row][vc_row full_width=&#8220;stretch_row&#8220; el_class=&#8220;gray-area&#8220;][vc_column][vc_custom_heading text=&#8220;Online-Marketing Bereiche&#8220; font_container=&#8220;tag:h2|text_align:center&#8220; use_theme_fonts=&#8220;yes&#8220;][vc_column_text css=&#8220;.vc_custom_1693166150659{margin-bottom: 20px !important;}&#8220;]<\/p>\n<p style=\"text-align: center;\">Diese Leistungen k\u00f6nnen besonders wertvoll sein, wenn Sie einen eigenen Online-Shop er\u00f6ffnen oder einen Franchise-Standort betreiben m\u00f6chten. Mit unserer Expertise im Online-Marketing k\u00f6nnen wir dazu beitragen, Ihren Gesch\u00e4ftserfolg zu maximieren.<\/p>\n<p>[\/vc_column_text]            <style>\n                .custom-boxes-holder.cbs_5f30bc37-44f3-4f4a-8676-94e9b0279799 {\n                    width: calc(100% + 20px);\n                    margin-left: -10px;\n                }\n\n                .custom-boxes-holder.cbs_5f30bc37-44f3-4f4a-8676-94e9b0279799 .custom-box {\n                    width: calc(50% - 20px);\n                    margin: 10px;\n                    background-color: #ffffff;\n                }\n                .custom-boxes-holder.cbs_5f30bc37-44f3-4f4a-8676-94e9b0279799 .text-holder .icon {\n                    color: #008be2                }\n                @media (max-width: 1200px) {\n                    .custom-boxes-holder.cbs_5f30bc37-44f3-4f4a-8676-94e9b0279799 .custom-box {\n                        width: calc(50% - 20px);\n                    }\n                }\n\n                @media (max-width: 768px) {\n                    .custom-boxes-holder.cbs_5f30bc37-44f3-4f4a-8676-94e9b0279799 .custom-box {\n                        width: calc(100% - 20px);\n                    }\n                }\n            <\/style>\n            <div class=\"custom-boxes-holder cbs_5f30bc37-44f3-4f4a-8676-94e9b0279799 \">\n\t\t\t\t                    <div class=\"custom-box\">\n\t\t\t\t\t\t                        <div class=\"text-holder\">\n\t\t\t\t\t\t\t                                <p class=\"box-title\">\n                                    Suchmaschinenwerbung (SEA)                                <\/p>\n\t\t\t\t\t\t\t                                <div class=\"box-description\">\n\t\t\t\t\t\t\t\t\tWir unterst\u00fctzen Sie bei der Schaltung von gezielten Werbeanzeigen in Suchmaschinen, um die Sichtbarkeit sofort zu erh\u00f6hen.                                <\/div>\n\t\t\t\t\t\t\t                        <\/div>\n                    <\/div>\n\t\t\t\t                    <div class=\"custom-box\">\n\t\t\t\t\t\t                        <div class=\"text-holder\">\n\t\t\t\t\t\t\t                                <p class=\"box-title\">\n                                    Social-Media-Marketing                                <\/p>\n\t\t\t\t\t\t\t                                <div class=\"box-description\">\n\t\t\t\t\t\t\t\t\tWir beraten Sie bei der Erstellung und Umsetzung einer Strategie f\u00fcr soziale Netzwerke wie Facebook, Instagram und LinkedIn, inklusive Content-Planung und -Erstellung.                                <\/div>\n\t\t\t\t\t\t\t                        <\/div>\n                    <\/div>\n\t\t\t\t                    <div class=\"custom-box\">\n\t\t\t\t\t\t                        <div class=\"text-holder\">\n\t\t\t\t\t\t\t                                <p class=\"box-title\">\n                                    E-Commerce-Strategien                                <\/p>\n\t\t\t\t\t\t\t                                <div class=\"box-description\">\n\t\t\t\t\t\t\t\t\tF\u00fcr Partner, die einen Online-Shop betreiben m\u00f6chten, bieten wir Beratung von der Shop-Erstellung bis hin zu komplexen Verkaufsstrategien und der Optimierung von Conversion-Rat.                                <\/div>\n\t\t\t\t\t\t\t                        <\/div>\n                    <\/div>\n\t\t\t\t                    <div class=\"custom-box\">\n\t\t\t\t\t\t                        <div class=\"text-holder\">\n\t\t\t\t\t\t\t                                <p class=\"box-title\">\n                                    Werbung f\u00fcr Franchise-Partner                                <\/p>\n\t\t\t\t\t\t\t                                <div class=\"box-description\">\n\t\t\t\t\t\t\t\t\tWir schalten gezielte lokale Anzeigen in verschiedenen Online-Plattformen, um die Sichtbarkeit Ihres Ladenlokals zu erh\u00f6hen und mehr Besucher anzuziehen. Von Google \u00fcber Social-Media-Marketing bis hin zu E-Mail-Kampagnen, wir nutzen ein breites Spektrum.                                 <\/div>\n\t\t\t\t\t\t\t                        <\/div>\n                    <\/div>\n\t\t\t\t            <\/div>\n\t\t\t[\/vc_column][\/vc_row][vc_row full_width=&#8220;stretch_row_content_no_spaces&#8220; el_class=&#8220;white-area&#8220;][vc_column]            <style>\n                .dmd-images-custom-gallery-holder.cgs_bbf6d1d3-44ea-48ff-9248-41c8291364b5 .dmd-image-slide-item {\n                    width: 33.333333333333%;\n                }\n\n                @media (max-width: 1200px) {\n                    .dmd-images-custom-gallery-holder.cgs_bbf6d1d3-44ea-48ff-9248-41c8291364b5 .dmd-image-slide-item {\n                        width: 50%;\n                    }\n                }\n\n                @media (max-width: 768px) {\n                    .dmd-images-custom-gallery-holder.cgs_bbf6d1d3-44ea-48ff-9248-41c8291364b5 .dmd-image-slide-item {\n                        width: 100%;\n                    }\n                }\n            <\/style>\n            <div class=\"dmd-images-custom-gallery-holder   disable-desktop  disable-tablet  cgs_bbf6d1d3-44ea-48ff-9248-41c8291364b5\"\n                 data-effect=\"carousel\"\n                 data-controls=\"true\"\n                 data-nav=\"true\"\n                 data-autoplay=\"\">\n\t\t\t\t                        <div class=\"dmd-image-slide-item\">\n\t\t\t\t\t\t\t                            <a href=\"https:\/\/old.epodex-industries.com\/wp-content\/uploads\/2023\/08\/vertriebsmitarbeiter-b2b-epodex.jpg\"\n                               data-fancybox=\"17fba247-082f-4eec-8324-361a0f42a35f\">\n\t\t\t\t\t\t\t\t\n\t\t\t\t\t\t\t\t<img loading=\"lazy\" decoding=\"async\" width=\"1200\" height=\"800\" src=\"https:\/\/old.epodex-industries.com\/wp-content\/uploads\/2023\/08\/vertriebsmitarbeiter-b2b-epodex.jpg\" class=\"attachment-full size-full wvs-archive-product-image\" alt=\"vertriebsmitarbeiter b2b epodex\" srcset=\"https:\/\/old.epodex-industries.com\/wp-content\/uploads\/2023\/08\/vertriebsmitarbeiter-b2b-epodex.jpg 1200w, https:\/\/old.epodex-industries.com\/wp-content\/uploads\/2023\/08\/vertriebsmitarbeiter-b2b-epodex-600x400.jpg 600w, https:\/\/old.epodex-industries.com\/wp-content\/uploads\/2023\/08\/vertriebsmitarbeiter-b2b-epodex-1024x683.jpg 1024w, https:\/\/old.epodex-industries.com\/wp-content\/uploads\/2023\/08\/vertriebsmitarbeiter-b2b-epodex-300x200.jpg 300w, https:\/\/old.epodex-industries.com\/wp-content\/uploads\/2023\/08\/vertriebsmitarbeiter-b2b-epodex-768x512.jpg 768w, https:\/\/old.epodex-industries.com\/wp-content\/uploads\/2023\/08\/vertriebsmitarbeiter-b2b-epodex-800x533.jpg 800w\" sizes=\"auto, (max-width: 1200px) 100vw, 1200px\" \/>\n\t\t\t\t\t\t\t\t                            <\/a>\n\t\t\t\t\t\t                        <\/div>\n\t\t\t\t\t                        <div class=\"dmd-image-slide-item\">\n\t\t\t\t\t\t\t                            <a href=\"https:\/\/old.epodex-industries.com\/wp-content\/uploads\/2023\/08\/epodex-industries-produkte.jpg\"\n                               data-fancybox=\"17fba247-082f-4eec-8324-361a0f42a35f\">\n\t\t\t\t\t\t\t\t\n\t\t\t\t\t\t\t\t<img loading=\"lazy\" decoding=\"async\" width=\"1200\" height=\"800\" src=\"https:\/\/old.epodex-industries.com\/wp-content\/uploads\/2023\/08\/epodex-industries-produkte.jpg\" class=\"attachment-full size-full wvs-archive-product-image\" alt=\"epodex industries produkte\" srcset=\"https:\/\/old.epodex-industries.com\/wp-content\/uploads\/2023\/08\/epodex-industries-produkte.jpg 1200w, https:\/\/old.epodex-industries.com\/wp-content\/uploads\/2023\/08\/epodex-industries-produkte-600x400.jpg 600w, https:\/\/old.epodex-industries.com\/wp-content\/uploads\/2023\/08\/epodex-industries-produkte-1024x683.jpg 1024w, https:\/\/old.epodex-industries.com\/wp-content\/uploads\/2023\/08\/epodex-industries-produkte-300x200.jpg 300w, https:\/\/old.epodex-industries.com\/wp-content\/uploads\/2023\/08\/epodex-industries-produkte-768x512.jpg 768w, https:\/\/old.epodex-industries.com\/wp-content\/uploads\/2023\/08\/epodex-industries-produkte-800x533.jpg 800w\" sizes=\"auto, (max-width: 1200px) 100vw, 1200px\" \/>\n\t\t\t\t\t\t\t\t                            <\/a>\n\t\t\t\t\t\t                        <\/div>\n\t\t\t\t\t                        <div class=\"dmd-image-slide-item\">\n\t\t\t\t\t\t\t                            <a href=\"https:\/\/old.epodex-industries.com\/wp-content\/uploads\/2023\/08\/epodex-industries-onlineshop.jpg\"\n                               data-fancybox=\"17fba247-082f-4eec-8324-361a0f42a35f\">\n\t\t\t\t\t\t\t\t\n\t\t\t\t\t\t\t\t<img loading=\"lazy\" decoding=\"async\" width=\"1200\" height=\"800\" src=\"https:\/\/old.epodex-industries.com\/wp-content\/uploads\/2023\/08\/epodex-industries-onlineshop.jpg\" class=\"attachment-full size-full wvs-archive-product-image\" alt=\"epodex industries onlineshop\" srcset=\"https:\/\/old.epodex-industries.com\/wp-content\/uploads\/2023\/08\/epodex-industries-onlineshop.jpg 1200w, https:\/\/old.epodex-industries.com\/wp-content\/uploads\/2023\/08\/epodex-industries-onlineshop-600x400.jpg 600w, https:\/\/old.epodex-industries.com\/wp-content\/uploads\/2023\/08\/epodex-industries-onlineshop-1024x683.jpg 1024w, https:\/\/old.epodex-industries.com\/wp-content\/uploads\/2023\/08\/epodex-industries-onlineshop-300x200.jpg 300w, https:\/\/old.epodex-industries.com\/wp-content\/uploads\/2023\/08\/epodex-industries-onlineshop-768x512.jpg 768w, https:\/\/old.epodex-industries.com\/wp-content\/uploads\/2023\/08\/epodex-industries-onlineshop-800x533.jpg 800w\" sizes=\"auto, (max-width: 1200px) 100vw, 1200px\" \/>\n\t\t\t\t\t\t\t\t                            <\/a>\n\t\t\t\t\t\t                        <\/div>\n\t\t\t\t\t            <\/div>\n\t\t\t[\/vc_column][\/vc_row]<\/p>\n<\/div>","protected":false},"excerpt":{"rendered":"<p>[vc_row full_width=&#8220;stretch_row&#8220; css=&#8220;.vc_custom_1693169362654{margin-bottom: 20px !important;}&#8220;][vc_column width=&#8220;1\/2&#8243; css=&#8220;.vc_custom_1688808654502{margin-bottom: 30px !important;}&#8220;][vc_single_image image=&#8220;4359&#8243; img_size=&#8220;full&#8220;][\/vc_column][vc_column width=&#8220;1\/2&#8243;][vc_column_text css=&#8220;.vc_custom_1693169438540{margin-bottom: 30px !important;}&#8220;] Wir unterst\u00fctzen unsere Partner Wenn Sie sich dazu entscheiden, einen eigenen Online-Shop oder einen Franchise-Standort unter der Marke EPODEX zu er\u00f6ffnen, k\u00f6nnen Sie sich auf unsere umfassende Unterst\u00fctzung im Bereich Online-Marketing verlassen. Von der Suchmaschinenoptimierung bis hin zu Social-Media-Strategien bieten [&hellip;]<\/p>\n","protected":false},"author":4,"featured_media":0,"parent":4137,"menu_order":0,"comment_status":"closed","ping_status":"closed","template":"","meta":{"footnotes":""},"class_list":["post-4151","page","type-page","status-publish","hentry"],"yoast_head":"<!-- This site is optimized with the Yoast SEO plugin v26.7 - https:\/\/yoast.com\/wordpress\/plugins\/seo\/ -->\n<title>Marketing Unterst\u00fctzung f\u00fcr EPODEX Partner - EPODEX Industries | B2B Plattform<\/title>\n<meta name=\"description\" content=\"Unterst\u00fctzung im Bereich Online-Marketing | Exklusive f\u00fcr Franchise-Partner und Online-Handel Partner | Bereitstellung von Fotos und Videos\" \/>\n<meta name=\"robots\" content=\"index, follow, max-snippet:-1, max-image-preview:large, max-video-preview:-1\" \/>\n<link rel=\"canonical\" href=\"https:\/\/old.epodex-industries.com\/de\/service\/marketing-unterstuetzung\/\" \/>\n<meta property=\"og:locale\" content=\"de_DE\" \/>\n<meta property=\"og:type\" content=\"article\" \/>\n<meta property=\"og:title\" content=\"Marketing Unterst\u00fctzung f\u00fcr EPODEX Partner - EPODEX Industries | B2B Plattform\" \/>\n<meta property=\"og:description\" content=\"Unterst\u00fctzung im Bereich Online-Marketing | Exklusive f\u00fcr Franchise-Partner und Online-Handel Partner | Bereitstellung von Fotos und Videos\" \/>\n<meta property=\"og:url\" content=\"https:\/\/old.epodex-industries.com\/de\/service\/marketing-unterstuetzung\/\" \/>\n<meta property=\"og:site_name\" content=\"EPODEX Industries | B2B Plattform\" \/>\n<meta property=\"article:publisher\" content=\"https:\/\/www.facebook.com\/Epodex\/\" \/>\n<meta property=\"article:modified_time\" content=\"2023-08-28T09:48:54+00:00\" \/>\n<meta name=\"twitter:card\" content=\"summary_large_image\" \/>\n<meta name=\"twitter:label1\" content=\"Gesch\u00e4tzte Lesezeit\" \/>\n\t<meta name=\"twitter:data1\" content=\"1\u00a0Minute\" \/>\n<script type=\"application\/ld+json\" class=\"yoast-schema-graph\">{\"@context\":\"https:\/\/schema.org\",\"@graph\":[{\"@type\":\"WebPage\",\"@id\":\"https:\/\/old.epodex-industries.com\/de\/service\/marketing-unterstuetzung\/\",\"url\":\"https:\/\/old.epodex-industries.com\/de\/service\/marketing-unterstuetzung\/\",\"name\":\"Marketing Unterst\u00fctzung f\u00fcr EPODEX Partner - EPODEX Industries | B2B Plattform\",\"isPartOf\":{\"@id\":\"https:\/\/old.epodex-industries.com\/fr\/#website\"},\"datePublished\":\"2023-08-25T16:42:58+00:00\",\"dateModified\":\"2023-08-28T09:48:54+00:00\",\"description\":\"Unterst\u00fctzung im Bereich Online-Marketing | Exklusive f\u00fcr Franchise-Partner und Online-Handel Partner | Bereitstellung von Fotos und Videos\",\"breadcrumb\":{\"@id\":\"https:\/\/old.epodex-industries.com\/de\/service\/marketing-unterstuetzung\/#breadcrumb\"},\"inLanguage\":\"de\",\"potentialAction\":[{\"@type\":\"ReadAction\",\"target\":[\"https:\/\/old.epodex-industries.com\/de\/service\/marketing-unterstuetzung\/\"]}]},{\"@type\":\"BreadcrumbList\",\"@id\":\"https:\/\/old.epodex-industries.com\/de\/service\/marketing-unterstuetzung\/#breadcrumb\",\"itemListElement\":[{\"@type\":\"ListItem\",\"position\":1,\"name\":\"Startseite\",\"item\":\"https:\/\/old.epodex-industries.com\/de\/\"},{\"@type\":\"ListItem\",\"position\":2,\"name\":\"Service\",\"item\":\"https:\/\/old.epodex-industries.com\/de\/service\/\"},{\"@type\":\"ListItem\",\"position\":3,\"name\":\"Marketing Unterst\u00fctzung\"}]},{\"@type\":\"WebSite\",\"@id\":\"https:\/\/old.epodex-industries.com\/fr\/#website\",\"url\":\"https:\/\/old.epodex-industries.com\/fr\/\",\"name\":\"EPODEX Industries | B2B Plattform\",\"description\":\"Hersteller + Gro\u00dfhandel f\u00fcr Baustoffe\",\"publisher\":{\"@id\":\"https:\/\/old.epodex-industries.com\/fr\/#organization\"},\"alternateName\":\"EPODEX Industries | Hersteller + Gro\u00dfhandel f\u00fcr Baustoffe\",\"potentialAction\":[{\"@type\":\"SearchAction\",\"target\":{\"@type\":\"EntryPoint\",\"urlTemplate\":\"https:\/\/old.epodex-industries.com\/fr\/?s={search_term_string}\"},\"query-input\":{\"@type\":\"PropertyValueSpecification\",\"valueRequired\":true,\"valueName\":\"search_term_string\"}}],\"inLanguage\":\"de\"},{\"@type\":\"Organization\",\"@id\":\"https:\/\/old.epodex-industries.com\/fr\/#organization\",\"name\":\"EPODEX Industries\",\"url\":\"https:\/\/old.epodex-industries.com\/fr\/\",\"logo\":{\"@type\":\"ImageObject\",\"inLanguage\":\"de\",\"@id\":\"https:\/\/old.epodex-industries.com\/fr\/#\/schema\/logo\/image\/\",\"url\":\"https:\/\/www.epodex-industries.com\/wp-content\/uploads\/2023\/06\/Logo-Epodex-Rechnung.jpg\",\"contentUrl\":\"https:\/\/www.epodex-industries.com\/wp-content\/uploads\/2023\/06\/Logo-Epodex-Rechnung.jpg\",\"width\":261,\"height\":50,\"caption\":\"EPODEX Industries\"},\"image\":{\"@id\":\"https:\/\/old.epodex-industries.com\/fr\/#\/schema\/logo\/image\/\"},\"sameAs\":[\"https:\/\/www.facebook.com\/Epodex\/\",\"https:\/\/www.instagram.com\/epodex_official\/\",\"https:\/\/www.pinterest.de\/epodex_com\/\",\"https:\/\/www.youtube.com\/channel\/UC7lFrJ9YpN1yg43sTc6q3ow\"]}]}<\/script>\n<!-- \/ Yoast SEO plugin. -->","yoast_head_json":{"title":"Marketing Unterst\u00fctzung f\u00fcr EPODEX Partner - EPODEX Industries | B2B Plattform","description":"Unterst\u00fctzung im Bereich Online-Marketing | Exklusive f\u00fcr Franchise-Partner und Online-Handel Partner | Bereitstellung von Fotos und Videos","robots":{"index":"index","follow":"follow","max-snippet":"max-snippet:-1","max-image-preview":"max-image-preview:large","max-video-preview":"max-video-preview:-1"},"canonical":"https:\/\/old.epodex-industries.com\/de\/service\/marketing-unterstuetzung\/","og_locale":"de_DE","og_type":"article","og_title":"Marketing Unterst\u00fctzung f\u00fcr EPODEX Partner - EPODEX Industries | B2B Plattform","og_description":"Unterst\u00fctzung im Bereich Online-Marketing | Exklusive f\u00fcr Franchise-Partner und Online-Handel Partner | Bereitstellung von Fotos und Videos","og_url":"https:\/\/old.epodex-industries.com\/de\/service\/marketing-unterstuetzung\/","og_site_name":"EPODEX Industries | B2B Plattform","article_publisher":"https:\/\/www.facebook.com\/Epodex\/","article_modified_time":"2023-08-28T09:48:54+00:00","twitter_card":"summary_large_image","twitter_misc":{"Gesch\u00e4tzte Lesezeit":"1\u00a0Minute"},"schema":{"@context":"https:\/\/schema.org","@graph":[{"@type":"WebPage","@id":"https:\/\/old.epodex-industries.com\/de\/service\/marketing-unterstuetzung\/","url":"https:\/\/old.epodex-industries.com\/de\/service\/marketing-unterstuetzung\/","name":"Marketing Unterst\u00fctzung f\u00fcr EPODEX Partner - EPODEX Industries | B2B Plattform","isPartOf":{"@id":"https:\/\/old.epodex-industries.com\/fr\/#website"},"datePublished":"2023-08-25T16:42:58+00:00","dateModified":"2023-08-28T09:48:54+00:00","description":"Unterst\u00fctzung im Bereich Online-Marketing | Exklusive f\u00fcr Franchise-Partner und Online-Handel Partner | Bereitstellung von Fotos und Videos","breadcrumb":{"@id":"https:\/\/old.epodex-industries.com\/de\/service\/marketing-unterstuetzung\/#breadcrumb"},"inLanguage":"de","potentialAction":[{"@type":"ReadAction","target":["https:\/\/old.epodex-industries.com\/de\/service\/marketing-unterstuetzung\/"]}]},{"@type":"BreadcrumbList","@id":"https:\/\/old.epodex-industries.com\/de\/service\/marketing-unterstuetzung\/#breadcrumb","itemListElement":[{"@type":"ListItem","position":1,"name":"Startseite","item":"https:\/\/old.epodex-industries.com\/de\/"},{"@type":"ListItem","position":2,"name":"Service","item":"https:\/\/old.epodex-industries.com\/de\/service\/"},{"@type":"ListItem","position":3,"name":"Marketing Unterst\u00fctzung"}]},{"@type":"WebSite","@id":"https:\/\/old.epodex-industries.com\/fr\/#website","url":"https:\/\/old.epodex-industries.com\/fr\/","name":"EPODEX Industries | B2B Plattform","description":"Hersteller + Gro\u00dfhandel f\u00fcr Baustoffe","publisher":{"@id":"https:\/\/old.epodex-industries.com\/fr\/#organization"},"alternateName":"EPODEX Industries | Hersteller + Gro\u00dfhandel f\u00fcr Baustoffe","potentialAction":[{"@type":"SearchAction","target":{"@type":"EntryPoint","urlTemplate":"https:\/\/old.epodex-industries.com\/fr\/?s={search_term_string}"},"query-input":{"@type":"PropertyValueSpecification","valueRequired":true,"valueName":"search_term_string"}}],"inLanguage":"de"},{"@type":"Organization","@id":"https:\/\/old.epodex-industries.com\/fr\/#organization","name":"EPODEX Industries","url":"https:\/\/old.epodex-industries.com\/fr\/","logo":{"@type":"ImageObject","inLanguage":"de","@id":"https:\/\/old.epodex-industries.com\/fr\/#\/schema\/logo\/image\/","url":"https:\/\/www.epodex-industries.com\/wp-content\/uploads\/2023\/06\/Logo-Epodex-Rechnung.jpg","contentUrl":"https:\/\/www.epodex-industries.com\/wp-content\/uploads\/2023\/06\/Logo-Epodex-Rechnung.jpg","width":261,"height":50,"caption":"EPODEX Industries"},"image":{"@id":"https:\/\/old.epodex-industries.com\/fr\/#\/schema\/logo\/image\/"},"sameAs":["https:\/\/www.facebook.com\/Epodex\/","https:\/\/www.instagram.com\/epodex_official\/","https:\/\/www.pinterest.de\/epodex_com\/","https:\/\/www.youtube.com\/channel\/UC7lFrJ9YpN1yg43sTc6q3ow"]}]}},"_links":{"self":[{"href":"https:\/\/old.epodex-industries.com\/de\/wp-json\/wp\/v2\/pages\/4151","targetHints":{"allow":["GET"]}}],"collection":[{"href":"https:\/\/old.epodex-industries.com\/de\/wp-json\/wp\/v2\/pages"}],"about":[{"href":"https:\/\/old.epodex-industries.com\/de\/wp-json\/wp\/v2\/types\/page"}],"author":[{"embeddable":true,"href":"https:\/\/old.epodex-industries.com\/de\/wp-json\/wp\/v2\/users\/4"}],"replies":[{"embeddable":true,"href":"https:\/\/old.epodex-industries.com\/de\/wp-json\/wp\/v2\/comments?post=4151"}],"version-history":[{"count":15,"href":"https:\/\/old.epodex-industries.com\/de\/wp-json\/wp\/v2\/pages\/4151\/revisions"}],"predecessor-version":[{"id":4377,"href":"https:\/\/old.epodex-industries.com\/de\/wp-json\/wp\/v2\/pages\/4151\/revisions\/4377"}],"up":[{"embeddable":true,"href":"https:\/\/old.epodex-industries.com\/de\/wp-json\/wp\/v2\/pages\/4137"}],"wp:attachment":[{"href":"https:\/\/old.epodex-industries.com\/de\/wp-json\/wp\/v2\/media?parent=4151"}],"curies":[{"name":"wp","href":"https:\/\/api.w.org\/{rel}","templated":true}]}}