{"id":4148,"date":"2023-08-25T18:35:44","date_gmt":"2023-08-25T16:35:44","guid":{"rendered":"https:\/\/www.epodex-industries.com\/?page_id=4148"},"modified":"2024-01-08T11:10:25","modified_gmt":"2024-01-08T10:10:25","slug":"logistik-versand","status":"publish","type":"page","link":"https:\/\/old.epodex-industries.com\/de\/service\/logistik-versand\/","title":{"rendered":"Logistik \/ Weltweiter Versand"},"content":{"rendered":"<div class=\"wpb-content-wrapper\"><p>[vc_row full_width=&#8220;stretch_row&#8220;][vc_column width=&#8220;1\/3&#8243;][vc_column_text]<\/p>\n<h2>Lager- und Logistikzentrum<\/h2>\n<p>Unser Lager- und Logistikzentrum ist speziell darauf ausgelegt, den anspruchsvollen Anforderungen unserer B2B-Kunden gerecht zu werden. Dank modernster Lagertechnik und optimierten Logistikabl\u00e4ufen garantieren wir eine <strong>schnelle und fehlerfreie Abwicklung Ihrer Bestellungen<\/strong>.<\/p>\n<p>Mit einem umfangreichen <strong>Netzwerk an Transportpartnern<\/strong> gew\u00e4hrleisten wir zuverl\u00e4ssige und termingerechte<strong> Lieferungen weltweit<\/strong>. Unabh\u00e4ngig von Ihrem Standort k\u00f6nnen wir unsere Produkte zeitnah und sicher zu Ihnen bringen. Bei Bedarf \u00fcbernehmen wir auch die <strong>Zollabwicklung<\/strong> f\u00fcr Sie.[\/vc_column_text][\/vc_column][vc_column width=&#8220;2\/3&#8243;]            <div class=\"single-video-holder\">\n                <div class=\"inner-holder\">\n                    <div >\n\t\t\t\t\t\t<div class=\"video-holder \"><video  controls >\n                                                      <source src=\"https:\/\/www.epodex-industries.com\/medien\/videos\/epodex-industries-b2b-grosshandel.mp4\">\n                                                      <source src=\"\" >\n                                                      Your browser does not support HTML video.\n                                                    <\/video><\/div>                    <\/div>\n                <\/div>\n            <\/div>\n\t\t\t[\/vc_column][\/vc_row][vc_row full_width=&#8220;stretch_row&#8220; el_class=&#8220;white-area&#8220;][vc_column]            <style>\n                .dmd-images-custom-gallery-holder.cgs_5ed6bab5-f329-480f-91ce-3a5e611eabb9 .dmd-image-slide-item {\n                    width: 33.333333333333%;\n                }\n\n                @media (max-width: 1200px) {\n                    .dmd-images-custom-gallery-holder.cgs_5ed6bab5-f329-480f-91ce-3a5e611eabb9 .dmd-image-slide-item {\n                        width: 50%;\n                    }\n                }\n\n                @media (max-width: 768px) {\n                    .dmd-images-custom-gallery-holder.cgs_5ed6bab5-f329-480f-91ce-3a5e611eabb9 .dmd-image-slide-item {\n                        width: 50%;\n                    }\n                }\n            <\/style>\n            <div class=\"dmd-images-custom-gallery-holder   disable-desktop  disable-tablet  disable-mobile cgs_5ed6bab5-f329-480f-91ce-3a5e611eabb9\"\n                 data-effect=\"carousel\"\n                 data-controls=\"true\"\n                 data-nav=\"true\"\n                 data-autoplay=\"\">\n\t\t\t\t                        <div class=\"dmd-image-slide-item\">\n\t\t\t\t\t\t\t                            <a href=\"https:\/\/old.epodex-industries.com\/wp-content\/uploads\/2023\/08\/epodex-industries-lager.jpg\"\n                               data-fancybox=\"852e9fee-ff11-4788-a50a-99ca313e73b0\">\n\t\t\t\t\t\t\t\t\n\t\t\t\t\t\t\t\t<img loading=\"lazy\" decoding=\"async\" width=\"1200\" height=\"800\" src=\"https:\/\/old.epodex-industries.com\/wp-content\/uploads\/2023\/08\/epodex-industries-lager.jpg\" class=\"attachment-full size-full wvs-archive-product-image\" alt=\"epodex industries lager\" srcset=\"https:\/\/old.epodex-industries.com\/wp-content\/uploads\/2023\/08\/epodex-industries-lager.jpg 1200w, https:\/\/old.epodex-industries.com\/wp-content\/uploads\/2023\/08\/epodex-industries-lager-600x400.jpg 600w, https:\/\/old.epodex-industries.com\/wp-content\/uploads\/2023\/08\/epodex-industries-lager-1024x683.jpg 1024w, https:\/\/old.epodex-industries.com\/wp-content\/uploads\/2023\/08\/epodex-industries-lager-300x200.jpg 300w, https:\/\/old.epodex-industries.com\/wp-content\/uploads\/2023\/08\/epodex-industries-lager-768x512.jpg 768w, https:\/\/old.epodex-industries.com\/wp-content\/uploads\/2023\/08\/epodex-industries-lager-800x533.jpg 800w\" sizes=\"auto, (max-width: 1200px) 100vw, 1200px\" \/>\n\t\t\t\t\t\t\t\t                            <\/a>\n\t\t\t\t\t\t                        <\/div>\n\t\t\t\t\t                        <div class=\"dmd-image-slide-item\">\n\t\t\t\t\t\t\t                            <a href=\"https:\/\/old.epodex-industries.com\/wp-content\/uploads\/2023\/08\/epodex-industries-lager-regale.jpg\"\n                               data-fancybox=\"852e9fee-ff11-4788-a50a-99ca313e73b0\">\n\t\t\t\t\t\t\t\t\n\t\t\t\t\t\t\t\t<img loading=\"lazy\" decoding=\"async\" width=\"1200\" height=\"800\" src=\"https:\/\/old.epodex-industries.com\/wp-content\/uploads\/2023\/08\/epodex-industries-lager-regale.jpg\" class=\"attachment-full size-full wvs-archive-product-image\" alt=\"epodex industries lager regale\" srcset=\"https:\/\/old.epodex-industries.com\/wp-content\/uploads\/2023\/08\/epodex-industries-lager-regale.jpg 1200w, https:\/\/old.epodex-industries.com\/wp-content\/uploads\/2023\/08\/epodex-industries-lager-regale-600x400.jpg 600w, https:\/\/old.epodex-industries.com\/wp-content\/uploads\/2023\/08\/epodex-industries-lager-regale-1024x683.jpg 1024w, https:\/\/old.epodex-industries.com\/wp-content\/uploads\/2023\/08\/epodex-industries-lager-regale-300x200.jpg 300w, https:\/\/old.epodex-industries.com\/wp-content\/uploads\/2023\/08\/epodex-industries-lager-regale-768x512.jpg 768w, https:\/\/old.epodex-industries.com\/wp-content\/uploads\/2023\/08\/epodex-industries-lager-regale-800x533.jpg 800w\" sizes=\"auto, (max-width: 1200px) 100vw, 1200px\" \/>\n\t\t\t\t\t\t\t\t                            <\/a>\n\t\t\t\t\t\t                        <\/div>\n\t\t\t\t\t                        <div class=\"dmd-image-slide-item\">\n\t\t\t\t\t\t\t                            <a href=\"https:\/\/old.epodex-industries.com\/wp-content\/uploads\/2021\/12\/epoxidharz-hersteller-grosshandel-epodex-3.jpg\"\n                               data-fancybox=\"852e9fee-ff11-4788-a50a-99ca313e73b0\">\n\t\t\t\t\t\t\t\t\n\t\t\t\t\t\t\t\t<img loading=\"lazy\" decoding=\"async\" width=\"1200\" height=\"800\" src=\"https:\/\/old.epodex-industries.com\/wp-content\/uploads\/2021\/12\/epoxidharz-hersteller-grosshandel-epodex-3.jpg\" class=\"attachment-full size-full wvs-archive-product-image\" alt=\"epoxidharz hersteller grosshandel epodex\" srcset=\"https:\/\/old.epodex-industries.com\/wp-content\/uploads\/2021\/12\/epoxidharz-hersteller-grosshandel-epodex-3.jpg 1200w, https:\/\/old.epodex-industries.com\/wp-content\/uploads\/2021\/12\/epoxidharz-hersteller-grosshandel-epodex-3-800x533.jpg 800w, https:\/\/old.epodex-industries.com\/wp-content\/uploads\/2021\/12\/epoxidharz-hersteller-grosshandel-epodex-3-300x200.jpg 300w, https:\/\/old.epodex-industries.com\/wp-content\/uploads\/2021\/12\/epoxidharz-hersteller-grosshandel-epodex-3-600x400.jpg 600w, https:\/\/old.epodex-industries.com\/wp-content\/uploads\/2021\/12\/epoxidharz-hersteller-grosshandel-epodex-3-1024x683.jpg 1024w, https:\/\/old.epodex-industries.com\/wp-content\/uploads\/2021\/12\/epoxidharz-hersteller-grosshandel-epodex-3-768x512.jpg 768w\" sizes=\"auto, (max-width: 1200px) 100vw, 1200px\" \/>\n\t\t\t\t\t\t\t\t                            <\/a>\n\t\t\t\t\t\t                        <\/div>\n\t\t\t\t\t                        <div class=\"dmd-image-slide-item\">\n\t\t\t\t\t\t\t                            <a href=\"https:\/\/old.epodex-industries.com\/wp-content\/uploads\/2023\/08\/epodex-industries-produkte.jpg\"\n                               data-fancybox=\"852e9fee-ff11-4788-a50a-99ca313e73b0\">\n\t\t\t\t\t\t\t\t\n\t\t\t\t\t\t\t\t<img loading=\"lazy\" decoding=\"async\" width=\"1200\" height=\"800\" src=\"https:\/\/old.epodex-industries.com\/wp-content\/uploads\/2023\/08\/epodex-industries-produkte.jpg\" class=\"attachment-full size-full wvs-archive-product-image\" alt=\"epodex industries produkte\" srcset=\"https:\/\/old.epodex-industries.com\/wp-content\/uploads\/2023\/08\/epodex-industries-produkte.jpg 1200w, https:\/\/old.epodex-industries.com\/wp-content\/uploads\/2023\/08\/epodex-industries-produkte-600x400.jpg 600w, https:\/\/old.epodex-industries.com\/wp-content\/uploads\/2023\/08\/epodex-industries-produkte-1024x683.jpg 1024w, https:\/\/old.epodex-industries.com\/wp-content\/uploads\/2023\/08\/epodex-industries-produkte-300x200.jpg 300w, https:\/\/old.epodex-industries.com\/wp-content\/uploads\/2023\/08\/epodex-industries-produkte-768x512.jpg 768w, https:\/\/old.epodex-industries.com\/wp-content\/uploads\/2023\/08\/epodex-industries-produkte-800x533.jpg 800w\" sizes=\"auto, (max-width: 1200px) 100vw, 1200px\" \/>\n\t\t\t\t\t\t\t\t                            <\/a>\n\t\t\t\t\t\t                        <\/div>\n\t\t\t\t\t                        <div class=\"dmd-image-slide-item\">\n\t\t\t\t\t\t\t                            <a href=\"https:\/\/old.epodex-industries.com\/wp-content\/uploads\/2021\/12\/epoxidharz-hersteller-ibc-kaufen.jpg\"\n                               data-fancybox=\"852e9fee-ff11-4788-a50a-99ca313e73b0\">\n\t\t\t\t\t\t\t\t\n\t\t\t\t\t\t\t\t<img loading=\"lazy\" decoding=\"async\" width=\"1200\" height=\"800\" src=\"https:\/\/old.epodex-industries.com\/wp-content\/uploads\/2021\/12\/epoxidharz-hersteller-ibc-kaufen.jpg\" class=\"attachment-full size-full wvs-archive-product-image\" alt=\"epoxidharz hersteller ibc- kaufen\" srcset=\"https:\/\/old.epodex-industries.com\/wp-content\/uploads\/2021\/12\/epoxidharz-hersteller-ibc-kaufen.jpg 1200w, https:\/\/old.epodex-industries.com\/wp-content\/uploads\/2021\/12\/epoxidharz-hersteller-ibc-kaufen-800x533.jpg 800w, https:\/\/old.epodex-industries.com\/wp-content\/uploads\/2021\/12\/epoxidharz-hersteller-ibc-kaufen-300x200.jpg 300w, https:\/\/old.epodex-industries.com\/wp-content\/uploads\/2021\/12\/epoxidharz-hersteller-ibc-kaufen-600x400.jpg 600w, https:\/\/old.epodex-industries.com\/wp-content\/uploads\/2021\/12\/epoxidharz-hersteller-ibc-kaufen-1024x683.jpg 1024w, https:\/\/old.epodex-industries.com\/wp-content\/uploads\/2021\/12\/epoxidharz-hersteller-ibc-kaufen-768x512.jpg 768w\" sizes=\"auto, (max-width: 1200px) 100vw, 1200px\" \/>\n\t\t\t\t\t\t\t\t                            <\/a>\n\t\t\t\t\t\t                        <\/div>\n\t\t\t\t\t                        <div class=\"dmd-image-slide-item\">\n\t\t\t\t\t\t\t                            <a href=\"https:\/\/old.epodex-industries.com\/wp-content\/uploads\/2024\/01\/epodex-epoxy-company.jpg\"\n                               data-fancybox=\"852e9fee-ff11-4788-a50a-99ca313e73b0\">\n\t\t\t\t\t\t\t\t\n\t\t\t\t\t\t\t\t<img loading=\"lazy\" decoding=\"async\" width=\"1200\" height=\"800\" src=\"https:\/\/old.epodex-industries.com\/wp-content\/uploads\/2024\/01\/epodex-epoxy-company.jpg\" class=\"attachment-full size-full wvs-archive-product-image\" alt=\"epodex epoxy company\" srcset=\"https:\/\/old.epodex-industries.com\/wp-content\/uploads\/2024\/01\/epodex-epoxy-company.jpg 1200w, https:\/\/old.epodex-industries.com\/wp-content\/uploads\/2024\/01\/epodex-epoxy-company-600x400.jpg 600w, https:\/\/old.epodex-industries.com\/wp-content\/uploads\/2024\/01\/epodex-epoxy-company-1024x683.jpg 1024w, https:\/\/old.epodex-industries.com\/wp-content\/uploads\/2024\/01\/epodex-epoxy-company-300x200.jpg 300w, https:\/\/old.epodex-industries.com\/wp-content\/uploads\/2024\/01\/epodex-epoxy-company-768x512.jpg 768w, https:\/\/old.epodex-industries.com\/wp-content\/uploads\/2024\/01\/epodex-epoxy-company-800x533.jpg 800w\" sizes=\"auto, (max-width: 1200px) 100vw, 1200px\" \/>\n\t\t\t\t\t\t\t\t                            <\/a>\n\t\t\t\t\t\t                        <\/div>\n\t\t\t\t\t            <\/div>\n\t\t\t[\/vc_column][\/vc_row]<\/p>\n<\/div>","protected":false},"excerpt":{"rendered":"<p>[vc_row full_width=&#8220;stretch_row&#8220;][vc_column width=&#8220;1\/3&#8243;][vc_column_text] Lager- und Logistikzentrum Unser Lager- und Logistikzentrum ist speziell darauf ausgelegt, den anspruchsvollen Anforderungen unserer B2B-Kunden gerecht zu werden. Dank modernster Lagertechnik und optimierten Logistikabl\u00e4ufen garantieren wir eine schnelle und fehlerfreie Abwicklung Ihrer Bestellungen. Mit einem umfangreichen Netzwerk an Transportpartnern gew\u00e4hrleisten wir zuverl\u00e4ssige und termingerechte Lieferungen weltweit. Unabh\u00e4ngig von Ihrem Standort k\u00f6nnen [&hellip;]<\/p>\n","protected":false},"author":4,"featured_media":0,"parent":4137,"menu_order":0,"comment_status":"closed","ping_status":"closed","template":"","meta":{"footnotes":""},"class_list":["post-4148","page","type-page","status-publish","hentry"],"yoast_head":"<!-- This site is optimized with the Yoast SEO plugin v26.7 - https:\/\/yoast.com\/wordpress\/plugins\/seo\/ -->\n<title>Logistik \/ Weltweiter Versand - EPODEX Lager- und Logistikzentrum<\/title>\n<meta name=\"description\" content=\"schnelle und fehlerfreie Abwicklung Ihrer Bestellungen. | Schnelle und fehlerfreie Abwicklung Ihrer Bestellungen | EPODEX B2B\" \/>\n<meta name=\"robots\" content=\"index, follow, max-snippet:-1, max-image-preview:large, max-video-preview:-1\" \/>\n<link rel=\"canonical\" href=\"https:\/\/old.epodex-industries.com\/de\/service\/logistik-versand\/\" \/>\n<meta property=\"og:locale\" content=\"de_DE\" \/>\n<meta property=\"og:type\" content=\"article\" \/>\n<meta property=\"og:title\" content=\"Logistik \/ Weltweiter Versand - EPODEX Lager- und Logistikzentrum\" \/>\n<meta property=\"og:description\" content=\"schnelle und fehlerfreie Abwicklung Ihrer Bestellungen. | Schnelle und fehlerfreie Abwicklung Ihrer Bestellungen | EPODEX B2B\" \/>\n<meta property=\"og:url\" content=\"https:\/\/old.epodex-industries.com\/de\/service\/logistik-versand\/\" \/>\n<meta property=\"og:site_name\" content=\"EPODEX Industries | B2B Plattform\" \/>\n<meta property=\"article:publisher\" content=\"https:\/\/www.facebook.com\/Epodex\/\" \/>\n<meta property=\"article:modified_time\" content=\"2024-01-08T10:10:25+00:00\" \/>\n<meta name=\"twitter:card\" content=\"summary_large_image\" \/>\n<meta name=\"twitter:label1\" content=\"Gesch\u00e4tzte Lesezeit\" \/>\n\t<meta name=\"twitter:data1\" content=\"2\u00a0Minuten\" \/>\n<script type=\"application\/ld+json\" class=\"yoast-schema-graph\">{\"@context\":\"https:\/\/schema.org\",\"@graph\":[{\"@type\":\"WebPage\",\"@id\":\"https:\/\/old.epodex-industries.com\/de\/service\/logistik-versand\/\",\"url\":\"https:\/\/old.epodex-industries.com\/de\/service\/logistik-versand\/\",\"name\":\"Logistik \/ Weltweiter Versand - EPODEX Lager- und Logistikzentrum\",\"isPartOf\":{\"@id\":\"https:\/\/old.epodex-industries.com\/fr\/#website\"},\"datePublished\":\"2023-08-25T16:35:44+00:00\",\"dateModified\":\"2024-01-08T10:10:25+00:00\",\"description\":\"schnelle und fehlerfreie Abwicklung Ihrer Bestellungen. | Schnelle und fehlerfreie Abwicklung Ihrer Bestellungen | EPODEX B2B\",\"breadcrumb\":{\"@id\":\"https:\/\/old.epodex-industries.com\/de\/service\/logistik-versand\/#breadcrumb\"},\"inLanguage\":\"de\",\"potentialAction\":[{\"@type\":\"ReadAction\",\"target\":[\"https:\/\/old.epodex-industries.com\/de\/service\/logistik-versand\/\"]}]},{\"@type\":\"BreadcrumbList\",\"@id\":\"https:\/\/old.epodex-industries.com\/de\/service\/logistik-versand\/#breadcrumb\",\"itemListElement\":[{\"@type\":\"ListItem\",\"position\":1,\"name\":\"Startseite\",\"item\":\"https:\/\/old.epodex-industries.com\/de\/\"},{\"@type\":\"ListItem\",\"position\":2,\"name\":\"Service\",\"item\":\"https:\/\/old.epodex-industries.com\/de\/service\/\"},{\"@type\":\"ListItem\",\"position\":3,\"name\":\"Logistik \/ Weltweiter Versand\"}]},{\"@type\":\"WebSite\",\"@id\":\"https:\/\/old.epodex-industries.com\/fr\/#website\",\"url\":\"https:\/\/old.epodex-industries.com\/fr\/\",\"name\":\"EPODEX Industries | B2B Plattform\",\"description\":\"Hersteller + Gro\u00dfhandel f\u00fcr Baustoffe\",\"publisher\":{\"@id\":\"https:\/\/old.epodex-industries.com\/fr\/#organization\"},\"alternateName\":\"EPODEX Industries | Hersteller + Gro\u00dfhandel f\u00fcr Baustoffe\",\"potentialAction\":[{\"@type\":\"SearchAction\",\"target\":{\"@type\":\"EntryPoint\",\"urlTemplate\":\"https:\/\/old.epodex-industries.com\/fr\/?s={search_term_string}\"},\"query-input\":{\"@type\":\"PropertyValueSpecification\",\"valueRequired\":true,\"valueName\":\"search_term_string\"}}],\"inLanguage\":\"de\"},{\"@type\":\"Organization\",\"@id\":\"https:\/\/old.epodex-industries.com\/fr\/#organization\",\"name\":\"EPODEX Industries\",\"url\":\"https:\/\/old.epodex-industries.com\/fr\/\",\"logo\":{\"@type\":\"ImageObject\",\"inLanguage\":\"de\",\"@id\":\"https:\/\/old.epodex-industries.com\/fr\/#\/schema\/logo\/image\/\",\"url\":\"https:\/\/www.epodex-industries.com\/wp-content\/uploads\/2023\/06\/Logo-Epodex-Rechnung.jpg\",\"contentUrl\":\"https:\/\/www.epodex-industries.com\/wp-content\/uploads\/2023\/06\/Logo-Epodex-Rechnung.jpg\",\"width\":261,\"height\":50,\"caption\":\"EPODEX Industries\"},\"image\":{\"@id\":\"https:\/\/old.epodex-industries.com\/fr\/#\/schema\/logo\/image\/\"},\"sameAs\":[\"https:\/\/www.facebook.com\/Epodex\/\",\"https:\/\/www.instagram.com\/epodex_official\/\",\"https:\/\/www.pinterest.de\/epodex_com\/\",\"https:\/\/www.youtube.com\/channel\/UC7lFrJ9YpN1yg43sTc6q3ow\"]}]}<\/script>\n<!-- \/ Yoast SEO plugin. -->","yoast_head_json":{"title":"Logistik \/ Weltweiter Versand - EPODEX Lager- und Logistikzentrum","description":"schnelle und fehlerfreie Abwicklung Ihrer Bestellungen. | Schnelle und fehlerfreie Abwicklung Ihrer Bestellungen | EPODEX B2B","robots":{"index":"index","follow":"follow","max-snippet":"max-snippet:-1","max-image-preview":"max-image-preview:large","max-video-preview":"max-video-preview:-1"},"canonical":"https:\/\/old.epodex-industries.com\/de\/service\/logistik-versand\/","og_locale":"de_DE","og_type":"article","og_title":"Logistik \/ Weltweiter Versand - EPODEX Lager- und Logistikzentrum","og_description":"schnelle und fehlerfreie Abwicklung Ihrer Bestellungen. | Schnelle und fehlerfreie Abwicklung Ihrer Bestellungen | EPODEX B2B","og_url":"https:\/\/old.epodex-industries.com\/de\/service\/logistik-versand\/","og_site_name":"EPODEX Industries | B2B Plattform","article_publisher":"https:\/\/www.facebook.com\/Epodex\/","article_modified_time":"2024-01-08T10:10:25+00:00","twitter_card":"summary_large_image","twitter_misc":{"Gesch\u00e4tzte Lesezeit":"2\u00a0Minuten"},"schema":{"@context":"https:\/\/schema.org","@graph":[{"@type":"WebPage","@id":"https:\/\/old.epodex-industries.com\/de\/service\/logistik-versand\/","url":"https:\/\/old.epodex-industries.com\/de\/service\/logistik-versand\/","name":"Logistik \/ Weltweiter Versand - EPODEX Lager- und Logistikzentrum","isPartOf":{"@id":"https:\/\/old.epodex-industries.com\/fr\/#website"},"datePublished":"2023-08-25T16:35:44+00:00","dateModified":"2024-01-08T10:10:25+00:00","description":"schnelle und fehlerfreie Abwicklung Ihrer Bestellungen. | Schnelle und fehlerfreie Abwicklung Ihrer Bestellungen | EPODEX B2B","breadcrumb":{"@id":"https:\/\/old.epodex-industries.com\/de\/service\/logistik-versand\/#breadcrumb"},"inLanguage":"de","potentialAction":[{"@type":"ReadAction","target":["https:\/\/old.epodex-industries.com\/de\/service\/logistik-versand\/"]}]},{"@type":"BreadcrumbList","@id":"https:\/\/old.epodex-industries.com\/de\/service\/logistik-versand\/#breadcrumb","itemListElement":[{"@type":"ListItem","position":1,"name":"Startseite","item":"https:\/\/old.epodex-industries.com\/de\/"},{"@type":"ListItem","position":2,"name":"Service","item":"https:\/\/old.epodex-industries.com\/de\/service\/"},{"@type":"ListItem","position":3,"name":"Logistik \/ Weltweiter Versand"}]},{"@type":"WebSite","@id":"https:\/\/old.epodex-industries.com\/fr\/#website","url":"https:\/\/old.epodex-industries.com\/fr\/","name":"EPODEX Industries | B2B Plattform","description":"Hersteller + Gro\u00dfhandel f\u00fcr Baustoffe","publisher":{"@id":"https:\/\/old.epodex-industries.com\/fr\/#organization"},"alternateName":"EPODEX Industries | Hersteller + Gro\u00dfhandel f\u00fcr Baustoffe","potentialAction":[{"@type":"SearchAction","target":{"@type":"EntryPoint","urlTemplate":"https:\/\/old.epodex-industries.com\/fr\/?s={search_term_string}"},"query-input":{"@type":"PropertyValueSpecification","valueRequired":true,"valueName":"search_term_string"}}],"inLanguage":"de"},{"@type":"Organization","@id":"https:\/\/old.epodex-industries.com\/fr\/#organization","name":"EPODEX Industries","url":"https:\/\/old.epodex-industries.com\/fr\/","logo":{"@type":"ImageObject","inLanguage":"de","@id":"https:\/\/old.epodex-industries.com\/fr\/#\/schema\/logo\/image\/","url":"https:\/\/www.epodex-industries.com\/wp-content\/uploads\/2023\/06\/Logo-Epodex-Rechnung.jpg","contentUrl":"https:\/\/www.epodex-industries.com\/wp-content\/uploads\/2023\/06\/Logo-Epodex-Rechnung.jpg","width":261,"height":50,"caption":"EPODEX Industries"},"image":{"@id":"https:\/\/old.epodex-industries.com\/fr\/#\/schema\/logo\/image\/"},"sameAs":["https:\/\/www.facebook.com\/Epodex\/","https:\/\/www.instagram.com\/epodex_official\/","https:\/\/www.pinterest.de\/epodex_com\/","https:\/\/www.youtube.com\/channel\/UC7lFrJ9YpN1yg43sTc6q3ow"]}]}},"_links":{"self":[{"href":"https:\/\/old.epodex-industries.com\/de\/wp-json\/wp\/v2\/pages\/4148","targetHints":{"allow":["GET"]}}],"collection":[{"href":"https:\/\/old.epodex-industries.com\/de\/wp-json\/wp\/v2\/pages"}],"about":[{"href":"https:\/\/old.epodex-industries.com\/de\/wp-json\/wp\/v2\/types\/page"}],"author":[{"embeddable":true,"href":"https:\/\/old.epodex-industries.com\/de\/wp-json\/wp\/v2\/users\/4"}],"replies":[{"embeddable":true,"href":"https:\/\/old.epodex-industries.com\/de\/wp-json\/wp\/v2\/comments?post=4148"}],"version-history":[{"count":17,"href":"https:\/\/old.epodex-industries.com\/de\/wp-json\/wp\/v2\/pages\/4148\/revisions"}],"predecessor-version":[{"id":13404,"href":"https:\/\/old.epodex-industries.com\/de\/wp-json\/wp\/v2\/pages\/4148\/revisions\/13404"}],"up":[{"embeddable":true,"href":"https:\/\/old.epodex-industries.com\/de\/wp-json\/wp\/v2\/pages\/4137"}],"wp:attachment":[{"href":"https:\/\/old.epodex-industries.com\/de\/wp-json\/wp\/v2\/media?parent=4148"}],"curies":[{"name":"wp","href":"https:\/\/api.w.org\/{rel}","templated":true}]}}