{"id":4140,"date":"2023-08-25T18:29:26","date_gmt":"2023-08-25T16:29:26","guid":{"rendered":"https:\/\/www.epodex-industries.com\/?page_id=4140"},"modified":"2023-12-01T18:30:12","modified_gmt":"2023-12-01T17:30:12","slug":"schulungen-events","status":"publish","type":"page","link":"https:\/\/old.epodex-industries.com\/de\/service\/schulungen-events\/","title":{"rendered":"Schulungen \/ Events"},"content":{"rendered":"<div class=\"wpb-content-wrapper\"><p>[vc_row el_class=&#8220;split-50-50&#8243;][vc_column width=&#8220;1\/2&#8243;][vc_column_text]<\/p>\n<h2>Schulungen f\u00fcr Verarbeiter<\/h2>\n<p>Unsere intensiven Praxisschulungen erm\u00f6glichen Handwerkern und anderen Betrieben die fachgerechte Anwendung unserer Produkte. Die Leerg\u00e4nge werden nach individueller Vereinbarung von unserem geschulten und zertifizierten Personal durchgef\u00fchrt. Nutzen Sie dazu unser Kontaktformular und schreiben Sie uns Ihre W\u00fcnsche und Fragen. Wir melden uns zur\u00fcck und besprechen mit Ihnen die Details. Wir freuen uns auf Ihre Anfrage.<\/p>\n<p>Die EPODEX Produkte und Systeme sind f\u00fcr die Verarbeitung durch private und gewerbliche Anwender vorgesehen. Zus\u00e4tzlich zu unserem Youtube-Kanal, unseren Infoseiten und unserem EPODEX Kundenservice, bieten wir f\u00fcr gewerbliche Kunden gezielte Schulungen an.[\/vc_column_text]                <div class=\"qa-tabs-holder\" itemscope itemtype=\"https:\/\/schema.org\/FAQPage\">\n\t\t\t\t\t                        <div itemscope itemprop=\"mainEntity\" itemtype=\"https:\/\/schema.org\/Question\" class=\"single-qa \">\n                            <h3 itemprop=\"name\" class=\"tab-question\">WELCHE F\u00c4HIGKEITEN WERDEN MIR BEIGEBRACHT?<\/h3>\n                            <div itemscope itemprop=\"acceptedAnswer\" itemtype=\"https:\/\/schema.org\/Answer\" class=\"tab-answer\">\n                                <div itemprop=\"text\">\n                                    Die F\u00e4higkeiten die beigebracht werden sind von den einzelnen Schulungen abh\u00e4ngig. Genauere Informationen werden vor einer Schulung mitgeteilt.<br \/>\n                                <\/div>\n                            <\/div>\n                        <\/div>\n\t\t\t\t\t                        <div itemscope itemprop=\"mainEntity\" itemtype=\"https:\/\/schema.org\/Question\" class=\"single-qa \">\n                            <h3 itemprop=\"name\" class=\"tab-question\">MIT WELCHEN KOSTEN DARF ICH ALS TEILNEHMER RECHNEN?<\/h3>\n                            <div itemscope itemprop=\"acceptedAnswer\" itemtype=\"https:\/\/schema.org\/Answer\" class=\"tab-answer\">\n                                <div itemprop=\"text\">\n                                    Die Kosten f\u00fcr eine Schulung liegen zwischen 600 bis 2500 Euro, abh\u00e4ngig vom Dauer und Aufwand des Kurses.<br \/>\n                                <\/div>\n                            <\/div>\n                        <\/div>\n\t\t\t\t\t                <\/div>\n\t\t\t[\/vc_column][vc_column width=&#8220;1\/2&#8243;][vc_single_image image=&#8220;191&#8243; img_size=&#8220;full&#8220;][\/vc_column][\/vc_row][vc_row full_width=&#8220;stretch_row&#8220; parallax=&#8220;content-moving-fade&#8220; parallax_image=&#8220;86&#8243; parallax_speed_bg=&#8220;none&#8220; el_class=&#8220;trust_area&#8220; css=&#8220;.vc_custom_1639166433668{padding-bottom: 40px !important;}&#8220;][vc_column]            <div class=\"events-wrapper\" style=\"--desktop-columns: 3; --tablet-columns: 3; --mobile-columns: 1\">\n\t\t\t\t                    <div class=\"event-card\">\n                        <div class=\"d-flex flex-column justify-content-between h-100\">\n                            <div>\n                                <div class=\"d-flex justify-content-between mb-3\">\n                                    <h4 class=\"mb-0 mr-4\">Schulungen f\u00fcr Handwerker:<\/h4>\n\t\t\t\t\t\t\t\t\t                                <\/div>\n\t\t\t\t\t\t\t\t                                    <p class=\"mb-3\">Entdecken Sie unsere ma\u00dfgeschneiderten Schulungen f\u00fcr Handwerker, die darauf abzielen, Ihr Fachwissen und Ihre F\u00e4higkeiten in verschiedenen Handwerksbereichen zu erweitern und zu vertiefen.<\/p>\n\t\t\t\t\t\t\t\t                            <\/div>\n                            <div>\n\t\t\t\t\t\t\t\t                                    <div class=\"event-card-detail mb-2\">\n                                        <i class=\"fa fa-calendar-o\" aria-hidden=\"true\"><\/i>\n                                        <span>05.02.2024<\/span>\n                                    <\/div>\n\t\t\t\t\t\t\t\t\t\t\t\t\t\t\t\t                                    <div class=\"event-card-detail\">\n                                        <i class=\"fa fa-map-marker\" aria-hidden=\"true\"><\/i>\n                                        <span>Krefeld<\/span>\n                                    <\/div>\n\t\t\t\t\t\t\t\t\t\t\t\t\t\t\t\t                                    <div class=\"d-flex flex-wrap border-top mt-3 pt-2\">\n\t\t\t\t\t\t\t\t\t\t                                            <div class=\"mb-0 mt-2 mr-2 alert alert-primary py-1 px-2 rounded-pill small\">\n\t\t\t\t\t\t\t\t\t\t\t\tSchulungen                                            <\/div>\n\t\t\t\t\t\t\t\t\t\t                                            <div class=\"mb-0 mt-2 mr-2 alert alert-primary py-1 px-2 rounded-pill small\">\n\t\t\t\t\t\t\t\t\t\t\t\tHandwerker                                            <\/div>\n\t\t\t\t\t\t\t\t\t\t                                            <div class=\"mb-0 mt-2 mr-2 alert alert-primary py-1 px-2 rounded-pill small\">\n\t\t\t\t\t\t\t\t\t\t\t\tEpodex                                            <\/div>\n\t\t\t\t\t\t\t\t\t\t                                            <div class=\"mb-0 mt-2 mr-2 alert alert-primary py-1 px-2 rounded-pill small\">\n\t\t\t\t\t\t\t\t\t\t\t\tKrefeld                                            <\/div>\n\t\t\t\t\t\t\t\t\t\t                                    <\/div>\n\t\t\t\t\t\t\t\t                            <\/div>\n                        <\/div>\n                    <\/div>\n\t\t\t\t                    <div class=\"event-card\">\n                        <div class=\"d-flex flex-column justify-content-between h-100\">\n                            <div>\n                                <div class=\"d-flex justify-content-between mb-3\">\n                                    <h4 class=\"mb-0 mr-4\">Bodenbeschichtungen mit Harz<\/h4>\n\t\t\t\t\t\t\t\t\t                                <\/div>\n\t\t\t\t\t\t\t\t                                    <p class=\"mb-3\">Lernen Sie in unserer spezialisierten Schulung alles \u00fcber die Kunst der Bodenbeschichtung mit Harz, von der Grundvorbereitung bis zur perfekten Anwendung und Nachbehandlung.<\/p>\n\t\t\t\t\t\t\t\t                            <\/div>\n                            <div>\n\t\t\t\t\t\t\t\t                                    <div class=\"event-card-detail mb-2\">\n                                        <i class=\"fa fa-calendar-o\" aria-hidden=\"true\"><\/i>\n                                        <span>23.02.2024<\/span>\n                                    <\/div>\n\t\t\t\t\t\t\t\t\t\t\t\t\t\t\t\t                                    <div class=\"event-card-detail\">\n                                        <i class=\"fa fa-map-marker\" aria-hidden=\"true\"><\/i>\n                                        <span>Krefeld<\/span>\n                                    <\/div>\n\t\t\t\t\t\t\t\t\t\t\t\t\t\t\t\t                                    <div class=\"d-flex flex-wrap border-top mt-3 pt-2\">\n\t\t\t\t\t\t\t\t\t\t                                            <div class=\"mb-0 mt-2 mr-2 alert alert-primary py-1 px-2 rounded-pill small\">\n\t\t\t\t\t\t\t\t\t\t\t\tSchulungen                                            <\/div>\n\t\t\t\t\t\t\t\t\t\t                                            <div class=\"mb-0 mt-2 mr-2 alert alert-primary py-1 px-2 rounded-pill small\">\n\t\t\t\t\t\t\t\t\t\t\t\tBodenbeschichtungen                                            <\/div>\n\t\t\t\t\t\t\t\t\t\t                                            <div class=\"mb-0 mt-2 mr-2 alert alert-primary py-1 px-2 rounded-pill small\">\n\t\t\t\t\t\t\t\t\t\t\t\tHarz                                            <\/div>\n\t\t\t\t\t\t\t\t\t\t                                            <div class=\"mb-0 mt-2 mr-2 alert alert-primary py-1 px-2 rounded-pill small\">\n\t\t\t\t\t\t\t\t\t\t\t\tKrefeld                                            <\/div>\n\t\t\t\t\t\t\t\t\t\t                                    <\/div>\n\t\t\t\t\t\t\t\t                            <\/div>\n                        <\/div>\n                    <\/div>\n\t\t\t\t                    <div class=\"event-card\">\n                        <div class=\"d-flex flex-column justify-content-between h-100\">\n                            <div>\n                                <div class=\"d-flex justify-content-between mb-3\">\n                                    <h4 class=\"mb-0 mr-4\">Schulungen zur Verarbeitung von Mikrozement<\/h4>\n\t\t\t\t\t\t\t\t\t                                <\/div>\n\t\t\t\t\t\t\t\t                                    <p class=\"mb-3\">Tauchen Sie mit unseren professionellen Schulungen tief in die Welt des Mikrozements ein und erwerben Sie umfassende Kenntnisse und praktische Fertigkeiten in seiner Verarbeitung und Anwendung.<\/p>\n\t\t\t\t\t\t\t\t                            <\/div>\n                            <div>\n\t\t\t\t\t\t\t\t                                    <div class=\"event-card-detail mb-2\">\n                                        <i class=\"fa fa-calendar-o\" aria-hidden=\"true\"><\/i>\n                                        <span>13.03.2024<\/span>\n                                    <\/div>\n\t\t\t\t\t\t\t\t\t\t\t\t\t\t\t\t                                    <div class=\"event-card-detail\">\n                                        <i class=\"fa fa-map-marker\" aria-hidden=\"true\"><\/i>\n                                        <span>Krefeld<\/span>\n                                    <\/div>\n\t\t\t\t\t\t\t\t\t\t\t\t\t\t\t\t                                    <div class=\"d-flex flex-wrap border-top mt-3 pt-2\">\n\t\t\t\t\t\t\t\t\t\t                                            <div class=\"mb-0 mt-2 mr-2 alert alert-primary py-1 px-2 rounded-pill small\">\n\t\t\t\t\t\t\t\t\t\t\t\tSchulungen                                            <\/div>\n\t\t\t\t\t\t\t\t\t\t                                            <div class=\"mb-0 mt-2 mr-2 alert alert-primary py-1 px-2 rounded-pill small\">\n\t\t\t\t\t\t\t\t\t\t\t\tBodenbeschichtungen                                            <\/div>\n\t\t\t\t\t\t\t\t\t\t                                            <div class=\"mb-0 mt-2 mr-2 alert alert-primary py-1 px-2 rounded-pill small\">\n\t\t\t\t\t\t\t\t\t\t\t\tHarz                                            <\/div>\n\t\t\t\t\t\t\t\t\t\t                                            <div class=\"mb-0 mt-2 mr-2 alert alert-primary py-1 px-2 rounded-pill small\">\n\t\t\t\t\t\t\t\t\t\t\t\tKrefeld                                            <\/div>\n\t\t\t\t\t\t\t\t\t\t                                    <\/div>\n\t\t\t\t\t\t\t\t                            <\/div>\n                        <\/div>\n                    <\/div>\n\t\t\t\t            <\/div>\n\t\t\t[\/vc_column][\/vc_row]<\/p>\n<\/div>","protected":false},"excerpt":{"rendered":"<p>[vc_row el_class=&#8220;split-50-50&#8243;][vc_column width=&#8220;1\/2&#8243;][vc_column_text] Schulungen f\u00fcr Verarbeiter Unsere intensiven Praxisschulungen erm\u00f6glichen Handwerkern und anderen Betrieben die fachgerechte Anwendung unserer Produkte. Die Leerg\u00e4nge werden nach individueller Vereinbarung von unserem geschulten und zertifizierten Personal durchgef\u00fchrt. Nutzen Sie dazu unser Kontaktformular und schreiben Sie uns Ihre W\u00fcnsche und Fragen. Wir melden uns zur\u00fcck und besprechen mit Ihnen die Details. [&hellip;]<\/p>\n","protected":false},"author":4,"featured_media":0,"parent":4137,"menu_order":0,"comment_status":"closed","ping_status":"closed","template":"","meta":{"footnotes":""},"class_list":["post-4140","page","type-page","status-publish","hentry"],"yoast_head":"<!-- This site is optimized with the Yoast SEO plugin v26.7 - https:\/\/yoast.com\/wordpress\/plugins\/seo\/ -->\n<title>Schulungen \/ Events - f\u00fcr Verarbeiter und EPODEX Partner<\/title>\n<meta name=\"description\" content=\"Schulungen f\u00fcr Verarbeiter und EPODEX Partner | Praxisschulungen | F\u00fcr gewerbliche Anwender | EPODEX Industries\" \/>\n<meta name=\"robots\" content=\"index, follow, max-snippet:-1, max-image-preview:large, max-video-preview:-1\" \/>\n<link rel=\"canonical\" href=\"https:\/\/old.epodex-industries.com\/de\/service\/schulungen-events\/\" \/>\n<meta property=\"og:locale\" content=\"de_DE\" \/>\n<meta property=\"og:type\" content=\"article\" \/>\n<meta property=\"og:title\" content=\"Schulungen \/ Events - f\u00fcr Verarbeiter und EPODEX Partner\" \/>\n<meta property=\"og:description\" content=\"Schulungen f\u00fcr Verarbeiter und EPODEX Partner | Praxisschulungen | F\u00fcr gewerbliche Anwender | EPODEX Industries\" \/>\n<meta property=\"og:url\" content=\"https:\/\/old.epodex-industries.com\/de\/service\/schulungen-events\/\" \/>\n<meta property=\"og:site_name\" content=\"EPODEX Industries | B2B Plattform\" \/>\n<meta property=\"article:publisher\" content=\"https:\/\/www.facebook.com\/Epodex\/\" \/>\n<meta property=\"article:modified_time\" content=\"2023-12-01T17:30:12+00:00\" \/>\n<meta name=\"twitter:card\" content=\"summary_large_image\" \/>\n<meta name=\"twitter:label1\" content=\"Gesch\u00e4tzte Lesezeit\" \/>\n\t<meta name=\"twitter:data1\" content=\"1\u00a0Minute\" \/>\n<script type=\"application\/ld+json\" class=\"yoast-schema-graph\">{\"@context\":\"https:\/\/schema.org\",\"@graph\":[{\"@type\":\"WebPage\",\"@id\":\"https:\/\/old.epodex-industries.com\/de\/service\/schulungen-events\/\",\"url\":\"https:\/\/old.epodex-industries.com\/de\/service\/schulungen-events\/\",\"name\":\"Schulungen \/ Events - f\u00fcr Verarbeiter und EPODEX Partner\",\"isPartOf\":{\"@id\":\"https:\/\/old.epodex-industries.com\/fr\/#website\"},\"datePublished\":\"2023-08-25T16:29:26+00:00\",\"dateModified\":\"2023-12-01T17:30:12+00:00\",\"description\":\"Schulungen f\u00fcr Verarbeiter und EPODEX Partner | Praxisschulungen | F\u00fcr gewerbliche Anwender | EPODEX Industries\",\"breadcrumb\":{\"@id\":\"https:\/\/old.epodex-industries.com\/de\/service\/schulungen-events\/#breadcrumb\"},\"inLanguage\":\"de\",\"potentialAction\":[{\"@type\":\"ReadAction\",\"target\":[\"https:\/\/old.epodex-industries.com\/de\/service\/schulungen-events\/\"]}]},{\"@type\":\"BreadcrumbList\",\"@id\":\"https:\/\/old.epodex-industries.com\/de\/service\/schulungen-events\/#breadcrumb\",\"itemListElement\":[{\"@type\":\"ListItem\",\"position\":1,\"name\":\"Startseite\",\"item\":\"https:\/\/old.epodex-industries.com\/de\/\"},{\"@type\":\"ListItem\",\"position\":2,\"name\":\"Service\",\"item\":\"https:\/\/old.epodex-industries.com\/de\/service\/\"},{\"@type\":\"ListItem\",\"position\":3,\"name\":\"Schulungen \/ Events\"}]},{\"@type\":\"WebSite\",\"@id\":\"https:\/\/old.epodex-industries.com\/fr\/#website\",\"url\":\"https:\/\/old.epodex-industries.com\/fr\/\",\"name\":\"EPODEX Industries | B2B Plattform\",\"description\":\"Hersteller + Gro\u00dfhandel f\u00fcr Baustoffe\",\"publisher\":{\"@id\":\"https:\/\/old.epodex-industries.com\/fr\/#organization\"},\"alternateName\":\"EPODEX Industries | Hersteller + Gro\u00dfhandel f\u00fcr Baustoffe\",\"potentialAction\":[{\"@type\":\"SearchAction\",\"target\":{\"@type\":\"EntryPoint\",\"urlTemplate\":\"https:\/\/old.epodex-industries.com\/fr\/?s={search_term_string}\"},\"query-input\":{\"@type\":\"PropertyValueSpecification\",\"valueRequired\":true,\"valueName\":\"search_term_string\"}}],\"inLanguage\":\"de\"},{\"@type\":\"Organization\",\"@id\":\"https:\/\/old.epodex-industries.com\/fr\/#organization\",\"name\":\"EPODEX Industries\",\"url\":\"https:\/\/old.epodex-industries.com\/fr\/\",\"logo\":{\"@type\":\"ImageObject\",\"inLanguage\":\"de\",\"@id\":\"https:\/\/old.epodex-industries.com\/fr\/#\/schema\/logo\/image\/\",\"url\":\"https:\/\/www.epodex-industries.com\/wp-content\/uploads\/2023\/06\/Logo-Epodex-Rechnung.jpg\",\"contentUrl\":\"https:\/\/www.epodex-industries.com\/wp-content\/uploads\/2023\/06\/Logo-Epodex-Rechnung.jpg\",\"width\":261,\"height\":50,\"caption\":\"EPODEX Industries\"},\"image\":{\"@id\":\"https:\/\/old.epodex-industries.com\/fr\/#\/schema\/logo\/image\/\"},\"sameAs\":[\"https:\/\/www.facebook.com\/Epodex\/\",\"https:\/\/www.instagram.com\/epodex_official\/\",\"https:\/\/www.pinterest.de\/epodex_com\/\",\"https:\/\/www.youtube.com\/channel\/UC7lFrJ9YpN1yg43sTc6q3ow\"]}]}<\/script>\n<!-- \/ Yoast SEO plugin. -->","yoast_head_json":{"title":"Schulungen \/ Events - f\u00fcr Verarbeiter und EPODEX Partner","description":"Schulungen f\u00fcr Verarbeiter und EPODEX Partner | Praxisschulungen | F\u00fcr gewerbliche Anwender | EPODEX Industries","robots":{"index":"index","follow":"follow","max-snippet":"max-snippet:-1","max-image-preview":"max-image-preview:large","max-video-preview":"max-video-preview:-1"},"canonical":"https:\/\/old.epodex-industries.com\/de\/service\/schulungen-events\/","og_locale":"de_DE","og_type":"article","og_title":"Schulungen \/ Events - f\u00fcr Verarbeiter und EPODEX Partner","og_description":"Schulungen f\u00fcr Verarbeiter und EPODEX Partner | Praxisschulungen | F\u00fcr gewerbliche Anwender | EPODEX Industries","og_url":"https:\/\/old.epodex-industries.com\/de\/service\/schulungen-events\/","og_site_name":"EPODEX Industries | B2B Plattform","article_publisher":"https:\/\/www.facebook.com\/Epodex\/","article_modified_time":"2023-12-01T17:30:12+00:00","twitter_card":"summary_large_image","twitter_misc":{"Gesch\u00e4tzte Lesezeit":"1\u00a0Minute"},"schema":{"@context":"https:\/\/schema.org","@graph":[{"@type":"WebPage","@id":"https:\/\/old.epodex-industries.com\/de\/service\/schulungen-events\/","url":"https:\/\/old.epodex-industries.com\/de\/service\/schulungen-events\/","name":"Schulungen \/ Events - f\u00fcr Verarbeiter und EPODEX Partner","isPartOf":{"@id":"https:\/\/old.epodex-industries.com\/fr\/#website"},"datePublished":"2023-08-25T16:29:26+00:00","dateModified":"2023-12-01T17:30:12+00:00","description":"Schulungen f\u00fcr Verarbeiter und EPODEX Partner | Praxisschulungen | F\u00fcr gewerbliche Anwender | EPODEX Industries","breadcrumb":{"@id":"https:\/\/old.epodex-industries.com\/de\/service\/schulungen-events\/#breadcrumb"},"inLanguage":"de","potentialAction":[{"@type":"ReadAction","target":["https:\/\/old.epodex-industries.com\/de\/service\/schulungen-events\/"]}]},{"@type":"BreadcrumbList","@id":"https:\/\/old.epodex-industries.com\/de\/service\/schulungen-events\/#breadcrumb","itemListElement":[{"@type":"ListItem","position":1,"name":"Startseite","item":"https:\/\/old.epodex-industries.com\/de\/"},{"@type":"ListItem","position":2,"name":"Service","item":"https:\/\/old.epodex-industries.com\/de\/service\/"},{"@type":"ListItem","position":3,"name":"Schulungen \/ Events"}]},{"@type":"WebSite","@id":"https:\/\/old.epodex-industries.com\/fr\/#website","url":"https:\/\/old.epodex-industries.com\/fr\/","name":"EPODEX Industries | B2B Plattform","description":"Hersteller + Gro\u00dfhandel f\u00fcr Baustoffe","publisher":{"@id":"https:\/\/old.epodex-industries.com\/fr\/#organization"},"alternateName":"EPODEX Industries | Hersteller + Gro\u00dfhandel f\u00fcr Baustoffe","potentialAction":[{"@type":"SearchAction","target":{"@type":"EntryPoint","urlTemplate":"https:\/\/old.epodex-industries.com\/fr\/?s={search_term_string}"},"query-input":{"@type":"PropertyValueSpecification","valueRequired":true,"valueName":"search_term_string"}}],"inLanguage":"de"},{"@type":"Organization","@id":"https:\/\/old.epodex-industries.com\/fr\/#organization","name":"EPODEX Industries","url":"https:\/\/old.epodex-industries.com\/fr\/","logo":{"@type":"ImageObject","inLanguage":"de","@id":"https:\/\/old.epodex-industries.com\/fr\/#\/schema\/logo\/image\/","url":"https:\/\/www.epodex-industries.com\/wp-content\/uploads\/2023\/06\/Logo-Epodex-Rechnung.jpg","contentUrl":"https:\/\/www.epodex-industries.com\/wp-content\/uploads\/2023\/06\/Logo-Epodex-Rechnung.jpg","width":261,"height":50,"caption":"EPODEX Industries"},"image":{"@id":"https:\/\/old.epodex-industries.com\/fr\/#\/schema\/logo\/image\/"},"sameAs":["https:\/\/www.facebook.com\/Epodex\/","https:\/\/www.instagram.com\/epodex_official\/","https:\/\/www.pinterest.de\/epodex_com\/","https:\/\/www.youtube.com\/channel\/UC7lFrJ9YpN1yg43sTc6q3ow"]}]}},"_links":{"self":[{"href":"https:\/\/old.epodex-industries.com\/de\/wp-json\/wp\/v2\/pages\/4140","targetHints":{"allow":["GET"]}}],"collection":[{"href":"https:\/\/old.epodex-industries.com\/de\/wp-json\/wp\/v2\/pages"}],"about":[{"href":"https:\/\/old.epodex-industries.com\/de\/wp-json\/wp\/v2\/types\/page"}],"author":[{"embeddable":true,"href":"https:\/\/old.epodex-industries.com\/de\/wp-json\/wp\/v2\/users\/4"}],"replies":[{"embeddable":true,"href":"https:\/\/old.epodex-industries.com\/de\/wp-json\/wp\/v2\/comments?post=4140"}],"version-history":[{"count":7,"href":"https:\/\/old.epodex-industries.com\/de\/wp-json\/wp\/v2\/pages\/4140\/revisions"}],"predecessor-version":[{"id":12852,"href":"https:\/\/old.epodex-industries.com\/de\/wp-json\/wp\/v2\/pages\/4140\/revisions\/12852"}],"up":[{"embeddable":true,"href":"https:\/\/old.epodex-industries.com\/de\/wp-json\/wp\/v2\/pages\/4137"}],"wp:attachment":[{"href":"https:\/\/old.epodex-industries.com\/de\/wp-json\/wp\/v2\/media?parent=4140"}],"curies":[{"name":"wp","href":"https:\/\/api.w.org\/{rel}","templated":true}]}}