{"id":15567,"date":"2024-02-19T20:21:28","date_gmt":"2024-02-19T19:21:28","guid":{"rendered":"https:\/\/www.epodex-industries.com\/?page_id=15567"},"modified":"2024-02-19T22:52:18","modified_gmt":"2024-02-19T21:52:18","slug":"bestellungen-per-csv","status":"publish","type":"page","link":"https:\/\/old.epodex-industries.com\/de\/wc\/bestellungen-per-csv\/","title":{"rendered":"Bestellungen per CSV"},"content":{"rendered":"<div class=\"wpb-content-wrapper\"><p>[vc_row el_class=&#8220;split-50-50&#8243;][vc_column width=&#8220;1\/2&#8243;][vc_custom_heading text=&#8220;Schnellbestellungen per CSV&#8220; use_theme_fonts=&#8220;yes&#8220;][vc_column_text]\t\t<form method=\"post\" enctype=\"multipart\/form-data\">\r\n\t\t\t<label for=\"b2bking_csvorder\">Laden Sie CSV-Dateien mit der SKU in der ersten Spalte und der Menge in der zweiten Spalte hoch.<\/label>\r\n\t\t\t<p class=\"form-row form-row-wide\">\r\n\t\t        <span class=\"woocommerce-input-wrapper\">\r\n\t\t            <input type=\"file\" name=\"b2bking_csvorder\" id=\"b2bking_csvorder\" class=\"input-text\" accept=\".csv\">\r\n\t\t        <\/span>\r\n\t\t    <\/p>\r\n\t\t    <button type=\"submit\" class=\"button\" name=\"b2bking_submit_csvorder\">in den Warenkorb legen<\/button>\r\n\t\t<\/form>\r\n\r\n\t\t[\/vc_column_text][vc_column_text]Unsere Plattform erm\u00f6glicht es Ihnen, Bestellungen schnell und effizient \u00fcber einen CSV-Upload durchzuf\u00fchren. Dieses Feature ist ideal f\u00fcr B2B-Kunden, die gro\u00dfe Bestellmengen und Quantit\u00e4ten effizient verarbeiten m\u00f6chten. Hier eine kurze Anleitung, wie Sie starten k\u00f6nnen:<\/p>\n<ol>\n<li><strong>CSV-Datei vorbereiten<\/strong>: Ihre CSV-Datei sollte zwei Spalten enthalten \u2013 SKU und Menge. Stellen Sie sicher, dass die Datei genau nach diesen Vorgaben formatiert ist, um eine reibungslose Verarbeitung zu gew\u00e4hrleisten.<\/li>\n<li><strong>CSV-Datei hochladen:<\/strong> Direkt hier auf dieser Webseite k\u00f6nnen Sie Ihre Datei hochladen, die Sie im ersten Schritt vorberietet haben.<\/li>\n<li><strong>Bestellung \u00fcberpr\u00fcfen und abschlie\u00dfen:<\/strong> Nach dem Upload verarbeitet unser System die Daten und f\u00fcgt die entsprechenden Produkte in den richtigen Mengen Ihrem Warenkorb hinzu. Sie k\u00f6nnen dann Ihre Bestellung \u00fcberpr\u00fcfen, notwendige Anpassungen vornehmen und den Kauf abschlie\u00dfen.<\/li>\n<\/ol>\n<hr \/>\n<p>Falls Sie Unterst\u00fctzung ben\u00f6tigen k\u00f6nnen Sie gerne unseren Kundenservice kontaktieren.[\/vc_column_text][\/vc_column][vc_column width=&#8220;1\/2&#8243;][vc_single_image image=&#8220;15575&#8243; img_size=&#8220;full&#8220;][\/vc_column][\/vc_row]<\/p>\n<\/div>","protected":false},"excerpt":{"rendered":"<p>[vc_row el_class=&#8220;split-50-50&#8243;][vc_column width=&#8220;1\/2&#8243;][vc_custom_heading text=&#8220;Schnellbestellungen per CSV&#8220; use_theme_fonts=&#8220;yes&#8220;][vc_column_text][\/vc_column_text][vc_column_text]Unsere Plattform erm\u00f6glicht es Ihnen, Bestellungen schnell und effizient \u00fcber einen CSV-Upload durchzuf\u00fchren. Dieses Feature ist ideal f\u00fcr B2B-Kunden, die gro\u00dfe Bestellmengen und Quantit\u00e4ten effizient verarbeiten m\u00f6chten. Hier eine kurze Anleitung, wie Sie starten k\u00f6nnen: CSV-Datei vorbereiten: Ihre CSV-Datei sollte zwei Spalten enthalten \u2013 SKU und Menge. Stellen Sie [&hellip;]<\/p>\n","protected":false},"author":1,"featured_media":0,"parent":3673,"menu_order":0,"comment_status":"closed","ping_status":"closed","template":"","meta":{"footnotes":""},"class_list":["post-15567","page","type-page","status-publish","hentry"],"yoast_head":"<!-- This site is optimized with the Yoast SEO plugin v26.7 - https:\/\/yoast.com\/wordpress\/plugins\/seo\/ -->\n<title>Bestellungen per CSV - EPODEX Industries | B2B Plattform<\/title>\n<meta name=\"robots\" content=\"index, follow, max-snippet:-1, max-image-preview:large, max-video-preview:-1\" \/>\n<link rel=\"canonical\" href=\"https:\/\/old.epodex-industries.com\/de\/wc\/bestellungen-per-csv\/\" \/>\n<meta property=\"og:locale\" content=\"de_DE\" \/>\n<meta property=\"og:type\" content=\"article\" \/>\n<meta property=\"og:title\" content=\"Bestellungen per CSV - EPODEX Industries | B2B Plattform\" \/>\n<meta property=\"og:description\" content=\"[vc_row el_class=&#8220;split-50-50&#8243;][vc_column width=&#8220;1\/2&#8243;][vc_custom_heading text=&#8220;Schnellbestellungen per CSV&#8220; use_theme_fonts=&#8220;yes&#8220;][vc_column_text][\/vc_column_text][vc_column_text]Unsere Plattform erm\u00f6glicht es Ihnen, Bestellungen schnell und effizient \u00fcber einen CSV-Upload durchzuf\u00fchren. Dieses Feature ist ideal f\u00fcr B2B-Kunden, die gro\u00dfe Bestellmengen und Quantit\u00e4ten effizient verarbeiten m\u00f6chten. Hier eine kurze Anleitung, wie Sie starten k\u00f6nnen: CSV-Datei vorbereiten: Ihre CSV-Datei sollte zwei Spalten enthalten \u2013 SKU und Menge. Stellen Sie [&hellip;]\" \/>\n<meta property=\"og:url\" content=\"https:\/\/old.epodex-industries.com\/de\/wc\/bestellungen-per-csv\/\" \/>\n<meta property=\"og:site_name\" content=\"EPODEX Industries | B2B Plattform\" \/>\n<meta property=\"article:publisher\" content=\"https:\/\/www.facebook.com\/Epodex\/\" \/>\n<meta property=\"article:modified_time\" content=\"2024-02-19T21:52:18+00:00\" \/>\n<meta name=\"twitter:card\" content=\"summary_large_image\" \/>\n<meta name=\"twitter:label1\" content=\"Gesch\u00e4tzte Lesezeit\" \/>\n\t<meta name=\"twitter:data1\" content=\"1\u00a0Minute\" \/>\n<script type=\"application\/ld+json\" class=\"yoast-schema-graph\">{\"@context\":\"https:\/\/schema.org\",\"@graph\":[{\"@type\":\"WebPage\",\"@id\":\"https:\/\/old.epodex-industries.com\/de\/wc\/bestellungen-per-csv\/\",\"url\":\"https:\/\/old.epodex-industries.com\/de\/wc\/bestellungen-per-csv\/\",\"name\":\"Bestellungen per CSV - EPODEX Industries | B2B Plattform\",\"isPartOf\":{\"@id\":\"https:\/\/old.epodex-industries.com\/fr\/#website\"},\"datePublished\":\"2024-02-19T19:21:28+00:00\",\"dateModified\":\"2024-02-19T21:52:18+00:00\",\"breadcrumb\":{\"@id\":\"https:\/\/old.epodex-industries.com\/de\/wc\/bestellungen-per-csv\/#breadcrumb\"},\"inLanguage\":\"de\",\"potentialAction\":[{\"@type\":\"ReadAction\",\"target\":[\"https:\/\/old.epodex-industries.com\/de\/wc\/bestellungen-per-csv\/\"]}]},{\"@type\":\"BreadcrumbList\",\"@id\":\"https:\/\/old.epodex-industries.com\/de\/wc\/bestellungen-per-csv\/#breadcrumb\",\"itemListElement\":[{\"@type\":\"ListItem\",\"position\":1,\"name\":\"Startseite\",\"item\":\"https:\/\/old.epodex-industries.com\/de\/\"},{\"@type\":\"ListItem\",\"position\":2,\"name\":\"WC\",\"item\":\"https:\/\/old.epodex-industries.com\/de\/wc\/\"},{\"@type\":\"ListItem\",\"position\":3,\"name\":\"Bestellungen per CSV\"}]},{\"@type\":\"WebSite\",\"@id\":\"https:\/\/old.epodex-industries.com\/fr\/#website\",\"url\":\"https:\/\/old.epodex-industries.com\/fr\/\",\"name\":\"EPODEX Industries | B2B Plattform\",\"description\":\"Hersteller + Gro\u00dfhandel f\u00fcr Baustoffe\",\"publisher\":{\"@id\":\"https:\/\/old.epodex-industries.com\/fr\/#organization\"},\"alternateName\":\"EPODEX Industries | Hersteller + Gro\u00dfhandel f\u00fcr Baustoffe\",\"potentialAction\":[{\"@type\":\"SearchAction\",\"target\":{\"@type\":\"EntryPoint\",\"urlTemplate\":\"https:\/\/old.epodex-industries.com\/fr\/?s={search_term_string}\"},\"query-input\":{\"@type\":\"PropertyValueSpecification\",\"valueRequired\":true,\"valueName\":\"search_term_string\"}}],\"inLanguage\":\"de\"},{\"@type\":\"Organization\",\"@id\":\"https:\/\/old.epodex-industries.com\/fr\/#organization\",\"name\":\"EPODEX Industries\",\"url\":\"https:\/\/old.epodex-industries.com\/fr\/\",\"logo\":{\"@type\":\"ImageObject\",\"inLanguage\":\"de\",\"@id\":\"https:\/\/old.epodex-industries.com\/fr\/#\/schema\/logo\/image\/\",\"url\":\"https:\/\/www.epodex-industries.com\/wp-content\/uploads\/2023\/06\/Logo-Epodex-Rechnung.jpg\",\"contentUrl\":\"https:\/\/www.epodex-industries.com\/wp-content\/uploads\/2023\/06\/Logo-Epodex-Rechnung.jpg\",\"width\":261,\"height\":50,\"caption\":\"EPODEX Industries\"},\"image\":{\"@id\":\"https:\/\/old.epodex-industries.com\/fr\/#\/schema\/logo\/image\/\"},\"sameAs\":[\"https:\/\/www.facebook.com\/Epodex\/\",\"https:\/\/www.instagram.com\/epodex_official\/\",\"https:\/\/www.pinterest.de\/epodex_com\/\",\"https:\/\/www.youtube.com\/channel\/UC7lFrJ9YpN1yg43sTc6q3ow\"]}]}<\/script>\n<!-- \/ Yoast SEO plugin. -->","yoast_head_json":{"title":"Bestellungen per CSV - EPODEX Industries | B2B Plattform","robots":{"index":"index","follow":"follow","max-snippet":"max-snippet:-1","max-image-preview":"max-image-preview:large","max-video-preview":"max-video-preview:-1"},"canonical":"https:\/\/old.epodex-industries.com\/de\/wc\/bestellungen-per-csv\/","og_locale":"de_DE","og_type":"article","og_title":"Bestellungen per CSV - EPODEX Industries | B2B Plattform","og_description":"[vc_row el_class=&#8220;split-50-50&#8243;][vc_column width=&#8220;1\/2&#8243;][vc_custom_heading text=&#8220;Schnellbestellungen per CSV&#8220; use_theme_fonts=&#8220;yes&#8220;][vc_column_text][\/vc_column_text][vc_column_text]Unsere Plattform erm\u00f6glicht es Ihnen, Bestellungen schnell und effizient \u00fcber einen CSV-Upload durchzuf\u00fchren. Dieses Feature ist ideal f\u00fcr B2B-Kunden, die gro\u00dfe Bestellmengen und Quantit\u00e4ten effizient verarbeiten m\u00f6chten. Hier eine kurze Anleitung, wie Sie starten k\u00f6nnen: CSV-Datei vorbereiten: Ihre CSV-Datei sollte zwei Spalten enthalten \u2013 SKU und Menge. Stellen Sie [&hellip;]","og_url":"https:\/\/old.epodex-industries.com\/de\/wc\/bestellungen-per-csv\/","og_site_name":"EPODEX Industries | B2B Plattform","article_publisher":"https:\/\/www.facebook.com\/Epodex\/","article_modified_time":"2024-02-19T21:52:18+00:00","twitter_card":"summary_large_image","twitter_misc":{"Gesch\u00e4tzte Lesezeit":"1\u00a0Minute"},"schema":{"@context":"https:\/\/schema.org","@graph":[{"@type":"WebPage","@id":"https:\/\/old.epodex-industries.com\/de\/wc\/bestellungen-per-csv\/","url":"https:\/\/old.epodex-industries.com\/de\/wc\/bestellungen-per-csv\/","name":"Bestellungen per CSV - EPODEX Industries | B2B Plattform","isPartOf":{"@id":"https:\/\/old.epodex-industries.com\/fr\/#website"},"datePublished":"2024-02-19T19:21:28+00:00","dateModified":"2024-02-19T21:52:18+00:00","breadcrumb":{"@id":"https:\/\/old.epodex-industries.com\/de\/wc\/bestellungen-per-csv\/#breadcrumb"},"inLanguage":"de","potentialAction":[{"@type":"ReadAction","target":["https:\/\/old.epodex-industries.com\/de\/wc\/bestellungen-per-csv\/"]}]},{"@type":"BreadcrumbList","@id":"https:\/\/old.epodex-industries.com\/de\/wc\/bestellungen-per-csv\/#breadcrumb","itemListElement":[{"@type":"ListItem","position":1,"name":"Startseite","item":"https:\/\/old.epodex-industries.com\/de\/"},{"@type":"ListItem","position":2,"name":"WC","item":"https:\/\/old.epodex-industries.com\/de\/wc\/"},{"@type":"ListItem","position":3,"name":"Bestellungen per CSV"}]},{"@type":"WebSite","@id":"https:\/\/old.epodex-industries.com\/fr\/#website","url":"https:\/\/old.epodex-industries.com\/fr\/","name":"EPODEX Industries | B2B Plattform","description":"Hersteller + Gro\u00dfhandel f\u00fcr Baustoffe","publisher":{"@id":"https:\/\/old.epodex-industries.com\/fr\/#organization"},"alternateName":"EPODEX Industries | Hersteller + Gro\u00dfhandel f\u00fcr Baustoffe","potentialAction":[{"@type":"SearchAction","target":{"@type":"EntryPoint","urlTemplate":"https:\/\/old.epodex-industries.com\/fr\/?s={search_term_string}"},"query-input":{"@type":"PropertyValueSpecification","valueRequired":true,"valueName":"search_term_string"}}],"inLanguage":"de"},{"@type":"Organization","@id":"https:\/\/old.epodex-industries.com\/fr\/#organization","name":"EPODEX Industries","url":"https:\/\/old.epodex-industries.com\/fr\/","logo":{"@type":"ImageObject","inLanguage":"de","@id":"https:\/\/old.epodex-industries.com\/fr\/#\/schema\/logo\/image\/","url":"https:\/\/www.epodex-industries.com\/wp-content\/uploads\/2023\/06\/Logo-Epodex-Rechnung.jpg","contentUrl":"https:\/\/www.epodex-industries.com\/wp-content\/uploads\/2023\/06\/Logo-Epodex-Rechnung.jpg","width":261,"height":50,"caption":"EPODEX Industries"},"image":{"@id":"https:\/\/old.epodex-industries.com\/fr\/#\/schema\/logo\/image\/"},"sameAs":["https:\/\/www.facebook.com\/Epodex\/","https:\/\/www.instagram.com\/epodex_official\/","https:\/\/www.pinterest.de\/epodex_com\/","https:\/\/www.youtube.com\/channel\/UC7lFrJ9YpN1yg43sTc6q3ow"]}]}},"_links":{"self":[{"href":"https:\/\/old.epodex-industries.com\/de\/wp-json\/wp\/v2\/pages\/15567","targetHints":{"allow":["GET"]}}],"collection":[{"href":"https:\/\/old.epodex-industries.com\/de\/wp-json\/wp\/v2\/pages"}],"about":[{"href":"https:\/\/old.epodex-industries.com\/de\/wp-json\/wp\/v2\/types\/page"}],"author":[{"embeddable":true,"href":"https:\/\/old.epodex-industries.com\/de\/wp-json\/wp\/v2\/users\/1"}],"replies":[{"embeddable":true,"href":"https:\/\/old.epodex-industries.com\/de\/wp-json\/wp\/v2\/comments?post=15567"}],"version-history":[{"count":8,"href":"https:\/\/old.epodex-industries.com\/de\/wp-json\/wp\/v2\/pages\/15567\/revisions"}],"predecessor-version":[{"id":15578,"href":"https:\/\/old.epodex-industries.com\/de\/wp-json\/wp\/v2\/pages\/15567\/revisions\/15578"}],"up":[{"embeddable":true,"href":"https:\/\/old.epodex-industries.com\/de\/wp-json\/wp\/v2\/pages\/3673"}],"wp:attachment":[{"href":"https:\/\/old.epodex-industries.com\/de\/wp-json\/wp\/v2\/media?parent=15567"}],"curies":[{"name":"wp","href":"https:\/\/api.w.org\/{rel}","templated":true}]}}